{"id":9834,"date":"2025-02-10T14:25:04","date_gmt":"2025-02-10T13:25:04","guid":{"rendered":"https:\/\/shop.tribusurbaines.com\/?post_type=product&#038;p=9834"},"modified":"2026-04-20T16:26:27","modified_gmt":"2026-04-20T14:26:27","slug":"shampoing-doux-et-hydratant-pour-cheveux-tres-secs-tribus-urbaines","status":"publish","type":"product","link":"https:\/\/shop.tribusurbaines.com\/en\/product\/shampoing-doux-et-hydratant-pour-cheveux-tres-secs-tribus-urbaines\/","title":{"rendered":"Shampoing doux et hydratant pour cheveux tr\u00e8s secs Tribus Urbaines"},"content":{"rendered":"<div class=\"wpb-content-wrapper\">[vc_row et_full_width=&#8221;true&#8221; css=&#8221;.vc_custom_1737969739008{background-color: #ffffff !important;}&#8221;][vc_column][vc_column_text]\n<h4 style=\"text-align: center;\"><strong>Les petits plus de ce shampoing<\/strong><\/h4>\n[\/vc_column_text][vc_row_inner][vc_column_inner width=&#8221;1\/6&#8243;][\/vc_column_inner][vc_column_inner width=&#8221;1\/6&#8243;][vc_column_text]\n<h1 style=\"text-align: center;\">\ud83c\udf31<\/h1>\n<p style=\"text-align: center;\"><strong><span class=\"highlight\">+95% d&#8217;ingr\u00e9dient naturels<\/span><\/strong><\/p>\n[\/vc_column_text][\/vc_column_inner][vc_column_inner width=&#8221;1\/6&#8243;][vc_column_text]\n<h1 style=\"text-align: center;\">\u2728<\/h1>\n<p style=\"text-align: center;\"><strong>\u00a0<span class=\"highlight\">Sans huiles min\u00e9rales ni sulfates ni parabens<\/span><\/strong><\/p>\n[\/vc_column_text][\/vc_column_inner][vc_column_inner width=&#8221;1\/6&#8243;][vc_column_text]\n<h1 style=\"text-align: center;\">\ud83d\udc9a<\/h1>\n<p style=\"text-align: center;\"><strong>Vegan<\/strong><\/p>\n[\/vc_column_text][\/vc_column_inner][vc_column_inner width=&#8221;1\/6&#8243;][vc_column_text]\n<h1 style=\"text-align: center;\"><img decoding=\"async\" class=\"aligncenter wp-image-9890\" src=\"https:\/\/shop.tribusurbaines.com\/wp-content\/uploads\/2025\/02\/1f1e8-1f1ed-1-150x150.png\" alt=\"\" width=\"55\" height=\"55\" srcset=\"https:\/\/shop.tribusurbaines.com\/wp-content\/uploads\/2025\/02\/1f1e8-1f1ed-1-150x150.png 150w, https:\/\/shop.tribusurbaines.com\/wp-content\/uploads\/2025\/02\/1f1e8-1f1ed-1-300x300.png 300w, https:\/\/shop.tribusurbaines.com\/wp-content\/uploads\/2025\/02\/1f1e8-1f1ed-1-100x100.png 100w, https:\/\/shop.tribusurbaines.com\/wp-content\/uploads\/2025\/02\/1f1e8-1f1ed-1-50x50.png 50w, https:\/\/shop.tribusurbaines.com\/wp-content\/uploads\/2025\/02\/1f1e8-1f1ed-1.png 512w\" sizes=\"(max-width: 55px) 100vw, 55px\" \/><\/h1>\n<p style=\"text-align: center;\"><strong>18 mois de formulation dans un laboratoire \u00e0 Neuch\u00e2tel<\/strong><\/p>\n[\/vc_column_text][\/vc_column_inner][vc_column_inner width=&#8221;1\/6&#8243;][\/vc_column_inner][\/vc_row_inner][\/vc_column][\/vc_row][vc_row et_full_width=&#8221;true&#8221; content_placement=&#8221;middle&#8221; css=&#8221;.vc_custom_1740055946171{border-top-width: 0px !important;border-right-width: 0px !important;border-bottom-width: 0px !important;border-left-width: 0px !important;background-color: #f3f3f3 !important;}&#8221; el_class=&#8221;bloctips&#8221; el_id=&#8221;commentutiliser&#8221;][vc_column width=&#8221;1\/2&#8243; css=&#8221;.vc_custom_1739520558551{padding-top: 50px !important;padding-right: 50px !important;padding-bottom: 50px !important;padding-left: 50px !important;}&#8221;][vc_column_text]\n<h3><span class=\"highlight\">Comment l&#8217;utiliser ?<\/span><span class=\"highlight\"><br \/>\n<\/span><\/h3>\n<ol>\n<li><span class=\"highlight\">Ouvre ton flacon de notre shampoing magique.<br \/>\n<\/span><\/li>\n<li><span class=\"highlight\">Applique une \u00e0 deux pompes sur tes cheveux mouill\u00e9s, en massant doucement ton cuir chevelu.<br \/>\n<\/span><\/li>\n<li><span class=\"highlight\">Rince abondamment et r\u00e9p\u00e8te l\u2019op\u00e9ration pour un nettoyage en profondeur.<br \/>\n<\/span><\/li>\n<li><span class=\"highlight\">Admire la brillance et la douceur de tes cheveux, tout simplement !<br \/>\n<\/span><\/li>\n<\/ol>\n<p>&nbsp;<\/p>\n<h3><span class=\"highlight\">Les tips de nos coiffeurs<\/span><span class=\"highlight\"><br \/>\n<\/span><\/h3>\n<div><\/div>\n<div><span class=\"highlight\">Pour des cheveux encore plus nourris, compl\u00e8te ton soin avec notre apr\u00e8s-shampoing hydratant Tribus Urbaines et une cr\u00e8me hydratante pour sceller l\u2019hydratation. Et surtout, ne l\u2019utilise pas tous les jours \u2013 ton cuir chevelu aussi m\u00e9rite de se reposer entre les shampoings ! \ud83d\ude0e<\/span><\/div>\n[\/vc_column_text][\/vc_column][vc_column width=&#8221;1\/2&#8243;][vc_single_image image=&#8221;9365&#8243; img_size=&#8221;full&#8221;][\/vc_column][\/vc_row][vc_row disable_element=&#8221;yes&#8221;][vc_column][vc_empty_space][vc_column_text]\n<h4 style=\"text-align: center;\"><strong>Nos ingr\u00e9dients magiques<\/strong><\/h4>\n[\/vc_column_text][vc_row_inner][vc_column_inner width=&#8221;1\/3&#8243;][vc_single_image img_size=&#8221;full&#8221;][vc_column_text]\n<h5 style=\"text-align: center;\"><b><span class=\"highlight\">Eau florale de Romarin<\/span><\/b><\/h5>\n<p style=\"text-align: center;\"><span class=\"highlight\">Purifie le cuir chevelu et favorise la croissance des cheveux.<\/span><\/p>\n[\/vc_column_text][\/vc_column_inner][vc_column_inner width=&#8221;1\/3&#8243;][vc_single_image img_size=&#8221;full&#8221;][vc_column_text]\n<h5 style=\"text-align: center;\"><b><span class=\"highlight\"> Eau florale de Lavande<\/span><\/b><\/h5>\n<p style=\"text-align: center;\"><span class=\"highlight\">Apaise les irritations du cuir chevelu et aide \u00e0 \u00e9quilibrer la production de s\u00e9bum.<\/span><\/p>\n[\/vc_column_text][\/vc_column_inner][vc_column_inner width=&#8221;1\/3&#8243;][vc_single_image img_size=&#8221;full&#8221;][vc_column_text]\n<h5 style=\"text-align: center;\"><b><span class=\"highlight\">Eau florale de Rose<\/span><\/b><\/h5>\n<p style=\"text-align: center;\"><span class=\"highlight\">Hydrate et nourrit en profondeur le cuir chevelu et les cheveux.<\/span><\/p>\n[\/vc_column_text][\/vc_column_inner][\/vc_row_inner][vc_empty_space][\/vc_column][\/vc_row][vc_row disable_element=&#8221;yes&#8221;][vc_column][vc_single_image image=&#8221;9940&#8243; img_size=&#8221;full&#8221; alignment=&#8221;center&#8221;][\/vc_column][\/vc_row]\n<\/div>","protected":false},"excerpt":{"rendered":"<div><span style=\"color: #000000;\"><strong>&gt; 95% d\u2019ingr\u00e9dients naturels \u2022 250ml de douceur<\/strong><\/span><\/div>\n<div><\/div>\n<blockquote>\n<div><span class=\"highlight\"><strong>D\u00e9couvre notre shampoing Tribus Urbaines : le secret d\u2019une chevelure saine, nourrie et resplendissante, m\u00eame pour les cheveux les plus secs ! \ud83d\udca7\u2728<\/strong><\/span><\/div>\n<\/blockquote>\n<h3><span class=\"highlight\"><strong>Pour qui nous l&#8217;avons cr\u00e9\u00e9 ?<\/strong><\/span><\/h3>\n<div><span class=\"highlight\">Pour toi, <strong>guerri\u00e8re des boucles<\/strong> et ma\u00eetresse des <strong>cheveux cr\u00e9pus<\/strong>, <strong>fris\u00e9s<\/strong> et <strong>ondul\u00e9s<\/strong>, qui jongles entre tes journ\u00e9es effervescentes et tes moments de d\u00e9tente bien m\u00e9rit\u00e9s, nous avons cr\u00e9\u00e9 un shampoing r\u00e9volutionnaire. Sp\u00e9cialement formul\u00e9 pour les cheveux tr\u00e8s secs, il hydrate, nourrit et prot\u00e8ge tes cheveux en profondeur tout en les purifiant.<\/span><\/div>\n<h3><span class=\"highlight\">Pourquoi tes boucles vont l&#8217;adorer ? \ud83d\ude0d<\/span><\/h3>\n<div><span class=\"highlight\">\ud83d\udc9c <strong>Hydratation et nutrition :<\/strong> Il hydrate ton cuir chevelu et nourrit chaque m\u00e8che, des racines aux pointes, sans jamais l&#8217;alourdir.<br \/>\n<\/span><\/div>\n<div><span class=\"highlight\">\ud83d\udc9c <strong>Stimulation de la pousse :<\/strong> Favorise une croissance saine et rapide de tes cheveux, pour des r\u00e9sultats visibles et durables.<br \/>\n<\/span><\/div>\n<div><span class=\"highlight\">\ud83d\udc9c <strong>Renforcement des cheveux :<\/strong> Pr\u00e9vient la chute et renforce la fibre capillaire, pour des cheveux plus r\u00e9sistants au quotidien.<br \/>\n<\/span><\/div>\n<div><span class=\"highlight\">\ud83d\udc9c <strong>Douceur et \u00e9clat :<\/strong> Garde tes cheveux doux, brillants et parfaitement hydrat\u00e9s, sans aucune sensation de lourdeur.<\/span><\/div>\n<h3><strong><span class=\"highlight\">Le r\u00e9sultat : <\/span><\/strong><\/h3>\n<div><span class=\"highlight\">Tes cheveux sont propres, nourris et pr\u00eats \u00e0 briller comme jamais. Plus r\u00e9sistants, plus forts, et surtout, plus sains jusqu\u2019au prochain shampoing.<\/span><\/div>\n<div><\/div>\n<div><\/div>\n<div><\/div>\n<div><\/div>\n","protected":false},"featured_media":9391,"comment_status":"closed","ping_status":"closed","template":"","meta":[],"product_brand":[],"product_cat":[123,226,141,134],"product_tag":[],"class_list":{"0":"post-9834","1":"product","2":"type-product","3":"status-publish","4":"has-post-thumbnail","6":"product_cat-basics-for-your-curls","7":"product_cat-gamme-tribus-urbaines","8":"product_cat-selection-du-mois-en","9":"product_cat-shampoos","11":"first","12":"instock","13":"shipping-taxable","14":"purchasable","15":"product-type-simple"},"yoast_head":"<!-- This site is optimized with the Yoast SEO plugin v23.6 - https:\/\/yoast.com\/wordpress\/plugins\/seo\/ -->\n<title>Shampoing doux et hydratant pour cheveux tr\u00e8s secs Tribus Urbaines - Le Shop Tribus Urbaines<\/title>\n<meta name=\"robots\" content=\"index, follow, max-snippet:-1, max-image-preview:large, max-video-preview:-1\" \/>\n<link rel=\"canonical\" href=\"https:\/\/shop.tribusurbaines.com\/en\/product\/shampoing-doux-et-hydratant-pour-cheveux-tres-secs-tribus-urbaines\/\" \/>\n<meta property=\"og:locale\" content=\"en_US\" \/>\n<meta property=\"og:type\" content=\"article\" \/>\n<meta property=\"og:title\" content=\"Shampoing doux et hydratant pour cheveux tr\u00e8s secs Tribus Urbaines - Le Shop Tribus Urbaines\" \/>\n<meta property=\"og:description\" content=\"&gt; 95% d\u2019ingr\u00e9dients naturels \u2022 250ml de douceur   D\u00e9couvre notre shampoing Tribus Urbaines : le secret d\u2019une chevelure saine, nourrie et resplendissante, m\u00eame pour les cheveux les plus secs ! \ud83d\udca7\u2728 Pour qui nous l&#039;avons cr\u00e9\u00e9 ? Pour toi, guerri\u00e8re des boucles et ma\u00eetresse des cheveux cr\u00e9pus, fris\u00e9s et ondul\u00e9s, qui jongles entre tes journ\u00e9es effervescentes et tes moments de d\u00e9tente bien m\u00e9rit\u00e9s, nous avons cr\u00e9\u00e9 un shampoing r\u00e9volutionnaire. Sp\u00e9cialement formul\u00e9 pour les cheveux tr\u00e8s secs, il hydrate, nourrit et prot\u00e8ge tes cheveux en profondeur tout en les purifiant. Pourquoi tes boucles vont l&#039;adorer ? \ud83d\ude0d \ud83d\udc9c Hydratation et nutrition : Il hydrate ton cuir chevelu et nourrit chaque m\u00e8che, des racines aux pointes, sans jamais l&#039;alourdir.  \ud83d\udc9c Stimulation de la pousse : Favorise une croissance saine et rapide de tes cheveux, pour des r\u00e9sultats visibles et durables.  \ud83d\udc9c Renforcement des cheveux : Pr\u00e9vient la chute et renforce la fibre capillaire, pour des cheveux plus r\u00e9sistants au quotidien.  \ud83d\udc9c Douceur et \u00e9clat : Garde tes cheveux doux, brillants et parfaitement hydrat\u00e9s, sans aucune sensation de lourdeur. Le r\u00e9sultat :  Tes cheveux sont propres, nourris et pr\u00eats \u00e0 briller comme jamais. Plus r\u00e9sistants, plus forts, et surtout, plus sains jusqu\u2019au prochain shampoing.\" \/>\n<meta property=\"og:url\" content=\"https:\/\/shop.tribusurbaines.com\/en\/product\/shampoing-doux-et-hydratant-pour-cheveux-tres-secs-tribus-urbaines\/\" \/>\n<meta property=\"og:site_name\" content=\"Le Shop Tribus Urbaines\" \/>\n<meta property=\"article:modified_time\" content=\"2026-04-20T14:26:27+00:00\" \/>\n<meta property=\"og:image\" content=\"https:\/\/shop.tribusurbaines.com\/wp-content\/uploads\/2023\/11\/Site-web-Photos-Produits-8-1.png\" \/>\n\t<meta property=\"og:image:width\" content=\"1080\" \/>\n\t<meta property=\"og:image:height\" content=\"1080\" \/>\n\t<meta property=\"og:image:type\" content=\"image\/png\" \/>\n<meta name=\"twitter:card\" content=\"summary_large_image\" \/>\n<meta name=\"twitter:label1\" content=\"Est. reading time\" \/>\n\t<meta name=\"twitter:data1\" content=\"2 minutes\" \/>\n<script type=\"application\/ld+json\" class=\"yoast-schema-graph\">{\"@context\":\"https:\/\/schema.org\",\"@graph\":[{\"@type\":\"WebPage\",\"@id\":\"https:\/\/shop.tribusurbaines.com\/en\/product\/shampoing-doux-et-hydratant-pour-cheveux-tres-secs-tribus-urbaines\/\",\"url\":\"https:\/\/shop.tribusurbaines.com\/en\/product\/shampoing-doux-et-hydratant-pour-cheveux-tres-secs-tribus-urbaines\/\",\"name\":\"Shampoing doux et hydratant pour cheveux tr\u00e8s secs Tribus Urbaines - Le Shop Tribus Urbaines\",\"isPartOf\":{\"@id\":\"https:\/\/shop.tribusurbaines.com\/#website\"},\"primaryImageOfPage\":{\"@id\":\"https:\/\/shop.tribusurbaines.com\/en\/product\/shampoing-doux-et-hydratant-pour-cheveux-tres-secs-tribus-urbaines\/#primaryimage\"},\"image\":{\"@id\":\"https:\/\/shop.tribusurbaines.com\/en\/product\/shampoing-doux-et-hydratant-pour-cheveux-tres-secs-tribus-urbaines\/#primaryimage\"},\"thumbnailUrl\":\"https:\/\/shop.tribusurbaines.com\/wp-content\/uploads\/2023\/11\/Site-web-Photos-Produits-8-1.png\",\"datePublished\":\"2025-02-10T13:25:04+00:00\",\"dateModified\":\"2026-04-20T14:26:27+00:00\",\"breadcrumb\":{\"@id\":\"https:\/\/shop.tribusurbaines.com\/en\/product\/shampoing-doux-et-hydratant-pour-cheveux-tres-secs-tribus-urbaines\/#breadcrumb\"},\"inLanguage\":\"en-US\",\"potentialAction\":[{\"@type\":\"ReadAction\",\"target\":[\"https:\/\/shop.tribusurbaines.com\/en\/product\/shampoing-doux-et-hydratant-pour-cheveux-tres-secs-tribus-urbaines\/\"]}]},{\"@type\":\"ImageObject\",\"inLanguage\":\"en-US\",\"@id\":\"https:\/\/shop.tribusurbaines.com\/en\/product\/shampoing-doux-et-hydratant-pour-cheveux-tres-secs-tribus-urbaines\/#primaryimage\",\"url\":\"https:\/\/shop.tribusurbaines.com\/wp-content\/uploads\/2023\/11\/Site-web-Photos-Produits-8-1.png\",\"contentUrl\":\"https:\/\/shop.tribusurbaines.com\/wp-content\/uploads\/2023\/11\/Site-web-Photos-Produits-8-1.png\",\"width\":1080,\"height\":1080},{\"@type\":\"BreadcrumbList\",\"@id\":\"https:\/\/shop.tribusurbaines.com\/en\/product\/shampoing-doux-et-hydratant-pour-cheveux-tres-secs-tribus-urbaines\/#breadcrumb\",\"itemListElement\":[{\"@type\":\"ListItem\",\"position\":1,\"name\":\"Accueil\",\"item\":\"https:\/\/shop.tribusurbaines.com\/en\/\"},{\"@type\":\"ListItem\",\"position\":2,\"name\":\"Shop\",\"item\":\"https:\/\/shop.tribusurbaines.com\/shop-2\/\"},{\"@type\":\"ListItem\",\"position\":3,\"name\":\"Shampoing doux et hydratant pour cheveux tr\u00e8s secs Tribus Urbaines\"}]},{\"@type\":\"WebSite\",\"@id\":\"https:\/\/shop.tribusurbaines.com\/#website\",\"url\":\"https:\/\/shop.tribusurbaines.com\/\",\"name\":\"Le Shop Tribus Urbaines\",\"description\":\"Pour toutes les t\u00eates boucl\u00e9es, fris\u00e9es, cr\u00e9pus ou afros\",\"publisher\":{\"@id\":\"https:\/\/shop.tribusurbaines.com\/#organization\"},\"potentialAction\":[{\"@type\":\"SearchAction\",\"target\":{\"@type\":\"EntryPoint\",\"urlTemplate\":\"https:\/\/shop.tribusurbaines.com\/?s={search_term_string}\"},\"query-input\":{\"@type\":\"PropertyValueSpecification\",\"valueRequired\":true,\"valueName\":\"search_term_string\"}}],\"inLanguage\":\"en-US\"},{\"@type\":\"Organization\",\"@id\":\"https:\/\/shop.tribusurbaines.com\/#organization\",\"name\":\"Le Shop Tribus Urbaines\",\"url\":\"https:\/\/shop.tribusurbaines.com\/\",\"logo\":{\"@type\":\"ImageObject\",\"inLanguage\":\"en-US\",\"@id\":\"https:\/\/shop.tribusurbaines.com\/#\/schema\/logo\/image\/\",\"url\":\"https:\/\/shop.tribusurbaines.com\/wp-content\/uploads\/2023\/12\/cropped-logo_boutique.jpg\",\"contentUrl\":\"https:\/\/shop.tribusurbaines.com\/wp-content\/uploads\/2023\/12\/cropped-logo_boutique.jpg\",\"width\":139,\"height\":80,\"caption\":\"Le Shop Tribus Urbaines\"},\"image\":{\"@id\":\"https:\/\/shop.tribusurbaines.com\/#\/schema\/logo\/image\/\"}}]}<\/script>\n<!-- \/ Yoast SEO plugin. -->","yoast_head_json":{"title":"Shampoing doux et hydratant pour cheveux tr\u00e8s secs Tribus Urbaines - Le Shop Tribus Urbaines","robots":{"index":"index","follow":"follow","max-snippet":"max-snippet:-1","max-image-preview":"max-image-preview:large","max-video-preview":"max-video-preview:-1"},"canonical":"https:\/\/shop.tribusurbaines.com\/en\/product\/shampoing-doux-et-hydratant-pour-cheveux-tres-secs-tribus-urbaines\/","og_locale":"en_US","og_type":"article","og_title":"Shampoing doux et hydratant pour cheveux tr\u00e8s secs Tribus Urbaines - Le Shop Tribus Urbaines","og_description":"&gt; 95% d\u2019ingr\u00e9dients naturels \u2022 250ml de douceur   D\u00e9couvre notre shampoing Tribus Urbaines : le secret d\u2019une chevelure saine, nourrie et resplendissante, m\u00eame pour les cheveux les plus secs ! \ud83d\udca7\u2728 Pour qui nous l'avons cr\u00e9\u00e9 ? Pour toi, guerri\u00e8re des boucles et ma\u00eetresse des cheveux cr\u00e9pus, fris\u00e9s et ondul\u00e9s, qui jongles entre tes journ\u00e9es effervescentes et tes moments de d\u00e9tente bien m\u00e9rit\u00e9s, nous avons cr\u00e9\u00e9 un shampoing r\u00e9volutionnaire. Sp\u00e9cialement formul\u00e9 pour les cheveux tr\u00e8s secs, il hydrate, nourrit et prot\u00e8ge tes cheveux en profondeur tout en les purifiant. Pourquoi tes boucles vont l'adorer ? \ud83d\ude0d \ud83d\udc9c Hydratation et nutrition : Il hydrate ton cuir chevelu et nourrit chaque m\u00e8che, des racines aux pointes, sans jamais l'alourdir.  \ud83d\udc9c Stimulation de la pousse : Favorise une croissance saine et rapide de tes cheveux, pour des r\u00e9sultats visibles et durables.  \ud83d\udc9c Renforcement des cheveux : Pr\u00e9vient la chute et renforce la fibre capillaire, pour des cheveux plus r\u00e9sistants au quotidien.  \ud83d\udc9c Douceur et \u00e9clat : Garde tes cheveux doux, brillants et parfaitement hydrat\u00e9s, sans aucune sensation de lourdeur. Le r\u00e9sultat :  Tes cheveux sont propres, nourris et pr\u00eats \u00e0 briller comme jamais. Plus r\u00e9sistants, plus forts, et surtout, plus sains jusqu\u2019au prochain shampoing.","og_url":"https:\/\/shop.tribusurbaines.com\/en\/product\/shampoing-doux-et-hydratant-pour-cheveux-tres-secs-tribus-urbaines\/","og_site_name":"Le Shop Tribus Urbaines","article_modified_time":"2026-04-20T14:26:27+00:00","og_image":[{"width":1080,"height":1080,"url":"https:\/\/shop.tribusurbaines.com\/wp-content\/uploads\/2023\/11\/Site-web-Photos-Produits-8-1.png","type":"image\/png"}],"twitter_card":"summary_large_image","twitter_misc":{"Est. reading time":"2 minutes"},"schema":{"@context":"https:\/\/schema.org","@graph":[{"@type":"WebPage","@id":"https:\/\/shop.tribusurbaines.com\/en\/product\/shampoing-doux-et-hydratant-pour-cheveux-tres-secs-tribus-urbaines\/","url":"https:\/\/shop.tribusurbaines.com\/en\/product\/shampoing-doux-et-hydratant-pour-cheveux-tres-secs-tribus-urbaines\/","name":"Shampoing doux et hydratant pour cheveux tr\u00e8s secs Tribus Urbaines - Le Shop Tribus Urbaines","isPartOf":{"@id":"https:\/\/shop.tribusurbaines.com\/#website"},"primaryImageOfPage":{"@id":"https:\/\/shop.tribusurbaines.com\/en\/product\/shampoing-doux-et-hydratant-pour-cheveux-tres-secs-tribus-urbaines\/#primaryimage"},"image":{"@id":"https:\/\/shop.tribusurbaines.com\/en\/product\/shampoing-doux-et-hydratant-pour-cheveux-tres-secs-tribus-urbaines\/#primaryimage"},"thumbnailUrl":"https:\/\/shop.tribusurbaines.com\/wp-content\/uploads\/2023\/11\/Site-web-Photos-Produits-8-1.png","datePublished":"2025-02-10T13:25:04+00:00","dateModified":"2026-04-20T14:26:27+00:00","breadcrumb":{"@id":"https:\/\/shop.tribusurbaines.com\/en\/product\/shampoing-doux-et-hydratant-pour-cheveux-tres-secs-tribus-urbaines\/#breadcrumb"},"inLanguage":"en-US","potentialAction":[{"@type":"ReadAction","target":["https:\/\/shop.tribusurbaines.com\/en\/product\/shampoing-doux-et-hydratant-pour-cheveux-tres-secs-tribus-urbaines\/"]}]},{"@type":"ImageObject","inLanguage":"en-US","@id":"https:\/\/shop.tribusurbaines.com\/en\/product\/shampoing-doux-et-hydratant-pour-cheveux-tres-secs-tribus-urbaines\/#primaryimage","url":"https:\/\/shop.tribusurbaines.com\/wp-content\/uploads\/2023\/11\/Site-web-Photos-Produits-8-1.png","contentUrl":"https:\/\/shop.tribusurbaines.com\/wp-content\/uploads\/2023\/11\/Site-web-Photos-Produits-8-1.png","width":1080,"height":1080},{"@type":"BreadcrumbList","@id":"https:\/\/shop.tribusurbaines.com\/en\/product\/shampoing-doux-et-hydratant-pour-cheveux-tres-secs-tribus-urbaines\/#breadcrumb","itemListElement":[{"@type":"ListItem","position":1,"name":"Accueil","item":"https:\/\/shop.tribusurbaines.com\/en\/"},{"@type":"ListItem","position":2,"name":"Shop","item":"https:\/\/shop.tribusurbaines.com\/shop-2\/"},{"@type":"ListItem","position":3,"name":"Shampoing doux et hydratant pour cheveux tr\u00e8s secs Tribus Urbaines"}]},{"@type":"WebSite","@id":"https:\/\/shop.tribusurbaines.com\/#website","url":"https:\/\/shop.tribusurbaines.com\/","name":"Le Shop Tribus Urbaines","description":"Pour toutes les t\u00eates boucl\u00e9es, fris\u00e9es, cr\u00e9pus ou afros","publisher":{"@id":"https:\/\/shop.tribusurbaines.com\/#organization"},"potentialAction":[{"@type":"SearchAction","target":{"@type":"EntryPoint","urlTemplate":"https:\/\/shop.tribusurbaines.com\/?s={search_term_string}"},"query-input":{"@type":"PropertyValueSpecification","valueRequired":true,"valueName":"search_term_string"}}],"inLanguage":"en-US"},{"@type":"Organization","@id":"https:\/\/shop.tribusurbaines.com\/#organization","name":"Le Shop Tribus Urbaines","url":"https:\/\/shop.tribusurbaines.com\/","logo":{"@type":"ImageObject","inLanguage":"en-US","@id":"https:\/\/shop.tribusurbaines.com\/#\/schema\/logo\/image\/","url":"https:\/\/shop.tribusurbaines.com\/wp-content\/uploads\/2023\/12\/cropped-logo_boutique.jpg","contentUrl":"https:\/\/shop.tribusurbaines.com\/wp-content\/uploads\/2023\/12\/cropped-logo_boutique.jpg","width":139,"height":80,"caption":"Le Shop Tribus Urbaines"},"image":{"@id":"https:\/\/shop.tribusurbaines.com\/#\/schema\/logo\/image\/"}}]}},"_links":{"self":[{"href":"https:\/\/shop.tribusurbaines.com\/en\/wp-json\/wp\/v2\/product\/9834"}],"collection":[{"href":"https:\/\/shop.tribusurbaines.com\/en\/wp-json\/wp\/v2\/product"}],"about":[{"href":"https:\/\/shop.tribusurbaines.com\/en\/wp-json\/wp\/v2\/types\/product"}],"replies":[{"embeddable":true,"href":"https:\/\/shop.tribusurbaines.com\/en\/wp-json\/wp\/v2\/comments?post=9834"}],"wp:featuredmedia":[{"embeddable":true,"href":"https:\/\/shop.tribusurbaines.com\/en\/wp-json\/wp\/v2\/media\/9391"}],"wp:attachment":[{"href":"https:\/\/shop.tribusurbaines.com\/en\/wp-json\/wp\/v2\/media?parent=9834"}],"wp:term":[{"taxonomy":"product_brand","embeddable":true,"href":"https:\/\/shop.tribusurbaines.com\/en\/wp-json\/wp\/v2\/product_brand?post=9834"},{"taxonomy":"product_cat","embeddable":true,"href":"https:\/\/shop.tribusurbaines.com\/en\/wp-json\/wp\/v2\/product_cat?post=9834"},{"taxonomy":"product_tag","embeddable":true,"href":"https:\/\/shop.tribusurbaines.com\/en\/wp-json\/wp\/v2\/product_tag?post=9834"}],"curies":[{"name":"wp","href":"https:\/\/api.w.org\/{rel}","templated":true}]}}