{"id":9691,"date":"2025-01-26T23:00:29","date_gmt":"2025-01-26T22:00:29","guid":{"rendered":"https:\/\/shop.tribusurbaines.com\/?post_type=product&#038;p=9691"},"modified":"2025-12-24T16:32:58","modified_gmt":"2025-12-24T15:32:58","slug":"gel-coiffant-a-maintien-fort","status":"publish","type":"product","link":"https:\/\/shop.tribusurbaines.com\/en\/product\/gel-coiffant-a-maintien-fort\/","title":{"rendered":"Gel coiffant \u00e0 maintien fort"},"content":{"rendered":"<div class=\"wpb-content-wrapper\">[vc_row][vc_column][vc_column_text]\n<h3>Conseils d\u2019utilisation<\/h3>\n<p>Int\u00e9grez une gel\u00e9e coiffante dans votre routine pour maintenir vos boucles bien form\u00e9es ! Le Curl Defining Gel de Boucl\u00e8me s\u2019applique sur cheveux humidifi\u00e9. Pr\u00e9levez une petite quantit\u00e9 de produit dans vos mains et pressez vos cheveux de bas en haut pour former les boucles. Pressez ensuite vos boucles et s\u00e9cher les cheveux en douceur \u00e0 l\u2019aide d\u2019un diffuseur. Laissez s\u00e9cher \u00e0 l\u2019air libre sans toucher. Si un effet carton se forme autour des boucles, pressez \u00e0 nouveau les boucles de bas en haut pour retirer l\u2019exc\u00e9dent de gel. Une fois s\u00e8ches, les boucles sont brillantes, rebondies, sans frisottis ! Pour un meilleur r\u00e9sultat, appliquez le gel apr\u00e8s une cr\u00e8me coiffante sans rin\u00e7age.<\/p>\n<h3>Marque<\/h3>\n<p><span data-sheets-value=\"{&quot;1&quot;:2,&quot;2&quot;:&quot;Aqua (Eau purifi\u00e9e), M\u00e9lange d'herbes certifi\u00e9 biologique de Calendula, Arctium Lappa (Racine de Bardane), Urtica Diotica (Feuille d'Ortie), Rosemarinus Officinalis (Romarin) et Pissenlit et Equisetum Arvense (Pr\u00eale) r\u00e9colt\u00e9s dans la nature, Calendula Officinalis biologique (Extrait de Calendula), Olea Europea biologique (Huile d'Olive), Camella Oleifera biologique (Extrait de feuille de Cam\u00e9lia), Hypericum Perforatum, Laminaria Digitata (Algue marine de la c\u00f4te ouest), Decylpolyglucoside, Coco Betaine, Glyc\u00e9rine v\u00e9g\u00e9tale, Cannabid Sativa (Huile de Chanvre), Panth\u00e9nol (Vitamine B5), Cyamopsis Tetragonoloba (Gomme de Guar), Acide citrique, Polyaminopropyl Buiguinide, Huile essentielle de Lavandula Angustifolia (Lavande).&quot;}\" data-sheets-userformat=\"{&quot;2&quot;:15235,&quot;3&quot;:{&quot;1&quot;:0},&quot;4&quot;:{&quot;1&quot;:2,&quot;2&quot;:12968115},&quot;10&quot;:0,&quot;11&quot;:4,&quot;12&quot;:0,&quot;14&quot;:{&quot;1&quot;:2,&quot;2&quot;:0},&quot;15&quot;:&quot;Calibri&quot;,&quot;16&quot;:9}\">Boucl\u00e8me<\/span>[\/vc_column_text][vc_toggle title=&#8221;Ingr\u00e9dients&#8221;]Eau, glyc\u00e9rine (v\u00e9g\u00e9tale), extrait de feuille d\u2019Aloe Barbadensis (Aloe Vera), gomme de xanthane, Polyglyceryl-4 Caprate, extrait de fruit de Punica Granatum (grenade), huile de noyau d\u2019Argania Spinosa (argan), huile de graines de Linum Usitatissimum (lin), huile de Cocos Nucifera (noix de coco vierge), *Huile de fruit de Bergamia (bergamote), *Huile d\u2019\u00e9corce de Citrus Grandis (pamplemousse), *Huile de fleur de Tilia Cordata (tilleul), *Huile de fruit de Litsea Cubeba (May Chang), *Huile de fleur de Michelia Alba (magnolia), *Huile de feuille de Michelia Alba (magnolia), *Huile d\u2019\u00e9corce de Citrus Nobilis (mandarin rouge), *Huile de feuille d\u2019Origanum Majorana (marjolaine), *Huile d\u2019\u00e9corce de Citrus Aurantium Dulcis (orange douce), *Huile de feuille de Cymbopogon Martini (Palmarosa), *Huile de feuille de Patchouli, *Rosmarinus Officinalis (romarin), *Mentha Viridis (menthe verte), Styrax Tonkinensis (benjoin), Ricinus Communis (ricin), alcool benzylique, acide d\u00e9hydroac\u00e9tique, **Limon\u00e8ne, **Linalol, **G\u00e9raniol, **Citral, **Benzoate de benzyle.<br \/>\n*huiles essentielles naturelles<br \/>\n**ingr\u00e9dients certifi\u00e9s biologiques[\/vc_toggle][\/vc_column][\/vc_row]\n<\/div>","protected":false},"excerpt":{"rendered":"<p>La gel\u00e9e coiffante Curl Defining Gel de Boucl\u00e8me permet d\u2019obtenir des boucles bien rebondies sans frisottis ! Sa texture est l\u00e9g\u00e8re, ne colle pas et convient \u00e0 tous les types de cheveux boucl\u00e9s. Sa composition riche en actifs hydratants permet de prot\u00e9ger la fibre capillaire. Les cheveux boucl\u00e9s conservent toute leur douceur et leur brillance.<\/p>\n<p>1 l \/ 33 fl.oz<\/p>\n","protected":false},"featured_media":9692,"comment_status":"closed","ping_status":"closed","template":"","meta":[],"product_brand":[],"product_cat":[190,123,124],"product_tag":[],"class_list":{"0":"post-9691","1":"product","2":"type-product","3":"status-publish","4":"has-post-thumbnail","6":"product_cat-boucleme-en","7":"product_cat-basics-for-your-curls","8":"product_cat-curl-definition-products","10":"first","11":"outofstock","12":"shipping-taxable","13":"purchasable","14":"product-type-simple"},"yoast_head":"<!-- This site is optimized with the Yoast SEO plugin v23.6 - https:\/\/yoast.com\/wordpress\/plugins\/seo\/ -->\n<title>Gel coiffant \u00e0 maintien fort - Le Shop Tribus Urbaines<\/title>\n<meta name=\"robots\" content=\"index, follow, max-snippet:-1, max-image-preview:large, max-video-preview:-1\" \/>\n<link rel=\"canonical\" href=\"https:\/\/shop.tribusurbaines.com\/en\/product\/gel-coiffant-a-maintien-fort\/\" \/>\n<meta property=\"og:locale\" content=\"en_US\" \/>\n<meta property=\"og:type\" content=\"article\" \/>\n<meta property=\"og:title\" content=\"Gel coiffant \u00e0 maintien fort - Le Shop Tribus Urbaines\" \/>\n<meta property=\"og:description\" content=\"La gel\u00e9e coiffante Curl Defining Gel de Boucl\u00e8me permet d\u2019obtenir des boucles bien rebondies sans frisottis ! Sa texture est l\u00e9g\u00e8re, ne colle pas et convient \u00e0 tous les types de cheveux boucl\u00e9s. Sa composition riche en actifs hydratants permet de prot\u00e9ger la fibre capillaire. Les cheveux boucl\u00e9s conservent toute leur douceur et leur brillance.  1 l \/ 33 fl.oz\" \/>\n<meta property=\"og:url\" content=\"https:\/\/shop.tribusurbaines.com\/en\/product\/gel-coiffant-a-maintien-fort\/\" \/>\n<meta property=\"og:site_name\" content=\"Le Shop Tribus Urbaines\" \/>\n<meta property=\"article:modified_time\" content=\"2025-12-24T15:32:58+00:00\" \/>\n<meta property=\"og:image\" content=\"https:\/\/shop.tribusurbaines.com\/wp-content\/uploads\/2025\/01\/taille-extra-1-litre-super-hold-styler-boucleme.jpg\" \/>\n\t<meta property=\"og:image:width\" content=\"522\" \/>\n\t<meta property=\"og:image:height\" content=\"692\" \/>\n\t<meta property=\"og:image:type\" content=\"image\/jpeg\" \/>\n<meta name=\"twitter:card\" content=\"summary_large_image\" \/>\n<meta name=\"twitter:label1\" content=\"Est. reading time\" \/>\n\t<meta name=\"twitter:data1\" content=\"2 minutes\" \/>\n<script type=\"application\/ld+json\" class=\"yoast-schema-graph\">{\"@context\":\"https:\/\/schema.org\",\"@graph\":[{\"@type\":\"WebPage\",\"@id\":\"https:\/\/shop.tribusurbaines.com\/en\/product\/gel-coiffant-a-maintien-fort\/\",\"url\":\"https:\/\/shop.tribusurbaines.com\/en\/product\/gel-coiffant-a-maintien-fort\/\",\"name\":\"Gel coiffant \u00e0 maintien fort - Le Shop Tribus Urbaines\",\"isPartOf\":{\"@id\":\"https:\/\/shop.tribusurbaines.com\/#website\"},\"primaryImageOfPage\":{\"@id\":\"https:\/\/shop.tribusurbaines.com\/en\/product\/gel-coiffant-a-maintien-fort\/#primaryimage\"},\"image\":{\"@id\":\"https:\/\/shop.tribusurbaines.com\/en\/product\/gel-coiffant-a-maintien-fort\/#primaryimage\"},\"thumbnailUrl\":\"https:\/\/shop.tribusurbaines.com\/wp-content\/uploads\/2025\/01\/taille-extra-1-litre-super-hold-styler-boucleme.jpg\",\"datePublished\":\"2025-01-26T22:00:29+00:00\",\"dateModified\":\"2025-12-24T15:32:58+00:00\",\"breadcrumb\":{\"@id\":\"https:\/\/shop.tribusurbaines.com\/en\/product\/gel-coiffant-a-maintien-fort\/#breadcrumb\"},\"inLanguage\":\"en-US\",\"potentialAction\":[{\"@type\":\"ReadAction\",\"target\":[\"https:\/\/shop.tribusurbaines.com\/en\/product\/gel-coiffant-a-maintien-fort\/\"]}]},{\"@type\":\"ImageObject\",\"inLanguage\":\"en-US\",\"@id\":\"https:\/\/shop.tribusurbaines.com\/en\/product\/gel-coiffant-a-maintien-fort\/#primaryimage\",\"url\":\"https:\/\/shop.tribusurbaines.com\/wp-content\/uploads\/2025\/01\/taille-extra-1-litre-super-hold-styler-boucleme.jpg\",\"contentUrl\":\"https:\/\/shop.tribusurbaines.com\/wp-content\/uploads\/2025\/01\/taille-extra-1-litre-super-hold-styler-boucleme.jpg\",\"width\":522,\"height\":692},{\"@type\":\"BreadcrumbList\",\"@id\":\"https:\/\/shop.tribusurbaines.com\/en\/product\/gel-coiffant-a-maintien-fort\/#breadcrumb\",\"itemListElement\":[{\"@type\":\"ListItem\",\"position\":1,\"name\":\"Accueil\",\"item\":\"https:\/\/shop.tribusurbaines.com\/en\/\"},{\"@type\":\"ListItem\",\"position\":2,\"name\":\"Shop\",\"item\":\"https:\/\/shop.tribusurbaines.com\/shop-2\/\"},{\"@type\":\"ListItem\",\"position\":3,\"name\":\"Gel coiffant \u00e0 maintien fort\"}]},{\"@type\":\"WebSite\",\"@id\":\"https:\/\/shop.tribusurbaines.com\/#website\",\"url\":\"https:\/\/shop.tribusurbaines.com\/\",\"name\":\"Le Shop Tribus Urbaines\",\"description\":\"Pour toutes les t\u00eates boucl\u00e9es, fris\u00e9es, cr\u00e9pus ou afros\",\"publisher\":{\"@id\":\"https:\/\/shop.tribusurbaines.com\/#organization\"},\"potentialAction\":[{\"@type\":\"SearchAction\",\"target\":{\"@type\":\"EntryPoint\",\"urlTemplate\":\"https:\/\/shop.tribusurbaines.com\/?s={search_term_string}\"},\"query-input\":{\"@type\":\"PropertyValueSpecification\",\"valueRequired\":true,\"valueName\":\"search_term_string\"}}],\"inLanguage\":\"en-US\"},{\"@type\":\"Organization\",\"@id\":\"https:\/\/shop.tribusurbaines.com\/#organization\",\"name\":\"Le Shop Tribus Urbaines\",\"url\":\"https:\/\/shop.tribusurbaines.com\/\",\"logo\":{\"@type\":\"ImageObject\",\"inLanguage\":\"en-US\",\"@id\":\"https:\/\/shop.tribusurbaines.com\/#\/schema\/logo\/image\/\",\"url\":\"https:\/\/shop.tribusurbaines.com\/wp-content\/uploads\/2023\/12\/cropped-logo_boutique.jpg\",\"contentUrl\":\"https:\/\/shop.tribusurbaines.com\/wp-content\/uploads\/2023\/12\/cropped-logo_boutique.jpg\",\"width\":139,\"height\":80,\"caption\":\"Le Shop Tribus Urbaines\"},\"image\":{\"@id\":\"https:\/\/shop.tribusurbaines.com\/#\/schema\/logo\/image\/\"}}]}<\/script>\n<!-- \/ Yoast SEO plugin. -->","yoast_head_json":{"title":"Gel coiffant \u00e0 maintien fort - Le Shop Tribus Urbaines","robots":{"index":"index","follow":"follow","max-snippet":"max-snippet:-1","max-image-preview":"max-image-preview:large","max-video-preview":"max-video-preview:-1"},"canonical":"https:\/\/shop.tribusurbaines.com\/en\/product\/gel-coiffant-a-maintien-fort\/","og_locale":"en_US","og_type":"article","og_title":"Gel coiffant \u00e0 maintien fort - Le Shop Tribus Urbaines","og_description":"La gel\u00e9e coiffante Curl Defining Gel de Boucl\u00e8me permet d\u2019obtenir des boucles bien rebondies sans frisottis ! Sa texture est l\u00e9g\u00e8re, ne colle pas et convient \u00e0 tous les types de cheveux boucl\u00e9s. Sa composition riche en actifs hydratants permet de prot\u00e9ger la fibre capillaire. Les cheveux boucl\u00e9s conservent toute leur douceur et leur brillance.  1 l \/ 33 fl.oz","og_url":"https:\/\/shop.tribusurbaines.com\/en\/product\/gel-coiffant-a-maintien-fort\/","og_site_name":"Le Shop Tribus Urbaines","article_modified_time":"2025-12-24T15:32:58+00:00","og_image":[{"width":522,"height":692,"url":"https:\/\/shop.tribusurbaines.com\/wp-content\/uploads\/2025\/01\/taille-extra-1-litre-super-hold-styler-boucleme.jpg","type":"image\/jpeg"}],"twitter_card":"summary_large_image","twitter_misc":{"Est. reading time":"2 minutes"},"schema":{"@context":"https:\/\/schema.org","@graph":[{"@type":"WebPage","@id":"https:\/\/shop.tribusurbaines.com\/en\/product\/gel-coiffant-a-maintien-fort\/","url":"https:\/\/shop.tribusurbaines.com\/en\/product\/gel-coiffant-a-maintien-fort\/","name":"Gel coiffant \u00e0 maintien fort - Le Shop Tribus Urbaines","isPartOf":{"@id":"https:\/\/shop.tribusurbaines.com\/#website"},"primaryImageOfPage":{"@id":"https:\/\/shop.tribusurbaines.com\/en\/product\/gel-coiffant-a-maintien-fort\/#primaryimage"},"image":{"@id":"https:\/\/shop.tribusurbaines.com\/en\/product\/gel-coiffant-a-maintien-fort\/#primaryimage"},"thumbnailUrl":"https:\/\/shop.tribusurbaines.com\/wp-content\/uploads\/2025\/01\/taille-extra-1-litre-super-hold-styler-boucleme.jpg","datePublished":"2025-01-26T22:00:29+00:00","dateModified":"2025-12-24T15:32:58+00:00","breadcrumb":{"@id":"https:\/\/shop.tribusurbaines.com\/en\/product\/gel-coiffant-a-maintien-fort\/#breadcrumb"},"inLanguage":"en-US","potentialAction":[{"@type":"ReadAction","target":["https:\/\/shop.tribusurbaines.com\/en\/product\/gel-coiffant-a-maintien-fort\/"]}]},{"@type":"ImageObject","inLanguage":"en-US","@id":"https:\/\/shop.tribusurbaines.com\/en\/product\/gel-coiffant-a-maintien-fort\/#primaryimage","url":"https:\/\/shop.tribusurbaines.com\/wp-content\/uploads\/2025\/01\/taille-extra-1-litre-super-hold-styler-boucleme.jpg","contentUrl":"https:\/\/shop.tribusurbaines.com\/wp-content\/uploads\/2025\/01\/taille-extra-1-litre-super-hold-styler-boucleme.jpg","width":522,"height":692},{"@type":"BreadcrumbList","@id":"https:\/\/shop.tribusurbaines.com\/en\/product\/gel-coiffant-a-maintien-fort\/#breadcrumb","itemListElement":[{"@type":"ListItem","position":1,"name":"Accueil","item":"https:\/\/shop.tribusurbaines.com\/en\/"},{"@type":"ListItem","position":2,"name":"Shop","item":"https:\/\/shop.tribusurbaines.com\/shop-2\/"},{"@type":"ListItem","position":3,"name":"Gel coiffant \u00e0 maintien fort"}]},{"@type":"WebSite","@id":"https:\/\/shop.tribusurbaines.com\/#website","url":"https:\/\/shop.tribusurbaines.com\/","name":"Le Shop Tribus Urbaines","description":"Pour toutes les t\u00eates boucl\u00e9es, fris\u00e9es, cr\u00e9pus ou afros","publisher":{"@id":"https:\/\/shop.tribusurbaines.com\/#organization"},"potentialAction":[{"@type":"SearchAction","target":{"@type":"EntryPoint","urlTemplate":"https:\/\/shop.tribusurbaines.com\/?s={search_term_string}"},"query-input":{"@type":"PropertyValueSpecification","valueRequired":true,"valueName":"search_term_string"}}],"inLanguage":"en-US"},{"@type":"Organization","@id":"https:\/\/shop.tribusurbaines.com\/#organization","name":"Le Shop Tribus Urbaines","url":"https:\/\/shop.tribusurbaines.com\/","logo":{"@type":"ImageObject","inLanguage":"en-US","@id":"https:\/\/shop.tribusurbaines.com\/#\/schema\/logo\/image\/","url":"https:\/\/shop.tribusurbaines.com\/wp-content\/uploads\/2023\/12\/cropped-logo_boutique.jpg","contentUrl":"https:\/\/shop.tribusurbaines.com\/wp-content\/uploads\/2023\/12\/cropped-logo_boutique.jpg","width":139,"height":80,"caption":"Le Shop Tribus Urbaines"},"image":{"@id":"https:\/\/shop.tribusurbaines.com\/#\/schema\/logo\/image\/"}}]}},"_links":{"self":[{"href":"https:\/\/shop.tribusurbaines.com\/en\/wp-json\/wp\/v2\/product\/9691"}],"collection":[{"href":"https:\/\/shop.tribusurbaines.com\/en\/wp-json\/wp\/v2\/product"}],"about":[{"href":"https:\/\/shop.tribusurbaines.com\/en\/wp-json\/wp\/v2\/types\/product"}],"replies":[{"embeddable":true,"href":"https:\/\/shop.tribusurbaines.com\/en\/wp-json\/wp\/v2\/comments?post=9691"}],"wp:featuredmedia":[{"embeddable":true,"href":"https:\/\/shop.tribusurbaines.com\/en\/wp-json\/wp\/v2\/media\/9692"}],"wp:attachment":[{"href":"https:\/\/shop.tribusurbaines.com\/en\/wp-json\/wp\/v2\/media?parent=9691"}],"wp:term":[{"taxonomy":"product_brand","embeddable":true,"href":"https:\/\/shop.tribusurbaines.com\/en\/wp-json\/wp\/v2\/product_brand?post=9691"},{"taxonomy":"product_cat","embeddable":true,"href":"https:\/\/shop.tribusurbaines.com\/en\/wp-json\/wp\/v2\/product_cat?post=9691"},{"taxonomy":"product_tag","embeddable":true,"href":"https:\/\/shop.tribusurbaines.com\/en\/wp-json\/wp\/v2\/product_tag?post=9691"}],"curies":[{"name":"wp","href":"https:\/\/api.w.org\/{rel}","templated":true}]}}