{"id":9671,"date":"2025-01-26T22:16:56","date_gmt":"2025-01-26T21:16:56","guid":{"rendered":"https:\/\/shop.tribusurbaines.com\/?post_type=product&#038;p=9671"},"modified":"2026-03-12T14:57:25","modified_gmt":"2026-03-12T13:57:25","slug":"shampoing-hydratant-pour-cheveux-ondules-boucles","status":"publish","type":"product","link":"https:\/\/shop.tribusurbaines.com\/en\/product\/shampoing-hydratant-pour-cheveux-ondules-boucles\/","title":{"rendered":"Shampoing hydratant pour cheveux ondul\u00e9s \/ boucl\u00e9s"},"content":{"rendered":"<div class=\"wpb-content-wrapper\">[vc_row][vc_column][vc_column_text]\n<div class=\"woocommerce-tabs wc-tabs-wrapper product-details-vertical\">\n<div id=\"tab-description\" class=\"woocommerce-Tabs-panel woocommerce-Tabs-panel--description panel entry-content wc-tab\" role=\"tabpanel\" aria-labelledby=\"tab-title-description\">\n<div class=\"description-inner\">\n<div class=\"wpb-content-wrapper\">\n<div class=\"sec_row container\">\n<div class=\"vc_row wpb_row vc_row-fluid\">\n<div class=\"wpb_column vc_column_container vc_col-sm-12 et-dark-column\">\n<div class=\"vc_column-inner\">\n<div class=\"wpb_wrapper\">\n<div class=\"wpb_text_column wpb_content_element \">\n<div class=\"wpb_wrapper\">\n<h3>Conseils d\u2019utilisation<\/h3>\n<p>Pour les cheveux fins : Faites des sections pour \u00e9viter les noeuds lors de votre shampoing, le d\u00e9m\u00ealage est facilit\u00e9e.<\/p>\n<p>Appliquez une noisette de shampoing sur cheveux pr\u00e9alablement mouill\u00e9s, frottez et r\u00e9p\u00e9tez le processus.<\/p>\n<p>Rincez abondamment, passez \u00e0 l&#8217;apr\u00e8s-shampoing.<\/p>\n<h3>Marque<\/h3>\n<p><span data-sheets-value=\"{&quot;1&quot;:2,&quot;2&quot;:&quot;Aqua (Eau purifi\u00e9e), M\u00e9lange d'herbes certifi\u00e9 biologique de Calendula, Arctium Lappa (Racine de Bardane), Urtica Diotica (Feuille d'Ortie), Rosemarinus Officinalis (Romarin) et Pissenlit et Equisetum Arvense (Pr\u00eale) r\u00e9colt\u00e9s dans la nature, Calendula Officinalis biologique (Extrait de Calendula), Olea Europea biologique (Huile d'Olive), Camella Oleifera biologique (Extrait de feuille de Cam\u00e9lia), Hypericum Perforatum, Laminaria Digitata (Algue marine de la c\u00f4te ouest), Decylpolyglucoside, Coco Betaine, Glyc\u00e9rine v\u00e9g\u00e9tale, Cannabid Sativa (Huile de Chanvre), Panth\u00e9nol (Vitamine B5), Cyamopsis Tetragonoloba (Gomme de Guar), Acide citrique, Polyaminopropyl Buiguinide, Huile essentielle de Lavandula Angustifolia (Lavande).&quot;}\" data-sheets-userformat=\"{&quot;2&quot;:15235,&quot;3&quot;:{&quot;1&quot;:0},&quot;4&quot;:{&quot;1&quot;:2,&quot;2&quot;:12968115},&quot;10&quot;:0,&quot;11&quot;:4,&quot;12&quot;:0,&quot;14&quot;:{&quot;1&quot;:2,&quot;2&quot;:0},&quot;15&quot;:&quot;Calibri&quot;,&quot;16&quot;:9}\">Boucl\u00e8me<\/span><\/p>\n<\/div>\n<\/div>\n<\/div>\n<\/div>\n<\/div>\n<\/div>\n<\/div>\n<\/div>\n<\/div>\n<\/div>\n<\/div>\n[\/vc_column_text][vc_toggle title=&#8221;Ingr\u00e9dients&#8221;]Aqua\/Water\/Eau, Decyl Glucoside, Cocamidopropyl Betaine, **Cocos Nucifera (Virgin Coconut) Oil, Glycerin (Vegetable), Maris Sal\/Sea Salt\/Sel Marin, Schinziophyton Rautanenii (Mongongo) Kernel Oil, Camellia Oleifera (Camellia) Seed Oil, Hippophae Rhamnoides (Sea Buckthorn) Seed Oil, *Litsea Cubeba (May Chang) Fruit Oil, *Citrus Grandis (Grapefruit) Peel Oil, *Citrus Nobilis (Mandarin Red) Peel Oil, *Citrus Aurantium Dulcis (Orange Sweet) Peel Oil, *Citrus Aurantium Bergamia (Bergamot) Fruit Oil, *Origanum Majorana (Marjoram Sweet) Leaf Oil, *Rosmarinus Officinalis (Romarin) Huile de feuilles, *Mentha Viridis (Menthe verte) Huile de feuilles, *Pogostemon Cablin (Patchouli) Huile de feuilles, *Michelia Alba (Magnolia) Huile de fleurs, *Michelia Alba (Magnolia) Huile de feuilles, *Cymbopogon Martini (Palmarosa) Huile de feuilles, *Extrait de fleurs de Tilia Cordata (tilleul), *Extrait de r\u00e9sine de Styrax Tonkinensis (benjoin), Pentyl\u00e8ne Glycol, Chlorure de Guar Hydroxypropyltrimonium, Gomme de Xanthane, Alcool benzylique, Acide d\u00e9hydroac\u00e9tique, Sesquicaprylate de Sorbitan, Acide citrique, Limon\u00e8ne, Linalol, G\u00e9raniol, Citral.<\/p>\n<p>*Huile essentielle<\/p>\n<p>**Certifi\u00e9 biologique[\/vc_toggle][\/vc_column][\/vc_row]\n<\/div>","protected":false},"excerpt":{"rendered":"<p>Un shampoing destin\u00e9 aux cuirs chevelus gras apportant volume et brillance.<\/p>\n<p>300 ml \/ 10.1 fl oz<\/p>\n","protected":false},"featured_media":9688,"comment_status":"open","ping_status":"closed","template":"","meta":[],"product_brand":[],"product_cat":[190,123,134],"product_tag":[],"class_list":{"0":"post-9671","1":"product","2":"type-product","3":"status-publish","4":"has-post-thumbnail","6":"product_cat-boucleme-en","7":"product_cat-basics-for-your-curls","8":"product_cat-shampoos","10":"first","11":"instock","12":"shipping-taxable","13":"purchasable","14":"product-type-simple"},"yoast_head":"<!-- This site is optimized with the Yoast SEO plugin v23.6 - https:\/\/yoast.com\/wordpress\/plugins\/seo\/ -->\n<title>Shampoing hydratant pour cheveux ondul\u00e9s \/ boucl\u00e9s - Le Shop Tribus Urbaines<\/title>\n<meta name=\"robots\" content=\"index, follow, max-snippet:-1, max-image-preview:large, max-video-preview:-1\" \/>\n<link rel=\"canonical\" href=\"https:\/\/shop.tribusurbaines.com\/en\/product\/shampoing-hydratant-pour-cheveux-ondules-boucles\/\" \/>\n<meta property=\"og:locale\" content=\"en_US\" \/>\n<meta property=\"og:type\" content=\"article\" \/>\n<meta property=\"og:title\" content=\"Shampoing hydratant pour cheveux ondul\u00e9s \/ boucl\u00e9s - Le Shop Tribus Urbaines\" \/>\n<meta property=\"og:description\" content=\"Un shampoing destin\u00e9 aux cuirs chevelus gras apportant volume et brillance.  300 ml \/ 10.1 fl oz\" \/>\n<meta property=\"og:url\" content=\"https:\/\/shop.tribusurbaines.com\/en\/product\/shampoing-hydratant-pour-cheveux-ondules-boucles\/\" \/>\n<meta property=\"og:site_name\" content=\"Le Shop Tribus Urbaines\" \/>\n<meta property=\"article:modified_time\" content=\"2026-03-12T13:57:25+00:00\" \/>\n<meta property=\"og:image\" content=\"https:\/\/shop.tribusurbaines.com\/wp-content\/uploads\/2025\/01\/hydrating_hair_cleanser.jpg\" \/>\n\t<meta property=\"og:image:width\" content=\"398\" \/>\n\t<meta property=\"og:image:height\" content=\"465\" \/>\n\t<meta property=\"og:image:type\" content=\"image\/jpeg\" \/>\n<meta name=\"twitter:card\" content=\"summary_large_image\" \/>\n<meta name=\"twitter:label1\" content=\"Est. reading time\" \/>\n\t<meta name=\"twitter:data1\" content=\"2 minutes\" \/>\n<script type=\"application\/ld+json\" class=\"yoast-schema-graph\">{\"@context\":\"https:\/\/schema.org\",\"@graph\":[{\"@type\":\"WebPage\",\"@id\":\"https:\/\/shop.tribusurbaines.com\/en\/product\/shampoing-hydratant-pour-cheveux-ondules-boucles\/\",\"url\":\"https:\/\/shop.tribusurbaines.com\/en\/product\/shampoing-hydratant-pour-cheveux-ondules-boucles\/\",\"name\":\"Shampoing hydratant pour cheveux ondul\u00e9s \/ boucl\u00e9s - Le Shop Tribus Urbaines\",\"isPartOf\":{\"@id\":\"https:\/\/shop.tribusurbaines.com\/#website\"},\"primaryImageOfPage\":{\"@id\":\"https:\/\/shop.tribusurbaines.com\/en\/product\/shampoing-hydratant-pour-cheveux-ondules-boucles\/#primaryimage\"},\"image\":{\"@id\":\"https:\/\/shop.tribusurbaines.com\/en\/product\/shampoing-hydratant-pour-cheveux-ondules-boucles\/#primaryimage\"},\"thumbnailUrl\":\"https:\/\/shop.tribusurbaines.com\/wp-content\/uploads\/2025\/01\/hydrating_hair_cleanser.jpg\",\"datePublished\":\"2025-01-26T21:16:56+00:00\",\"dateModified\":\"2026-03-12T13:57:25+00:00\",\"breadcrumb\":{\"@id\":\"https:\/\/shop.tribusurbaines.com\/en\/product\/shampoing-hydratant-pour-cheveux-ondules-boucles\/#breadcrumb\"},\"inLanguage\":\"en-US\",\"potentialAction\":[{\"@type\":\"ReadAction\",\"target\":[\"https:\/\/shop.tribusurbaines.com\/en\/product\/shampoing-hydratant-pour-cheveux-ondules-boucles\/\"]}]},{\"@type\":\"ImageObject\",\"inLanguage\":\"en-US\",\"@id\":\"https:\/\/shop.tribusurbaines.com\/en\/product\/shampoing-hydratant-pour-cheveux-ondules-boucles\/#primaryimage\",\"url\":\"https:\/\/shop.tribusurbaines.com\/wp-content\/uploads\/2025\/01\/hydrating_hair_cleanser.jpg\",\"contentUrl\":\"https:\/\/shop.tribusurbaines.com\/wp-content\/uploads\/2025\/01\/hydrating_hair_cleanser.jpg\",\"width\":398,\"height\":465},{\"@type\":\"BreadcrumbList\",\"@id\":\"https:\/\/shop.tribusurbaines.com\/en\/product\/shampoing-hydratant-pour-cheveux-ondules-boucles\/#breadcrumb\",\"itemListElement\":[{\"@type\":\"ListItem\",\"position\":1,\"name\":\"Accueil\",\"item\":\"https:\/\/shop.tribusurbaines.com\/en\/\"},{\"@type\":\"ListItem\",\"position\":2,\"name\":\"Shop\",\"item\":\"https:\/\/shop.tribusurbaines.com\/shop-2\/\"},{\"@type\":\"ListItem\",\"position\":3,\"name\":\"Shampoing hydratant pour cheveux ondul\u00e9s \/ boucl\u00e9s\"}]},{\"@type\":\"WebSite\",\"@id\":\"https:\/\/shop.tribusurbaines.com\/#website\",\"url\":\"https:\/\/shop.tribusurbaines.com\/\",\"name\":\"Le Shop Tribus Urbaines\",\"description\":\"Pour toutes les t\u00eates boucl\u00e9es, fris\u00e9es, cr\u00e9pus ou afros\",\"publisher\":{\"@id\":\"https:\/\/shop.tribusurbaines.com\/#organization\"},\"potentialAction\":[{\"@type\":\"SearchAction\",\"target\":{\"@type\":\"EntryPoint\",\"urlTemplate\":\"https:\/\/shop.tribusurbaines.com\/?s={search_term_string}\"},\"query-input\":{\"@type\":\"PropertyValueSpecification\",\"valueRequired\":true,\"valueName\":\"search_term_string\"}}],\"inLanguage\":\"en-US\"},{\"@type\":\"Organization\",\"@id\":\"https:\/\/shop.tribusurbaines.com\/#organization\",\"name\":\"Le Shop Tribus Urbaines\",\"url\":\"https:\/\/shop.tribusurbaines.com\/\",\"logo\":{\"@type\":\"ImageObject\",\"inLanguage\":\"en-US\",\"@id\":\"https:\/\/shop.tribusurbaines.com\/#\/schema\/logo\/image\/\",\"url\":\"https:\/\/shop.tribusurbaines.com\/wp-content\/uploads\/2023\/12\/cropped-logo_boutique.jpg\",\"contentUrl\":\"https:\/\/shop.tribusurbaines.com\/wp-content\/uploads\/2023\/12\/cropped-logo_boutique.jpg\",\"width\":139,\"height\":80,\"caption\":\"Le Shop Tribus Urbaines\"},\"image\":{\"@id\":\"https:\/\/shop.tribusurbaines.com\/#\/schema\/logo\/image\/\"}}]}<\/script>\n<!-- \/ Yoast SEO plugin. -->","yoast_head_json":{"title":"Shampoing hydratant pour cheveux ondul\u00e9s \/ boucl\u00e9s - Le Shop Tribus Urbaines","robots":{"index":"index","follow":"follow","max-snippet":"max-snippet:-1","max-image-preview":"max-image-preview:large","max-video-preview":"max-video-preview:-1"},"canonical":"https:\/\/shop.tribusurbaines.com\/en\/product\/shampoing-hydratant-pour-cheveux-ondules-boucles\/","og_locale":"en_US","og_type":"article","og_title":"Shampoing hydratant pour cheveux ondul\u00e9s \/ boucl\u00e9s - Le Shop Tribus Urbaines","og_description":"Un shampoing destin\u00e9 aux cuirs chevelus gras apportant volume et brillance.  300 ml \/ 10.1 fl oz","og_url":"https:\/\/shop.tribusurbaines.com\/en\/product\/shampoing-hydratant-pour-cheveux-ondules-boucles\/","og_site_name":"Le Shop Tribus Urbaines","article_modified_time":"2026-03-12T13:57:25+00:00","og_image":[{"width":398,"height":465,"url":"https:\/\/shop.tribusurbaines.com\/wp-content\/uploads\/2025\/01\/hydrating_hair_cleanser.jpg","type":"image\/jpeg"}],"twitter_card":"summary_large_image","twitter_misc":{"Est. reading time":"2 minutes"},"schema":{"@context":"https:\/\/schema.org","@graph":[{"@type":"WebPage","@id":"https:\/\/shop.tribusurbaines.com\/en\/product\/shampoing-hydratant-pour-cheveux-ondules-boucles\/","url":"https:\/\/shop.tribusurbaines.com\/en\/product\/shampoing-hydratant-pour-cheveux-ondules-boucles\/","name":"Shampoing hydratant pour cheveux ondul\u00e9s \/ boucl\u00e9s - Le Shop Tribus Urbaines","isPartOf":{"@id":"https:\/\/shop.tribusurbaines.com\/#website"},"primaryImageOfPage":{"@id":"https:\/\/shop.tribusurbaines.com\/en\/product\/shampoing-hydratant-pour-cheveux-ondules-boucles\/#primaryimage"},"image":{"@id":"https:\/\/shop.tribusurbaines.com\/en\/product\/shampoing-hydratant-pour-cheveux-ondules-boucles\/#primaryimage"},"thumbnailUrl":"https:\/\/shop.tribusurbaines.com\/wp-content\/uploads\/2025\/01\/hydrating_hair_cleanser.jpg","datePublished":"2025-01-26T21:16:56+00:00","dateModified":"2026-03-12T13:57:25+00:00","breadcrumb":{"@id":"https:\/\/shop.tribusurbaines.com\/en\/product\/shampoing-hydratant-pour-cheveux-ondules-boucles\/#breadcrumb"},"inLanguage":"en-US","potentialAction":[{"@type":"ReadAction","target":["https:\/\/shop.tribusurbaines.com\/en\/product\/shampoing-hydratant-pour-cheveux-ondules-boucles\/"]}]},{"@type":"ImageObject","inLanguage":"en-US","@id":"https:\/\/shop.tribusurbaines.com\/en\/product\/shampoing-hydratant-pour-cheveux-ondules-boucles\/#primaryimage","url":"https:\/\/shop.tribusurbaines.com\/wp-content\/uploads\/2025\/01\/hydrating_hair_cleanser.jpg","contentUrl":"https:\/\/shop.tribusurbaines.com\/wp-content\/uploads\/2025\/01\/hydrating_hair_cleanser.jpg","width":398,"height":465},{"@type":"BreadcrumbList","@id":"https:\/\/shop.tribusurbaines.com\/en\/product\/shampoing-hydratant-pour-cheveux-ondules-boucles\/#breadcrumb","itemListElement":[{"@type":"ListItem","position":1,"name":"Accueil","item":"https:\/\/shop.tribusurbaines.com\/en\/"},{"@type":"ListItem","position":2,"name":"Shop","item":"https:\/\/shop.tribusurbaines.com\/shop-2\/"},{"@type":"ListItem","position":3,"name":"Shampoing hydratant pour cheveux ondul\u00e9s \/ boucl\u00e9s"}]},{"@type":"WebSite","@id":"https:\/\/shop.tribusurbaines.com\/#website","url":"https:\/\/shop.tribusurbaines.com\/","name":"Le Shop Tribus Urbaines","description":"Pour toutes les t\u00eates boucl\u00e9es, fris\u00e9es, cr\u00e9pus ou afros","publisher":{"@id":"https:\/\/shop.tribusurbaines.com\/#organization"},"potentialAction":[{"@type":"SearchAction","target":{"@type":"EntryPoint","urlTemplate":"https:\/\/shop.tribusurbaines.com\/?s={search_term_string}"},"query-input":{"@type":"PropertyValueSpecification","valueRequired":true,"valueName":"search_term_string"}}],"inLanguage":"en-US"},{"@type":"Organization","@id":"https:\/\/shop.tribusurbaines.com\/#organization","name":"Le Shop Tribus Urbaines","url":"https:\/\/shop.tribusurbaines.com\/","logo":{"@type":"ImageObject","inLanguage":"en-US","@id":"https:\/\/shop.tribusurbaines.com\/#\/schema\/logo\/image\/","url":"https:\/\/shop.tribusurbaines.com\/wp-content\/uploads\/2023\/12\/cropped-logo_boutique.jpg","contentUrl":"https:\/\/shop.tribusurbaines.com\/wp-content\/uploads\/2023\/12\/cropped-logo_boutique.jpg","width":139,"height":80,"caption":"Le Shop Tribus Urbaines"},"image":{"@id":"https:\/\/shop.tribusurbaines.com\/#\/schema\/logo\/image\/"}}]}},"_links":{"self":[{"href":"https:\/\/shop.tribusurbaines.com\/en\/wp-json\/wp\/v2\/product\/9671"}],"collection":[{"href":"https:\/\/shop.tribusurbaines.com\/en\/wp-json\/wp\/v2\/product"}],"about":[{"href":"https:\/\/shop.tribusurbaines.com\/en\/wp-json\/wp\/v2\/types\/product"}],"replies":[{"embeddable":true,"href":"https:\/\/shop.tribusurbaines.com\/en\/wp-json\/wp\/v2\/comments?post=9671"}],"wp:featuredmedia":[{"embeddable":true,"href":"https:\/\/shop.tribusurbaines.com\/en\/wp-json\/wp\/v2\/media\/9688"}],"wp:attachment":[{"href":"https:\/\/shop.tribusurbaines.com\/en\/wp-json\/wp\/v2\/media?parent=9671"}],"wp:term":[{"taxonomy":"product_brand","embeddable":true,"href":"https:\/\/shop.tribusurbaines.com\/en\/wp-json\/wp\/v2\/product_brand?post=9671"},{"taxonomy":"product_cat","embeddable":true,"href":"https:\/\/shop.tribusurbaines.com\/en\/wp-json\/wp\/v2\/product_cat?post=9671"},{"taxonomy":"product_tag","embeddable":true,"href":"https:\/\/shop.tribusurbaines.com\/en\/wp-json\/wp\/v2\/product_tag?post=9671"}],"curies":[{"name":"wp","href":"https:\/\/api.w.org\/{rel}","templated":true}]}}