{"id":9423,"date":"2024-10-10T12:08:40","date_gmt":"2024-10-10T10:08:40","guid":{"rendered":"https:\/\/shop.tribusurbaines.com\/?post_type=product&#038;p=9423"},"modified":"2025-12-04T10:48:34","modified_gmt":"2025-12-04T09:48:34","slug":"huile-d-amla","status":"publish","type":"product","link":"https:\/\/shop.tribusurbaines.com\/en\/product\/huile-d-amla\/","title":{"rendered":"Huile d&#8217;Amla"},"content":{"rendered":"<div class=\"wpb-content-wrapper\">[vc_row][vc_column][vc_column_text]\n<h3>Conseils d&#8217;utilisation<\/h3>\n<p>Transforme ton apr\u00e8s-shampoing en soin en y ajoutant 1\/3 d&#8217;huile pour 2\/3 d&#8217;apr\u00e8s shampoing. Applique le m\u00e9lange sur tes cheveux mouill\u00e9s et propres puis laisse poser entre 30 \u00e0 45 minutes (id\u00e9alement sous chaleur &#8211; bonnet chauffant, film cellophane, serviette chaude). \u00a0Ce soin renforce l&#8217;hydratation en profondeur, gaine nourrit et stimule la pousse de tes cheveux<span style=\"font-size: 16px;\">.<\/span><\/p>\n<h3>Marque<\/h3>\n<p><a href=\"https:\/\/shop.tribusurbaines.com\/categorie\/indispensable-pour-tes-boucles\/gamme-tribus-urbaines\/\"><span data-sheets-value=\"{&quot;1&quot;:2,&quot;2&quot;:&quot;Aqua (Eau purifi\u00e9e), M\u00e9lange d'herbes certifi\u00e9 biologique de Calendula, Arctium Lappa (Racine de Bardane), Urtica Diotica (Feuille d'Ortie), Rosemarinus Officinalis (Romarin) et Pissenlit et Equisetum Arvense (Pr\u00eale) r\u00e9colt\u00e9s dans la nature, Calendula Officinalis biologique (Extrait de Calendula), Olea Europea biologique (Huile d'Olive), Camella Oleifera biologique (Extrait de feuille de Cam\u00e9lia), Hypericum Perforatum, Laminaria Digitata (Algue marine de la c\u00f4te ouest), Decylpolyglucoside, Coco Betaine, Glyc\u00e9rine v\u00e9g\u00e9tale, Cannabid Sativa (Huile de Chanvre), Panth\u00e9nol (Vitamine B5), Cyamopsis Tetragonoloba (Gomme de Guar), Acide citrique, Polyaminopropyl Buiguinide, Huile essentielle de Lavandula Angustifolia (Lavande).&quot;}\" data-sheets-userformat=\"{&quot;2&quot;:15235,&quot;3&quot;:{&quot;1&quot;:0},&quot;4&quot;:{&quot;1&quot;:2,&quot;2&quot;:12968115},&quot;10&quot;:0,&quot;11&quot;:4,&quot;12&quot;:0,&quot;14&quot;:{&quot;1&quot;:2,&quot;2&quot;:0},&quot;15&quot;:&quot;Calibri&quot;,&quot;16&quot;:9}\">TRIBUS URBAINES<\/span><\/a>[\/vc_column_text][vc_toggle title=&#8221;Ingr\u00e9dients&#8221;]\n<p class=\"LC20lb MBeuO DKV0Md\">BRASSICA JUNCEA SEED EXTRACT\u00a0( huile de moutarde )<\/p>\n[\/vc_toggle][\/vc_column][\/vc_row]\n<\/div>","protected":false},"excerpt":{"rendered":"<p><strong>Huile d&#8217;amla<\/strong><\/p>\n<ul>\n<li>Favorise la <strong>croissance<\/strong> des cheveux et lutte contre la <strong>chute<\/strong>.<\/li>\n<li><strong>Gaine<\/strong> et <strong>nourrit<\/strong> la fibre capillaire et <strong>renforce<\/strong> la structure des cheveux.<\/li>\n<li><strong>Riche en antioxydants<\/strong>, elle aide \u00e0 pr\u00e9venir les <strong>pellicules<\/strong> et \u00e0 apaiser le cuir chevelu <strong>irrit\u00e9<\/strong>.<\/li>\n<li><strong>Prot\u00e8ge<\/strong> et <strong>hydratante<\/strong> laisse les cheveux <strong>brillants<\/strong>, <strong>doux<\/strong> et faciles \u00e0 coiffer.<\/li>\n<\/ul>\n<p>100 ml<\/p>\n<p><img decoding=\"async\" class=\"alignleft wp-image-8753\" src=\"https:\/\/shop.tribusurbaines.com\/wp-content\/uploads\/2023\/12\/icones-fr-1024x171-1.jpg\" alt=\"\" width=\"114\" height=\"85\" srcset=\"https:\/\/shop.tribusurbaines.com\/wp-content\/uploads\/2023\/12\/icones-fr-1024x171-1.jpg 230w, https:\/\/shop.tribusurbaines.com\/wp-content\/uploads\/2023\/12\/icones-fr-1024x171-1-150x112.jpg 150w\" sizes=\"(max-width: 114px) 100vw, 114px\" \/><\/p>\n","protected":false},"featured_media":9424,"comment_status":"closed","ping_status":"closed","template":"","meta":[],"product_brand":[],"product_cat":[137,123,226,141],"product_tag":[],"class_list":{"0":"post-9423","1":"product","2":"type-product","3":"status-publish","4":"has-post-thumbnail","6":"product_cat-hair-oils","7":"product_cat-basics-for-your-curls","8":"product_cat-gamme-tribus-urbaines","9":"product_cat-selection-du-mois-en","11":"first","12":"instock","13":"shipping-taxable","14":"purchasable","15":"product-type-simple"},"yoast_head":"<!-- This site is optimized with the Yoast SEO plugin v23.6 - https:\/\/yoast.com\/wordpress\/plugins\/seo\/ -->\n<title>Huile d&#039;Amla - Le Shop Tribus Urbaines<\/title>\n<meta name=\"robots\" content=\"index, follow, max-snippet:-1, max-image-preview:large, max-video-preview:-1\" \/>\n<link rel=\"canonical\" href=\"https:\/\/shop.tribusurbaines.com\/en\/product\/huile-d-amla\/\" \/>\n<meta property=\"og:locale\" content=\"en_US\" \/>\n<meta property=\"og:type\" content=\"article\" \/>\n<meta property=\"og:title\" content=\"Huile d&#039;Amla - Le Shop Tribus Urbaines\" \/>\n<meta property=\"og:description\" content=\"Huile d&#039;amla   Favorise la croissance des cheveux et lutte contre la chute.  Gaine et nourrit la fibre capillaire et renforce la structure des cheveux.  Riche en antioxydants, elle aide \u00e0 pr\u00e9venir les pellicules et \u00e0 apaiser le cuir chevelu irrit\u00e9.  Prot\u00e8ge et hydratante laisse les cheveux brillants, doux et faciles \u00e0 coiffer.  100 ml\" \/>\n<meta property=\"og:url\" content=\"https:\/\/shop.tribusurbaines.com\/en\/product\/huile-d-amla\/\" \/>\n<meta property=\"og:site_name\" content=\"Le Shop Tribus Urbaines\" \/>\n<meta property=\"article:modified_time\" content=\"2025-12-04T09:48:34+00:00\" \/>\n<meta property=\"og:image\" content=\"https:\/\/shop.tribusurbaines.com\/wp-content\/uploads\/2024\/10\/Site-web-Photos-Produits-22.png\" \/>\n\t<meta property=\"og:image:width\" content=\"1080\" \/>\n\t<meta property=\"og:image:height\" content=\"1080\" \/>\n\t<meta property=\"og:image:type\" content=\"image\/png\" \/>\n<meta name=\"twitter:card\" content=\"summary_large_image\" \/>\n<meta name=\"twitter:label1\" content=\"Est. reading time\" \/>\n\t<meta name=\"twitter:data1\" content=\"1 minute\" \/>\n<script type=\"application\/ld+json\" class=\"yoast-schema-graph\">{\"@context\":\"https:\/\/schema.org\",\"@graph\":[{\"@type\":\"WebPage\",\"@id\":\"https:\/\/shop.tribusurbaines.com\/en\/product\/huile-d-amla\/\",\"url\":\"https:\/\/shop.tribusurbaines.com\/en\/product\/huile-d-amla\/\",\"name\":\"Huile d'Amla - Le Shop Tribus Urbaines\",\"isPartOf\":{\"@id\":\"https:\/\/shop.tribusurbaines.com\/#website\"},\"primaryImageOfPage\":{\"@id\":\"https:\/\/shop.tribusurbaines.com\/en\/product\/huile-d-amla\/#primaryimage\"},\"image\":{\"@id\":\"https:\/\/shop.tribusurbaines.com\/en\/product\/huile-d-amla\/#primaryimage\"},\"thumbnailUrl\":\"https:\/\/shop.tribusurbaines.com\/wp-content\/uploads\/2024\/10\/Site-web-Photos-Produits-22.png\",\"datePublished\":\"2024-10-10T10:08:40+00:00\",\"dateModified\":\"2025-12-04T09:48:34+00:00\",\"breadcrumb\":{\"@id\":\"https:\/\/shop.tribusurbaines.com\/en\/product\/huile-d-amla\/#breadcrumb\"},\"inLanguage\":\"en-US\",\"potentialAction\":[{\"@type\":\"ReadAction\",\"target\":[\"https:\/\/shop.tribusurbaines.com\/en\/product\/huile-d-amla\/\"]}]},{\"@type\":\"ImageObject\",\"inLanguage\":\"en-US\",\"@id\":\"https:\/\/shop.tribusurbaines.com\/en\/product\/huile-d-amla\/#primaryimage\",\"url\":\"https:\/\/shop.tribusurbaines.com\/wp-content\/uploads\/2024\/10\/Site-web-Photos-Produits-22.png\",\"contentUrl\":\"https:\/\/shop.tribusurbaines.com\/wp-content\/uploads\/2024\/10\/Site-web-Photos-Produits-22.png\",\"width\":1080,\"height\":1080},{\"@type\":\"BreadcrumbList\",\"@id\":\"https:\/\/shop.tribusurbaines.com\/en\/product\/huile-d-amla\/#breadcrumb\",\"itemListElement\":[{\"@type\":\"ListItem\",\"position\":1,\"name\":\"Accueil\",\"item\":\"https:\/\/shop.tribusurbaines.com\/en\/\"},{\"@type\":\"ListItem\",\"position\":2,\"name\":\"Shop\",\"item\":\"https:\/\/shop.tribusurbaines.com\/shop-2\/\"},{\"@type\":\"ListItem\",\"position\":3,\"name\":\"Huile d&rsquo;Amla\"}]},{\"@type\":\"WebSite\",\"@id\":\"https:\/\/shop.tribusurbaines.com\/#website\",\"url\":\"https:\/\/shop.tribusurbaines.com\/\",\"name\":\"Le Shop Tribus Urbaines\",\"description\":\"Pour toutes les t\u00eates boucl\u00e9es, fris\u00e9es, cr\u00e9pus ou afros\",\"publisher\":{\"@id\":\"https:\/\/shop.tribusurbaines.com\/#organization\"},\"potentialAction\":[{\"@type\":\"SearchAction\",\"target\":{\"@type\":\"EntryPoint\",\"urlTemplate\":\"https:\/\/shop.tribusurbaines.com\/?s={search_term_string}\"},\"query-input\":{\"@type\":\"PropertyValueSpecification\",\"valueRequired\":true,\"valueName\":\"search_term_string\"}}],\"inLanguage\":\"en-US\"},{\"@type\":\"Organization\",\"@id\":\"https:\/\/shop.tribusurbaines.com\/#organization\",\"name\":\"Le Shop Tribus Urbaines\",\"url\":\"https:\/\/shop.tribusurbaines.com\/\",\"logo\":{\"@type\":\"ImageObject\",\"inLanguage\":\"en-US\",\"@id\":\"https:\/\/shop.tribusurbaines.com\/#\/schema\/logo\/image\/\",\"url\":\"https:\/\/shop.tribusurbaines.com\/wp-content\/uploads\/2023\/12\/cropped-logo_boutique.jpg\",\"contentUrl\":\"https:\/\/shop.tribusurbaines.com\/wp-content\/uploads\/2023\/12\/cropped-logo_boutique.jpg\",\"width\":139,\"height\":80,\"caption\":\"Le Shop Tribus Urbaines\"},\"image\":{\"@id\":\"https:\/\/shop.tribusurbaines.com\/#\/schema\/logo\/image\/\"}}]}<\/script>\n<!-- \/ Yoast SEO plugin. -->","yoast_head_json":{"title":"Huile d'Amla - Le Shop Tribus Urbaines","robots":{"index":"index","follow":"follow","max-snippet":"max-snippet:-1","max-image-preview":"max-image-preview:large","max-video-preview":"max-video-preview:-1"},"canonical":"https:\/\/shop.tribusurbaines.com\/en\/product\/huile-d-amla\/","og_locale":"en_US","og_type":"article","og_title":"Huile d'Amla - Le Shop Tribus Urbaines","og_description":"Huile d'amla   Favorise la croissance des cheveux et lutte contre la chute.  Gaine et nourrit la fibre capillaire et renforce la structure des cheveux.  Riche en antioxydants, elle aide \u00e0 pr\u00e9venir les pellicules et \u00e0 apaiser le cuir chevelu irrit\u00e9.  Prot\u00e8ge et hydratante laisse les cheveux brillants, doux et faciles \u00e0 coiffer.  100 ml","og_url":"https:\/\/shop.tribusurbaines.com\/en\/product\/huile-d-amla\/","og_site_name":"Le Shop Tribus Urbaines","article_modified_time":"2025-12-04T09:48:34+00:00","og_image":[{"width":1080,"height":1080,"url":"https:\/\/shop.tribusurbaines.com\/wp-content\/uploads\/2024\/10\/Site-web-Photos-Produits-22.png","type":"image\/png"}],"twitter_card":"summary_large_image","twitter_misc":{"Est. reading time":"1 minute"},"schema":{"@context":"https:\/\/schema.org","@graph":[{"@type":"WebPage","@id":"https:\/\/shop.tribusurbaines.com\/en\/product\/huile-d-amla\/","url":"https:\/\/shop.tribusurbaines.com\/en\/product\/huile-d-amla\/","name":"Huile d'Amla - Le Shop Tribus Urbaines","isPartOf":{"@id":"https:\/\/shop.tribusurbaines.com\/#website"},"primaryImageOfPage":{"@id":"https:\/\/shop.tribusurbaines.com\/en\/product\/huile-d-amla\/#primaryimage"},"image":{"@id":"https:\/\/shop.tribusurbaines.com\/en\/product\/huile-d-amla\/#primaryimage"},"thumbnailUrl":"https:\/\/shop.tribusurbaines.com\/wp-content\/uploads\/2024\/10\/Site-web-Photos-Produits-22.png","datePublished":"2024-10-10T10:08:40+00:00","dateModified":"2025-12-04T09:48:34+00:00","breadcrumb":{"@id":"https:\/\/shop.tribusurbaines.com\/en\/product\/huile-d-amla\/#breadcrumb"},"inLanguage":"en-US","potentialAction":[{"@type":"ReadAction","target":["https:\/\/shop.tribusurbaines.com\/en\/product\/huile-d-amla\/"]}]},{"@type":"ImageObject","inLanguage":"en-US","@id":"https:\/\/shop.tribusurbaines.com\/en\/product\/huile-d-amla\/#primaryimage","url":"https:\/\/shop.tribusurbaines.com\/wp-content\/uploads\/2024\/10\/Site-web-Photos-Produits-22.png","contentUrl":"https:\/\/shop.tribusurbaines.com\/wp-content\/uploads\/2024\/10\/Site-web-Photos-Produits-22.png","width":1080,"height":1080},{"@type":"BreadcrumbList","@id":"https:\/\/shop.tribusurbaines.com\/en\/product\/huile-d-amla\/#breadcrumb","itemListElement":[{"@type":"ListItem","position":1,"name":"Accueil","item":"https:\/\/shop.tribusurbaines.com\/en\/"},{"@type":"ListItem","position":2,"name":"Shop","item":"https:\/\/shop.tribusurbaines.com\/shop-2\/"},{"@type":"ListItem","position":3,"name":"Huile d&rsquo;Amla"}]},{"@type":"WebSite","@id":"https:\/\/shop.tribusurbaines.com\/#website","url":"https:\/\/shop.tribusurbaines.com\/","name":"Le Shop Tribus Urbaines","description":"Pour toutes les t\u00eates boucl\u00e9es, fris\u00e9es, cr\u00e9pus ou afros","publisher":{"@id":"https:\/\/shop.tribusurbaines.com\/#organization"},"potentialAction":[{"@type":"SearchAction","target":{"@type":"EntryPoint","urlTemplate":"https:\/\/shop.tribusurbaines.com\/?s={search_term_string}"},"query-input":{"@type":"PropertyValueSpecification","valueRequired":true,"valueName":"search_term_string"}}],"inLanguage":"en-US"},{"@type":"Organization","@id":"https:\/\/shop.tribusurbaines.com\/#organization","name":"Le Shop Tribus Urbaines","url":"https:\/\/shop.tribusurbaines.com\/","logo":{"@type":"ImageObject","inLanguage":"en-US","@id":"https:\/\/shop.tribusurbaines.com\/#\/schema\/logo\/image\/","url":"https:\/\/shop.tribusurbaines.com\/wp-content\/uploads\/2023\/12\/cropped-logo_boutique.jpg","contentUrl":"https:\/\/shop.tribusurbaines.com\/wp-content\/uploads\/2023\/12\/cropped-logo_boutique.jpg","width":139,"height":80,"caption":"Le Shop Tribus Urbaines"},"image":{"@id":"https:\/\/shop.tribusurbaines.com\/#\/schema\/logo\/image\/"}}]}},"_links":{"self":[{"href":"https:\/\/shop.tribusurbaines.com\/en\/wp-json\/wp\/v2\/product\/9423"}],"collection":[{"href":"https:\/\/shop.tribusurbaines.com\/en\/wp-json\/wp\/v2\/product"}],"about":[{"href":"https:\/\/shop.tribusurbaines.com\/en\/wp-json\/wp\/v2\/types\/product"}],"replies":[{"embeddable":true,"href":"https:\/\/shop.tribusurbaines.com\/en\/wp-json\/wp\/v2\/comments?post=9423"}],"wp:featuredmedia":[{"embeddable":true,"href":"https:\/\/shop.tribusurbaines.com\/en\/wp-json\/wp\/v2\/media\/9424"}],"wp:attachment":[{"href":"https:\/\/shop.tribusurbaines.com\/en\/wp-json\/wp\/v2\/media?parent=9423"}],"wp:term":[{"taxonomy":"product_brand","embeddable":true,"href":"https:\/\/shop.tribusurbaines.com\/en\/wp-json\/wp\/v2\/product_brand?post=9423"},{"taxonomy":"product_cat","embeddable":true,"href":"https:\/\/shop.tribusurbaines.com\/en\/wp-json\/wp\/v2\/product_cat?post=9423"},{"taxonomy":"product_tag","embeddable":true,"href":"https:\/\/shop.tribusurbaines.com\/en\/wp-json\/wp\/v2\/product_tag?post=9423"}],"curies":[{"name":"wp","href":"https:\/\/api.w.org\/{rel}","templated":true}]}}