{"id":9406,"date":"2024-10-10T11:28:56","date_gmt":"2024-10-10T09:28:56","guid":{"rendered":"https:\/\/shop.tribusurbaines.com\/?post_type=product&#038;p=9406"},"modified":"2026-04-20T16:26:27","modified_gmt":"2026-04-20T14:26:27","slug":"baume-coiffant-nourrissant-250ml","status":"publish","type":"product","link":"https:\/\/shop.tribusurbaines.com\/en\/product\/baume-coiffant-nourrissant-250ml\/","title":{"rendered":"Baume Coiffant Nourrissant (100ml)"},"content":{"rendered":"<div class=\"wpb-content-wrapper\">[vc_row][vc_column][vc_column_text]Le <strong>baume coiffant<\/strong> TRIBUS URBAINES est con\u00e7u pour <strong>sculpter<\/strong>, <strong>nourrir<\/strong> et <strong>prot\u00e9ger<\/strong> vos cheveux tout en leur offrant une tenue <strong>naturelle<\/strong> et flexible.<\/p>\n<p>Nos ingr\u00e9dients soigneusement s\u00e9lectionn\u00e9s apportent des bienfaits remarquables :<\/p>\n<ul>\n<li>La <strong>cire d&#8217;abeille bio<\/strong> forme une barri\u00e8re protectrice tout en fixant naturellement les cheveux sans les alourdir.<\/li>\n<li>Les <strong>beurres de cacao<\/strong>,<strong> karit\u00e9<\/strong> et <strong>mafura<\/strong> r\u00e9parent et apportent brillance, douceur et \u00e9lasticit\u00e9.<\/li>\n<li>L<strong>&#8216;huile de coco fractionn\u00e9e<\/strong> hydrate en profondeur et laisse les cheveux souples.<\/li>\n<li>Les <strong>huiles de ricin<\/strong> et d&#8217;<strong>olive<\/strong> renforcent la fibre capillaire et stimulent la croissance.<\/li>\n<li>Les <strong>huiles de marula<\/strong> et <strong>moringa<\/strong> luttent contre les frisottis et ajoutent un \u00e9clat naturel.<\/li>\n<\/ul>\n<p><strong>Sans silicones, parab\u00e8nes ni sulfates<\/strong>, ce baume est une solution coiffante respectueuse pour des cheveux en pleine sant\u00e9, jour apr\u00e8s jour.<\/p>\n<p><strong>Utilisation<\/strong><\/p>\n<p>Chauffez une petite quantit\u00e9 de baume entre vos mains et appliquez sur cheveux secs ou humides pour modeler et sculpter vos coiffures.<\/p>\n<p>Pour des r\u00e9sultats optimaux, utilisez-la avec la routine compl\u00e8te TRIBUS URBAINES : <a href=\"https:\/\/shop.tribusurbaines.com\/product\/shampoing-doux-et-hydratant-pour-cheveux-tres-secs\/\">shampoing<\/a> et <a href=\"https:\/\/shop.tribusurbaines.com\/product\/apres-shampoing\/\">apr\u00e8s-shampoing<\/a>.<\/p>\n<h3>Marque<\/h3>\n<p><a href=\"https:\/\/shop.tribusurbaines.com\/categorie\/indispensable-pour-tes-boucles\/gamme-tribus-urbaines\/\"><span data-sheets-value=\"{&quot;1&quot;:2,&quot;2&quot;:&quot;Aqua (Eau purifi\u00e9e), M\u00e9lange d'herbes certifi\u00e9 biologique de Calendula, Arctium Lappa (Racine de Bardane), Urtica Diotica (Feuille d'Ortie), Rosemarinus Officinalis (Romarin) et Pissenlit et Equisetum Arvense (Pr\u00eale) r\u00e9colt\u00e9s dans la nature, Calendula Officinalis biologique (Extrait de Calendula), Olea Europea biologique (Huile d'Olive), Camella Oleifera biologique (Extrait de feuille de Cam\u00e9lia), Hypericum Perforatum, Laminaria Digitata (Algue marine de la c\u00f4te ouest), Decylpolyglucoside, Coco Betaine, Glyc\u00e9rine v\u00e9g\u00e9tale, Cannabid Sativa (Huile de Chanvre), Panth\u00e9nol (Vitamine B5), Cyamopsis Tetragonoloba (Gomme de Guar), Acide citrique, Polyaminopropyl Buiguinide, Huile essentielle de Lavandula Angustifolia (Lavande).&quot;}\" data-sheets-userformat=\"{&quot;2&quot;:15235,&quot;3&quot;:{&quot;1&quot;:0},&quot;4&quot;:{&quot;1&quot;:2,&quot;2&quot;:12968115},&quot;10&quot;:0,&quot;11&quot;:4,&quot;12&quot;:0,&quot;14&quot;:{&quot;1&quot;:2,&quot;2&quot;:0},&quot;15&quot;:&quot;Calibri&quot;,&quot;16&quot;:9}\">TRIBUS URBAINES<\/span><\/a><\/p>\n<p>100 ml[\/vc_column_text][vc_toggle title=&#8221;Ingr\u00e9dients&#8221;]\n<div class=\"page\" title=\"Page 1\">\n<div class=\"section\">\n<div class=\"layoutArea\">\n<div class=\"column\">\n<p>aqua; disodium cocoyl glutamate; decylglucoside; caprylyl\/capryl glucoside; rosmarinus officinalis water; lavandula angustifolia flower water; cocamidopropyl betaine; aloe barbadensis leaf juice; silk amino acid hydroxypropyl; guar hydroxypropyltrimonium chloride; adansonia digitata seed oil; equisetum arvense extract; urtica dioica leaf extract; sodium levulinate; sodium anisate; crambe abyssinica seed oil; phytosterolhydrogenated ethylhexyl olivate and, hydrogenated olive oil unsaponifiables<\/p>\n<\/div>\n<\/div>\n<\/div>\n<\/div>\n[\/vc_toggle][\/vc_column][\/vc_row]\n<\/div>","protected":false},"excerpt":{"rendered":"<div>\n<p data-pm-slice=\"1 1 []\"><strong>Baume Coiffant Nourrissant<\/strong><\/p>\n<\/div>\n<ul>\n<li>\n<p data-pm-slice=\"1 1 []\"><strong>Nourrit<\/strong> en profondeur et <strong>prot\u00e8ge<\/strong> la fibre capillaire,<\/p>\n<\/li>\n<li>\n<p data-pm-slice=\"1 1 []\"><strong>Sculpte<\/strong> et <strong>d\u00e9finit<\/strong> les cheveux sans les alourdir,<\/p>\n<\/li>\n<li>\n<p data-pm-slice=\"1 1 []\">Apporte une <strong>fixation<\/strong> naturelle et lutte contre les <strong>frisottis<\/strong>,<\/p>\n<\/li>\n<li>\n<p data-pm-slice=\"1 1 []\"><strong>Renforce<\/strong> la structure capillaire et favorise la <strong>brillance<\/strong>.<\/p>\n<\/li>\n<\/ul>\n<p><img decoding=\"async\" class=\"alignleft size-full wp-image-8729\" src=\"https:\/\/shop.tribusurbaines.com\/wp-content\/uploads\/2023\/11\/icones-fr-1024x171-1.jpg\" alt=\"\" width=\"1024\" height=\"171\" srcset=\"https:\/\/shop.tribusurbaines.com\/wp-content\/uploads\/2023\/11\/icones-fr-1024x171-1.jpg 1024w, https:\/\/shop.tribusurbaines.com\/wp-content\/uploads\/2023\/11\/icones-fr-1024x171-1-300x50.jpg 300w, https:\/\/shop.tribusurbaines.com\/wp-content\/uploads\/2023\/11\/icones-fr-1024x171-1-768x128.jpg 768w, https:\/\/shop.tribusurbaines.com\/wp-content\/uploads\/2023\/11\/icones-fr-1024x171-1-150x25.jpg 150w, https:\/\/shop.tribusurbaines.com\/wp-content\/uploads\/2023\/11\/icones-fr-1024x171-1-600x100.jpg 600w, https:\/\/shop.tribusurbaines.com\/wp-content\/uploads\/2023\/11\/icones-fr-1024x171-1-900x150.jpg 900w\" sizes=\"(max-width: 1024px) 100vw, 1024px\" \/><\/p>\n","protected":false},"featured_media":9407,"comment_status":"closed","ping_status":"closed","template":"","meta":[],"product_brand":[],"product_cat":[123,226,124,141],"product_tag":[],"class_list":{"0":"post-9406","1":"product","2":"type-product","3":"status-publish","4":"has-post-thumbnail","6":"product_cat-basics-for-your-curls","7":"product_cat-gamme-tribus-urbaines","8":"product_cat-curl-definition-products","9":"product_cat-selection-du-mois-en","11":"first","12":"instock","13":"shipping-taxable","14":"purchasable","15":"product-type-simple"},"yoast_head":"<!-- This site is optimized with the Yoast SEO plugin v23.6 - https:\/\/yoast.com\/wordpress\/plugins\/seo\/ -->\n<title>Baume Coiffant Nourrissant (100ml) - Le Shop Tribus Urbaines<\/title>\n<meta name=\"robots\" content=\"index, follow, max-snippet:-1, max-image-preview:large, max-video-preview:-1\" \/>\n<link rel=\"canonical\" href=\"https:\/\/shop.tribusurbaines.com\/en\/product\/baume-coiffant-nourrissant-250ml\/\" \/>\n<meta property=\"og:locale\" content=\"en_US\" \/>\n<meta property=\"og:type\" content=\"article\" \/>\n<meta property=\"og:title\" content=\"Baume Coiffant Nourrissant (100ml) - Le Shop Tribus Urbaines\" \/>\n<meta property=\"og:description\" content=\"Baume Coiffant Nourrissant      Nourrit en profondeur et prot\u00e8ge la fibre capillaire,    Sculpte et d\u00e9finit les cheveux sans les alourdir,    Apporte une fixation naturelle et lutte contre les frisottis,    Renforce la structure capillaire et favorise la brillance.\" \/>\n<meta property=\"og:url\" content=\"https:\/\/shop.tribusurbaines.com\/en\/product\/baume-coiffant-nourrissant-250ml\/\" \/>\n<meta property=\"og:site_name\" content=\"Le Shop Tribus Urbaines\" \/>\n<meta property=\"article:modified_time\" content=\"2026-04-20T14:26:27+00:00\" \/>\n<meta property=\"og:image\" content=\"https:\/\/shop.tribusurbaines.com\/wp-content\/uploads\/2024\/10\/Site-web-Photos-Produits-15.png\" \/>\n\t<meta property=\"og:image:width\" content=\"1080\" \/>\n\t<meta property=\"og:image:height\" content=\"1080\" \/>\n\t<meta property=\"og:image:type\" content=\"image\/png\" \/>\n<meta name=\"twitter:card\" content=\"summary_large_image\" \/>\n<meta name=\"twitter:label1\" content=\"Est. reading time\" \/>\n\t<meta name=\"twitter:data1\" content=\"2 minutes\" \/>\n<script type=\"application\/ld+json\" class=\"yoast-schema-graph\">{\"@context\":\"https:\/\/schema.org\",\"@graph\":[{\"@type\":\"WebPage\",\"@id\":\"https:\/\/shop.tribusurbaines.com\/en\/product\/baume-coiffant-nourrissant-250ml\/\",\"url\":\"https:\/\/shop.tribusurbaines.com\/en\/product\/baume-coiffant-nourrissant-250ml\/\",\"name\":\"Baume Coiffant Nourrissant (100ml) - Le Shop Tribus Urbaines\",\"isPartOf\":{\"@id\":\"https:\/\/shop.tribusurbaines.com\/#website\"},\"primaryImageOfPage\":{\"@id\":\"https:\/\/shop.tribusurbaines.com\/en\/product\/baume-coiffant-nourrissant-250ml\/#primaryimage\"},\"image\":{\"@id\":\"https:\/\/shop.tribusurbaines.com\/en\/product\/baume-coiffant-nourrissant-250ml\/#primaryimage\"},\"thumbnailUrl\":\"https:\/\/shop.tribusurbaines.com\/wp-content\/uploads\/2024\/10\/Site-web-Photos-Produits-15.png\",\"datePublished\":\"2024-10-10T09:28:56+00:00\",\"dateModified\":\"2026-04-20T14:26:27+00:00\",\"breadcrumb\":{\"@id\":\"https:\/\/shop.tribusurbaines.com\/en\/product\/baume-coiffant-nourrissant-250ml\/#breadcrumb\"},\"inLanguage\":\"en-US\",\"potentialAction\":[{\"@type\":\"ReadAction\",\"target\":[\"https:\/\/shop.tribusurbaines.com\/en\/product\/baume-coiffant-nourrissant-250ml\/\"]}]},{\"@type\":\"ImageObject\",\"inLanguage\":\"en-US\",\"@id\":\"https:\/\/shop.tribusurbaines.com\/en\/product\/baume-coiffant-nourrissant-250ml\/#primaryimage\",\"url\":\"https:\/\/shop.tribusurbaines.com\/wp-content\/uploads\/2024\/10\/Site-web-Photos-Produits-15.png\",\"contentUrl\":\"https:\/\/shop.tribusurbaines.com\/wp-content\/uploads\/2024\/10\/Site-web-Photos-Produits-15.png\",\"width\":1080,\"height\":1080},{\"@type\":\"BreadcrumbList\",\"@id\":\"https:\/\/shop.tribusurbaines.com\/en\/product\/baume-coiffant-nourrissant-250ml\/#breadcrumb\",\"itemListElement\":[{\"@type\":\"ListItem\",\"position\":1,\"name\":\"Accueil\",\"item\":\"https:\/\/shop.tribusurbaines.com\/en\/\"},{\"@type\":\"ListItem\",\"position\":2,\"name\":\"Shop\",\"item\":\"https:\/\/shop.tribusurbaines.com\/shop-2\/\"},{\"@type\":\"ListItem\",\"position\":3,\"name\":\"Baume Coiffant Nourrissant (100ml)\"}]},{\"@type\":\"WebSite\",\"@id\":\"https:\/\/shop.tribusurbaines.com\/#website\",\"url\":\"https:\/\/shop.tribusurbaines.com\/\",\"name\":\"Le Shop Tribus Urbaines\",\"description\":\"Pour toutes les t\u00eates boucl\u00e9es, fris\u00e9es, cr\u00e9pus ou afros\",\"publisher\":{\"@id\":\"https:\/\/shop.tribusurbaines.com\/#organization\"},\"potentialAction\":[{\"@type\":\"SearchAction\",\"target\":{\"@type\":\"EntryPoint\",\"urlTemplate\":\"https:\/\/shop.tribusurbaines.com\/?s={search_term_string}\"},\"query-input\":{\"@type\":\"PropertyValueSpecification\",\"valueRequired\":true,\"valueName\":\"search_term_string\"}}],\"inLanguage\":\"en-US\"},{\"@type\":\"Organization\",\"@id\":\"https:\/\/shop.tribusurbaines.com\/#organization\",\"name\":\"Le Shop Tribus Urbaines\",\"url\":\"https:\/\/shop.tribusurbaines.com\/\",\"logo\":{\"@type\":\"ImageObject\",\"inLanguage\":\"en-US\",\"@id\":\"https:\/\/shop.tribusurbaines.com\/#\/schema\/logo\/image\/\",\"url\":\"https:\/\/shop.tribusurbaines.com\/wp-content\/uploads\/2023\/12\/cropped-logo_boutique.jpg\",\"contentUrl\":\"https:\/\/shop.tribusurbaines.com\/wp-content\/uploads\/2023\/12\/cropped-logo_boutique.jpg\",\"width\":139,\"height\":80,\"caption\":\"Le Shop Tribus Urbaines\"},\"image\":{\"@id\":\"https:\/\/shop.tribusurbaines.com\/#\/schema\/logo\/image\/\"}}]}<\/script>\n<!-- \/ Yoast SEO plugin. -->","yoast_head_json":{"title":"Baume Coiffant Nourrissant (100ml) - Le Shop Tribus Urbaines","robots":{"index":"index","follow":"follow","max-snippet":"max-snippet:-1","max-image-preview":"max-image-preview:large","max-video-preview":"max-video-preview:-1"},"canonical":"https:\/\/shop.tribusurbaines.com\/en\/product\/baume-coiffant-nourrissant-250ml\/","og_locale":"en_US","og_type":"article","og_title":"Baume Coiffant Nourrissant (100ml) - Le Shop Tribus Urbaines","og_description":"Baume Coiffant Nourrissant      Nourrit en profondeur et prot\u00e8ge la fibre capillaire,    Sculpte et d\u00e9finit les cheveux sans les alourdir,    Apporte une fixation naturelle et lutte contre les frisottis,    Renforce la structure capillaire et favorise la brillance.","og_url":"https:\/\/shop.tribusurbaines.com\/en\/product\/baume-coiffant-nourrissant-250ml\/","og_site_name":"Le Shop Tribus Urbaines","article_modified_time":"2026-04-20T14:26:27+00:00","og_image":[{"width":1080,"height":1080,"url":"https:\/\/shop.tribusurbaines.com\/wp-content\/uploads\/2024\/10\/Site-web-Photos-Produits-15.png","type":"image\/png"}],"twitter_card":"summary_large_image","twitter_misc":{"Est. reading time":"2 minutes"},"schema":{"@context":"https:\/\/schema.org","@graph":[{"@type":"WebPage","@id":"https:\/\/shop.tribusurbaines.com\/en\/product\/baume-coiffant-nourrissant-250ml\/","url":"https:\/\/shop.tribusurbaines.com\/en\/product\/baume-coiffant-nourrissant-250ml\/","name":"Baume Coiffant Nourrissant (100ml) - Le Shop Tribus Urbaines","isPartOf":{"@id":"https:\/\/shop.tribusurbaines.com\/#website"},"primaryImageOfPage":{"@id":"https:\/\/shop.tribusurbaines.com\/en\/product\/baume-coiffant-nourrissant-250ml\/#primaryimage"},"image":{"@id":"https:\/\/shop.tribusurbaines.com\/en\/product\/baume-coiffant-nourrissant-250ml\/#primaryimage"},"thumbnailUrl":"https:\/\/shop.tribusurbaines.com\/wp-content\/uploads\/2024\/10\/Site-web-Photos-Produits-15.png","datePublished":"2024-10-10T09:28:56+00:00","dateModified":"2026-04-20T14:26:27+00:00","breadcrumb":{"@id":"https:\/\/shop.tribusurbaines.com\/en\/product\/baume-coiffant-nourrissant-250ml\/#breadcrumb"},"inLanguage":"en-US","potentialAction":[{"@type":"ReadAction","target":["https:\/\/shop.tribusurbaines.com\/en\/product\/baume-coiffant-nourrissant-250ml\/"]}]},{"@type":"ImageObject","inLanguage":"en-US","@id":"https:\/\/shop.tribusurbaines.com\/en\/product\/baume-coiffant-nourrissant-250ml\/#primaryimage","url":"https:\/\/shop.tribusurbaines.com\/wp-content\/uploads\/2024\/10\/Site-web-Photos-Produits-15.png","contentUrl":"https:\/\/shop.tribusurbaines.com\/wp-content\/uploads\/2024\/10\/Site-web-Photos-Produits-15.png","width":1080,"height":1080},{"@type":"BreadcrumbList","@id":"https:\/\/shop.tribusurbaines.com\/en\/product\/baume-coiffant-nourrissant-250ml\/#breadcrumb","itemListElement":[{"@type":"ListItem","position":1,"name":"Accueil","item":"https:\/\/shop.tribusurbaines.com\/en\/"},{"@type":"ListItem","position":2,"name":"Shop","item":"https:\/\/shop.tribusurbaines.com\/shop-2\/"},{"@type":"ListItem","position":3,"name":"Baume Coiffant Nourrissant (100ml)"}]},{"@type":"WebSite","@id":"https:\/\/shop.tribusurbaines.com\/#website","url":"https:\/\/shop.tribusurbaines.com\/","name":"Le Shop Tribus Urbaines","description":"Pour toutes les t\u00eates boucl\u00e9es, fris\u00e9es, cr\u00e9pus ou afros","publisher":{"@id":"https:\/\/shop.tribusurbaines.com\/#organization"},"potentialAction":[{"@type":"SearchAction","target":{"@type":"EntryPoint","urlTemplate":"https:\/\/shop.tribusurbaines.com\/?s={search_term_string}"},"query-input":{"@type":"PropertyValueSpecification","valueRequired":true,"valueName":"search_term_string"}}],"inLanguage":"en-US"},{"@type":"Organization","@id":"https:\/\/shop.tribusurbaines.com\/#organization","name":"Le Shop Tribus Urbaines","url":"https:\/\/shop.tribusurbaines.com\/","logo":{"@type":"ImageObject","inLanguage":"en-US","@id":"https:\/\/shop.tribusurbaines.com\/#\/schema\/logo\/image\/","url":"https:\/\/shop.tribusurbaines.com\/wp-content\/uploads\/2023\/12\/cropped-logo_boutique.jpg","contentUrl":"https:\/\/shop.tribusurbaines.com\/wp-content\/uploads\/2023\/12\/cropped-logo_boutique.jpg","width":139,"height":80,"caption":"Le Shop Tribus Urbaines"},"image":{"@id":"https:\/\/shop.tribusurbaines.com\/#\/schema\/logo\/image\/"}}]}},"_links":{"self":[{"href":"https:\/\/shop.tribusurbaines.com\/en\/wp-json\/wp\/v2\/product\/9406"}],"collection":[{"href":"https:\/\/shop.tribusurbaines.com\/en\/wp-json\/wp\/v2\/product"}],"about":[{"href":"https:\/\/shop.tribusurbaines.com\/en\/wp-json\/wp\/v2\/types\/product"}],"replies":[{"embeddable":true,"href":"https:\/\/shop.tribusurbaines.com\/en\/wp-json\/wp\/v2\/comments?post=9406"}],"wp:featuredmedia":[{"embeddable":true,"href":"https:\/\/shop.tribusurbaines.com\/en\/wp-json\/wp\/v2\/media\/9407"}],"wp:attachment":[{"href":"https:\/\/shop.tribusurbaines.com\/en\/wp-json\/wp\/v2\/media?parent=9406"}],"wp:term":[{"taxonomy":"product_brand","embeddable":true,"href":"https:\/\/shop.tribusurbaines.com\/en\/wp-json\/wp\/v2\/product_brand?post=9406"},{"taxonomy":"product_cat","embeddable":true,"href":"https:\/\/shop.tribusurbaines.com\/en\/wp-json\/wp\/v2\/product_cat?post=9406"},{"taxonomy":"product_tag","embeddable":true,"href":"https:\/\/shop.tribusurbaines.com\/en\/wp-json\/wp\/v2\/product_tag?post=9406"}],"curies":[{"name":"wp","href":"https:\/\/api.w.org\/{rel}","templated":true}]}}