{"id":9401,"date":"2024-10-10T11:20:21","date_gmt":"2024-10-10T09:20:21","guid":{"rendered":"https:\/\/shop.tribusurbaines.com\/?post_type=product&#038;p=9401"},"modified":"2026-03-19T10:40:14","modified_gmt":"2026-03-19T09:40:14","slug":"creme-hydratante-capillaire-500ml","status":"publish","type":"product","link":"https:\/\/shop.tribusurbaines.com\/en\/product\/creme-hydratante-capillaire-500ml\/","title":{"rendered":"Cr\u00e8me hydratante capillaire (500ml)"},"content":{"rendered":"<div class=\"wpb-content-wrapper\">[vc_row][vc_column][vc_column_text]La<strong> cr\u00e8me hydratante capillaire<\/strong> TRIBUS URBAINES est un soin complet pour des cheveux en pleine sant\u00e9. Formul\u00e9e pour <strong>hydrater<\/strong>, <strong>prot\u00e9ger<\/strong> et <strong>nourrir<\/strong>, elle restaure l\u2019<strong>\u00e9clat<\/strong> et la <strong>douceur<\/strong> tout en renfor\u00e7ant vos cheveux.<\/p>\n<p>Nos ingr\u00e9dients soigneusement s\u00e9lectionn\u00e9s apportent de nombreux bienfaits :<\/p>\n<ul>\n<li>L\u2019<strong>hydrolat de romarin<\/strong> stimule la circulation du cuir chevelu.<\/li>\n<li>L\u2019<strong>huile d\u2019olive<\/strong>, l&#8217;<strong>huile de marula<\/strong> et de <strong>moringa<\/strong> nourrissent intens\u00e9ment la fibre capillaire.<\/li>\n<li>Le <strong>beurre de mangue<\/strong> et de <strong>karit\u00e9<\/strong> hydratent et r\u00e9parent en profondeur.<\/li>\n<li>L\u2019<strong>extrait de lin<\/strong> et l\u2019<strong>huile de ricin<\/strong> renforcent la structure des cheveux et favorisent leur croissance.<\/li>\n<\/ul>\n<p>Sans sulfates, parab\u00e8nes ni silicones, cette cr\u00e8me convient \u00e0 tous les types de cheveux et peut s\u2019utiliser quotidiennement pour une hydratation maximale.<\/p>\n<p><strong>Utilisation<\/strong><\/p>\n<p>Appliquez une petite quantit\u00e9 sur mouill\u00e9s, des racines aux pointes. Faites votre d\u00e9finition de boucles \u00e0 l&#8217;aide d&#8217;une <a href=\"https:\/\/shop.tribusurbaines.com\/product\/d3-classic-styling-brush\/\">Denman brush<\/a> et profitez de cheveux hydrat\u00e9s, doux et \u00e9clatants tout au long de la journ\u00e9e.<\/p>\n<p>Pour des r\u00e9sultats optimaux, utilisez-la avec la routine compl\u00e8te TRIBUS URBAINES : <a href=\"https:\/\/shop.tribusurbaines.com\/product\/shampoing-doux-et-hydratant-pour-cheveux-tres-secs\/\">shampoing<\/a> et <a href=\"https:\/\/shop.tribusurbaines.com\/product\/apres-shampoing\/\">apr\u00e8s-shampoing<\/a>.<\/p>\n<h3>Marque<\/h3>\n<p><a href=\"https:\/\/shop.tribusurbaines.com\/categorie\/indispensable-pour-tes-boucles\/gamme-tribus-urbaines\/\"><span data-sheets-value=\"{&quot;1&quot;:2,&quot;2&quot;:&quot;Aqua (Eau purifi\u00e9e), M\u00e9lange d'herbes certifi\u00e9 biologique de Calendula, Arctium Lappa (Racine de Bardane), Urtica Diotica (Feuille d'Ortie), Rosemarinus Officinalis (Romarin) et Pissenlit et Equisetum Arvense (Pr\u00eale) r\u00e9colt\u00e9s dans la nature, Calendula Officinalis biologique (Extrait de Calendula), Olea Europea biologique (Huile d'Olive), Camella Oleifera biologique (Extrait de feuille de Cam\u00e9lia), Hypericum Perforatum, Laminaria Digitata (Algue marine de la c\u00f4te ouest), Decylpolyglucoside, Coco Betaine, Glyc\u00e9rine v\u00e9g\u00e9tale, Cannabid Sativa (Huile de Chanvre), Panth\u00e9nol (Vitamine B5), Cyamopsis Tetragonoloba (Gomme de Guar), Acide citrique, Polyaminopropyl Buiguinide, Huile essentielle de Lavandula Angustifolia (Lavande).&quot;}\" data-sheets-userformat=\"{&quot;2&quot;:15235,&quot;3&quot;:{&quot;1&quot;:0},&quot;4&quot;:{&quot;1&quot;:2,&quot;2&quot;:12968115},&quot;10&quot;:0,&quot;11&quot;:4,&quot;12&quot;:0,&quot;14&quot;:{&quot;1&quot;:2,&quot;2&quot;:0},&quot;15&quot;:&quot;Calibri&quot;,&quot;16&quot;:9}\">TRIBUS URBAINES<\/span><\/a><\/p>\n<p>500 ml[\/vc_column_text][vc_toggle title=&#8221;Ingr\u00e9dients&#8221;]\n<div class=\"page\" title=\"Page 1\">\n<div class=\"section\">\n<div class=\"layoutArea\">\n<div class=\"column\">\n<p>aqua; disodium cocoyl glutamate; decylglucoside; caprylyl\/capryl glucoside; rosmarinus officinalis water; lavandula angustifolia flower water; cocamidopropyl betaine; aloe barbadensis leaf juice; silk amino acid hydroxypropyl; guar hydroxypropyltrimonium chloride; adansonia digitata seed oil; equisetum arvense extract; urtica dioica leaf extract; sodium levulinate; sodium anisate; crambe abyssinica seed oil; phytosterolhydrogenated ethylhexyl olivate and, hydrogenated olive oil unsaponifiables<\/p>\n<\/div>\n<\/div>\n<\/div>\n<\/div>\n[\/vc_toggle][\/vc_column][\/vc_row]\n<\/div>","protected":false},"excerpt":{"rendered":"<div>\n<p data-pm-slice=\"1 1 []\"><strong>Cr\u00e8me Hydratante Capillaire<\/strong><\/p>\n<\/div>\n<ul>\n<li>\n<p data-pm-slice=\"1 1 []\"><strong>Hydrate<\/strong> et <strong>revitalise<\/strong> les cheveux en profondeur,<\/p>\n<\/li>\n<li>\n<p data-pm-slice=\"1 1 []\"><strong>Renforce<\/strong> la fibre capillaire et favorise la <strong>pousse<\/strong>,<\/p>\n<\/li>\n<li>\n<p data-pm-slice=\"1 1 []\"><strong>Prot\u00e8ge<\/strong> et <strong>gaine<\/strong> les cheveux, offrant <strong>brillance<\/strong> et <strong>douceur<\/strong> naturelle,<\/p>\n<\/li>\n<li>\n<p data-pm-slice=\"1 1 []\"><strong>Stimule<\/strong> le cuir chevelu et pr\u00e9vient la <strong>chute<\/strong>.<\/p>\n<\/li>\n<\/ul>\n<p><img decoding=\"async\" class=\"alignleft size-full wp-image-8729\" src=\"https:\/\/shop.tribusurbaines.com\/wp-content\/uploads\/2023\/11\/icones-fr-1024x171-1.jpg\" alt=\"\" width=\"1024\" height=\"171\" srcset=\"https:\/\/shop.tribusurbaines.com\/wp-content\/uploads\/2023\/11\/icones-fr-1024x171-1.jpg 1024w, https:\/\/shop.tribusurbaines.com\/wp-content\/uploads\/2023\/11\/icones-fr-1024x171-1-300x50.jpg 300w, https:\/\/shop.tribusurbaines.com\/wp-content\/uploads\/2023\/11\/icones-fr-1024x171-1-768x128.jpg 768w, https:\/\/shop.tribusurbaines.com\/wp-content\/uploads\/2023\/11\/icones-fr-1024x171-1-150x25.jpg 150w, https:\/\/shop.tribusurbaines.com\/wp-content\/uploads\/2023\/11\/icones-fr-1024x171-1-600x100.jpg 600w, https:\/\/shop.tribusurbaines.com\/wp-content\/uploads\/2023\/11\/icones-fr-1024x171-1-900x150.jpg 900w\" sizes=\"(max-width: 1024px) 100vw, 1024px\" \/><\/p>\n","protected":false},"featured_media":9402,"comment_status":"closed","ping_status":"closed","template":"","meta":[],"product_brand":[],"product_cat":[127,123,226,141],"product_tag":[],"class_list":{"0":"post-9401","1":"product","2":"type-product","3":"status-publish","4":"has-post-thumbnail","6":"product_cat-moisturizers","7":"product_cat-basics-for-your-curls","8":"product_cat-gamme-tribus-urbaines","9":"product_cat-selection-du-mois-en","11":"first","12":"outofstock","13":"shipping-taxable","14":"purchasable","15":"product-type-simple"},"yoast_head":"<!-- This site is optimized with the Yoast SEO plugin v23.6 - https:\/\/yoast.com\/wordpress\/plugins\/seo\/ -->\n<title>Cr\u00e8me hydratante capillaire (500ml) - Le Shop Tribus Urbaines<\/title>\n<meta name=\"robots\" content=\"index, follow, max-snippet:-1, max-image-preview:large, max-video-preview:-1\" \/>\n<link rel=\"canonical\" href=\"https:\/\/shop.tribusurbaines.com\/en\/product\/creme-hydratante-capillaire-500ml\/\" \/>\n<meta property=\"og:locale\" content=\"en_US\" \/>\n<meta property=\"og:type\" content=\"article\" \/>\n<meta property=\"og:title\" content=\"Cr\u00e8me hydratante capillaire (500ml) - Le Shop Tribus Urbaines\" \/>\n<meta property=\"og:description\" content=\"Cr\u00e8me Hydratante Capillaire      Hydrate et revitalise les cheveux en profondeur,    Renforce la fibre capillaire et favorise la pousse,    Prot\u00e8ge et gaine les cheveux, offrant brillance et douceur naturelle,    Stimule le cuir chevelu et pr\u00e9vient la chute.\" \/>\n<meta property=\"og:url\" content=\"https:\/\/shop.tribusurbaines.com\/en\/product\/creme-hydratante-capillaire-500ml\/\" \/>\n<meta property=\"og:site_name\" content=\"Le Shop Tribus Urbaines\" \/>\n<meta property=\"article:modified_time\" content=\"2026-03-19T09:40:14+00:00\" \/>\n<meta property=\"og:image\" content=\"https:\/\/shop.tribusurbaines.com\/wp-content\/uploads\/2024\/10\/Site-web-Photos-Produits-13.png\" \/>\n\t<meta property=\"og:image:width\" content=\"1080\" \/>\n\t<meta property=\"og:image:height\" content=\"1080\" \/>\n\t<meta property=\"og:image:type\" content=\"image\/png\" \/>\n<meta name=\"twitter:card\" content=\"summary_large_image\" \/>\n<meta name=\"twitter:label1\" content=\"Est. reading time\" \/>\n\t<meta name=\"twitter:data1\" content=\"2 minutes\" \/>\n<script type=\"application\/ld+json\" class=\"yoast-schema-graph\">{\"@context\":\"https:\/\/schema.org\",\"@graph\":[{\"@type\":\"WebPage\",\"@id\":\"https:\/\/shop.tribusurbaines.com\/en\/product\/creme-hydratante-capillaire-500ml\/\",\"url\":\"https:\/\/shop.tribusurbaines.com\/en\/product\/creme-hydratante-capillaire-500ml\/\",\"name\":\"Cr\u00e8me hydratante capillaire (500ml) - Le Shop Tribus Urbaines\",\"isPartOf\":{\"@id\":\"https:\/\/shop.tribusurbaines.com\/#website\"},\"primaryImageOfPage\":{\"@id\":\"https:\/\/shop.tribusurbaines.com\/en\/product\/creme-hydratante-capillaire-500ml\/#primaryimage\"},\"image\":{\"@id\":\"https:\/\/shop.tribusurbaines.com\/en\/product\/creme-hydratante-capillaire-500ml\/#primaryimage\"},\"thumbnailUrl\":\"https:\/\/shop.tribusurbaines.com\/wp-content\/uploads\/2024\/10\/Site-web-Photos-Produits-13.png\",\"datePublished\":\"2024-10-10T09:20:21+00:00\",\"dateModified\":\"2026-03-19T09:40:14+00:00\",\"breadcrumb\":{\"@id\":\"https:\/\/shop.tribusurbaines.com\/en\/product\/creme-hydratante-capillaire-500ml\/#breadcrumb\"},\"inLanguage\":\"en-US\",\"potentialAction\":[{\"@type\":\"ReadAction\",\"target\":[\"https:\/\/shop.tribusurbaines.com\/en\/product\/creme-hydratante-capillaire-500ml\/\"]}]},{\"@type\":\"ImageObject\",\"inLanguage\":\"en-US\",\"@id\":\"https:\/\/shop.tribusurbaines.com\/en\/product\/creme-hydratante-capillaire-500ml\/#primaryimage\",\"url\":\"https:\/\/shop.tribusurbaines.com\/wp-content\/uploads\/2024\/10\/Site-web-Photos-Produits-13.png\",\"contentUrl\":\"https:\/\/shop.tribusurbaines.com\/wp-content\/uploads\/2024\/10\/Site-web-Photos-Produits-13.png\",\"width\":1080,\"height\":1080},{\"@type\":\"BreadcrumbList\",\"@id\":\"https:\/\/shop.tribusurbaines.com\/en\/product\/creme-hydratante-capillaire-500ml\/#breadcrumb\",\"itemListElement\":[{\"@type\":\"ListItem\",\"position\":1,\"name\":\"Accueil\",\"item\":\"https:\/\/shop.tribusurbaines.com\/en\/\"},{\"@type\":\"ListItem\",\"position\":2,\"name\":\"Shop\",\"item\":\"https:\/\/shop.tribusurbaines.com\/shop-2\/\"},{\"@type\":\"ListItem\",\"position\":3,\"name\":\"Cr\u00e8me hydratante capillaire (500ml)\"}]},{\"@type\":\"WebSite\",\"@id\":\"https:\/\/shop.tribusurbaines.com\/#website\",\"url\":\"https:\/\/shop.tribusurbaines.com\/\",\"name\":\"Le Shop Tribus Urbaines\",\"description\":\"Pour toutes les t\u00eates boucl\u00e9es, fris\u00e9es, cr\u00e9pus ou afros\",\"publisher\":{\"@id\":\"https:\/\/shop.tribusurbaines.com\/#organization\"},\"potentialAction\":[{\"@type\":\"SearchAction\",\"target\":{\"@type\":\"EntryPoint\",\"urlTemplate\":\"https:\/\/shop.tribusurbaines.com\/?s={search_term_string}\"},\"query-input\":{\"@type\":\"PropertyValueSpecification\",\"valueRequired\":true,\"valueName\":\"search_term_string\"}}],\"inLanguage\":\"en-US\"},{\"@type\":\"Organization\",\"@id\":\"https:\/\/shop.tribusurbaines.com\/#organization\",\"name\":\"Le Shop Tribus Urbaines\",\"url\":\"https:\/\/shop.tribusurbaines.com\/\",\"logo\":{\"@type\":\"ImageObject\",\"inLanguage\":\"en-US\",\"@id\":\"https:\/\/shop.tribusurbaines.com\/#\/schema\/logo\/image\/\",\"url\":\"https:\/\/shop.tribusurbaines.com\/wp-content\/uploads\/2023\/12\/cropped-logo_boutique.jpg\",\"contentUrl\":\"https:\/\/shop.tribusurbaines.com\/wp-content\/uploads\/2023\/12\/cropped-logo_boutique.jpg\",\"width\":139,\"height\":80,\"caption\":\"Le Shop Tribus Urbaines\"},\"image\":{\"@id\":\"https:\/\/shop.tribusurbaines.com\/#\/schema\/logo\/image\/\"}}]}<\/script>\n<!-- \/ Yoast SEO plugin. -->","yoast_head_json":{"title":"Cr\u00e8me hydratante capillaire (500ml) - Le Shop Tribus Urbaines","robots":{"index":"index","follow":"follow","max-snippet":"max-snippet:-1","max-image-preview":"max-image-preview:large","max-video-preview":"max-video-preview:-1"},"canonical":"https:\/\/shop.tribusurbaines.com\/en\/product\/creme-hydratante-capillaire-500ml\/","og_locale":"en_US","og_type":"article","og_title":"Cr\u00e8me hydratante capillaire (500ml) - Le Shop Tribus Urbaines","og_description":"Cr\u00e8me Hydratante Capillaire      Hydrate et revitalise les cheveux en profondeur,    Renforce la fibre capillaire et favorise la pousse,    Prot\u00e8ge et gaine les cheveux, offrant brillance et douceur naturelle,    Stimule le cuir chevelu et pr\u00e9vient la chute.","og_url":"https:\/\/shop.tribusurbaines.com\/en\/product\/creme-hydratante-capillaire-500ml\/","og_site_name":"Le Shop Tribus Urbaines","article_modified_time":"2026-03-19T09:40:14+00:00","og_image":[{"width":1080,"height":1080,"url":"https:\/\/shop.tribusurbaines.com\/wp-content\/uploads\/2024\/10\/Site-web-Photos-Produits-13.png","type":"image\/png"}],"twitter_card":"summary_large_image","twitter_misc":{"Est. reading time":"2 minutes"},"schema":{"@context":"https:\/\/schema.org","@graph":[{"@type":"WebPage","@id":"https:\/\/shop.tribusurbaines.com\/en\/product\/creme-hydratante-capillaire-500ml\/","url":"https:\/\/shop.tribusurbaines.com\/en\/product\/creme-hydratante-capillaire-500ml\/","name":"Cr\u00e8me hydratante capillaire (500ml) - Le Shop Tribus Urbaines","isPartOf":{"@id":"https:\/\/shop.tribusurbaines.com\/#website"},"primaryImageOfPage":{"@id":"https:\/\/shop.tribusurbaines.com\/en\/product\/creme-hydratante-capillaire-500ml\/#primaryimage"},"image":{"@id":"https:\/\/shop.tribusurbaines.com\/en\/product\/creme-hydratante-capillaire-500ml\/#primaryimage"},"thumbnailUrl":"https:\/\/shop.tribusurbaines.com\/wp-content\/uploads\/2024\/10\/Site-web-Photos-Produits-13.png","datePublished":"2024-10-10T09:20:21+00:00","dateModified":"2026-03-19T09:40:14+00:00","breadcrumb":{"@id":"https:\/\/shop.tribusurbaines.com\/en\/product\/creme-hydratante-capillaire-500ml\/#breadcrumb"},"inLanguage":"en-US","potentialAction":[{"@type":"ReadAction","target":["https:\/\/shop.tribusurbaines.com\/en\/product\/creme-hydratante-capillaire-500ml\/"]}]},{"@type":"ImageObject","inLanguage":"en-US","@id":"https:\/\/shop.tribusurbaines.com\/en\/product\/creme-hydratante-capillaire-500ml\/#primaryimage","url":"https:\/\/shop.tribusurbaines.com\/wp-content\/uploads\/2024\/10\/Site-web-Photos-Produits-13.png","contentUrl":"https:\/\/shop.tribusurbaines.com\/wp-content\/uploads\/2024\/10\/Site-web-Photos-Produits-13.png","width":1080,"height":1080},{"@type":"BreadcrumbList","@id":"https:\/\/shop.tribusurbaines.com\/en\/product\/creme-hydratante-capillaire-500ml\/#breadcrumb","itemListElement":[{"@type":"ListItem","position":1,"name":"Accueil","item":"https:\/\/shop.tribusurbaines.com\/en\/"},{"@type":"ListItem","position":2,"name":"Shop","item":"https:\/\/shop.tribusurbaines.com\/shop-2\/"},{"@type":"ListItem","position":3,"name":"Cr\u00e8me hydratante capillaire (500ml)"}]},{"@type":"WebSite","@id":"https:\/\/shop.tribusurbaines.com\/#website","url":"https:\/\/shop.tribusurbaines.com\/","name":"Le Shop Tribus Urbaines","description":"Pour toutes les t\u00eates boucl\u00e9es, fris\u00e9es, cr\u00e9pus ou afros","publisher":{"@id":"https:\/\/shop.tribusurbaines.com\/#organization"},"potentialAction":[{"@type":"SearchAction","target":{"@type":"EntryPoint","urlTemplate":"https:\/\/shop.tribusurbaines.com\/?s={search_term_string}"},"query-input":{"@type":"PropertyValueSpecification","valueRequired":true,"valueName":"search_term_string"}}],"inLanguage":"en-US"},{"@type":"Organization","@id":"https:\/\/shop.tribusurbaines.com\/#organization","name":"Le Shop Tribus Urbaines","url":"https:\/\/shop.tribusurbaines.com\/","logo":{"@type":"ImageObject","inLanguage":"en-US","@id":"https:\/\/shop.tribusurbaines.com\/#\/schema\/logo\/image\/","url":"https:\/\/shop.tribusurbaines.com\/wp-content\/uploads\/2023\/12\/cropped-logo_boutique.jpg","contentUrl":"https:\/\/shop.tribusurbaines.com\/wp-content\/uploads\/2023\/12\/cropped-logo_boutique.jpg","width":139,"height":80,"caption":"Le Shop Tribus Urbaines"},"image":{"@id":"https:\/\/shop.tribusurbaines.com\/#\/schema\/logo\/image\/"}}]}},"_links":{"self":[{"href":"https:\/\/shop.tribusurbaines.com\/en\/wp-json\/wp\/v2\/product\/9401"}],"collection":[{"href":"https:\/\/shop.tribusurbaines.com\/en\/wp-json\/wp\/v2\/product"}],"about":[{"href":"https:\/\/shop.tribusurbaines.com\/en\/wp-json\/wp\/v2\/types\/product"}],"replies":[{"embeddable":true,"href":"https:\/\/shop.tribusurbaines.com\/en\/wp-json\/wp\/v2\/comments?post=9401"}],"wp:featuredmedia":[{"embeddable":true,"href":"https:\/\/shop.tribusurbaines.com\/en\/wp-json\/wp\/v2\/media\/9402"}],"wp:attachment":[{"href":"https:\/\/shop.tribusurbaines.com\/en\/wp-json\/wp\/v2\/media?parent=9401"}],"wp:term":[{"taxonomy":"product_brand","embeddable":true,"href":"https:\/\/shop.tribusurbaines.com\/en\/wp-json\/wp\/v2\/product_brand?post=9401"},{"taxonomy":"product_cat","embeddable":true,"href":"https:\/\/shop.tribusurbaines.com\/en\/wp-json\/wp\/v2\/product_cat?post=9401"},{"taxonomy":"product_tag","embeddable":true,"href":"https:\/\/shop.tribusurbaines.com\/en\/wp-json\/wp\/v2\/product_tag?post=9401"}],"curies":[{"name":"wp","href":"https:\/\/api.w.org\/{rel}","templated":true}]}}