{"id":9376,"date":"2024-10-09T14:41:35","date_gmt":"2024-10-09T12:41:35","guid":{"rendered":"https:\/\/shop.tribusurbaines.com\/?post_type=product&#038;p=9376"},"modified":"2025-08-22T18:23:18","modified_gmt":"2025-08-22T16:23:18","slug":"apres-shampoing-reparateur-et-nourrissant-500ml","status":"publish","type":"product","link":"https:\/\/shop.tribusurbaines.com\/en\/product\/apres-shampoing-reparateur-et-nourrissant-500ml\/","title":{"rendered":"Apr\u00e8s-shampoing r\u00e9parateur et nourrissant (500ml)"},"content":{"rendered":"<div class=\"wpb-content-wrapper\">[vc_row][vc_column][vc_column_text]L&#8217;apr\u00e8s-shampoing <strong>r\u00e9parateur <\/strong>et <strong>nourrissant<\/strong> TRIBUS URBAINES est un v\u00e9ritable concentr\u00e9 de bienfaits pour vos cheveux. Formul\u00e9 pour apporter <strong>force<\/strong>, <strong>\u00e9clat<\/strong> et <strong>douceur<\/strong>, il prot\u00e8ge \u00e9galement vos cheveux des agressions ext\u00e9rieures.<\/p>\n<p>Nous avons soigneusement s\u00e9lectionn\u00e9s nos ingr\u00e9dients :<\/p>\n<ul>\n<li>l\u2019<strong>hydrolat de romarin<\/strong> qui stimule la circulation du cuir chevelu<\/li>\n<li>l\u2019<strong>huile d\u2019olive<\/strong> et <strong>baobab<\/strong>, riches en vitamines et antioxydants, nourrissent intens\u00e9ment la fibre capillaire<\/li>\n<li>les <strong>beurres de karit\u00e9<\/strong> et <strong>mafura<\/strong> r\u00e9parent et hydratent<\/li>\n<li>l\u2019extrait de <strong>melon<\/strong> offre une hydratation naturelle<\/li>\n<\/ul>\n<p>Sans sulfates, parab\u00e8nes ni silicones, notre apr\u00e8s-shampoing est id\u00e9al pour tous les types de cheveux, m\u00eame les plus fragiles.<\/p>\n<p><strong class=\"collapseable-title\" tabindex=\"0\" role=\"tab\" data-role=\"title\" aria-selected=\"true\" aria-expanded=\"true\">Utilisation<\/strong><\/p>\n<div class=\"oway-utilizzo collapseable-content\" role=\"tabpanel\" data-role=\"content\" aria-hidden=\"false\">\n<p>Apr\u00e8s votre shampoing, appliquez une noisette d\u2019apr\u00e8s-shampoing sur cheveux mouill\u00e9s. Laissez agir 10 \u00e0 15 minutes pour permettre aux actifs de p\u00e9n\u00e9trer, puis rincez abondamment. Pour un effet optimal, utilisez le \u00e0 chaque lavage.<\/p>\n<p>Ensuite, il est recommand\u00e9 de renforcer l\u2019hydratation avec un masque et une <a href=\"https:\/\/shop.tribusurbaines.com\/categorie\/indispensable-pour-tes-boucles\/cremes-hydratantes\/\">cr\u00e8me hydratante<\/a>.<\/p>\n<\/div>\n<p>&nbsp;<\/p>\n<h3>Marque<\/h3>\n<p><a href=\"https:\/\/shop.tribusurbaines.com\/categorie\/indispensable-pour-tes-boucles\/gamme-tribus-urbaines\/\"><span data-sheets-value=\"{&quot;1&quot;:2,&quot;2&quot;:&quot;Aqua (Eau purifi\u00e9e), M\u00e9lange d'herbes certifi\u00e9 biologique de Calendula, Arctium Lappa (Racine de Bardane), Urtica Diotica (Feuille d'Ortie), Rosemarinus Officinalis (Romarin) et Pissenlit et Equisetum Arvense (Pr\u00eale) r\u00e9colt\u00e9s dans la nature, Calendula Officinalis biologique (Extrait de Calendula), Olea Europea biologique (Huile d'Olive), Camella Oleifera biologique (Extrait de feuille de Cam\u00e9lia), Hypericum Perforatum, Laminaria Digitata (Algue marine de la c\u00f4te ouest), Decylpolyglucoside, Coco Betaine, Glyc\u00e9rine v\u00e9g\u00e9tale, Cannabid Sativa (Huile de Chanvre), Panth\u00e9nol (Vitamine B5), Cyamopsis Tetragonoloba (Gomme de Guar), Acide citrique, Polyaminopropyl Buiguinide, Huile essentielle de Lavandula Angustifolia (Lavande).&quot;}\" data-sheets-userformat=\"{&quot;2&quot;:15235,&quot;3&quot;:{&quot;1&quot;:0},&quot;4&quot;:{&quot;1&quot;:2,&quot;2&quot;:12968115},&quot;10&quot;:0,&quot;11&quot;:4,&quot;12&quot;:0,&quot;14&quot;:{&quot;1&quot;:2,&quot;2&quot;:0},&quot;15&quot;:&quot;Calibri&quot;,&quot;16&quot;:9}\">TRIBUS URBAINES<\/span><\/a><\/p>\n<p>500 ml[\/vc_column_text][vc_toggle title=&#8221;Ingr\u00e9dients&#8221;]\n<div class=\"page\" title=\"Page 1\">\n<div class=\"section\">\n<div class=\"layoutArea\">\n<div class=\"column\">\n<p>aqua; disodium cocoyl glutamate; decylglucoside; caprylyl\/capryl glucoside; rosmarinus officinalis water; lavandula angustifolia flower water; cocamidopropyl betaine; aloe barbadensis leaf juice; silk amino acid hydroxypropyl; guar hydroxypropyltrimonium chloride; adansonia digitata seed oil; equisetum arvense extract; urtica dioica leaf extract; sodium levulinate; sodium anisate; crambe abyssinica seed oil; phytosterolhydrogenated ethylhexyl olivate and, hydrogenated olive oil unsaponifiables<\/p>\n<\/div>\n<\/div>\n<\/div>\n<\/div>\n[\/vc_toggle][\/vc_column][\/vc_row]\n<\/div>","protected":false},"excerpt":{"rendered":"<div>\n<h4><strong>Apr\u00e8s-shampoing r\u00e9parateur &amp; nourrissant<\/strong><\/h4>\n<\/div>\n<ul>\n<li><strong>Nourrit<\/strong> et <strong>hydrate<\/strong> intens\u00e9ment la fibre capillaire,<\/li>\n<li><strong>Restaure<\/strong> la <strong>douceur<\/strong> et la <strong>brillance<\/strong>,<\/li>\n<li><strong>Facilite<\/strong> le d\u00e9m\u00ealage et pr\u00e9vient la casse,<\/li>\n<li><strong>Prot\u00e8ge<\/strong> contre les agressions ext\u00e9rieures.<\/li>\n<\/ul>\n<p><img decoding=\"async\" class=\"alignleft size-full wp-image-8729\" src=\"https:\/\/shop.tribusurbaines.com\/wp-content\/uploads\/2023\/11\/icones-fr-1024x171-1.jpg\" alt=\"\" width=\"1024\" height=\"171\" srcset=\"https:\/\/shop.tribusurbaines.com\/wp-content\/uploads\/2023\/11\/icones-fr-1024x171-1.jpg 1024w, https:\/\/shop.tribusurbaines.com\/wp-content\/uploads\/2023\/11\/icones-fr-1024x171-1-300x50.jpg 300w, https:\/\/shop.tribusurbaines.com\/wp-content\/uploads\/2023\/11\/icones-fr-1024x171-1-768x128.jpg 768w, https:\/\/shop.tribusurbaines.com\/wp-content\/uploads\/2023\/11\/icones-fr-1024x171-1-150x25.jpg 150w, https:\/\/shop.tribusurbaines.com\/wp-content\/uploads\/2023\/11\/icones-fr-1024x171-1-600x100.jpg 600w, https:\/\/shop.tribusurbaines.com\/wp-content\/uploads\/2023\/11\/icones-fr-1024x171-1-900x150.jpg 900w\" sizes=\"(max-width: 1024px) 100vw, 1024px\" \/><\/p>\n","protected":false},"featured_media":9377,"comment_status":"closed","ping_status":"closed","template":"","meta":[],"product_brand":[],"product_cat":[133,123,226,141],"product_tag":[],"class_list":{"0":"post-9376","1":"product","2":"type-product","3":"status-publish","4":"has-post-thumbnail","6":"product_cat-conditioners","7":"product_cat-basics-for-your-curls","8":"product_cat-gamme-tribus-urbaines","9":"product_cat-selection-du-mois-en","11":"first","12":"outofstock","13":"shipping-taxable","14":"purchasable","15":"product-type-simple"},"yoast_head":"<!-- This site is optimized with the Yoast SEO plugin v23.6 - https:\/\/yoast.com\/wordpress\/plugins\/seo\/ -->\n<title>Apr\u00e8s-shampoing r\u00e9parateur et nourrissant (500ml) - Le Shop Tribus Urbaines<\/title>\n<meta name=\"robots\" content=\"index, follow, max-snippet:-1, max-image-preview:large, max-video-preview:-1\" \/>\n<link rel=\"canonical\" href=\"https:\/\/shop.tribusurbaines.com\/en\/product\/apres-shampoing-reparateur-et-nourrissant-500ml\/\" \/>\n<meta property=\"og:locale\" content=\"en_US\" \/>\n<meta property=\"og:type\" content=\"article\" \/>\n<meta property=\"og:title\" content=\"Apr\u00e8s-shampoing r\u00e9parateur et nourrissant (500ml) - Le Shop Tribus Urbaines\" \/>\n<meta property=\"og:description\" content=\"Apr\u00e8s-shampoing r\u00e9parateur &amp; nourrissant    Nourrit et hydrate intens\u00e9ment la fibre capillaire,  Restaure la douceur et la brillance,  Facilite le d\u00e9m\u00ealage et pr\u00e9vient la casse,  Prot\u00e8ge contre les agressions ext\u00e9rieures.\" \/>\n<meta property=\"og:url\" content=\"https:\/\/shop.tribusurbaines.com\/en\/product\/apres-shampoing-reparateur-et-nourrissant-500ml\/\" \/>\n<meta property=\"og:site_name\" content=\"Le Shop Tribus Urbaines\" \/>\n<meta property=\"article:modified_time\" content=\"2025-08-22T16:23:18+00:00\" \/>\n<meta property=\"og:image\" content=\"https:\/\/shop.tribusurbaines.com\/wp-content\/uploads\/2024\/10\/Site-web-Photos-Produits-5.png\" \/>\n\t<meta property=\"og:image:width\" content=\"1080\" \/>\n\t<meta property=\"og:image:height\" content=\"1080\" \/>\n\t<meta property=\"og:image:type\" content=\"image\/png\" \/>\n<meta name=\"twitter:card\" content=\"summary_large_image\" \/>\n<meta name=\"twitter:label1\" content=\"Est. reading time\" \/>\n\t<meta name=\"twitter:data1\" content=\"2 minutes\" \/>\n<script type=\"application\/ld+json\" class=\"yoast-schema-graph\">{\"@context\":\"https:\/\/schema.org\",\"@graph\":[{\"@type\":\"WebPage\",\"@id\":\"https:\/\/shop.tribusurbaines.com\/en\/product\/apres-shampoing-reparateur-et-nourrissant-500ml\/\",\"url\":\"https:\/\/shop.tribusurbaines.com\/en\/product\/apres-shampoing-reparateur-et-nourrissant-500ml\/\",\"name\":\"Apr\u00e8s-shampoing r\u00e9parateur et nourrissant (500ml) - Le Shop Tribus Urbaines\",\"isPartOf\":{\"@id\":\"https:\/\/shop.tribusurbaines.com\/#website\"},\"primaryImageOfPage\":{\"@id\":\"https:\/\/shop.tribusurbaines.com\/en\/product\/apres-shampoing-reparateur-et-nourrissant-500ml\/#primaryimage\"},\"image\":{\"@id\":\"https:\/\/shop.tribusurbaines.com\/en\/product\/apres-shampoing-reparateur-et-nourrissant-500ml\/#primaryimage\"},\"thumbnailUrl\":\"https:\/\/shop.tribusurbaines.com\/wp-content\/uploads\/2024\/10\/Site-web-Photos-Produits-5.png\",\"datePublished\":\"2024-10-09T12:41:35+00:00\",\"dateModified\":\"2025-08-22T16:23:18+00:00\",\"breadcrumb\":{\"@id\":\"https:\/\/shop.tribusurbaines.com\/en\/product\/apres-shampoing-reparateur-et-nourrissant-500ml\/#breadcrumb\"},\"inLanguage\":\"en-US\",\"potentialAction\":[{\"@type\":\"ReadAction\",\"target\":[\"https:\/\/shop.tribusurbaines.com\/en\/product\/apres-shampoing-reparateur-et-nourrissant-500ml\/\"]}]},{\"@type\":\"ImageObject\",\"inLanguage\":\"en-US\",\"@id\":\"https:\/\/shop.tribusurbaines.com\/en\/product\/apres-shampoing-reparateur-et-nourrissant-500ml\/#primaryimage\",\"url\":\"https:\/\/shop.tribusurbaines.com\/wp-content\/uploads\/2024\/10\/Site-web-Photos-Produits-5.png\",\"contentUrl\":\"https:\/\/shop.tribusurbaines.com\/wp-content\/uploads\/2024\/10\/Site-web-Photos-Produits-5.png\",\"width\":1080,\"height\":1080},{\"@type\":\"BreadcrumbList\",\"@id\":\"https:\/\/shop.tribusurbaines.com\/en\/product\/apres-shampoing-reparateur-et-nourrissant-500ml\/#breadcrumb\",\"itemListElement\":[{\"@type\":\"ListItem\",\"position\":1,\"name\":\"Accueil\",\"item\":\"https:\/\/shop.tribusurbaines.com\/en\/\"},{\"@type\":\"ListItem\",\"position\":2,\"name\":\"Shop\",\"item\":\"https:\/\/shop.tribusurbaines.com\/shop-2\/\"},{\"@type\":\"ListItem\",\"position\":3,\"name\":\"Apr\u00e8s-shampoing r\u00e9parateur et nourrissant (500ml)\"}]},{\"@type\":\"WebSite\",\"@id\":\"https:\/\/shop.tribusurbaines.com\/#website\",\"url\":\"https:\/\/shop.tribusurbaines.com\/\",\"name\":\"Le Shop Tribus Urbaines\",\"description\":\"Pour toutes les t\u00eates boucl\u00e9es, fris\u00e9es, cr\u00e9pus ou afros\",\"publisher\":{\"@id\":\"https:\/\/shop.tribusurbaines.com\/#organization\"},\"potentialAction\":[{\"@type\":\"SearchAction\",\"target\":{\"@type\":\"EntryPoint\",\"urlTemplate\":\"https:\/\/shop.tribusurbaines.com\/?s={search_term_string}\"},\"query-input\":{\"@type\":\"PropertyValueSpecification\",\"valueRequired\":true,\"valueName\":\"search_term_string\"}}],\"inLanguage\":\"en-US\"},{\"@type\":\"Organization\",\"@id\":\"https:\/\/shop.tribusurbaines.com\/#organization\",\"name\":\"Le Shop Tribus Urbaines\",\"url\":\"https:\/\/shop.tribusurbaines.com\/\",\"logo\":{\"@type\":\"ImageObject\",\"inLanguage\":\"en-US\",\"@id\":\"https:\/\/shop.tribusurbaines.com\/#\/schema\/logo\/image\/\",\"url\":\"https:\/\/shop.tribusurbaines.com\/wp-content\/uploads\/2023\/12\/cropped-logo_boutique.jpg\",\"contentUrl\":\"https:\/\/shop.tribusurbaines.com\/wp-content\/uploads\/2023\/12\/cropped-logo_boutique.jpg\",\"width\":139,\"height\":80,\"caption\":\"Le Shop Tribus Urbaines\"},\"image\":{\"@id\":\"https:\/\/shop.tribusurbaines.com\/#\/schema\/logo\/image\/\"}}]}<\/script>\n<!-- \/ Yoast SEO plugin. -->","yoast_head_json":{"title":"Apr\u00e8s-shampoing r\u00e9parateur et nourrissant (500ml) - Le Shop Tribus Urbaines","robots":{"index":"index","follow":"follow","max-snippet":"max-snippet:-1","max-image-preview":"max-image-preview:large","max-video-preview":"max-video-preview:-1"},"canonical":"https:\/\/shop.tribusurbaines.com\/en\/product\/apres-shampoing-reparateur-et-nourrissant-500ml\/","og_locale":"en_US","og_type":"article","og_title":"Apr\u00e8s-shampoing r\u00e9parateur et nourrissant (500ml) - Le Shop Tribus Urbaines","og_description":"Apr\u00e8s-shampoing r\u00e9parateur &amp; nourrissant    Nourrit et hydrate intens\u00e9ment la fibre capillaire,  Restaure la douceur et la brillance,  Facilite le d\u00e9m\u00ealage et pr\u00e9vient la casse,  Prot\u00e8ge contre les agressions ext\u00e9rieures.","og_url":"https:\/\/shop.tribusurbaines.com\/en\/product\/apres-shampoing-reparateur-et-nourrissant-500ml\/","og_site_name":"Le Shop Tribus Urbaines","article_modified_time":"2025-08-22T16:23:18+00:00","og_image":[{"width":1080,"height":1080,"url":"https:\/\/shop.tribusurbaines.com\/wp-content\/uploads\/2024\/10\/Site-web-Photos-Produits-5.png","type":"image\/png"}],"twitter_card":"summary_large_image","twitter_misc":{"Est. reading time":"2 minutes"},"schema":{"@context":"https:\/\/schema.org","@graph":[{"@type":"WebPage","@id":"https:\/\/shop.tribusurbaines.com\/en\/product\/apres-shampoing-reparateur-et-nourrissant-500ml\/","url":"https:\/\/shop.tribusurbaines.com\/en\/product\/apres-shampoing-reparateur-et-nourrissant-500ml\/","name":"Apr\u00e8s-shampoing r\u00e9parateur et nourrissant (500ml) - Le Shop Tribus Urbaines","isPartOf":{"@id":"https:\/\/shop.tribusurbaines.com\/#website"},"primaryImageOfPage":{"@id":"https:\/\/shop.tribusurbaines.com\/en\/product\/apres-shampoing-reparateur-et-nourrissant-500ml\/#primaryimage"},"image":{"@id":"https:\/\/shop.tribusurbaines.com\/en\/product\/apres-shampoing-reparateur-et-nourrissant-500ml\/#primaryimage"},"thumbnailUrl":"https:\/\/shop.tribusurbaines.com\/wp-content\/uploads\/2024\/10\/Site-web-Photos-Produits-5.png","datePublished":"2024-10-09T12:41:35+00:00","dateModified":"2025-08-22T16:23:18+00:00","breadcrumb":{"@id":"https:\/\/shop.tribusurbaines.com\/en\/product\/apres-shampoing-reparateur-et-nourrissant-500ml\/#breadcrumb"},"inLanguage":"en-US","potentialAction":[{"@type":"ReadAction","target":["https:\/\/shop.tribusurbaines.com\/en\/product\/apres-shampoing-reparateur-et-nourrissant-500ml\/"]}]},{"@type":"ImageObject","inLanguage":"en-US","@id":"https:\/\/shop.tribusurbaines.com\/en\/product\/apres-shampoing-reparateur-et-nourrissant-500ml\/#primaryimage","url":"https:\/\/shop.tribusurbaines.com\/wp-content\/uploads\/2024\/10\/Site-web-Photos-Produits-5.png","contentUrl":"https:\/\/shop.tribusurbaines.com\/wp-content\/uploads\/2024\/10\/Site-web-Photos-Produits-5.png","width":1080,"height":1080},{"@type":"BreadcrumbList","@id":"https:\/\/shop.tribusurbaines.com\/en\/product\/apres-shampoing-reparateur-et-nourrissant-500ml\/#breadcrumb","itemListElement":[{"@type":"ListItem","position":1,"name":"Accueil","item":"https:\/\/shop.tribusurbaines.com\/en\/"},{"@type":"ListItem","position":2,"name":"Shop","item":"https:\/\/shop.tribusurbaines.com\/shop-2\/"},{"@type":"ListItem","position":3,"name":"Apr\u00e8s-shampoing r\u00e9parateur et nourrissant (500ml)"}]},{"@type":"WebSite","@id":"https:\/\/shop.tribusurbaines.com\/#website","url":"https:\/\/shop.tribusurbaines.com\/","name":"Le Shop Tribus Urbaines","description":"Pour toutes les t\u00eates boucl\u00e9es, fris\u00e9es, cr\u00e9pus ou afros","publisher":{"@id":"https:\/\/shop.tribusurbaines.com\/#organization"},"potentialAction":[{"@type":"SearchAction","target":{"@type":"EntryPoint","urlTemplate":"https:\/\/shop.tribusurbaines.com\/?s={search_term_string}"},"query-input":{"@type":"PropertyValueSpecification","valueRequired":true,"valueName":"search_term_string"}}],"inLanguage":"en-US"},{"@type":"Organization","@id":"https:\/\/shop.tribusurbaines.com\/#organization","name":"Le Shop Tribus Urbaines","url":"https:\/\/shop.tribusurbaines.com\/","logo":{"@type":"ImageObject","inLanguage":"en-US","@id":"https:\/\/shop.tribusurbaines.com\/#\/schema\/logo\/image\/","url":"https:\/\/shop.tribusurbaines.com\/wp-content\/uploads\/2023\/12\/cropped-logo_boutique.jpg","contentUrl":"https:\/\/shop.tribusurbaines.com\/wp-content\/uploads\/2023\/12\/cropped-logo_boutique.jpg","width":139,"height":80,"caption":"Le Shop Tribus Urbaines"},"image":{"@id":"https:\/\/shop.tribusurbaines.com\/#\/schema\/logo\/image\/"}}]}},"_links":{"self":[{"href":"https:\/\/shop.tribusurbaines.com\/en\/wp-json\/wp\/v2\/product\/9376"}],"collection":[{"href":"https:\/\/shop.tribusurbaines.com\/en\/wp-json\/wp\/v2\/product"}],"about":[{"href":"https:\/\/shop.tribusurbaines.com\/en\/wp-json\/wp\/v2\/types\/product"}],"replies":[{"embeddable":true,"href":"https:\/\/shop.tribusurbaines.com\/en\/wp-json\/wp\/v2\/comments?post=9376"}],"wp:featuredmedia":[{"embeddable":true,"href":"https:\/\/shop.tribusurbaines.com\/en\/wp-json\/wp\/v2\/media\/9377"}],"wp:attachment":[{"href":"https:\/\/shop.tribusurbaines.com\/en\/wp-json\/wp\/v2\/media?parent=9376"}],"wp:term":[{"taxonomy":"product_brand","embeddable":true,"href":"https:\/\/shop.tribusurbaines.com\/en\/wp-json\/wp\/v2\/product_brand?post=9376"},{"taxonomy":"product_cat","embeddable":true,"href":"https:\/\/shop.tribusurbaines.com\/en\/wp-json\/wp\/v2\/product_cat?post=9376"},{"taxonomy":"product_tag","embeddable":true,"href":"https:\/\/shop.tribusurbaines.com\/en\/wp-json\/wp\/v2\/product_tag?post=9376"}],"curies":[{"name":"wp","href":"https:\/\/api.w.org\/{rel}","templated":true}]}}