{"id":9327,"date":"2024-10-08T11:14:13","date_gmt":"2024-10-08T09:14:13","guid":{"rendered":"https:\/\/shop.tribusurbaines.com\/?post_type=product&#038;p=9327"},"modified":"2026-03-29T14:59:30","modified_gmt":"2026-03-29T12:59:30","slug":"shampoing-doux-et-hydratant-pour-cheveux-tres-secs-1l","status":"publish","type":"product","link":"https:\/\/shop.tribusurbaines.com\/en\/product\/shampoing-doux-et-hydratant-pour-cheveux-tres-secs-1l\/","title":{"rendered":"Shampoing doux et hydratant pour cheveux tr\u00e8s secs 1L"},"content":{"rendered":"<div class=\"wpb-content-wrapper\">[vc_row][vc_column][vc_column_text]Le shampoing <strong>hydratant<\/strong> TRIBUS URBAINES <b>nettoie <\/b>en\u00a0<strong>profondeur<\/strong>\u00a0le\u00a0<strong>cuir chevelu et vos cheveux<\/strong> sans les ass\u00e9cher. Gr\u00e2ce \u00e0 cela, vos cheveux sont plus r\u00e9sistants et <strong>poussent<\/strong>\u00a0plus\u00a0<strong>sainement.<\/strong><\/p>\n<p><strong>La texture et l&#8217;odeur vous feront craquer.<\/strong><\/p>\n<p>Il laisse vos cheveux\u00a0<strong>propres<\/strong>, <strong>doux, hydrat\u00e9s<\/strong> et\u00a0<strong>nourris<\/strong>, jusqu&#8217;au prochain shampoing!<\/p>\n<p><strong class=\"collapseable-title\" tabindex=\"0\" role=\"tab\" data-role=\"title\" aria-selected=\"true\" aria-expanded=\"true\">Utilisation<\/strong><\/p>\n<div class=\"oway-utilizzo collapseable-content\" role=\"tabpanel\" data-role=\"content\" aria-hidden=\"false\">\n<p>Tous les 5 \u00e0 10 jours, appliquer 1 \u00e0 2 pompes du shampoing hydratant TRIBUS URBAINES sur cheveux mouill\u00e9s. Rince abondamment et r\u00e9p\u00e9ter l&#8217;op\u00e9ration pour nettoyer sa chevelure en profondeur.<\/p>\n<p>Ensuite, il est recommand\u00e9 de renforcer l\u2019hydratation avec un <a href=\"https:\/\/shop.tribusurbaines.com\/categorie\/indispensable-pour-tes-boucles\/apres-shampoings\/\">apr\u00e8s-shampoing<\/a> et une <a href=\"https:\/\/shop.tribusurbaines.com\/categorie\/indispensable-pour-tes-boucles\/cremes-hydratantes\/\">cr\u00e8me hydratante<\/a>.<\/p>\n<\/div>\n<p>&nbsp;<\/p>\n<h3>Marque<\/h3>\n<p><a href=\"https:\/\/shop.tribusurbaines.com\/categorie\/indispensable-pour-tes-boucles\/gamme-tribus-urbaines\/\"><span data-sheets-value=\"{&quot;1&quot;:2,&quot;2&quot;:&quot;Aqua (Eau purifi\u00e9e), M\u00e9lange d'herbes certifi\u00e9 biologique de Calendula, Arctium Lappa (Racine de Bardane), Urtica Diotica (Feuille d'Ortie), Rosemarinus Officinalis (Romarin) et Pissenlit et Equisetum Arvense (Pr\u00eale) r\u00e9colt\u00e9s dans la nature, Calendula Officinalis biologique (Extrait de Calendula), Olea Europea biologique (Huile d'Olive), Camella Oleifera biologique (Extrait de feuille de Cam\u00e9lia), Hypericum Perforatum, Laminaria Digitata (Algue marine de la c\u00f4te ouest), Decylpolyglucoside, Coco Betaine, Glyc\u00e9rine v\u00e9g\u00e9tale, Cannabid Sativa (Huile de Chanvre), Panth\u00e9nol (Vitamine B5), Cyamopsis Tetragonoloba (Gomme de Guar), Acide citrique, Polyaminopropyl Buiguinide, Huile essentielle de Lavandula Angustifolia (Lavande).&quot;}\" data-sheets-userformat=\"{&quot;2&quot;:15235,&quot;3&quot;:{&quot;1&quot;:0},&quot;4&quot;:{&quot;1&quot;:2,&quot;2&quot;:12968115},&quot;10&quot;:0,&quot;11&quot;:4,&quot;12&quot;:0,&quot;14&quot;:{&quot;1&quot;:2,&quot;2&quot;:0},&quot;15&quot;:&quot;Calibri&quot;,&quot;16&quot;:9}\">TRIBUS URBAINES<\/span><\/a><\/p>\n<p>1000 ml[\/vc_column_text][vc_toggle title=&#8221;Ingr\u00e9dients&#8221;]\n<div class=\"page\" title=\"Page 1\">\n<div class=\"section\">\n<div class=\"layoutArea\">\n<div class=\"column\">\n<p>aqua; disodium cocoyl glutamate; decylglucoside; caprylyl\/capryl glucoside; rosmarinus officinalis water; lavandula angustifolia flower water; cocamidopropyl betaine; aloe barbadensis leaf juice; silk amino acid hydroxypropyl; guar hydroxypropyltrimonium chloride; adansonia digitata seed oil; equisetum arvense extract; urtica dioica leaf extract; sodium levulinate; sodium anisate; crambe abyssinica seed oil; phytosterolhydrogenated ethylhexyl olivate and, hydrogenated olive oil unsaponifiables<\/p>\n<\/div>\n<\/div>\n<\/div>\n<\/div>\n[\/vc_toggle][\/vc_column][\/vc_row]\n<\/div>","protected":false},"excerpt":{"rendered":"<div>\n<h4>Shampoing pour cheveux secs \u00e0 tr\u00e8s secs<\/h4>\n<\/div>\n<ul>\n<li><strong>Hydrate<\/strong>\u00a0et\u00a0<strong>nourrit<\/strong>\u00a0le cuir chevelu,<\/li>\n<li>Favorise\u00a0la\u00a0<strong>croissance<\/strong>\u00a0des cheveux et acc\u00e9l\u00e8re leur\u00a0<strong>pousse<\/strong>,<\/li>\n<li>Pr\u00e9vient la\u00a0<strong>chute<\/strong>\u00a0des cheveux en les\u00a0<strong>renfor\u00e7ant<\/strong>,<\/li>\n<li><strong>Gaine<\/strong>\u00a0la fibre capillaire.<\/li>\n<\/ul>\n<p><img decoding=\"async\" class=\"alignleft size-full wp-image-8729\" src=\"https:\/\/shop.tribusurbaines.com\/wp-content\/uploads\/2023\/11\/icones-fr-1024x171-1.jpg\" alt=\"\" width=\"1024\" height=\"171\" srcset=\"https:\/\/shop.tribusurbaines.com\/wp-content\/uploads\/2023\/11\/icones-fr-1024x171-1.jpg 1024w, https:\/\/shop.tribusurbaines.com\/wp-content\/uploads\/2023\/11\/icones-fr-1024x171-1-300x50.jpg 300w, https:\/\/shop.tribusurbaines.com\/wp-content\/uploads\/2023\/11\/icones-fr-1024x171-1-768x128.jpg 768w, https:\/\/shop.tribusurbaines.com\/wp-content\/uploads\/2023\/11\/icones-fr-1024x171-1-150x25.jpg 150w, https:\/\/shop.tribusurbaines.com\/wp-content\/uploads\/2023\/11\/icones-fr-1024x171-1-600x100.jpg 600w, https:\/\/shop.tribusurbaines.com\/wp-content\/uploads\/2023\/11\/icones-fr-1024x171-1-900x150.jpg 900w\" sizes=\"(max-width: 1024px) 100vw, 1024px\" \/><\/p>\n","protected":false},"featured_media":9352,"comment_status":"open","ping_status":"closed","template":"","meta":[],"product_brand":[],"product_cat":[123,226,141,134],"product_tag":[],"class_list":{"0":"post-9327","1":"product","2":"type-product","3":"status-publish","4":"has-post-thumbnail","6":"product_cat-basics-for-your-curls","7":"product_cat-gamme-tribus-urbaines","8":"product_cat-selection-du-mois-en","9":"product_cat-shampoos","11":"first","12":"instock","13":"shipping-taxable","14":"purchasable","15":"product-type-simple"},"yoast_head":"<!-- This site is optimized with the Yoast SEO plugin v23.6 - https:\/\/yoast.com\/wordpress\/plugins\/seo\/ -->\n<title>Shampoing doux et hydratant pour cheveux tr\u00e8s secs 1L - Le Shop Tribus Urbaines<\/title>\n<meta name=\"robots\" content=\"index, follow, max-snippet:-1, max-image-preview:large, max-video-preview:-1\" \/>\n<link rel=\"canonical\" href=\"https:\/\/shop.tribusurbaines.com\/en\/product\/shampoing-doux-et-hydratant-pour-cheveux-tres-secs-1l\/\" \/>\n<meta property=\"og:locale\" content=\"en_US\" \/>\n<meta property=\"og:type\" content=\"article\" \/>\n<meta property=\"og:title\" content=\"Shampoing doux et hydratant pour cheveux tr\u00e8s secs 1L - Le Shop Tribus Urbaines\" \/>\n<meta property=\"og:description\" content=\"Shampoing pour cheveux secs \u00e0 tr\u00e8s secs    Hydrate\u00a0et\u00a0nourrit\u00a0le cuir chevelu,  Favorise\u00a0la\u00a0croissance\u00a0des cheveux et acc\u00e9l\u00e8re leur\u00a0pousse,  Pr\u00e9vient la\u00a0chute\u00a0des cheveux en les\u00a0renfor\u00e7ant,  Gaine\u00a0la fibre capillaire.\" \/>\n<meta property=\"og:url\" content=\"https:\/\/shop.tribusurbaines.com\/en\/product\/shampoing-doux-et-hydratant-pour-cheveux-tres-secs-1l\/\" \/>\n<meta property=\"og:site_name\" content=\"Le Shop Tribus Urbaines\" \/>\n<meta property=\"article:modified_time\" content=\"2026-03-29T12:59:30+00:00\" \/>\n<meta property=\"og:image\" content=\"https:\/\/shop.tribusurbaines.com\/wp-content\/uploads\/2024\/10\/Site-web-Photos-Produits-1024x1024.png\" \/>\n\t<meta property=\"og:image:width\" content=\"1024\" \/>\n\t<meta property=\"og:image:height\" content=\"1024\" \/>\n\t<meta property=\"og:image:type\" content=\"image\/png\" \/>\n<meta name=\"twitter:card\" content=\"summary_large_image\" \/>\n<meta name=\"twitter:label1\" content=\"Est. reading time\" \/>\n\t<meta name=\"twitter:data1\" content=\"1 minute\" \/>\n<script type=\"application\/ld+json\" class=\"yoast-schema-graph\">{\"@context\":\"https:\/\/schema.org\",\"@graph\":[{\"@type\":\"WebPage\",\"@id\":\"https:\/\/shop.tribusurbaines.com\/en\/product\/shampoing-doux-et-hydratant-pour-cheveux-tres-secs-1l\/\",\"url\":\"https:\/\/shop.tribusurbaines.com\/en\/product\/shampoing-doux-et-hydratant-pour-cheveux-tres-secs-1l\/\",\"name\":\"Shampoing doux et hydratant pour cheveux tr\u00e8s secs 1L - Le Shop Tribus Urbaines\",\"isPartOf\":{\"@id\":\"https:\/\/shop.tribusurbaines.com\/#website\"},\"primaryImageOfPage\":{\"@id\":\"https:\/\/shop.tribusurbaines.com\/en\/product\/shampoing-doux-et-hydratant-pour-cheveux-tres-secs-1l\/#primaryimage\"},\"image\":{\"@id\":\"https:\/\/shop.tribusurbaines.com\/en\/product\/shampoing-doux-et-hydratant-pour-cheveux-tres-secs-1l\/#primaryimage\"},\"thumbnailUrl\":\"https:\/\/shop.tribusurbaines.com\/wp-content\/uploads\/2024\/10\/Site-web-Photos-Produits.png\",\"datePublished\":\"2024-10-08T09:14:13+00:00\",\"dateModified\":\"2026-03-29T12:59:30+00:00\",\"breadcrumb\":{\"@id\":\"https:\/\/shop.tribusurbaines.com\/en\/product\/shampoing-doux-et-hydratant-pour-cheveux-tres-secs-1l\/#breadcrumb\"},\"inLanguage\":\"en-US\",\"potentialAction\":[{\"@type\":\"ReadAction\",\"target\":[\"https:\/\/shop.tribusurbaines.com\/en\/product\/shampoing-doux-et-hydratant-pour-cheveux-tres-secs-1l\/\"]}]},{\"@type\":\"ImageObject\",\"inLanguage\":\"en-US\",\"@id\":\"https:\/\/shop.tribusurbaines.com\/en\/product\/shampoing-doux-et-hydratant-pour-cheveux-tres-secs-1l\/#primaryimage\",\"url\":\"https:\/\/shop.tribusurbaines.com\/wp-content\/uploads\/2024\/10\/Site-web-Photos-Produits.png\",\"contentUrl\":\"https:\/\/shop.tribusurbaines.com\/wp-content\/uploads\/2024\/10\/Site-web-Photos-Produits.png\",\"width\":1755,\"height\":1755},{\"@type\":\"BreadcrumbList\",\"@id\":\"https:\/\/shop.tribusurbaines.com\/en\/product\/shampoing-doux-et-hydratant-pour-cheveux-tres-secs-1l\/#breadcrumb\",\"itemListElement\":[{\"@type\":\"ListItem\",\"position\":1,\"name\":\"Accueil\",\"item\":\"https:\/\/shop.tribusurbaines.com\/en\/\"},{\"@type\":\"ListItem\",\"position\":2,\"name\":\"Shop\",\"item\":\"https:\/\/shop.tribusurbaines.com\/shop-2\/\"},{\"@type\":\"ListItem\",\"position\":3,\"name\":\"Shampoing doux et hydratant pour cheveux tr\u00e8s secs 1L\"}]},{\"@type\":\"WebSite\",\"@id\":\"https:\/\/shop.tribusurbaines.com\/#website\",\"url\":\"https:\/\/shop.tribusurbaines.com\/\",\"name\":\"Le Shop Tribus Urbaines\",\"description\":\"Pour toutes les t\u00eates boucl\u00e9es, fris\u00e9es, cr\u00e9pus ou afros\",\"publisher\":{\"@id\":\"https:\/\/shop.tribusurbaines.com\/#organization\"},\"potentialAction\":[{\"@type\":\"SearchAction\",\"target\":{\"@type\":\"EntryPoint\",\"urlTemplate\":\"https:\/\/shop.tribusurbaines.com\/?s={search_term_string}\"},\"query-input\":{\"@type\":\"PropertyValueSpecification\",\"valueRequired\":true,\"valueName\":\"search_term_string\"}}],\"inLanguage\":\"en-US\"},{\"@type\":\"Organization\",\"@id\":\"https:\/\/shop.tribusurbaines.com\/#organization\",\"name\":\"Le Shop Tribus Urbaines\",\"url\":\"https:\/\/shop.tribusurbaines.com\/\",\"logo\":{\"@type\":\"ImageObject\",\"inLanguage\":\"en-US\",\"@id\":\"https:\/\/shop.tribusurbaines.com\/#\/schema\/logo\/image\/\",\"url\":\"https:\/\/shop.tribusurbaines.com\/wp-content\/uploads\/2023\/12\/cropped-logo_boutique.jpg\",\"contentUrl\":\"https:\/\/shop.tribusurbaines.com\/wp-content\/uploads\/2023\/12\/cropped-logo_boutique.jpg\",\"width\":139,\"height\":80,\"caption\":\"Le Shop Tribus Urbaines\"},\"image\":{\"@id\":\"https:\/\/shop.tribusurbaines.com\/#\/schema\/logo\/image\/\"}}]}<\/script>\n<!-- \/ Yoast SEO plugin. -->","yoast_head_json":{"title":"Shampoing doux et hydratant pour cheveux tr\u00e8s secs 1L - Le Shop Tribus Urbaines","robots":{"index":"index","follow":"follow","max-snippet":"max-snippet:-1","max-image-preview":"max-image-preview:large","max-video-preview":"max-video-preview:-1"},"canonical":"https:\/\/shop.tribusurbaines.com\/en\/product\/shampoing-doux-et-hydratant-pour-cheveux-tres-secs-1l\/","og_locale":"en_US","og_type":"article","og_title":"Shampoing doux et hydratant pour cheveux tr\u00e8s secs 1L - Le Shop Tribus Urbaines","og_description":"Shampoing pour cheveux secs \u00e0 tr\u00e8s secs    Hydrate\u00a0et\u00a0nourrit\u00a0le cuir chevelu,  Favorise\u00a0la\u00a0croissance\u00a0des cheveux et acc\u00e9l\u00e8re leur\u00a0pousse,  Pr\u00e9vient la\u00a0chute\u00a0des cheveux en les\u00a0renfor\u00e7ant,  Gaine\u00a0la fibre capillaire.","og_url":"https:\/\/shop.tribusurbaines.com\/en\/product\/shampoing-doux-et-hydratant-pour-cheveux-tres-secs-1l\/","og_site_name":"Le Shop Tribus Urbaines","article_modified_time":"2026-03-29T12:59:30+00:00","og_image":[{"width":1024,"height":1024,"url":"https:\/\/shop.tribusurbaines.com\/wp-content\/uploads\/2024\/10\/Site-web-Photos-Produits-1024x1024.png","type":"image\/png"}],"twitter_card":"summary_large_image","twitter_misc":{"Est. reading time":"1 minute"},"schema":{"@context":"https:\/\/schema.org","@graph":[{"@type":"WebPage","@id":"https:\/\/shop.tribusurbaines.com\/en\/product\/shampoing-doux-et-hydratant-pour-cheveux-tres-secs-1l\/","url":"https:\/\/shop.tribusurbaines.com\/en\/product\/shampoing-doux-et-hydratant-pour-cheveux-tres-secs-1l\/","name":"Shampoing doux et hydratant pour cheveux tr\u00e8s secs 1L - Le Shop Tribus Urbaines","isPartOf":{"@id":"https:\/\/shop.tribusurbaines.com\/#website"},"primaryImageOfPage":{"@id":"https:\/\/shop.tribusurbaines.com\/en\/product\/shampoing-doux-et-hydratant-pour-cheveux-tres-secs-1l\/#primaryimage"},"image":{"@id":"https:\/\/shop.tribusurbaines.com\/en\/product\/shampoing-doux-et-hydratant-pour-cheveux-tres-secs-1l\/#primaryimage"},"thumbnailUrl":"https:\/\/shop.tribusurbaines.com\/wp-content\/uploads\/2024\/10\/Site-web-Photos-Produits.png","datePublished":"2024-10-08T09:14:13+00:00","dateModified":"2026-03-29T12:59:30+00:00","breadcrumb":{"@id":"https:\/\/shop.tribusurbaines.com\/en\/product\/shampoing-doux-et-hydratant-pour-cheveux-tres-secs-1l\/#breadcrumb"},"inLanguage":"en-US","potentialAction":[{"@type":"ReadAction","target":["https:\/\/shop.tribusurbaines.com\/en\/product\/shampoing-doux-et-hydratant-pour-cheveux-tres-secs-1l\/"]}]},{"@type":"ImageObject","inLanguage":"en-US","@id":"https:\/\/shop.tribusurbaines.com\/en\/product\/shampoing-doux-et-hydratant-pour-cheveux-tres-secs-1l\/#primaryimage","url":"https:\/\/shop.tribusurbaines.com\/wp-content\/uploads\/2024\/10\/Site-web-Photos-Produits.png","contentUrl":"https:\/\/shop.tribusurbaines.com\/wp-content\/uploads\/2024\/10\/Site-web-Photos-Produits.png","width":1755,"height":1755},{"@type":"BreadcrumbList","@id":"https:\/\/shop.tribusurbaines.com\/en\/product\/shampoing-doux-et-hydratant-pour-cheveux-tres-secs-1l\/#breadcrumb","itemListElement":[{"@type":"ListItem","position":1,"name":"Accueil","item":"https:\/\/shop.tribusurbaines.com\/en\/"},{"@type":"ListItem","position":2,"name":"Shop","item":"https:\/\/shop.tribusurbaines.com\/shop-2\/"},{"@type":"ListItem","position":3,"name":"Shampoing doux et hydratant pour cheveux tr\u00e8s secs 1L"}]},{"@type":"WebSite","@id":"https:\/\/shop.tribusurbaines.com\/#website","url":"https:\/\/shop.tribusurbaines.com\/","name":"Le Shop Tribus Urbaines","description":"Pour toutes les t\u00eates boucl\u00e9es, fris\u00e9es, cr\u00e9pus ou afros","publisher":{"@id":"https:\/\/shop.tribusurbaines.com\/#organization"},"potentialAction":[{"@type":"SearchAction","target":{"@type":"EntryPoint","urlTemplate":"https:\/\/shop.tribusurbaines.com\/?s={search_term_string}"},"query-input":{"@type":"PropertyValueSpecification","valueRequired":true,"valueName":"search_term_string"}}],"inLanguage":"en-US"},{"@type":"Organization","@id":"https:\/\/shop.tribusurbaines.com\/#organization","name":"Le Shop Tribus Urbaines","url":"https:\/\/shop.tribusurbaines.com\/","logo":{"@type":"ImageObject","inLanguage":"en-US","@id":"https:\/\/shop.tribusurbaines.com\/#\/schema\/logo\/image\/","url":"https:\/\/shop.tribusurbaines.com\/wp-content\/uploads\/2023\/12\/cropped-logo_boutique.jpg","contentUrl":"https:\/\/shop.tribusurbaines.com\/wp-content\/uploads\/2023\/12\/cropped-logo_boutique.jpg","width":139,"height":80,"caption":"Le Shop Tribus Urbaines"},"image":{"@id":"https:\/\/shop.tribusurbaines.com\/#\/schema\/logo\/image\/"}}]}},"_links":{"self":[{"href":"https:\/\/shop.tribusurbaines.com\/en\/wp-json\/wp\/v2\/product\/9327"}],"collection":[{"href":"https:\/\/shop.tribusurbaines.com\/en\/wp-json\/wp\/v2\/product"}],"about":[{"href":"https:\/\/shop.tribusurbaines.com\/en\/wp-json\/wp\/v2\/types\/product"}],"replies":[{"embeddable":true,"href":"https:\/\/shop.tribusurbaines.com\/en\/wp-json\/wp\/v2\/comments?post=9327"}],"wp:featuredmedia":[{"embeddable":true,"href":"https:\/\/shop.tribusurbaines.com\/en\/wp-json\/wp\/v2\/media\/9352"}],"wp:attachment":[{"href":"https:\/\/shop.tribusurbaines.com\/en\/wp-json\/wp\/v2\/media?parent=9327"}],"wp:term":[{"taxonomy":"product_brand","embeddable":true,"href":"https:\/\/shop.tribusurbaines.com\/en\/wp-json\/wp\/v2\/product_brand?post=9327"},{"taxonomy":"product_cat","embeddable":true,"href":"https:\/\/shop.tribusurbaines.com\/en\/wp-json\/wp\/v2\/product_cat?post=9327"},{"taxonomy":"product_tag","embeddable":true,"href":"https:\/\/shop.tribusurbaines.com\/en\/wp-json\/wp\/v2\/product_tag?post=9327"}],"curies":[{"name":"wp","href":"https:\/\/api.w.org\/{rel}","templated":true}]}}