{"id":8294,"date":"2023-08-25T16:24:19","date_gmt":"2023-08-25T14:24:19","guid":{"rendered":"https:\/\/shop.tribusurbaines.com\/?post_type=product&#038;p=8294"},"modified":"2026-04-14T16:31:36","modified_gmt":"2026-04-14T14:31:36","slug":"gelee-legere-niir","status":"publish","type":"product","link":"https:\/\/shop.tribusurbaines.com\/en\/product\/gelee-legere-niir\/","title":{"rendered":"Gel\u00e9e l\u00e9g\u00e8re de chez Niir"},"content":{"rendered":"<div class=\"wpb-content-wrapper\">[vc_row][vc_column][vc_column_text]\n<h3>Conseils d&#8217;utilisation<\/h3>\n<p>Int\u00e9grez une gel\u00e9e coiffante dans votre routine pour maintenir vos boucles bien form\u00e9es ! La gel\u00e9e s\u2019applique sur cheveux humidifi\u00e9s. Pr\u00e9levez une petite quantit\u00e9 de produit dans vos mains et pressez vos cheveux de bas en haut pour former les boucles. Pressez ensuite vos boucles et s\u00e9cher les cheveux en douceur \u00e0 l&#8217;aide d&#8217;un diffuseur. Laissez s\u00e9cher \u00e0 l\u2019air libre sans toucher. Si un effet carton se forme autour des boucles, pressez \u00e0 nouveau les boucles de bas en haut pour retirer l\u2019exc\u00e9dent de gel. Une fois s\u00e8ches, les boucles sont brillantes, rebondies, sans frisottis ! Pour un meilleur r\u00e9sultat, appliquez le gel apr\u00e8s une cr\u00e8me coiffante sans rin\u00e7age.<\/p>\n<h3>Marque<\/h3>\n<p><span data-sheets-value=\"{&quot;1&quot;:2,&quot;2&quot;:&quot;Aqua (Eau purifi\u00e9e), M\u00e9lange d'herbes certifi\u00e9 biologique de Calendula, Arctium Lappa (Racine de Bardane), Urtica Diotica (Feuille d'Ortie), Rosemarinus Officinalis (Romarin) et Pissenlit et Equisetum Arvense (Pr\u00eale) r\u00e9colt\u00e9s dans la nature, Calendula Officinalis biologique (Extrait de Calendula), Olea Europea biologique (Huile d'Olive), Camella Oleifera biologique (Extrait de feuille de Cam\u00e9lia), Hypericum Perforatum, Laminaria Digitata (Algue marine de la c\u00f4te ouest), Decylpolyglucoside, Coco Betaine, Glyc\u00e9rine v\u00e9g\u00e9tale, Cannabid Sativa (Huile de Chanvre), Panth\u00e9nol (Vitamine B5), Cyamopsis Tetragonoloba (Gomme de Guar), Acide citrique, Polyaminopropyl Buiguinide, Huile essentielle de Lavandula Angustifolia (Lavande).&quot;}\" data-sheets-userformat=\"{&quot;2&quot;:15235,&quot;3&quot;:{&quot;1&quot;:0},&quot;4&quot;:{&quot;1&quot;:2,&quot;2&quot;:12968115},&quot;10&quot;:0,&quot;11&quot;:4,&quot;12&quot;:0,&quot;14&quot;:{&quot;1&quot;:2,&quot;2&quot;:0},&quot;15&quot;:&quot;Calibri&quot;,&quot;16&quot;:9}\">Niir<\/span>[\/vc_column_text][vc_toggle title=&#8221;Ingr\u00e9dients&#8221;]AQUA (WATER), GLYCERIN, LINUM USITATISSIMUM (LINSEED) SEED EXTRACT, PANTHENOL, SALVIA HISPANICA (CHIA) SEED EXTRACT, SORBITOL, XYLITYLGLUCOSIDE, COCOS NUCIFERA (COCONUT) FRUIT JUICE, ANHYDROXYLITOL, HIBISCUS SABDARIFFA (HIBISCUS) FLOWER EXTRACT, XYLITOL, PANTOLACTONE, GLUCOSE, ALOE BARBADENSIS (ALOE VERA) LEAF POWDER, ORYZA SATIVA (RICE) EXTRACT, CITRIC ACID, SODIUM BENZOATE, POTASSIUM SORBATE, HYDROLYZED WHEAT PROTEIN, SODIUM HYDROXIDE, T-BUTYL ALCOHOL, ACRYLATES\/C10-30 ALKYL ACRYLATE CROSSPOLYMER, POLYACRYLATE CROSSPOLYMER-6.[\/vc_toggle][\/vc_column][\/vc_row]\n<\/div>","protected":false},"excerpt":{"rendered":"<p>La plume\u00a0est une gel\u00e9e l\u00e9g\u00e8re qui ne va pas cartonner vos cheveux. Elle s&#8217;applique seule ou accompagn\u00e9e de votre cr\u00e8me coiffante.<\/p>\n<p>&nbsp;<\/p>\n<p>225 ml<\/p>\n","protected":false},"featured_media":9644,"comment_status":"closed","ping_status":"closed","template":"","meta":[],"product_brand":[],"product_cat":[128,123,124],"product_tag":[],"class_list":{"0":"post-8294","1":"product","2":"type-product","3":"status-publish","4":"has-post-thumbnail","6":"product_cat-niir-line","7":"product_cat-basics-for-your-curls","8":"product_cat-curl-definition-products","10":"first","11":"instock","12":"shipping-taxable","13":"purchasable","14":"product-type-simple"},"yoast_head":"<!-- This site is optimized with the Yoast SEO plugin v23.6 - https:\/\/yoast.com\/wordpress\/plugins\/seo\/ -->\n<title>Gel\u00e9e l\u00e9g\u00e8re de chez Niir - Le Shop Tribus Urbaines<\/title>\n<meta name=\"robots\" content=\"index, follow, max-snippet:-1, max-image-preview:large, max-video-preview:-1\" \/>\n<link rel=\"canonical\" href=\"https:\/\/shop.tribusurbaines.com\/en\/product\/gelee-legere-niir\/\" \/>\n<meta property=\"og:locale\" content=\"en_US\" \/>\n<meta property=\"og:type\" content=\"article\" \/>\n<meta property=\"og:title\" content=\"Gel\u00e9e l\u00e9g\u00e8re de chez Niir - Le Shop Tribus Urbaines\" \/>\n<meta property=\"og:description\" content=\"La plume\u00a0est une gel\u00e9e l\u00e9g\u00e8re qui ne va pas cartonner vos cheveux. Elle s&#039;applique seule ou accompagn\u00e9e de votre cr\u00e8me coiffante.  &nbsp;  225 ml\" \/>\n<meta property=\"og:url\" content=\"https:\/\/shop.tribusurbaines.com\/en\/product\/gelee-legere-niir\/\" \/>\n<meta property=\"og:site_name\" content=\"Le Shop Tribus Urbaines\" \/>\n<meta property=\"article:modified_time\" content=\"2026-04-14T14:31:36+00:00\" \/>\n<meta property=\"og:image\" content=\"https:\/\/shop.tribusurbaines.com\/wp-content\/uploads\/2023\/08\/la-gelee-la-plume-niir-1.jpg\" \/>\n\t<meta property=\"og:image:width\" content=\"800\" \/>\n\t<meta property=\"og:image:height\" content=\"800\" \/>\n\t<meta property=\"og:image:type\" content=\"image\/jpeg\" \/>\n<meta name=\"twitter:card\" content=\"summary_large_image\" \/>\n<meta name=\"twitter:label1\" content=\"Est. reading time\" \/>\n\t<meta name=\"twitter:data1\" content=\"2 minutes\" \/>\n<script type=\"application\/ld+json\" class=\"yoast-schema-graph\">{\"@context\":\"https:\/\/schema.org\",\"@graph\":[{\"@type\":\"WebPage\",\"@id\":\"https:\/\/shop.tribusurbaines.com\/en\/product\/gelee-legere-niir\/\",\"url\":\"https:\/\/shop.tribusurbaines.com\/en\/product\/gelee-legere-niir\/\",\"name\":\"Gel\u00e9e l\u00e9g\u00e8re de chez Niir - Le Shop Tribus Urbaines\",\"isPartOf\":{\"@id\":\"https:\/\/shop.tribusurbaines.com\/#website\"},\"primaryImageOfPage\":{\"@id\":\"https:\/\/shop.tribusurbaines.com\/en\/product\/gelee-legere-niir\/#primaryimage\"},\"image\":{\"@id\":\"https:\/\/shop.tribusurbaines.com\/en\/product\/gelee-legere-niir\/#primaryimage\"},\"thumbnailUrl\":\"https:\/\/shop.tribusurbaines.com\/wp-content\/uploads\/2023\/08\/la-gelee-la-plume-niir-1.jpg\",\"datePublished\":\"2023-08-25T14:24:19+00:00\",\"dateModified\":\"2026-04-14T14:31:36+00:00\",\"breadcrumb\":{\"@id\":\"https:\/\/shop.tribusurbaines.com\/en\/product\/gelee-legere-niir\/#breadcrumb\"},\"inLanguage\":\"en-US\",\"potentialAction\":[{\"@type\":\"ReadAction\",\"target\":[\"https:\/\/shop.tribusurbaines.com\/en\/product\/gelee-legere-niir\/\"]}]},{\"@type\":\"ImageObject\",\"inLanguage\":\"en-US\",\"@id\":\"https:\/\/shop.tribusurbaines.com\/en\/product\/gelee-legere-niir\/#primaryimage\",\"url\":\"https:\/\/shop.tribusurbaines.com\/wp-content\/uploads\/2023\/08\/la-gelee-la-plume-niir-1.jpg\",\"contentUrl\":\"https:\/\/shop.tribusurbaines.com\/wp-content\/uploads\/2023\/08\/la-gelee-la-plume-niir-1.jpg\",\"width\":800,\"height\":800},{\"@type\":\"BreadcrumbList\",\"@id\":\"https:\/\/shop.tribusurbaines.com\/en\/product\/gelee-legere-niir\/#breadcrumb\",\"itemListElement\":[{\"@type\":\"ListItem\",\"position\":1,\"name\":\"Accueil\",\"item\":\"https:\/\/shop.tribusurbaines.com\/en\/\"},{\"@type\":\"ListItem\",\"position\":2,\"name\":\"Shop\",\"item\":\"https:\/\/shop.tribusurbaines.com\/shop-2\/\"},{\"@type\":\"ListItem\",\"position\":3,\"name\":\"Gel\u00e9e l\u00e9g\u00e8re de chez Niir\"}]},{\"@type\":\"WebSite\",\"@id\":\"https:\/\/shop.tribusurbaines.com\/#website\",\"url\":\"https:\/\/shop.tribusurbaines.com\/\",\"name\":\"Le Shop Tribus Urbaines\",\"description\":\"Pour toutes les t\u00eates boucl\u00e9es, fris\u00e9es, cr\u00e9pus ou afros\",\"publisher\":{\"@id\":\"https:\/\/shop.tribusurbaines.com\/#organization\"},\"potentialAction\":[{\"@type\":\"SearchAction\",\"target\":{\"@type\":\"EntryPoint\",\"urlTemplate\":\"https:\/\/shop.tribusurbaines.com\/?s={search_term_string}\"},\"query-input\":{\"@type\":\"PropertyValueSpecification\",\"valueRequired\":true,\"valueName\":\"search_term_string\"}}],\"inLanguage\":\"en-US\"},{\"@type\":\"Organization\",\"@id\":\"https:\/\/shop.tribusurbaines.com\/#organization\",\"name\":\"Le Shop Tribus Urbaines\",\"url\":\"https:\/\/shop.tribusurbaines.com\/\",\"logo\":{\"@type\":\"ImageObject\",\"inLanguage\":\"en-US\",\"@id\":\"https:\/\/shop.tribusurbaines.com\/#\/schema\/logo\/image\/\",\"url\":\"https:\/\/shop.tribusurbaines.com\/wp-content\/uploads\/2023\/12\/cropped-logo_boutique.jpg\",\"contentUrl\":\"https:\/\/shop.tribusurbaines.com\/wp-content\/uploads\/2023\/12\/cropped-logo_boutique.jpg\",\"width\":139,\"height\":80,\"caption\":\"Le Shop Tribus Urbaines\"},\"image\":{\"@id\":\"https:\/\/shop.tribusurbaines.com\/#\/schema\/logo\/image\/\"}}]}<\/script>\n<!-- \/ Yoast SEO plugin. -->","yoast_head_json":{"title":"Gel\u00e9e l\u00e9g\u00e8re de chez Niir - Le Shop Tribus Urbaines","robots":{"index":"index","follow":"follow","max-snippet":"max-snippet:-1","max-image-preview":"max-image-preview:large","max-video-preview":"max-video-preview:-1"},"canonical":"https:\/\/shop.tribusurbaines.com\/en\/product\/gelee-legere-niir\/","og_locale":"en_US","og_type":"article","og_title":"Gel\u00e9e l\u00e9g\u00e8re de chez Niir - Le Shop Tribus Urbaines","og_description":"La plume\u00a0est une gel\u00e9e l\u00e9g\u00e8re qui ne va pas cartonner vos cheveux. Elle s'applique seule ou accompagn\u00e9e de votre cr\u00e8me coiffante.  &nbsp;  225 ml","og_url":"https:\/\/shop.tribusurbaines.com\/en\/product\/gelee-legere-niir\/","og_site_name":"Le Shop Tribus Urbaines","article_modified_time":"2026-04-14T14:31:36+00:00","og_image":[{"width":800,"height":800,"url":"https:\/\/shop.tribusurbaines.com\/wp-content\/uploads\/2023\/08\/la-gelee-la-plume-niir-1.jpg","type":"image\/jpeg"}],"twitter_card":"summary_large_image","twitter_misc":{"Est. reading time":"2 minutes"},"schema":{"@context":"https:\/\/schema.org","@graph":[{"@type":"WebPage","@id":"https:\/\/shop.tribusurbaines.com\/en\/product\/gelee-legere-niir\/","url":"https:\/\/shop.tribusurbaines.com\/en\/product\/gelee-legere-niir\/","name":"Gel\u00e9e l\u00e9g\u00e8re de chez Niir - Le Shop Tribus Urbaines","isPartOf":{"@id":"https:\/\/shop.tribusurbaines.com\/#website"},"primaryImageOfPage":{"@id":"https:\/\/shop.tribusurbaines.com\/en\/product\/gelee-legere-niir\/#primaryimage"},"image":{"@id":"https:\/\/shop.tribusurbaines.com\/en\/product\/gelee-legere-niir\/#primaryimage"},"thumbnailUrl":"https:\/\/shop.tribusurbaines.com\/wp-content\/uploads\/2023\/08\/la-gelee-la-plume-niir-1.jpg","datePublished":"2023-08-25T14:24:19+00:00","dateModified":"2026-04-14T14:31:36+00:00","breadcrumb":{"@id":"https:\/\/shop.tribusurbaines.com\/en\/product\/gelee-legere-niir\/#breadcrumb"},"inLanguage":"en-US","potentialAction":[{"@type":"ReadAction","target":["https:\/\/shop.tribusurbaines.com\/en\/product\/gelee-legere-niir\/"]}]},{"@type":"ImageObject","inLanguage":"en-US","@id":"https:\/\/shop.tribusurbaines.com\/en\/product\/gelee-legere-niir\/#primaryimage","url":"https:\/\/shop.tribusurbaines.com\/wp-content\/uploads\/2023\/08\/la-gelee-la-plume-niir-1.jpg","contentUrl":"https:\/\/shop.tribusurbaines.com\/wp-content\/uploads\/2023\/08\/la-gelee-la-plume-niir-1.jpg","width":800,"height":800},{"@type":"BreadcrumbList","@id":"https:\/\/shop.tribusurbaines.com\/en\/product\/gelee-legere-niir\/#breadcrumb","itemListElement":[{"@type":"ListItem","position":1,"name":"Accueil","item":"https:\/\/shop.tribusurbaines.com\/en\/"},{"@type":"ListItem","position":2,"name":"Shop","item":"https:\/\/shop.tribusurbaines.com\/shop-2\/"},{"@type":"ListItem","position":3,"name":"Gel\u00e9e l\u00e9g\u00e8re de chez Niir"}]},{"@type":"WebSite","@id":"https:\/\/shop.tribusurbaines.com\/#website","url":"https:\/\/shop.tribusurbaines.com\/","name":"Le Shop Tribus Urbaines","description":"Pour toutes les t\u00eates boucl\u00e9es, fris\u00e9es, cr\u00e9pus ou afros","publisher":{"@id":"https:\/\/shop.tribusurbaines.com\/#organization"},"potentialAction":[{"@type":"SearchAction","target":{"@type":"EntryPoint","urlTemplate":"https:\/\/shop.tribusurbaines.com\/?s={search_term_string}"},"query-input":{"@type":"PropertyValueSpecification","valueRequired":true,"valueName":"search_term_string"}}],"inLanguage":"en-US"},{"@type":"Organization","@id":"https:\/\/shop.tribusurbaines.com\/#organization","name":"Le Shop Tribus Urbaines","url":"https:\/\/shop.tribusurbaines.com\/","logo":{"@type":"ImageObject","inLanguage":"en-US","@id":"https:\/\/shop.tribusurbaines.com\/#\/schema\/logo\/image\/","url":"https:\/\/shop.tribusurbaines.com\/wp-content\/uploads\/2023\/12\/cropped-logo_boutique.jpg","contentUrl":"https:\/\/shop.tribusurbaines.com\/wp-content\/uploads\/2023\/12\/cropped-logo_boutique.jpg","width":139,"height":80,"caption":"Le Shop Tribus Urbaines"},"image":{"@id":"https:\/\/shop.tribusurbaines.com\/#\/schema\/logo\/image\/"}}]}},"_links":{"self":[{"href":"https:\/\/shop.tribusurbaines.com\/en\/wp-json\/wp\/v2\/product\/8294"}],"collection":[{"href":"https:\/\/shop.tribusurbaines.com\/en\/wp-json\/wp\/v2\/product"}],"about":[{"href":"https:\/\/shop.tribusurbaines.com\/en\/wp-json\/wp\/v2\/types\/product"}],"replies":[{"embeddable":true,"href":"https:\/\/shop.tribusurbaines.com\/en\/wp-json\/wp\/v2\/comments?post=8294"}],"wp:featuredmedia":[{"embeddable":true,"href":"https:\/\/shop.tribusurbaines.com\/en\/wp-json\/wp\/v2\/media\/9644"}],"wp:attachment":[{"href":"https:\/\/shop.tribusurbaines.com\/en\/wp-json\/wp\/v2\/media?parent=8294"}],"wp:term":[{"taxonomy":"product_brand","embeddable":true,"href":"https:\/\/shop.tribusurbaines.com\/en\/wp-json\/wp\/v2\/product_brand?post=8294"},{"taxonomy":"product_cat","embeddable":true,"href":"https:\/\/shop.tribusurbaines.com\/en\/wp-json\/wp\/v2\/product_cat?post=8294"},{"taxonomy":"product_tag","embeddable":true,"href":"https:\/\/shop.tribusurbaines.com\/en\/wp-json\/wp\/v2\/product_tag?post=8294"}],"curies":[{"name":"wp","href":"https:\/\/api.w.org\/{rel}","templated":true}]}}