{"id":8172,"date":"2023-06-14T15:56:25","date_gmt":"2023-06-14T13:56:25","guid":{"rendered":"https:\/\/shop.tribusurbaines.com\/?post_type=product&#038;p=8172"},"modified":"2026-02-03T13:42:20","modified_gmt":"2026-02-03T12:42:20","slug":"huile-de-macadamia","status":"publish","type":"product","link":"https:\/\/shop.tribusurbaines.com\/en\/product\/huile-de-macadamia\/","title":{"rendered":"Huile de macadamia, protectrice et sublimatrice de colorations"},"content":{"rendered":"<div class=\"wpb-content-wrapper\">[vc_row][vc_column][vc_column_text]\n<h3>Conseils d&#8217;utilisation<\/h3>\n<p>Transforme ton apr\u00e8s-shampoing en soin en y ajoutant 1\/3 d&#8217;huile de macadamia (\u00e9ventuellement m\u00e9lang\u00e9e avec une autre huile) pour 2\/3 d&#8217;apr\u00e8s shampoing. Applique le m\u00e9lange sur tes cheveux mouill\u00e9s et propres puis laisse poser entre 30 \u00e0 45 minutes. \u00a0Ce soin protecteur hydrate tes cheveux en profondeur et donne \u00e9clat et lumi\u00e8re \u00e0 ta coloration<span style=\"font-size: 16px;\">.<\/span><\/p>\n<h3>Marque<\/h3>\n<p><a href=\"https:\/\/shop.tribusurbaines.com\/categorie\/indispensable-pour-tes-boucles\/gamme-tribus-urbaines\/\"><span data-sheets-value=\"{&quot;1&quot;:2,&quot;2&quot;:&quot;Aqua (Eau purifi\u00e9e), M\u00e9lange d'herbes certifi\u00e9 biologique de Calendula, Arctium Lappa (Racine de Bardane), Urtica Diotica (Feuille d'Ortie), Rosemarinus Officinalis (Romarin) et Pissenlit et Equisetum Arvense (Pr\u00eale) r\u00e9colt\u00e9s dans la nature, Calendula Officinalis biologique (Extrait de Calendula), Olea Europea biologique (Huile d'Olive), Camella Oleifera biologique (Extrait de feuille de Cam\u00e9lia), Hypericum Perforatum, Laminaria Digitata (Algue marine de la c\u00f4te ouest), Decylpolyglucoside, Coco Betaine, Glyc\u00e9rine v\u00e9g\u00e9tale, Cannabid Sativa (Huile de Chanvre), Panth\u00e9nol (Vitamine B5), Cyamopsis Tetragonoloba (Gomme de Guar), Acide citrique, Polyaminopropyl Buiguinide, Huile essentielle de Lavandula Angustifolia (Lavande).&quot;}\" data-sheets-userformat=\"{&quot;2&quot;:15235,&quot;3&quot;:{&quot;1&quot;:0},&quot;4&quot;:{&quot;1&quot;:2,&quot;2&quot;:12968115},&quot;10&quot;:0,&quot;11&quot;:4,&quot;12&quot;:0,&quot;14&quot;:{&quot;1&quot;:2,&quot;2&quot;:0},&quot;15&quot;:&quot;Calibri&quot;,&quot;16&quot;:9}\">TRIBUS URBAINES<\/span><\/a>[\/vc_column_text][vc_toggle title=&#8221;Ingr\u00e9dients&#8221;]\n<p class=\"LC20lb MBeuO DKV0Md\">MACADAMIA TERNIFOLIA SEED OIL ( huile de macadamia )<\/p>\n[\/vc_toggle][\/vc_column][\/vc_row]\n<\/div>","protected":false},"excerpt":{"rendered":"<p>L&#8217;huile de macadamia aide \u00e0 pr\u00e9server les couleurs capillaires et agit \u00e9galement comme protectrice capillaire, elle limite les agressions ext\u00e9rieures (vent, froid, exposition solaire).<\/p>\n<p>100 ml<\/p>\n<p><img decoding=\"async\" class=\"alignleft wp-image-8753\" src=\"https:\/\/shop.tribusurbaines.com\/wp-content\/uploads\/2023\/12\/icones-fr-1024x171-1.jpg\" alt=\"\" width=\"114\" height=\"85\" srcset=\"https:\/\/shop.tribusurbaines.com\/wp-content\/uploads\/2023\/12\/icones-fr-1024x171-1.jpg 230w, https:\/\/shop.tribusurbaines.com\/wp-content\/uploads\/2023\/12\/icones-fr-1024x171-1-150x112.jpg 150w\" sizes=\"(max-width: 114px) 100vw, 114px\" \/><\/p>\n","protected":false},"featured_media":9541,"comment_status":"closed","ping_status":"closed","template":"","meta":[],"product_brand":[],"product_cat":[137,123,226,141],"product_tag":[],"class_list":{"0":"post-8172","1":"product","2":"type-product","3":"status-publish","4":"has-post-thumbnail","6":"product_cat-hair-oils","7":"product_cat-basics-for-your-curls","8":"product_cat-gamme-tribus-urbaines","9":"product_cat-selection-du-mois-en","11":"first","12":"instock","13":"shipping-taxable","14":"purchasable","15":"product-type-simple"},"yoast_head":"<!-- This site is optimized with the Yoast SEO plugin v23.6 - https:\/\/yoast.com\/wordpress\/plugins\/seo\/ -->\n<title>Huile de macadamia, protectrice et sublimatrice de colorations - Le Shop Tribus Urbaines<\/title>\n<meta name=\"robots\" content=\"index, follow, max-snippet:-1, max-image-preview:large, max-video-preview:-1\" \/>\n<link rel=\"canonical\" href=\"https:\/\/shop.tribusurbaines.com\/en\/product\/huile-de-macadamia\/\" \/>\n<meta property=\"og:locale\" content=\"en_US\" \/>\n<meta property=\"og:type\" content=\"article\" \/>\n<meta property=\"og:title\" content=\"Huile de macadamia, protectrice et sublimatrice de colorations - Le Shop Tribus Urbaines\" \/>\n<meta property=\"og:description\" content=\"L&#039;huile de macadamia aide \u00e0 pr\u00e9server les couleurs capillaires et agit \u00e9galement comme protectrice capillaire, elle limite les agressions ext\u00e9rieures (vent, froid, exposition solaire).  100 ml\" \/>\n<meta property=\"og:url\" content=\"https:\/\/shop.tribusurbaines.com\/en\/product\/huile-de-macadamia\/\" \/>\n<meta property=\"og:site_name\" content=\"Le Shop Tribus Urbaines\" \/>\n<meta property=\"article:modified_time\" content=\"2026-02-03T12:42:20+00:00\" \/>\n<meta property=\"og:image\" content=\"https:\/\/shop.tribusurbaines.com\/wp-content\/uploads\/2023\/06\/MACADAMIA.png\" \/>\n\t<meta property=\"og:image:width\" content=\"2160\" \/>\n\t<meta property=\"og:image:height\" content=\"2160\" \/>\n\t<meta property=\"og:image:type\" content=\"image\/png\" \/>\n<meta name=\"twitter:card\" content=\"summary_large_image\" \/>\n<meta name=\"twitter:label1\" content=\"Est. reading time\" \/>\n\t<meta name=\"twitter:data1\" content=\"1 minute\" \/>\n<script type=\"application\/ld+json\" class=\"yoast-schema-graph\">{\"@context\":\"https:\/\/schema.org\",\"@graph\":[{\"@type\":\"WebPage\",\"@id\":\"https:\/\/shop.tribusurbaines.com\/en\/product\/huile-de-macadamia\/\",\"url\":\"https:\/\/shop.tribusurbaines.com\/en\/product\/huile-de-macadamia\/\",\"name\":\"Huile de macadamia, protectrice et sublimatrice de colorations - Le Shop Tribus Urbaines\",\"isPartOf\":{\"@id\":\"https:\/\/shop.tribusurbaines.com\/#website\"},\"primaryImageOfPage\":{\"@id\":\"https:\/\/shop.tribusurbaines.com\/en\/product\/huile-de-macadamia\/#primaryimage\"},\"image\":{\"@id\":\"https:\/\/shop.tribusurbaines.com\/en\/product\/huile-de-macadamia\/#primaryimage\"},\"thumbnailUrl\":\"https:\/\/shop.tribusurbaines.com\/wp-content\/uploads\/2023\/06\/MACADAMIA.png\",\"datePublished\":\"2023-06-14T13:56:25+00:00\",\"dateModified\":\"2026-02-03T12:42:20+00:00\",\"breadcrumb\":{\"@id\":\"https:\/\/shop.tribusurbaines.com\/en\/product\/huile-de-macadamia\/#breadcrumb\"},\"inLanguage\":\"en-US\",\"potentialAction\":[{\"@type\":\"ReadAction\",\"target\":[\"https:\/\/shop.tribusurbaines.com\/en\/product\/huile-de-macadamia\/\"]}]},{\"@type\":\"ImageObject\",\"inLanguage\":\"en-US\",\"@id\":\"https:\/\/shop.tribusurbaines.com\/en\/product\/huile-de-macadamia\/#primaryimage\",\"url\":\"https:\/\/shop.tribusurbaines.com\/wp-content\/uploads\/2023\/06\/MACADAMIA.png\",\"contentUrl\":\"https:\/\/shop.tribusurbaines.com\/wp-content\/uploads\/2023\/06\/MACADAMIA.png\",\"width\":2160,\"height\":2160},{\"@type\":\"BreadcrumbList\",\"@id\":\"https:\/\/shop.tribusurbaines.com\/en\/product\/huile-de-macadamia\/#breadcrumb\",\"itemListElement\":[{\"@type\":\"ListItem\",\"position\":1,\"name\":\"Accueil\",\"item\":\"https:\/\/shop.tribusurbaines.com\/en\/\"},{\"@type\":\"ListItem\",\"position\":2,\"name\":\"Shop\",\"item\":\"https:\/\/shop.tribusurbaines.com\/shop-2\/\"},{\"@type\":\"ListItem\",\"position\":3,\"name\":\"Huile de macadamia, protectrice et sublimatrice de colorations\"}]},{\"@type\":\"WebSite\",\"@id\":\"https:\/\/shop.tribusurbaines.com\/#website\",\"url\":\"https:\/\/shop.tribusurbaines.com\/\",\"name\":\"Le Shop Tribus Urbaines\",\"description\":\"Pour toutes les t\u00eates boucl\u00e9es, fris\u00e9es, cr\u00e9pus ou afros\",\"publisher\":{\"@id\":\"https:\/\/shop.tribusurbaines.com\/#organization\"},\"potentialAction\":[{\"@type\":\"SearchAction\",\"target\":{\"@type\":\"EntryPoint\",\"urlTemplate\":\"https:\/\/shop.tribusurbaines.com\/?s={search_term_string}\"},\"query-input\":{\"@type\":\"PropertyValueSpecification\",\"valueRequired\":true,\"valueName\":\"search_term_string\"}}],\"inLanguage\":\"en-US\"},{\"@type\":\"Organization\",\"@id\":\"https:\/\/shop.tribusurbaines.com\/#organization\",\"name\":\"Le Shop Tribus Urbaines\",\"url\":\"https:\/\/shop.tribusurbaines.com\/\",\"logo\":{\"@type\":\"ImageObject\",\"inLanguage\":\"en-US\",\"@id\":\"https:\/\/shop.tribusurbaines.com\/#\/schema\/logo\/image\/\",\"url\":\"https:\/\/shop.tribusurbaines.com\/wp-content\/uploads\/2023\/12\/cropped-logo_boutique.jpg\",\"contentUrl\":\"https:\/\/shop.tribusurbaines.com\/wp-content\/uploads\/2023\/12\/cropped-logo_boutique.jpg\",\"width\":139,\"height\":80,\"caption\":\"Le Shop Tribus Urbaines\"},\"image\":{\"@id\":\"https:\/\/shop.tribusurbaines.com\/#\/schema\/logo\/image\/\"}}]}<\/script>\n<!-- \/ Yoast SEO plugin. -->","yoast_head_json":{"title":"Huile de macadamia, protectrice et sublimatrice de colorations - Le Shop Tribus Urbaines","robots":{"index":"index","follow":"follow","max-snippet":"max-snippet:-1","max-image-preview":"max-image-preview:large","max-video-preview":"max-video-preview:-1"},"canonical":"https:\/\/shop.tribusurbaines.com\/en\/product\/huile-de-macadamia\/","og_locale":"en_US","og_type":"article","og_title":"Huile de macadamia, protectrice et sublimatrice de colorations - Le Shop Tribus Urbaines","og_description":"L'huile de macadamia aide \u00e0 pr\u00e9server les couleurs capillaires et agit \u00e9galement comme protectrice capillaire, elle limite les agressions ext\u00e9rieures (vent, froid, exposition solaire).  100 ml","og_url":"https:\/\/shop.tribusurbaines.com\/en\/product\/huile-de-macadamia\/","og_site_name":"Le Shop Tribus Urbaines","article_modified_time":"2026-02-03T12:42:20+00:00","og_image":[{"width":2160,"height":2160,"url":"https:\/\/shop.tribusurbaines.com\/wp-content\/uploads\/2023\/06\/MACADAMIA.png","type":"image\/png"}],"twitter_card":"summary_large_image","twitter_misc":{"Est. reading time":"1 minute"},"schema":{"@context":"https:\/\/schema.org","@graph":[{"@type":"WebPage","@id":"https:\/\/shop.tribusurbaines.com\/en\/product\/huile-de-macadamia\/","url":"https:\/\/shop.tribusurbaines.com\/en\/product\/huile-de-macadamia\/","name":"Huile de macadamia, protectrice et sublimatrice de colorations - Le Shop Tribus Urbaines","isPartOf":{"@id":"https:\/\/shop.tribusurbaines.com\/#website"},"primaryImageOfPage":{"@id":"https:\/\/shop.tribusurbaines.com\/en\/product\/huile-de-macadamia\/#primaryimage"},"image":{"@id":"https:\/\/shop.tribusurbaines.com\/en\/product\/huile-de-macadamia\/#primaryimage"},"thumbnailUrl":"https:\/\/shop.tribusurbaines.com\/wp-content\/uploads\/2023\/06\/MACADAMIA.png","datePublished":"2023-06-14T13:56:25+00:00","dateModified":"2026-02-03T12:42:20+00:00","breadcrumb":{"@id":"https:\/\/shop.tribusurbaines.com\/en\/product\/huile-de-macadamia\/#breadcrumb"},"inLanguage":"en-US","potentialAction":[{"@type":"ReadAction","target":["https:\/\/shop.tribusurbaines.com\/en\/product\/huile-de-macadamia\/"]}]},{"@type":"ImageObject","inLanguage":"en-US","@id":"https:\/\/shop.tribusurbaines.com\/en\/product\/huile-de-macadamia\/#primaryimage","url":"https:\/\/shop.tribusurbaines.com\/wp-content\/uploads\/2023\/06\/MACADAMIA.png","contentUrl":"https:\/\/shop.tribusurbaines.com\/wp-content\/uploads\/2023\/06\/MACADAMIA.png","width":2160,"height":2160},{"@type":"BreadcrumbList","@id":"https:\/\/shop.tribusurbaines.com\/en\/product\/huile-de-macadamia\/#breadcrumb","itemListElement":[{"@type":"ListItem","position":1,"name":"Accueil","item":"https:\/\/shop.tribusurbaines.com\/en\/"},{"@type":"ListItem","position":2,"name":"Shop","item":"https:\/\/shop.tribusurbaines.com\/shop-2\/"},{"@type":"ListItem","position":3,"name":"Huile de macadamia, protectrice et sublimatrice de colorations"}]},{"@type":"WebSite","@id":"https:\/\/shop.tribusurbaines.com\/#website","url":"https:\/\/shop.tribusurbaines.com\/","name":"Le Shop Tribus Urbaines","description":"Pour toutes les t\u00eates boucl\u00e9es, fris\u00e9es, cr\u00e9pus ou afros","publisher":{"@id":"https:\/\/shop.tribusurbaines.com\/#organization"},"potentialAction":[{"@type":"SearchAction","target":{"@type":"EntryPoint","urlTemplate":"https:\/\/shop.tribusurbaines.com\/?s={search_term_string}"},"query-input":{"@type":"PropertyValueSpecification","valueRequired":true,"valueName":"search_term_string"}}],"inLanguage":"en-US"},{"@type":"Organization","@id":"https:\/\/shop.tribusurbaines.com\/#organization","name":"Le Shop Tribus Urbaines","url":"https:\/\/shop.tribusurbaines.com\/","logo":{"@type":"ImageObject","inLanguage":"en-US","@id":"https:\/\/shop.tribusurbaines.com\/#\/schema\/logo\/image\/","url":"https:\/\/shop.tribusurbaines.com\/wp-content\/uploads\/2023\/12\/cropped-logo_boutique.jpg","contentUrl":"https:\/\/shop.tribusurbaines.com\/wp-content\/uploads\/2023\/12\/cropped-logo_boutique.jpg","width":139,"height":80,"caption":"Le Shop Tribus Urbaines"},"image":{"@id":"https:\/\/shop.tribusurbaines.com\/#\/schema\/logo\/image\/"}}]}},"_links":{"self":[{"href":"https:\/\/shop.tribusurbaines.com\/en\/wp-json\/wp\/v2\/product\/8172"}],"collection":[{"href":"https:\/\/shop.tribusurbaines.com\/en\/wp-json\/wp\/v2\/product"}],"about":[{"href":"https:\/\/shop.tribusurbaines.com\/en\/wp-json\/wp\/v2\/types\/product"}],"replies":[{"embeddable":true,"href":"https:\/\/shop.tribusurbaines.com\/en\/wp-json\/wp\/v2\/comments?post=8172"}],"wp:featuredmedia":[{"embeddable":true,"href":"https:\/\/shop.tribusurbaines.com\/en\/wp-json\/wp\/v2\/media\/9541"}],"wp:attachment":[{"href":"https:\/\/shop.tribusurbaines.com\/en\/wp-json\/wp\/v2\/media?parent=8172"}],"wp:term":[{"taxonomy":"product_brand","embeddable":true,"href":"https:\/\/shop.tribusurbaines.com\/en\/wp-json\/wp\/v2\/product_brand?post=8172"},{"taxonomy":"product_cat","embeddable":true,"href":"https:\/\/shop.tribusurbaines.com\/en\/wp-json\/wp\/v2\/product_cat?post=8172"},{"taxonomy":"product_tag","embeddable":true,"href":"https:\/\/shop.tribusurbaines.com\/en\/wp-json\/wp\/v2\/product_tag?post=8172"}],"curies":[{"name":"wp","href":"https:\/\/api.w.org\/{rel}","templated":true}]}}