{"id":8161,"date":"2023-06-13T15:56:31","date_gmt":"2023-06-13T13:56:31","guid":{"rendered":"https:\/\/shop.tribusurbaines.com\/?post_type=product&#038;p=8161"},"modified":"2025-02-03T16:29:50","modified_gmt":"2025-02-03T15:29:50","slug":"huile-de-jojoba","status":"publish","type":"product","link":"https:\/\/shop.tribusurbaines.com\/en\/product\/huile-de-jojoba\/","title":{"rendered":"Huile de jojoba, nourrissante et r\u00e9gulatrice de s\u00e9bum"},"content":{"rendered":"<div class=\"wpb-content-wrapper\">[vc_row][vc_column][vc_column_text]\n<h3>Conseils d&#8217;utilisation<\/h3>\n<p>Transforme ton apr\u00e8s-shampoing en soin en y ajoutant 1\/3 d&#8217;huile pour 2\/3 d&#8217;apr\u00e8s shampoing. Applique le m\u00e9lange sur tes cheveux mouill\u00e9s et propres puis laisse poser entre 30 \u00e0 45 minutes. \u00a0Ce soin renforce l&#8217;hydratation en profondeur et donne \u00e9clat et souplesse \u00e0 tes cheveux<span style=\"font-size: 16px;\">.<\/span> Tu peux \u00e9galement utiliser cette huile en huile de finition pour sceller et emprisonner l&#8217;hydratation.<\/p>\n<h3>Marque<\/h3>\n<p><span data-sheets-value=\"{&quot;1&quot;:2,&quot;2&quot;:&quot;Aqua (Eau purifi\u00e9e), M\u00e9lange d'herbes certifi\u00e9 biologique de Calendula, Arctium Lappa (Racine de Bardane), Urtica Diotica (Feuille d'Ortie), Rosemarinus Officinalis (Romarin) et Pissenlit et Equisetum Arvense (Pr\u00eale) r\u00e9colt\u00e9s dans la nature, Calendula Officinalis biologique (Extrait de Calendula), Olea Europea biologique (Huile d'Olive), Camella Oleifera biologique (Extrait de feuille de Cam\u00e9lia), Hypericum Perforatum, Laminaria Digitata (Algue marine de la c\u00f4te ouest), Decylpolyglucoside, Coco Betaine, Glyc\u00e9rine v\u00e9g\u00e9tale, Cannabid Sativa (Huile de Chanvre), Panth\u00e9nol (Vitamine B5), Cyamopsis Tetragonoloba (Gomme de Guar), Acide citrique, Polyaminopropyl Buiguinide, Huile essentielle de Lavandula Angustifolia (Lavande).&quot;}\" data-sheets-userformat=\"{&quot;2&quot;:15235,&quot;3&quot;:{&quot;1&quot;:0},&quot;4&quot;:{&quot;1&quot;:2,&quot;2&quot;:12968115},&quot;10&quot;:0,&quot;11&quot;:4,&quot;12&quot;:0,&quot;14&quot;:{&quot;1&quot;:2,&quot;2&quot;:0},&quot;15&quot;:&quot;Calibri&quot;,&quot;16&quot;:9}\">Tribus urbaines<\/span>[\/vc_column_text][vc_toggle title=&#8221;Ingr\u00e9dients&#8221;]<em>SIMMONDSIA CHINENSIS SEED OIL (huile de jojoba)<\/em>.[\/vc_toggle][\/vc_column][\/vc_row]\n<\/div>","protected":false},"excerpt":{"rendered":"<p>L&#8217;huile de jojoba r\u00e9\u00e9quilibre les cheveux gras en normalisant la production de s\u00e9bum tout en redonnant vitalit\u00e9 aux cheveux secs et cassants.<br \/>\nElle am\u00e9liore \u00e9galement leur brillance et leur souplesse en leur apportant de la nutrition.<br \/>\nElle est aussi r\u00e9put\u00e9e pour enrayer la chute des cheveux.<\/p>\n<p>100 ml<\/p>\n<p><img decoding=\"async\" class=\"alignleft wp-image-8753\" src=\"https:\/\/shop.tribusurbaines.com\/wp-content\/uploads\/2023\/12\/icones-fr-1024x171-1.jpg\" alt=\"\" width=\"115\" height=\"85\" srcset=\"https:\/\/shop.tribusurbaines.com\/wp-content\/uploads\/2023\/12\/icones-fr-1024x171-1.jpg 230w, https:\/\/shop.tribusurbaines.com\/wp-content\/uploads\/2023\/12\/icones-fr-1024x171-1-150x112.jpg 150w\" sizes=\"(max-width: 115px) 100vw, 115px\" \/><\/p>\n","protected":false},"featured_media":9558,"comment_status":"closed","ping_status":"closed","template":"","meta":[],"product_brand":[],"product_cat":[137,123,226,141],"product_tag":[],"class_list":{"0":"post-8161","1":"product","2":"type-product","3":"status-publish","4":"has-post-thumbnail","6":"product_cat-hair-oils","7":"product_cat-basics-for-your-curls","8":"product_cat-gamme-tribus-urbaines","9":"product_cat-selection-du-mois-en","11":"first","12":"outofstock","13":"shipping-taxable","14":"purchasable","15":"product-type-simple"},"yoast_head":"<!-- This site is optimized with the Yoast SEO plugin v23.6 - https:\/\/yoast.com\/wordpress\/plugins\/seo\/ -->\n<title>Huile de jojoba, nourrissante et r\u00e9gulatrice de s\u00e9bum - Le Shop Tribus Urbaines<\/title>\n<meta name=\"robots\" content=\"index, follow, max-snippet:-1, max-image-preview:large, max-video-preview:-1\" \/>\n<link rel=\"canonical\" href=\"https:\/\/shop.tribusurbaines.com\/en\/product\/huile-de-jojoba\/\" \/>\n<meta property=\"og:locale\" content=\"en_US\" \/>\n<meta property=\"og:type\" content=\"article\" \/>\n<meta property=\"og:title\" content=\"Huile de jojoba, nourrissante et r\u00e9gulatrice de s\u00e9bum - Le Shop Tribus Urbaines\" \/>\n<meta property=\"og:description\" content=\"L&#039;huile de jojoba r\u00e9\u00e9quilibre les cheveux gras en normalisant la production de s\u00e9bum tout en redonnant vitalit\u00e9 aux cheveux secs et cassants. Elle am\u00e9liore \u00e9galement leur brillance et leur souplesse en leur apportant de la nutrition. Elle est aussi r\u00e9put\u00e9e pour enrayer la chute des cheveux.  100 ml\" \/>\n<meta property=\"og:url\" content=\"https:\/\/shop.tribusurbaines.com\/en\/product\/huile-de-jojoba\/\" \/>\n<meta property=\"og:site_name\" content=\"Le Shop Tribus Urbaines\" \/>\n<meta property=\"article:modified_time\" content=\"2025-02-03T15:29:50+00:00\" \/>\n<meta property=\"og:image\" content=\"https:\/\/shop.tribusurbaines.com\/wp-content\/uploads\/2023\/06\/JOJOBA.png\" \/>\n\t<meta property=\"og:image:width\" content=\"2160\" \/>\n\t<meta property=\"og:image:height\" content=\"2160\" \/>\n\t<meta property=\"og:image:type\" content=\"image\/png\" \/>\n<meta name=\"twitter:card\" content=\"summary_large_image\" \/>\n<meta name=\"twitter:label1\" content=\"Est. reading time\" \/>\n\t<meta name=\"twitter:data1\" content=\"1 minute\" \/>\n<script type=\"application\/ld+json\" class=\"yoast-schema-graph\">{\"@context\":\"https:\/\/schema.org\",\"@graph\":[{\"@type\":\"WebPage\",\"@id\":\"https:\/\/shop.tribusurbaines.com\/en\/product\/huile-de-jojoba\/\",\"url\":\"https:\/\/shop.tribusurbaines.com\/en\/product\/huile-de-jojoba\/\",\"name\":\"Huile de jojoba, nourrissante et r\u00e9gulatrice de s\u00e9bum - Le Shop Tribus Urbaines\",\"isPartOf\":{\"@id\":\"https:\/\/shop.tribusurbaines.com\/#website\"},\"primaryImageOfPage\":{\"@id\":\"https:\/\/shop.tribusurbaines.com\/en\/product\/huile-de-jojoba\/#primaryimage\"},\"image\":{\"@id\":\"https:\/\/shop.tribusurbaines.com\/en\/product\/huile-de-jojoba\/#primaryimage\"},\"thumbnailUrl\":\"https:\/\/shop.tribusurbaines.com\/wp-content\/uploads\/2023\/06\/JOJOBA.png\",\"datePublished\":\"2023-06-13T13:56:31+00:00\",\"dateModified\":\"2025-02-03T15:29:50+00:00\",\"breadcrumb\":{\"@id\":\"https:\/\/shop.tribusurbaines.com\/en\/product\/huile-de-jojoba\/#breadcrumb\"},\"inLanguage\":\"en-US\",\"potentialAction\":[{\"@type\":\"ReadAction\",\"target\":[\"https:\/\/shop.tribusurbaines.com\/en\/product\/huile-de-jojoba\/\"]}]},{\"@type\":\"ImageObject\",\"inLanguage\":\"en-US\",\"@id\":\"https:\/\/shop.tribusurbaines.com\/en\/product\/huile-de-jojoba\/#primaryimage\",\"url\":\"https:\/\/shop.tribusurbaines.com\/wp-content\/uploads\/2023\/06\/JOJOBA.png\",\"contentUrl\":\"https:\/\/shop.tribusurbaines.com\/wp-content\/uploads\/2023\/06\/JOJOBA.png\",\"width\":2160,\"height\":2160},{\"@type\":\"BreadcrumbList\",\"@id\":\"https:\/\/shop.tribusurbaines.com\/en\/product\/huile-de-jojoba\/#breadcrumb\",\"itemListElement\":[{\"@type\":\"ListItem\",\"position\":1,\"name\":\"Accueil\",\"item\":\"https:\/\/shop.tribusurbaines.com\/en\/\"},{\"@type\":\"ListItem\",\"position\":2,\"name\":\"Shop\",\"item\":\"https:\/\/shop.tribusurbaines.com\/shop-2\/\"},{\"@type\":\"ListItem\",\"position\":3,\"name\":\"Huile de jojoba, nourrissante et r\u00e9gulatrice de s\u00e9bum\"}]},{\"@type\":\"WebSite\",\"@id\":\"https:\/\/shop.tribusurbaines.com\/#website\",\"url\":\"https:\/\/shop.tribusurbaines.com\/\",\"name\":\"Le Shop Tribus Urbaines\",\"description\":\"Pour toutes les t\u00eates boucl\u00e9es, fris\u00e9es, cr\u00e9pus ou afros\",\"publisher\":{\"@id\":\"https:\/\/shop.tribusurbaines.com\/#organization\"},\"potentialAction\":[{\"@type\":\"SearchAction\",\"target\":{\"@type\":\"EntryPoint\",\"urlTemplate\":\"https:\/\/shop.tribusurbaines.com\/?s={search_term_string}\"},\"query-input\":{\"@type\":\"PropertyValueSpecification\",\"valueRequired\":true,\"valueName\":\"search_term_string\"}}],\"inLanguage\":\"en-US\"},{\"@type\":\"Organization\",\"@id\":\"https:\/\/shop.tribusurbaines.com\/#organization\",\"name\":\"Le Shop Tribus Urbaines\",\"url\":\"https:\/\/shop.tribusurbaines.com\/\",\"logo\":{\"@type\":\"ImageObject\",\"inLanguage\":\"en-US\",\"@id\":\"https:\/\/shop.tribusurbaines.com\/#\/schema\/logo\/image\/\",\"url\":\"https:\/\/shop.tribusurbaines.com\/wp-content\/uploads\/2023\/12\/cropped-logo_boutique.jpg\",\"contentUrl\":\"https:\/\/shop.tribusurbaines.com\/wp-content\/uploads\/2023\/12\/cropped-logo_boutique.jpg\",\"width\":139,\"height\":80,\"caption\":\"Le Shop Tribus Urbaines\"},\"image\":{\"@id\":\"https:\/\/shop.tribusurbaines.com\/#\/schema\/logo\/image\/\"}}]}<\/script>\n<!-- \/ Yoast SEO plugin. -->","yoast_head_json":{"title":"Huile de jojoba, nourrissante et r\u00e9gulatrice de s\u00e9bum - Le Shop Tribus Urbaines","robots":{"index":"index","follow":"follow","max-snippet":"max-snippet:-1","max-image-preview":"max-image-preview:large","max-video-preview":"max-video-preview:-1"},"canonical":"https:\/\/shop.tribusurbaines.com\/en\/product\/huile-de-jojoba\/","og_locale":"en_US","og_type":"article","og_title":"Huile de jojoba, nourrissante et r\u00e9gulatrice de s\u00e9bum - Le Shop Tribus Urbaines","og_description":"L'huile de jojoba r\u00e9\u00e9quilibre les cheveux gras en normalisant la production de s\u00e9bum tout en redonnant vitalit\u00e9 aux cheveux secs et cassants. Elle am\u00e9liore \u00e9galement leur brillance et leur souplesse en leur apportant de la nutrition. Elle est aussi r\u00e9put\u00e9e pour enrayer la chute des cheveux.  100 ml","og_url":"https:\/\/shop.tribusurbaines.com\/en\/product\/huile-de-jojoba\/","og_site_name":"Le Shop Tribus Urbaines","article_modified_time":"2025-02-03T15:29:50+00:00","og_image":[{"width":2160,"height":2160,"url":"https:\/\/shop.tribusurbaines.com\/wp-content\/uploads\/2023\/06\/JOJOBA.png","type":"image\/png"}],"twitter_card":"summary_large_image","twitter_misc":{"Est. reading time":"1 minute"},"schema":{"@context":"https:\/\/schema.org","@graph":[{"@type":"WebPage","@id":"https:\/\/shop.tribusurbaines.com\/en\/product\/huile-de-jojoba\/","url":"https:\/\/shop.tribusurbaines.com\/en\/product\/huile-de-jojoba\/","name":"Huile de jojoba, nourrissante et r\u00e9gulatrice de s\u00e9bum - Le Shop Tribus Urbaines","isPartOf":{"@id":"https:\/\/shop.tribusurbaines.com\/#website"},"primaryImageOfPage":{"@id":"https:\/\/shop.tribusurbaines.com\/en\/product\/huile-de-jojoba\/#primaryimage"},"image":{"@id":"https:\/\/shop.tribusurbaines.com\/en\/product\/huile-de-jojoba\/#primaryimage"},"thumbnailUrl":"https:\/\/shop.tribusurbaines.com\/wp-content\/uploads\/2023\/06\/JOJOBA.png","datePublished":"2023-06-13T13:56:31+00:00","dateModified":"2025-02-03T15:29:50+00:00","breadcrumb":{"@id":"https:\/\/shop.tribusurbaines.com\/en\/product\/huile-de-jojoba\/#breadcrumb"},"inLanguage":"en-US","potentialAction":[{"@type":"ReadAction","target":["https:\/\/shop.tribusurbaines.com\/en\/product\/huile-de-jojoba\/"]}]},{"@type":"ImageObject","inLanguage":"en-US","@id":"https:\/\/shop.tribusurbaines.com\/en\/product\/huile-de-jojoba\/#primaryimage","url":"https:\/\/shop.tribusurbaines.com\/wp-content\/uploads\/2023\/06\/JOJOBA.png","contentUrl":"https:\/\/shop.tribusurbaines.com\/wp-content\/uploads\/2023\/06\/JOJOBA.png","width":2160,"height":2160},{"@type":"BreadcrumbList","@id":"https:\/\/shop.tribusurbaines.com\/en\/product\/huile-de-jojoba\/#breadcrumb","itemListElement":[{"@type":"ListItem","position":1,"name":"Accueil","item":"https:\/\/shop.tribusurbaines.com\/en\/"},{"@type":"ListItem","position":2,"name":"Shop","item":"https:\/\/shop.tribusurbaines.com\/shop-2\/"},{"@type":"ListItem","position":3,"name":"Huile de jojoba, nourrissante et r\u00e9gulatrice de s\u00e9bum"}]},{"@type":"WebSite","@id":"https:\/\/shop.tribusurbaines.com\/#website","url":"https:\/\/shop.tribusurbaines.com\/","name":"Le Shop Tribus Urbaines","description":"Pour toutes les t\u00eates boucl\u00e9es, fris\u00e9es, cr\u00e9pus ou afros","publisher":{"@id":"https:\/\/shop.tribusurbaines.com\/#organization"},"potentialAction":[{"@type":"SearchAction","target":{"@type":"EntryPoint","urlTemplate":"https:\/\/shop.tribusurbaines.com\/?s={search_term_string}"},"query-input":{"@type":"PropertyValueSpecification","valueRequired":true,"valueName":"search_term_string"}}],"inLanguage":"en-US"},{"@type":"Organization","@id":"https:\/\/shop.tribusurbaines.com\/#organization","name":"Le Shop Tribus Urbaines","url":"https:\/\/shop.tribusurbaines.com\/","logo":{"@type":"ImageObject","inLanguage":"en-US","@id":"https:\/\/shop.tribusurbaines.com\/#\/schema\/logo\/image\/","url":"https:\/\/shop.tribusurbaines.com\/wp-content\/uploads\/2023\/12\/cropped-logo_boutique.jpg","contentUrl":"https:\/\/shop.tribusurbaines.com\/wp-content\/uploads\/2023\/12\/cropped-logo_boutique.jpg","width":139,"height":80,"caption":"Le Shop Tribus Urbaines"},"image":{"@id":"https:\/\/shop.tribusurbaines.com\/#\/schema\/logo\/image\/"}}]}},"_links":{"self":[{"href":"https:\/\/shop.tribusurbaines.com\/en\/wp-json\/wp\/v2\/product\/8161"}],"collection":[{"href":"https:\/\/shop.tribusurbaines.com\/en\/wp-json\/wp\/v2\/product"}],"about":[{"href":"https:\/\/shop.tribusurbaines.com\/en\/wp-json\/wp\/v2\/types\/product"}],"replies":[{"embeddable":true,"href":"https:\/\/shop.tribusurbaines.com\/en\/wp-json\/wp\/v2\/comments?post=8161"}],"wp:featuredmedia":[{"embeddable":true,"href":"https:\/\/shop.tribusurbaines.com\/en\/wp-json\/wp\/v2\/media\/9558"}],"wp:attachment":[{"href":"https:\/\/shop.tribusurbaines.com\/en\/wp-json\/wp\/v2\/media?parent=8161"}],"wp:term":[{"taxonomy":"product_brand","embeddable":true,"href":"https:\/\/shop.tribusurbaines.com\/en\/wp-json\/wp\/v2\/product_brand?post=8161"},{"taxonomy":"product_cat","embeddable":true,"href":"https:\/\/shop.tribusurbaines.com\/en\/wp-json\/wp\/v2\/product_cat?post=8161"},{"taxonomy":"product_tag","embeddable":true,"href":"https:\/\/shop.tribusurbaines.com\/en\/wp-json\/wp\/v2\/product_tag?post=8161"}],"curies":[{"name":"wp","href":"https:\/\/api.w.org\/{rel}","templated":true}]}}