{"id":7845,"date":"2023-03-21T11:21:28","date_gmt":"2023-03-21T10:21:28","guid":{"rendered":"https:\/\/shop.tribusurbaines.com\/?post_type=product&#038;p=7845"},"modified":"2024-12-13T11:19:55","modified_gmt":"2024-12-13T10:19:55","slug":"shampoo-at-bay-st-thomas","status":"publish","type":"product","link":"https:\/\/shop.tribusurbaines.com\/en\/product\/shampoo-at-bay-st-thomas\/","title":{"rendered":"Shampoo at Bay St. Thomas"},"content":{"rendered":"<p><strong>Bay St. Thomas shampoo<\/strong> is a cleansing agent that gently cleanses the hair and soothes itching. Thanks to its natural properties, Bay St. Thomas promotes hair growth and cares for sensitive scalps!<\/p>\n<p>Particularly suitable for sensitive scalps, this shampoo with Bay St. Thomas helps to tone and gently cleanse the scalp. Its 100% natural formulation, enriched with floral hydrolats and essential oils, stimulates growth and strengthens the hair fibre.<\/p>\n<p><strong>Use<\/strong><\/p>\n<p>Apply to damp hair, massage and rinse.<\/p>\n<p>&nbsp;<\/p>\n<p><strong>Brand<\/strong><br \/>\nKalia Nature<\/p>\n<p>250 ml<\/p>\n<p>Ingredients: AQUA, LAURYL GLUCOSIDE, ROSA DAMASCENA FLOWER WATER, GLYCERINE, TILIA VULGARIS WATER, SODIUM COCOAMPHOACEATE, DECYL GLUOSIDE, LIPPIA CITRODORA LEAF WATER, SODIUM COCOAMPHOACETATE GLUTAMATE, LACTIC ACID, RICINUS COMMUNIS SEED OIL, GLYCERYL CAPRYLATE, GLYCERYL OLEATE, COCO GLUCOSIDE, COCO GLUCOSIDE, LEVULINIC ACID, SODIUM ANISATE, SODIUM LEVULINATE, CITRUS PARADISII PEEL OIL, PIMENTA RACEMOSA LEAF\/ROOT OIL, LIMONENE, EUGENOL, CITRONELLOL<\/p>\n<p>* ingredient from organic farming<br \/>\n** substance of natural origin<\/p>\n","protected":false},"excerpt":{"rendered":"<p><strong>Shampoo at Bay St. Thomas<\/strong><\/p>\n<p><strong>What is it?<\/strong> A shampoo enriched with Bay St. Thomas essential oil, to prevent root discomfort and clarify hair.<\/p>\n<p><strong>Benefits:<\/strong> Detoxifies &#8211; Soothes &#8211; Purifies.<\/p>\n","protected":false},"featured_media":7878,"comment_status":"closed","ping_status":"closed","template":"","meta":[],"product_brand":[],"product_cat":[123,134],"product_tag":[],"class_list":{"0":"post-7845","1":"product","2":"type-product","3":"status-publish","4":"has-post-thumbnail","6":"product_cat-basics-for-your-curls","7":"product_cat-shampoos","9":"first","10":"instock","11":"shipping-taxable","12":"purchasable","13":"product-type-simple"},"yoast_head":"<!-- This site is optimized with the Yoast SEO plugin v23.6 - https:\/\/yoast.com\/wordpress\/plugins\/seo\/ -->\n<title>Shampoo at Bay St. Thomas - Le Shop Tribus Urbaines<\/title>\n<meta name=\"robots\" content=\"index, follow, max-snippet:-1, max-image-preview:large, max-video-preview:-1\" \/>\n<link rel=\"canonical\" href=\"https:\/\/shop.tribusurbaines.com\/en\/product\/shampoo-at-bay-st-thomas\/\" \/>\n<meta property=\"og:locale\" content=\"en_US\" \/>\n<meta property=\"og:type\" content=\"article\" \/>\n<meta property=\"og:title\" content=\"Shampoo at Bay St. Thomas - Le Shop Tribus Urbaines\" \/>\n<meta property=\"og:description\" content=\"Shampoo at Bay St. Thomas  What is it? A shampoo enriched with Bay St. Thomas essential oil, to prevent root discomfort and clarify hair.  Benefits: Detoxifies - Soothes - Purifies.\" \/>\n<meta property=\"og:url\" content=\"https:\/\/shop.tribusurbaines.com\/en\/product\/shampoo-at-bay-st-thomas\/\" \/>\n<meta property=\"og:site_name\" content=\"Le Shop Tribus Urbaines\" \/>\n<meta property=\"article:modified_time\" content=\"2024-12-13T10:19:55+00:00\" \/>\n<meta property=\"og:image\" content=\"https:\/\/shop.tribusurbaines.com\/wp-content\/uploads\/2023\/03\/test-shamp-kalia.jpg\" \/>\n\t<meta property=\"og:image:width\" content=\"1150\" \/>\n\t<meta property=\"og:image:height\" content=\"1010\" \/>\n\t<meta property=\"og:image:type\" content=\"image\/jpeg\" \/>\n<meta name=\"twitter:card\" content=\"summary_large_image\" \/>\n<meta name=\"twitter:label1\" content=\"Est. reading time\" \/>\n\t<meta name=\"twitter:data1\" content=\"1 minute\" \/>\n<script type=\"application\/ld+json\" class=\"yoast-schema-graph\">{\"@context\":\"https:\/\/schema.org\",\"@graph\":[{\"@type\":\"WebPage\",\"@id\":\"https:\/\/shop.tribusurbaines.com\/en\/product\/shampoo-at-bay-st-thomas\/\",\"url\":\"https:\/\/shop.tribusurbaines.com\/en\/product\/shampoo-at-bay-st-thomas\/\",\"name\":\"Shampoo at Bay St. Thomas - Le Shop Tribus Urbaines\",\"isPartOf\":{\"@id\":\"https:\/\/shop.tribusurbaines.com\/#website\"},\"primaryImageOfPage\":{\"@id\":\"https:\/\/shop.tribusurbaines.com\/en\/product\/shampoo-at-bay-st-thomas\/#primaryimage\"},\"image\":{\"@id\":\"https:\/\/shop.tribusurbaines.com\/en\/product\/shampoo-at-bay-st-thomas\/#primaryimage\"},\"thumbnailUrl\":\"https:\/\/shop.tribusurbaines.com\/wp-content\/uploads\/2023\/03\/test-shamp-kalia.jpg\",\"datePublished\":\"2023-03-21T10:21:28+00:00\",\"dateModified\":\"2024-12-13T10:19:55+00:00\",\"breadcrumb\":{\"@id\":\"https:\/\/shop.tribusurbaines.com\/en\/product\/shampoo-at-bay-st-thomas\/#breadcrumb\"},\"inLanguage\":\"en-US\",\"potentialAction\":[{\"@type\":\"ReadAction\",\"target\":[\"https:\/\/shop.tribusurbaines.com\/en\/product\/shampoo-at-bay-st-thomas\/\"]}]},{\"@type\":\"ImageObject\",\"inLanguage\":\"en-US\",\"@id\":\"https:\/\/shop.tribusurbaines.com\/en\/product\/shampoo-at-bay-st-thomas\/#primaryimage\",\"url\":\"https:\/\/shop.tribusurbaines.com\/wp-content\/uploads\/2023\/03\/test-shamp-kalia.jpg\",\"contentUrl\":\"https:\/\/shop.tribusurbaines.com\/wp-content\/uploads\/2023\/03\/test-shamp-kalia.jpg\",\"width\":1150,\"height\":1010},{\"@type\":\"BreadcrumbList\",\"@id\":\"https:\/\/shop.tribusurbaines.com\/en\/product\/shampoo-at-bay-st-thomas\/#breadcrumb\",\"itemListElement\":[{\"@type\":\"ListItem\",\"position\":1,\"name\":\"Accueil\",\"item\":\"https:\/\/shop.tribusurbaines.com\/en\/\"},{\"@type\":\"ListItem\",\"position\":2,\"name\":\"Shop\",\"item\":\"https:\/\/shop.tribusurbaines.com\/shop-2\/\"},{\"@type\":\"ListItem\",\"position\":3,\"name\":\"Shampoo at Bay St. Thomas\"}]},{\"@type\":\"WebSite\",\"@id\":\"https:\/\/shop.tribusurbaines.com\/#website\",\"url\":\"https:\/\/shop.tribusurbaines.com\/\",\"name\":\"Le Shop Tribus Urbaines\",\"description\":\"Pour toutes les t\u00eates boucl\u00e9es, fris\u00e9es, cr\u00e9pus ou afros\",\"publisher\":{\"@id\":\"https:\/\/shop.tribusurbaines.com\/#organization\"},\"potentialAction\":[{\"@type\":\"SearchAction\",\"target\":{\"@type\":\"EntryPoint\",\"urlTemplate\":\"https:\/\/shop.tribusurbaines.com\/?s={search_term_string}\"},\"query-input\":{\"@type\":\"PropertyValueSpecification\",\"valueRequired\":true,\"valueName\":\"search_term_string\"}}],\"inLanguage\":\"en-US\"},{\"@type\":\"Organization\",\"@id\":\"https:\/\/shop.tribusurbaines.com\/#organization\",\"name\":\"Le Shop Tribus Urbaines\",\"url\":\"https:\/\/shop.tribusurbaines.com\/\",\"logo\":{\"@type\":\"ImageObject\",\"inLanguage\":\"en-US\",\"@id\":\"https:\/\/shop.tribusurbaines.com\/#\/schema\/logo\/image\/\",\"url\":\"https:\/\/shop.tribusurbaines.com\/wp-content\/uploads\/2023\/12\/cropped-logo_boutique.jpg\",\"contentUrl\":\"https:\/\/shop.tribusurbaines.com\/wp-content\/uploads\/2023\/12\/cropped-logo_boutique.jpg\",\"width\":139,\"height\":80,\"caption\":\"Le Shop Tribus Urbaines\"},\"image\":{\"@id\":\"https:\/\/shop.tribusurbaines.com\/#\/schema\/logo\/image\/\"}}]}<\/script>\n<!-- \/ Yoast SEO plugin. -->","yoast_head_json":{"title":"Shampoo at Bay St. Thomas - Le Shop Tribus Urbaines","robots":{"index":"index","follow":"follow","max-snippet":"max-snippet:-1","max-image-preview":"max-image-preview:large","max-video-preview":"max-video-preview:-1"},"canonical":"https:\/\/shop.tribusurbaines.com\/en\/product\/shampoo-at-bay-st-thomas\/","og_locale":"en_US","og_type":"article","og_title":"Shampoo at Bay St. Thomas - Le Shop Tribus Urbaines","og_description":"Shampoo at Bay St. Thomas  What is it? A shampoo enriched with Bay St. Thomas essential oil, to prevent root discomfort and clarify hair.  Benefits: Detoxifies - Soothes - Purifies.","og_url":"https:\/\/shop.tribusurbaines.com\/en\/product\/shampoo-at-bay-st-thomas\/","og_site_name":"Le Shop Tribus Urbaines","article_modified_time":"2024-12-13T10:19:55+00:00","og_image":[{"width":1150,"height":1010,"url":"https:\/\/shop.tribusurbaines.com\/wp-content\/uploads\/2023\/03\/test-shamp-kalia.jpg","type":"image\/jpeg"}],"twitter_card":"summary_large_image","twitter_misc":{"Est. reading time":"1 minute"},"schema":{"@context":"https:\/\/schema.org","@graph":[{"@type":"WebPage","@id":"https:\/\/shop.tribusurbaines.com\/en\/product\/shampoo-at-bay-st-thomas\/","url":"https:\/\/shop.tribusurbaines.com\/en\/product\/shampoo-at-bay-st-thomas\/","name":"Shampoo at Bay St. Thomas - Le Shop Tribus Urbaines","isPartOf":{"@id":"https:\/\/shop.tribusurbaines.com\/#website"},"primaryImageOfPage":{"@id":"https:\/\/shop.tribusurbaines.com\/en\/product\/shampoo-at-bay-st-thomas\/#primaryimage"},"image":{"@id":"https:\/\/shop.tribusurbaines.com\/en\/product\/shampoo-at-bay-st-thomas\/#primaryimage"},"thumbnailUrl":"https:\/\/shop.tribusurbaines.com\/wp-content\/uploads\/2023\/03\/test-shamp-kalia.jpg","datePublished":"2023-03-21T10:21:28+00:00","dateModified":"2024-12-13T10:19:55+00:00","breadcrumb":{"@id":"https:\/\/shop.tribusurbaines.com\/en\/product\/shampoo-at-bay-st-thomas\/#breadcrumb"},"inLanguage":"en-US","potentialAction":[{"@type":"ReadAction","target":["https:\/\/shop.tribusurbaines.com\/en\/product\/shampoo-at-bay-st-thomas\/"]}]},{"@type":"ImageObject","inLanguage":"en-US","@id":"https:\/\/shop.tribusurbaines.com\/en\/product\/shampoo-at-bay-st-thomas\/#primaryimage","url":"https:\/\/shop.tribusurbaines.com\/wp-content\/uploads\/2023\/03\/test-shamp-kalia.jpg","contentUrl":"https:\/\/shop.tribusurbaines.com\/wp-content\/uploads\/2023\/03\/test-shamp-kalia.jpg","width":1150,"height":1010},{"@type":"BreadcrumbList","@id":"https:\/\/shop.tribusurbaines.com\/en\/product\/shampoo-at-bay-st-thomas\/#breadcrumb","itemListElement":[{"@type":"ListItem","position":1,"name":"Accueil","item":"https:\/\/shop.tribusurbaines.com\/en\/"},{"@type":"ListItem","position":2,"name":"Shop","item":"https:\/\/shop.tribusurbaines.com\/shop-2\/"},{"@type":"ListItem","position":3,"name":"Shampoo at Bay St. Thomas"}]},{"@type":"WebSite","@id":"https:\/\/shop.tribusurbaines.com\/#website","url":"https:\/\/shop.tribusurbaines.com\/","name":"Le Shop Tribus Urbaines","description":"Pour toutes les t\u00eates boucl\u00e9es, fris\u00e9es, cr\u00e9pus ou afros","publisher":{"@id":"https:\/\/shop.tribusurbaines.com\/#organization"},"potentialAction":[{"@type":"SearchAction","target":{"@type":"EntryPoint","urlTemplate":"https:\/\/shop.tribusurbaines.com\/?s={search_term_string}"},"query-input":{"@type":"PropertyValueSpecification","valueRequired":true,"valueName":"search_term_string"}}],"inLanguage":"en-US"},{"@type":"Organization","@id":"https:\/\/shop.tribusurbaines.com\/#organization","name":"Le Shop Tribus Urbaines","url":"https:\/\/shop.tribusurbaines.com\/","logo":{"@type":"ImageObject","inLanguage":"en-US","@id":"https:\/\/shop.tribusurbaines.com\/#\/schema\/logo\/image\/","url":"https:\/\/shop.tribusurbaines.com\/wp-content\/uploads\/2023\/12\/cropped-logo_boutique.jpg","contentUrl":"https:\/\/shop.tribusurbaines.com\/wp-content\/uploads\/2023\/12\/cropped-logo_boutique.jpg","width":139,"height":80,"caption":"Le Shop Tribus Urbaines"},"image":{"@id":"https:\/\/shop.tribusurbaines.com\/#\/schema\/logo\/image\/"}}]}},"_links":{"self":[{"href":"https:\/\/shop.tribusurbaines.com\/en\/wp-json\/wp\/v2\/product\/7845"}],"collection":[{"href":"https:\/\/shop.tribusurbaines.com\/en\/wp-json\/wp\/v2\/product"}],"about":[{"href":"https:\/\/shop.tribusurbaines.com\/en\/wp-json\/wp\/v2\/types\/product"}],"replies":[{"embeddable":true,"href":"https:\/\/shop.tribusurbaines.com\/en\/wp-json\/wp\/v2\/comments?post=7845"}],"wp:featuredmedia":[{"embeddable":true,"href":"https:\/\/shop.tribusurbaines.com\/en\/wp-json\/wp\/v2\/media\/7878"}],"wp:attachment":[{"href":"https:\/\/shop.tribusurbaines.com\/en\/wp-json\/wp\/v2\/media?parent=7845"}],"wp:term":[{"taxonomy":"product_brand","embeddable":true,"href":"https:\/\/shop.tribusurbaines.com\/en\/wp-json\/wp\/v2\/product_brand?post=7845"},{"taxonomy":"product_cat","embeddable":true,"href":"https:\/\/shop.tribusurbaines.com\/en\/wp-json\/wp\/v2\/product_cat?post=7845"},{"taxonomy":"product_tag","embeddable":true,"href":"https:\/\/shop.tribusurbaines.com\/en\/wp-json\/wp\/v2\/product_tag?post=7845"}],"curies":[{"name":"wp","href":"https:\/\/api.w.org\/{rel}","templated":true}]}}