{"id":7803,"date":"2023-03-07T09:53:11","date_gmt":"2023-03-07T08:53:11","guid":{"rendered":"https:\/\/shop.tribusurbaines.com\/?post_type=product&#038;p=7803"},"modified":"2026-04-04T23:46:06","modified_gmt":"2026-04-04T21:46:06","slug":"lait-capillaire-a-lhuile-de-coco","status":"publish","type":"product","link":"https:\/\/shop.tribusurbaines.com\/en\/product\/lait-capillaire-a-lhuile-de-coco\/","title":{"rendered":"Lait hydratant \u00e0 l&#8217;Hibiscus pour cheveux secs"},"content":{"rendered":"<div class=\"wpb-content-wrapper\">[vc_row][vc_column][vc_column_text]\n<h3><\/h3>\n<p id=\"description\"><b>Le lait capillaire \u00e0 l&#8217;hibiscus<\/b>\u00a0est un\u00a0<b>produit<\/b>\u00a0coiffant permettant d&#8217;hydrater et de nourrir les cheveux au quotidien.\u00a0En seulement quelques gestes, ce soin\u00a0<b>revitalise les longueurs<\/b>\u00a0pour une\u00a0<b>chevelure douce et brillante<\/b>\u00a0!<\/p>\n<p id=\"info_bienfaits\">Conjuguant astucieusement\u00a0<b>actifs nourrissants et hydratants<\/b>, cette\u00a0<b>lotion lact\u00e9e sans rin\u00e7age<\/b>\u00a0infus\u00e9e \u00e0 l&#8217;huile d&#8217;hibiscus entretient la douceur et l&#8217;<b>\u00e9clat naturel<\/b>\u00a0de vos cheveux.<\/p>\n<p>Compos\u00e9e d&#8217;une synergie d&#8217;acides gras essentiels, de vitamines, de min\u00e9raux et d&#8217;acides amin\u00e9s, elle\u00a0<b>apporte de la souplesse<\/b>\u00a0\u00e0 la fibre capillaire et\u00a0<b>facilite le d\u00e9m\u00ealage<\/b>\u00a0sans alourdir ou le laisser de fini gras.<\/p>\n<h3>Marque<\/h3>\n<p><span data-sheets-value=\"{&quot;1&quot;:2,&quot;2&quot;:&quot;Aqua (Eau purifi\u00e9e), M\u00e9lange d'herbes certifi\u00e9 biologique de Calendula, Arctium Lappa (Racine de Bardane), Urtica Diotica (Feuille d'Ortie), Rosemarinus Officinalis (Romarin) et Pissenlit et Equisetum Arvense (Pr\u00eale) r\u00e9colt\u00e9s dans la nature, Calendula Officinalis biologique (Extrait de Calendula), Olea Europea biologique (Huile d'Olive), Camella Oleifera biologique (Extrait de feuille de Cam\u00e9lia), Hypericum Perforatum, Laminaria Digitata (Algue marine de la c\u00f4te ouest), Decylpolyglucoside, Coco Betaine, Glyc\u00e9rine v\u00e9g\u00e9tale, Cannabid Sativa (Huile de Chanvre), Panth\u00e9nol (Vitamine B5), Cyamopsis Tetragonoloba (Gomme de Guar), Acide citrique, Polyaminopropyl Buiguinide, Huile essentielle de Lavandula Angustifolia (Lavande).&quot;}\" data-sheets-userformat=\"{&quot;2&quot;:15235,&quot;3&quot;:{&quot;1&quot;:0},&quot;4&quot;:{&quot;1&quot;:2,&quot;2&quot;:12968115},&quot;10&quot;:0,&quot;11&quot;:4,&quot;12&quot;:0,&quot;14&quot;:{&quot;1&quot;:2,&quot;2&quot;:0},&quot;15&quot;:&quot;Calibri&quot;,&quot;16&quot;:9}\">Kalia Nature<\/span><\/p>\n<div class=\"heading\"><span class=\"quantity\">250 ml<\/span><\/div>\n<div class=\"woocommerce-short-description\">\n<p>&nbsp;<\/p>\n<\/div>\n[\/vc_column_text][vc_toggle title=&#8221;Ingr\u00e9dients&#8221;]AQUA (EAU), CARTHAMUS TINCTORIUS (CARTHAME) SEED OIL*, VITIS VINIFERA \u2028(RAISIN) SEED OIL**, HIBISCUS SABDARIFFA SEED OIL*, GLYC\u00c9RINE**, CALODENDRUM CAPENSE NUT\u00a0 OIL**, LAURYL GLUCOSIDE**, POLYGLYCERYL &#8211; 2 DIPOLYHYDROXYSTEARATE **, ST\u00c9AROYL GLUTAMATE DE SODIUM\u00a0 **, CELLULOSE MICROCRISTALLINE **, PARFUM (FRAGRANCE), ALCOOL BENZYLIQUE, GOMME XANTHANE, ACIDE CITRIQUE **, GOMME CELLULO SE **, LINALOOL ** , LIMONENE ** , HELIANTHUS ANNUUS\u00a0 (TOURNESOL) GRAINES HUILE**, TOCOPH\u00c9ROL**, POUDRE DE FEUILLES D&#8217;ALOE BARBADENSIS*,\u00a0 ACIDE D\u00c9SHYDRAC\u00c9TIQUE, SORBATE DE POTASSIUM, BENZOATE DE SODIUM, CITRONELLOL ** , EUGENOL **, COUMARINE<\/p>\n<p>* ingr\u00e9dient issu de l&#8217;agriculture biologique<br \/>\n** substance d&#8217;origine naturelle[\/vc_toggle][\/vc_column][\/vc_row]\n<\/div>","protected":false},"excerpt":{"rendered":"<p><strong>Lait capillaire \u00e0 l&#8217;Hibiscus<\/strong><\/p>\n<p><strong>C\u2019est quoi ?<\/strong> Un lait capillaire sans rin\u00e7age \u00e0 l\u2019huile de graines d\u2019hibiscus, pour coiffer et hydrater ses cheveux en un seul geste.<\/p>\n<p><b>Bienfaits :<\/b>\u00a0Hydrate \u2013 Revitalise \u2013 Fait briller.<\/p>\n","protected":false},"featured_media":8044,"comment_status":"closed","ping_status":"closed","template":"","meta":[],"product_brand":[],"product_cat":[127,225,123],"product_tag":[],"class_list":{"0":"post-7803","1":"product","2":"type-product","3":"status-publish","4":"has-post-thumbnail","6":"product_cat-moisturizers","7":"product_cat-gamme-kalia-nature","8":"product_cat-basics-for-your-curls","10":"first","11":"instock","12":"shipping-taxable","13":"purchasable","14":"product-type-simple"},"yoast_head":"<!-- This site is optimized with the Yoast SEO plugin v23.6 - https:\/\/yoast.com\/wordpress\/plugins\/seo\/ -->\n<title>Lait hydratant \u00e0 l&#039;Hibiscus pour cheveux secs - Le Shop Tribus Urbaines<\/title>\n<meta name=\"robots\" content=\"index, follow, max-snippet:-1, max-image-preview:large, max-video-preview:-1\" \/>\n<link rel=\"canonical\" href=\"https:\/\/shop.tribusurbaines.com\/en\/product\/lait-capillaire-a-lhuile-de-coco\/\" \/>\n<meta property=\"og:locale\" content=\"en_US\" \/>\n<meta property=\"og:type\" content=\"article\" \/>\n<meta property=\"og:title\" content=\"Lait hydratant \u00e0 l&#039;Hibiscus pour cheveux secs - Le Shop Tribus Urbaines\" \/>\n<meta property=\"og:description\" content=\"Lait capillaire \u00e0 l&#039;Hibiscus  C\u2019est quoi ? Un lait capillaire sans rin\u00e7age \u00e0 l\u2019huile de graines d\u2019hibiscus, pour coiffer et hydrater ses cheveux en un seul geste.  Bienfaits :\u00a0Hydrate \u2013 Revitalise \u2013 Fait briller.\" \/>\n<meta property=\"og:url\" content=\"https:\/\/shop.tribusurbaines.com\/en\/product\/lait-capillaire-a-lhuile-de-coco\/\" \/>\n<meta property=\"og:site_name\" content=\"Le Shop Tribus Urbaines\" \/>\n<meta property=\"article:modified_time\" content=\"2026-04-04T21:46:06+00:00\" \/>\n<meta property=\"og:image\" content=\"https:\/\/shop.tribusurbaines.com\/wp-content\/uploads\/2023\/03\/KALIA-LaitCapillaireHibiscus-4-2-1.jpg\" \/>\n\t<meta property=\"og:image:width\" content=\"1150\" \/>\n\t<meta property=\"og:image:height\" content=\"1010\" \/>\n\t<meta property=\"og:image:type\" content=\"image\/jpeg\" \/>\n<meta name=\"twitter:card\" content=\"summary_large_image\" \/>\n<meta name=\"twitter:label1\" content=\"Est. reading time\" \/>\n\t<meta name=\"twitter:data1\" content=\"2 minutes\" \/>\n<script type=\"application\/ld+json\" class=\"yoast-schema-graph\">{\"@context\":\"https:\/\/schema.org\",\"@graph\":[{\"@type\":\"WebPage\",\"@id\":\"https:\/\/shop.tribusurbaines.com\/en\/product\/lait-capillaire-a-lhuile-de-coco\/\",\"url\":\"https:\/\/shop.tribusurbaines.com\/en\/product\/lait-capillaire-a-lhuile-de-coco\/\",\"name\":\"Lait hydratant \u00e0 l'Hibiscus pour cheveux secs - Le Shop Tribus Urbaines\",\"isPartOf\":{\"@id\":\"https:\/\/shop.tribusurbaines.com\/#website\"},\"primaryImageOfPage\":{\"@id\":\"https:\/\/shop.tribusurbaines.com\/en\/product\/lait-capillaire-a-lhuile-de-coco\/#primaryimage\"},\"image\":{\"@id\":\"https:\/\/shop.tribusurbaines.com\/en\/product\/lait-capillaire-a-lhuile-de-coco\/#primaryimage\"},\"thumbnailUrl\":\"https:\/\/shop.tribusurbaines.com\/wp-content\/uploads\/2023\/03\/KALIA-LaitCapillaireHibiscus-4-2-1.jpg\",\"datePublished\":\"2023-03-07T08:53:11+00:00\",\"dateModified\":\"2026-04-04T21:46:06+00:00\",\"breadcrumb\":{\"@id\":\"https:\/\/shop.tribusurbaines.com\/en\/product\/lait-capillaire-a-lhuile-de-coco\/#breadcrumb\"},\"inLanguage\":\"en-US\",\"potentialAction\":[{\"@type\":\"ReadAction\",\"target\":[\"https:\/\/shop.tribusurbaines.com\/en\/product\/lait-capillaire-a-lhuile-de-coco\/\"]}]},{\"@type\":\"ImageObject\",\"inLanguage\":\"en-US\",\"@id\":\"https:\/\/shop.tribusurbaines.com\/en\/product\/lait-capillaire-a-lhuile-de-coco\/#primaryimage\",\"url\":\"https:\/\/shop.tribusurbaines.com\/wp-content\/uploads\/2023\/03\/KALIA-LaitCapillaireHibiscus-4-2-1.jpg\",\"contentUrl\":\"https:\/\/shop.tribusurbaines.com\/wp-content\/uploads\/2023\/03\/KALIA-LaitCapillaireHibiscus-4-2-1.jpg\",\"width\":1150,\"height\":1010},{\"@type\":\"BreadcrumbList\",\"@id\":\"https:\/\/shop.tribusurbaines.com\/en\/product\/lait-capillaire-a-lhuile-de-coco\/#breadcrumb\",\"itemListElement\":[{\"@type\":\"ListItem\",\"position\":1,\"name\":\"Accueil\",\"item\":\"https:\/\/shop.tribusurbaines.com\/en\/\"},{\"@type\":\"ListItem\",\"position\":2,\"name\":\"Shop\",\"item\":\"https:\/\/shop.tribusurbaines.com\/shop-2\/\"},{\"@type\":\"ListItem\",\"position\":3,\"name\":\"Lait hydratant \u00e0 l&rsquo;Hibiscus pour cheveux secs\"}]},{\"@type\":\"WebSite\",\"@id\":\"https:\/\/shop.tribusurbaines.com\/#website\",\"url\":\"https:\/\/shop.tribusurbaines.com\/\",\"name\":\"Le Shop Tribus Urbaines\",\"description\":\"Pour toutes les t\u00eates boucl\u00e9es, fris\u00e9es, cr\u00e9pus ou afros\",\"publisher\":{\"@id\":\"https:\/\/shop.tribusurbaines.com\/#organization\"},\"potentialAction\":[{\"@type\":\"SearchAction\",\"target\":{\"@type\":\"EntryPoint\",\"urlTemplate\":\"https:\/\/shop.tribusurbaines.com\/?s={search_term_string}\"},\"query-input\":{\"@type\":\"PropertyValueSpecification\",\"valueRequired\":true,\"valueName\":\"search_term_string\"}}],\"inLanguage\":\"en-US\"},{\"@type\":\"Organization\",\"@id\":\"https:\/\/shop.tribusurbaines.com\/#organization\",\"name\":\"Le Shop Tribus Urbaines\",\"url\":\"https:\/\/shop.tribusurbaines.com\/\",\"logo\":{\"@type\":\"ImageObject\",\"inLanguage\":\"en-US\",\"@id\":\"https:\/\/shop.tribusurbaines.com\/#\/schema\/logo\/image\/\",\"url\":\"https:\/\/shop.tribusurbaines.com\/wp-content\/uploads\/2023\/12\/cropped-logo_boutique.jpg\",\"contentUrl\":\"https:\/\/shop.tribusurbaines.com\/wp-content\/uploads\/2023\/12\/cropped-logo_boutique.jpg\",\"width\":139,\"height\":80,\"caption\":\"Le Shop Tribus Urbaines\"},\"image\":{\"@id\":\"https:\/\/shop.tribusurbaines.com\/#\/schema\/logo\/image\/\"}}]}<\/script>\n<!-- \/ Yoast SEO plugin. -->","yoast_head_json":{"title":"Lait hydratant \u00e0 l'Hibiscus pour cheveux secs - Le Shop Tribus Urbaines","robots":{"index":"index","follow":"follow","max-snippet":"max-snippet:-1","max-image-preview":"max-image-preview:large","max-video-preview":"max-video-preview:-1"},"canonical":"https:\/\/shop.tribusurbaines.com\/en\/product\/lait-capillaire-a-lhuile-de-coco\/","og_locale":"en_US","og_type":"article","og_title":"Lait hydratant \u00e0 l'Hibiscus pour cheveux secs - Le Shop Tribus Urbaines","og_description":"Lait capillaire \u00e0 l'Hibiscus  C\u2019est quoi ? Un lait capillaire sans rin\u00e7age \u00e0 l\u2019huile de graines d\u2019hibiscus, pour coiffer et hydrater ses cheveux en un seul geste.  Bienfaits :\u00a0Hydrate \u2013 Revitalise \u2013 Fait briller.","og_url":"https:\/\/shop.tribusurbaines.com\/en\/product\/lait-capillaire-a-lhuile-de-coco\/","og_site_name":"Le Shop Tribus Urbaines","article_modified_time":"2026-04-04T21:46:06+00:00","og_image":[{"width":1150,"height":1010,"url":"https:\/\/shop.tribusurbaines.com\/wp-content\/uploads\/2023\/03\/KALIA-LaitCapillaireHibiscus-4-2-1.jpg","type":"image\/jpeg"}],"twitter_card":"summary_large_image","twitter_misc":{"Est. reading time":"2 minutes"},"schema":{"@context":"https:\/\/schema.org","@graph":[{"@type":"WebPage","@id":"https:\/\/shop.tribusurbaines.com\/en\/product\/lait-capillaire-a-lhuile-de-coco\/","url":"https:\/\/shop.tribusurbaines.com\/en\/product\/lait-capillaire-a-lhuile-de-coco\/","name":"Lait hydratant \u00e0 l'Hibiscus pour cheveux secs - Le Shop Tribus Urbaines","isPartOf":{"@id":"https:\/\/shop.tribusurbaines.com\/#website"},"primaryImageOfPage":{"@id":"https:\/\/shop.tribusurbaines.com\/en\/product\/lait-capillaire-a-lhuile-de-coco\/#primaryimage"},"image":{"@id":"https:\/\/shop.tribusurbaines.com\/en\/product\/lait-capillaire-a-lhuile-de-coco\/#primaryimage"},"thumbnailUrl":"https:\/\/shop.tribusurbaines.com\/wp-content\/uploads\/2023\/03\/KALIA-LaitCapillaireHibiscus-4-2-1.jpg","datePublished":"2023-03-07T08:53:11+00:00","dateModified":"2026-04-04T21:46:06+00:00","breadcrumb":{"@id":"https:\/\/shop.tribusurbaines.com\/en\/product\/lait-capillaire-a-lhuile-de-coco\/#breadcrumb"},"inLanguage":"en-US","potentialAction":[{"@type":"ReadAction","target":["https:\/\/shop.tribusurbaines.com\/en\/product\/lait-capillaire-a-lhuile-de-coco\/"]}]},{"@type":"ImageObject","inLanguage":"en-US","@id":"https:\/\/shop.tribusurbaines.com\/en\/product\/lait-capillaire-a-lhuile-de-coco\/#primaryimage","url":"https:\/\/shop.tribusurbaines.com\/wp-content\/uploads\/2023\/03\/KALIA-LaitCapillaireHibiscus-4-2-1.jpg","contentUrl":"https:\/\/shop.tribusurbaines.com\/wp-content\/uploads\/2023\/03\/KALIA-LaitCapillaireHibiscus-4-2-1.jpg","width":1150,"height":1010},{"@type":"BreadcrumbList","@id":"https:\/\/shop.tribusurbaines.com\/en\/product\/lait-capillaire-a-lhuile-de-coco\/#breadcrumb","itemListElement":[{"@type":"ListItem","position":1,"name":"Accueil","item":"https:\/\/shop.tribusurbaines.com\/en\/"},{"@type":"ListItem","position":2,"name":"Shop","item":"https:\/\/shop.tribusurbaines.com\/shop-2\/"},{"@type":"ListItem","position":3,"name":"Lait hydratant \u00e0 l&rsquo;Hibiscus pour cheveux secs"}]},{"@type":"WebSite","@id":"https:\/\/shop.tribusurbaines.com\/#website","url":"https:\/\/shop.tribusurbaines.com\/","name":"Le Shop Tribus Urbaines","description":"Pour toutes les t\u00eates boucl\u00e9es, fris\u00e9es, cr\u00e9pus ou afros","publisher":{"@id":"https:\/\/shop.tribusurbaines.com\/#organization"},"potentialAction":[{"@type":"SearchAction","target":{"@type":"EntryPoint","urlTemplate":"https:\/\/shop.tribusurbaines.com\/?s={search_term_string}"},"query-input":{"@type":"PropertyValueSpecification","valueRequired":true,"valueName":"search_term_string"}}],"inLanguage":"en-US"},{"@type":"Organization","@id":"https:\/\/shop.tribusurbaines.com\/#organization","name":"Le Shop Tribus Urbaines","url":"https:\/\/shop.tribusurbaines.com\/","logo":{"@type":"ImageObject","inLanguage":"en-US","@id":"https:\/\/shop.tribusurbaines.com\/#\/schema\/logo\/image\/","url":"https:\/\/shop.tribusurbaines.com\/wp-content\/uploads\/2023\/12\/cropped-logo_boutique.jpg","contentUrl":"https:\/\/shop.tribusurbaines.com\/wp-content\/uploads\/2023\/12\/cropped-logo_boutique.jpg","width":139,"height":80,"caption":"Le Shop Tribus Urbaines"},"image":{"@id":"https:\/\/shop.tribusurbaines.com\/#\/schema\/logo\/image\/"}}]}},"_links":{"self":[{"href":"https:\/\/shop.tribusurbaines.com\/en\/wp-json\/wp\/v2\/product\/7803"}],"collection":[{"href":"https:\/\/shop.tribusurbaines.com\/en\/wp-json\/wp\/v2\/product"}],"about":[{"href":"https:\/\/shop.tribusurbaines.com\/en\/wp-json\/wp\/v2\/types\/product"}],"replies":[{"embeddable":true,"href":"https:\/\/shop.tribusurbaines.com\/en\/wp-json\/wp\/v2\/comments?post=7803"}],"wp:featuredmedia":[{"embeddable":true,"href":"https:\/\/shop.tribusurbaines.com\/en\/wp-json\/wp\/v2\/media\/8044"}],"wp:attachment":[{"href":"https:\/\/shop.tribusurbaines.com\/en\/wp-json\/wp\/v2\/media?parent=7803"}],"wp:term":[{"taxonomy":"product_brand","embeddable":true,"href":"https:\/\/shop.tribusurbaines.com\/en\/wp-json\/wp\/v2\/product_brand?post=7803"},{"taxonomy":"product_cat","embeddable":true,"href":"https:\/\/shop.tribusurbaines.com\/en\/wp-json\/wp\/v2\/product_cat?post=7803"},{"taxonomy":"product_tag","embeddable":true,"href":"https:\/\/shop.tribusurbaines.com\/en\/wp-json\/wp\/v2\/product_tag?post=7803"}],"curies":[{"name":"wp","href":"https:\/\/api.w.org\/{rel}","templated":true}]}}