{"id":7794,"date":"2023-03-04T11:09:20","date_gmt":"2023-03-04T10:09:20","guid":{"rendered":"https:\/\/shop.tribusurbaines.com\/?post_type=product&#038;p=7794"},"modified":"2026-04-04T23:46:06","modified_gmt":"2026-04-04T21:46:06","slug":"masque-coco-spiruline","status":"publish","type":"product","link":"https:\/\/shop.tribusurbaines.com\/en\/product\/masque-coco-spiruline\/","title":{"rendered":"Masque fortifiant pour cheveux secs, cassants et ab\u00eem\u00e9s"},"content":{"rendered":"<div class=\"wpb-content-wrapper\">[vc_row][vc_column][vc_column_text]\n<h3><\/h3>\n<h3><strong>Le masque fortifiant id\u00e9al pour prendre soin des cheveux cassants<\/strong><\/h3>\n<p>Le\u00a0<strong>Masque coco-spiruline de Kalia Nature<\/strong>\u00a0est un soin capillaire intensif aux propri\u00e9t\u00e9s fortifiantes et embellissantes. Riche en prot\u00e9ines d\u2019origine naturelle, ce masque pour les cheveux \u00e0 la spiruline renforce les longueurs et prot\u00e8ge les pointes. En seulement 15 minutes, il nourrit la chevelure en profondeur, gaine la fibre capillaire et laisse les cheveux brillants, faciles \u00e0 d\u00e9m\u00ealer.<\/p>\n<h3>Utilisation<\/h3>\n<p>&#8211; Apr\u00e8s le shampooing, essorez en douceur les cheveux et divisez-les en sections.<br \/>\n&#8211; Pr\u00e9levez une bonne noisette du produit et r\u00e9partissez-la sur une section de cheveux, des racines jusqu&#8217;aux pointes.<br \/>\n&#8211; R\u00e9p\u00e9ter le processus pour chaque section, laissez poser au moins 15 minutes puis rincez abondamment.<\/p>\n<h3>Marque<\/h3>\n<p><span data-sheets-value=\"{&quot;1&quot;:2,&quot;2&quot;:&quot;Aqua (Eau purifi\u00e9e), M\u00e9lange d'herbes certifi\u00e9 biologique de Calendula, Arctium Lappa (Racine de Bardane), Urtica Diotica (Feuille d'Ortie), Rosemarinus Officinalis (Romarin) et Pissenlit et Equisetum Arvense (Pr\u00eale) r\u00e9colt\u00e9s dans la nature, Calendula Officinalis biologique (Extrait de Calendula), Olea Europea biologique (Huile d'Olive), Camella Oleifera biologique (Extrait de feuille de Cam\u00e9lia), Hypericum Perforatum, Laminaria Digitata (Algue marine de la c\u00f4te ouest), Decylpolyglucoside, Coco Betaine, Glyc\u00e9rine v\u00e9g\u00e9tale, Cannabid Sativa (Huile de Chanvre), Panth\u00e9nol (Vitamine B5), Cyamopsis Tetragonoloba (Gomme de Guar), Acide citrique, Polyaminopropyl Buiguinide, Huile essentielle de Lavandula Angustifolia (Lavande).&quot;}\" data-sheets-userformat=\"{&quot;2&quot;:15235,&quot;3&quot;:{&quot;1&quot;:0},&quot;4&quot;:{&quot;1&quot;:2,&quot;2&quot;:12968115},&quot;10&quot;:0,&quot;11&quot;:4,&quot;12&quot;:0,&quot;14&quot;:{&quot;1&quot;:2,&quot;2&quot;:0},&quot;15&quot;:&quot;Calibri&quot;,&quot;16&quot;:9}\">Kalia Nature<\/span><\/p>\n<div class=\"heading\"><span class=\"quantity\">300 ml<\/span><\/div>\n<div class=\"woocommerce-short-description\">\n<p>&nbsp;<\/p>\n<\/div>\n[\/vc_column_text][vc_toggle title=&#8221;Ingr\u00e9dients&#8221;]AQUA (EAU), HUILE DE COCOS NUCIFERA (NOIX DE COCO) * , ALCOOL CETEARYL ** , M\u00c9THOSULFATE DE BEHENTRIMONIUM, PARFUM (FRAGRANCE), ALCOOL BENZYLIQUE, POUDRE DE SPIRULINE MAXIMA * , LINALOOL ** , ACIDE D\u00c9HYDROAC\u00c9TIQUE, CINNAMAL **[\/vc_toggle][\/vc_column][\/vc_row]\n<\/div>","protected":false},"excerpt":{"rendered":"<p><strong>Masque Coco &#8211; Spiruline<\/strong><\/p>\n<p><strong>C\u2019est quoi ?<\/strong> Un masque prot\u00e9in\u00e9 pour les cheveux enrichi en spiruline, \u00e0 utiliser en soin avant-shampoing pour renforcer la fibre capillaire.<\/p>\n<p><b>Bienfaits :<\/b>\u00a0Nourrit \u2013 Fortifie \u2013 Gaine.<\/p>\n","protected":false},"featured_media":7961,"comment_status":"closed","ping_status":"closed","template":"","meta":[],"product_brand":[],"product_cat":[133,225,123],"product_tag":[],"class_list":{"0":"post-7794","1":"product","2":"type-product","3":"status-publish","4":"has-post-thumbnail","6":"product_cat-conditioners","7":"product_cat-gamme-kalia-nature","8":"product_cat-basics-for-your-curls","10":"first","11":"instock","12":"shipping-taxable","13":"purchasable","14":"product-type-simple"},"yoast_head":"<!-- This site is optimized with the Yoast SEO plugin v23.6 - https:\/\/yoast.com\/wordpress\/plugins\/seo\/ -->\n<title>Masque fortifiant pour cheveux secs, cassants et ab\u00eem\u00e9s - Le Shop Tribus Urbaines<\/title>\n<meta name=\"robots\" content=\"index, follow, max-snippet:-1, max-image-preview:large, max-video-preview:-1\" \/>\n<link rel=\"canonical\" href=\"https:\/\/shop.tribusurbaines.com\/en\/product\/masque-coco-spiruline\/\" \/>\n<meta property=\"og:locale\" content=\"en_US\" \/>\n<meta property=\"og:type\" content=\"article\" \/>\n<meta property=\"og:title\" content=\"Masque fortifiant pour cheveux secs, cassants et ab\u00eem\u00e9s - Le Shop Tribus Urbaines\" \/>\n<meta property=\"og:description\" content=\"Masque Coco - Spiruline  C\u2019est quoi ? Un masque prot\u00e9in\u00e9 pour les cheveux enrichi en spiruline, \u00e0 utiliser en soin avant-shampoing pour renforcer la fibre capillaire.  Bienfaits :\u00a0Nourrit \u2013 Fortifie \u2013 Gaine.\" \/>\n<meta property=\"og:url\" content=\"https:\/\/shop.tribusurbaines.com\/en\/product\/masque-coco-spiruline\/\" \/>\n<meta property=\"og:site_name\" content=\"Le Shop Tribus Urbaines\" \/>\n<meta property=\"article:modified_time\" content=\"2026-04-04T21:46:06+00:00\" \/>\n<meta property=\"og:image\" content=\"https:\/\/shop.tribusurbaines.com\/wp-content\/uploads\/2023\/03\/KALIA-MasqueCoco.jpg\" \/>\n\t<meta property=\"og:image:width\" content=\"1150\" \/>\n\t<meta property=\"og:image:height\" content=\"1010\" \/>\n\t<meta property=\"og:image:type\" content=\"image\/jpeg\" \/>\n<meta name=\"twitter:card\" content=\"summary_large_image\" \/>\n<meta name=\"twitter:label1\" content=\"Est. reading time\" \/>\n\t<meta name=\"twitter:data1\" content=\"1 minute\" \/>\n<script type=\"application\/ld+json\" class=\"yoast-schema-graph\">{\"@context\":\"https:\/\/schema.org\",\"@graph\":[{\"@type\":\"WebPage\",\"@id\":\"https:\/\/shop.tribusurbaines.com\/en\/product\/masque-coco-spiruline\/\",\"url\":\"https:\/\/shop.tribusurbaines.com\/en\/product\/masque-coco-spiruline\/\",\"name\":\"Masque fortifiant pour cheveux secs, cassants et ab\u00eem\u00e9s - Le Shop Tribus Urbaines\",\"isPartOf\":{\"@id\":\"https:\/\/shop.tribusurbaines.com\/#website\"},\"primaryImageOfPage\":{\"@id\":\"https:\/\/shop.tribusurbaines.com\/en\/product\/masque-coco-spiruline\/#primaryimage\"},\"image\":{\"@id\":\"https:\/\/shop.tribusurbaines.com\/en\/product\/masque-coco-spiruline\/#primaryimage\"},\"thumbnailUrl\":\"https:\/\/shop.tribusurbaines.com\/wp-content\/uploads\/2023\/03\/KALIA-MasqueCoco.jpg\",\"datePublished\":\"2023-03-04T10:09:20+00:00\",\"dateModified\":\"2026-04-04T21:46:06+00:00\",\"breadcrumb\":{\"@id\":\"https:\/\/shop.tribusurbaines.com\/en\/product\/masque-coco-spiruline\/#breadcrumb\"},\"inLanguage\":\"en-US\",\"potentialAction\":[{\"@type\":\"ReadAction\",\"target\":[\"https:\/\/shop.tribusurbaines.com\/en\/product\/masque-coco-spiruline\/\"]}]},{\"@type\":\"ImageObject\",\"inLanguage\":\"en-US\",\"@id\":\"https:\/\/shop.tribusurbaines.com\/en\/product\/masque-coco-spiruline\/#primaryimage\",\"url\":\"https:\/\/shop.tribusurbaines.com\/wp-content\/uploads\/2023\/03\/KALIA-MasqueCoco.jpg\",\"contentUrl\":\"https:\/\/shop.tribusurbaines.com\/wp-content\/uploads\/2023\/03\/KALIA-MasqueCoco.jpg\",\"width\":1150,\"height\":1010},{\"@type\":\"BreadcrumbList\",\"@id\":\"https:\/\/shop.tribusurbaines.com\/en\/product\/masque-coco-spiruline\/#breadcrumb\",\"itemListElement\":[{\"@type\":\"ListItem\",\"position\":1,\"name\":\"Accueil\",\"item\":\"https:\/\/shop.tribusurbaines.com\/en\/\"},{\"@type\":\"ListItem\",\"position\":2,\"name\":\"Shop\",\"item\":\"https:\/\/shop.tribusurbaines.com\/shop-2\/\"},{\"@type\":\"ListItem\",\"position\":3,\"name\":\"Masque fortifiant pour cheveux secs, cassants et ab\u00eem\u00e9s\"}]},{\"@type\":\"WebSite\",\"@id\":\"https:\/\/shop.tribusurbaines.com\/#website\",\"url\":\"https:\/\/shop.tribusurbaines.com\/\",\"name\":\"Le Shop Tribus Urbaines\",\"description\":\"Pour toutes les t\u00eates boucl\u00e9es, fris\u00e9es, cr\u00e9pus ou afros\",\"publisher\":{\"@id\":\"https:\/\/shop.tribusurbaines.com\/#organization\"},\"potentialAction\":[{\"@type\":\"SearchAction\",\"target\":{\"@type\":\"EntryPoint\",\"urlTemplate\":\"https:\/\/shop.tribusurbaines.com\/?s={search_term_string}\"},\"query-input\":{\"@type\":\"PropertyValueSpecification\",\"valueRequired\":true,\"valueName\":\"search_term_string\"}}],\"inLanguage\":\"en-US\"},{\"@type\":\"Organization\",\"@id\":\"https:\/\/shop.tribusurbaines.com\/#organization\",\"name\":\"Le Shop Tribus Urbaines\",\"url\":\"https:\/\/shop.tribusurbaines.com\/\",\"logo\":{\"@type\":\"ImageObject\",\"inLanguage\":\"en-US\",\"@id\":\"https:\/\/shop.tribusurbaines.com\/#\/schema\/logo\/image\/\",\"url\":\"https:\/\/shop.tribusurbaines.com\/wp-content\/uploads\/2023\/12\/cropped-logo_boutique.jpg\",\"contentUrl\":\"https:\/\/shop.tribusurbaines.com\/wp-content\/uploads\/2023\/12\/cropped-logo_boutique.jpg\",\"width\":139,\"height\":80,\"caption\":\"Le Shop Tribus Urbaines\"},\"image\":{\"@id\":\"https:\/\/shop.tribusurbaines.com\/#\/schema\/logo\/image\/\"}}]}<\/script>\n<!-- \/ Yoast SEO plugin. -->","yoast_head_json":{"title":"Masque fortifiant pour cheveux secs, cassants et ab\u00eem\u00e9s - Le Shop Tribus Urbaines","robots":{"index":"index","follow":"follow","max-snippet":"max-snippet:-1","max-image-preview":"max-image-preview:large","max-video-preview":"max-video-preview:-1"},"canonical":"https:\/\/shop.tribusurbaines.com\/en\/product\/masque-coco-spiruline\/","og_locale":"en_US","og_type":"article","og_title":"Masque fortifiant pour cheveux secs, cassants et ab\u00eem\u00e9s - Le Shop Tribus Urbaines","og_description":"Masque Coco - Spiruline  C\u2019est quoi ? Un masque prot\u00e9in\u00e9 pour les cheveux enrichi en spiruline, \u00e0 utiliser en soin avant-shampoing pour renforcer la fibre capillaire.  Bienfaits :\u00a0Nourrit \u2013 Fortifie \u2013 Gaine.","og_url":"https:\/\/shop.tribusurbaines.com\/en\/product\/masque-coco-spiruline\/","og_site_name":"Le Shop Tribus Urbaines","article_modified_time":"2026-04-04T21:46:06+00:00","og_image":[{"width":1150,"height":1010,"url":"https:\/\/shop.tribusurbaines.com\/wp-content\/uploads\/2023\/03\/KALIA-MasqueCoco.jpg","type":"image\/jpeg"}],"twitter_card":"summary_large_image","twitter_misc":{"Est. reading time":"1 minute"},"schema":{"@context":"https:\/\/schema.org","@graph":[{"@type":"WebPage","@id":"https:\/\/shop.tribusurbaines.com\/en\/product\/masque-coco-spiruline\/","url":"https:\/\/shop.tribusurbaines.com\/en\/product\/masque-coco-spiruline\/","name":"Masque fortifiant pour cheveux secs, cassants et ab\u00eem\u00e9s - Le Shop Tribus Urbaines","isPartOf":{"@id":"https:\/\/shop.tribusurbaines.com\/#website"},"primaryImageOfPage":{"@id":"https:\/\/shop.tribusurbaines.com\/en\/product\/masque-coco-spiruline\/#primaryimage"},"image":{"@id":"https:\/\/shop.tribusurbaines.com\/en\/product\/masque-coco-spiruline\/#primaryimage"},"thumbnailUrl":"https:\/\/shop.tribusurbaines.com\/wp-content\/uploads\/2023\/03\/KALIA-MasqueCoco.jpg","datePublished":"2023-03-04T10:09:20+00:00","dateModified":"2026-04-04T21:46:06+00:00","breadcrumb":{"@id":"https:\/\/shop.tribusurbaines.com\/en\/product\/masque-coco-spiruline\/#breadcrumb"},"inLanguage":"en-US","potentialAction":[{"@type":"ReadAction","target":["https:\/\/shop.tribusurbaines.com\/en\/product\/masque-coco-spiruline\/"]}]},{"@type":"ImageObject","inLanguage":"en-US","@id":"https:\/\/shop.tribusurbaines.com\/en\/product\/masque-coco-spiruline\/#primaryimage","url":"https:\/\/shop.tribusurbaines.com\/wp-content\/uploads\/2023\/03\/KALIA-MasqueCoco.jpg","contentUrl":"https:\/\/shop.tribusurbaines.com\/wp-content\/uploads\/2023\/03\/KALIA-MasqueCoco.jpg","width":1150,"height":1010},{"@type":"BreadcrumbList","@id":"https:\/\/shop.tribusurbaines.com\/en\/product\/masque-coco-spiruline\/#breadcrumb","itemListElement":[{"@type":"ListItem","position":1,"name":"Accueil","item":"https:\/\/shop.tribusurbaines.com\/en\/"},{"@type":"ListItem","position":2,"name":"Shop","item":"https:\/\/shop.tribusurbaines.com\/shop-2\/"},{"@type":"ListItem","position":3,"name":"Masque fortifiant pour cheveux secs, cassants et ab\u00eem\u00e9s"}]},{"@type":"WebSite","@id":"https:\/\/shop.tribusurbaines.com\/#website","url":"https:\/\/shop.tribusurbaines.com\/","name":"Le Shop Tribus Urbaines","description":"Pour toutes les t\u00eates boucl\u00e9es, fris\u00e9es, cr\u00e9pus ou afros","publisher":{"@id":"https:\/\/shop.tribusurbaines.com\/#organization"},"potentialAction":[{"@type":"SearchAction","target":{"@type":"EntryPoint","urlTemplate":"https:\/\/shop.tribusurbaines.com\/?s={search_term_string}"},"query-input":{"@type":"PropertyValueSpecification","valueRequired":true,"valueName":"search_term_string"}}],"inLanguage":"en-US"},{"@type":"Organization","@id":"https:\/\/shop.tribusurbaines.com\/#organization","name":"Le Shop Tribus Urbaines","url":"https:\/\/shop.tribusurbaines.com\/","logo":{"@type":"ImageObject","inLanguage":"en-US","@id":"https:\/\/shop.tribusurbaines.com\/#\/schema\/logo\/image\/","url":"https:\/\/shop.tribusurbaines.com\/wp-content\/uploads\/2023\/12\/cropped-logo_boutique.jpg","contentUrl":"https:\/\/shop.tribusurbaines.com\/wp-content\/uploads\/2023\/12\/cropped-logo_boutique.jpg","width":139,"height":80,"caption":"Le Shop Tribus Urbaines"},"image":{"@id":"https:\/\/shop.tribusurbaines.com\/#\/schema\/logo\/image\/"}}]}},"_links":{"self":[{"href":"https:\/\/shop.tribusurbaines.com\/en\/wp-json\/wp\/v2\/product\/7794"}],"collection":[{"href":"https:\/\/shop.tribusurbaines.com\/en\/wp-json\/wp\/v2\/product"}],"about":[{"href":"https:\/\/shop.tribusurbaines.com\/en\/wp-json\/wp\/v2\/types\/product"}],"replies":[{"embeddable":true,"href":"https:\/\/shop.tribusurbaines.com\/en\/wp-json\/wp\/v2\/comments?post=7794"}],"wp:featuredmedia":[{"embeddable":true,"href":"https:\/\/shop.tribusurbaines.com\/en\/wp-json\/wp\/v2\/media\/7961"}],"wp:attachment":[{"href":"https:\/\/shop.tribusurbaines.com\/en\/wp-json\/wp\/v2\/media?parent=7794"}],"wp:term":[{"taxonomy":"product_brand","embeddable":true,"href":"https:\/\/shop.tribusurbaines.com\/en\/wp-json\/wp\/v2\/product_brand?post=7794"},{"taxonomy":"product_cat","embeddable":true,"href":"https:\/\/shop.tribusurbaines.com\/en\/wp-json\/wp\/v2\/product_cat?post=7794"},{"taxonomy":"product_tag","embeddable":true,"href":"https:\/\/shop.tribusurbaines.com\/en\/wp-json\/wp\/v2\/product_tag?post=7794"}],"curies":[{"name":"wp","href":"https:\/\/api.w.org\/{rel}","templated":true}]}}