{"id":7783,"date":"2023-02-28T12:01:24","date_gmt":"2023-02-28T11:01:24","guid":{"rendered":"https:\/\/shop.tribusurbaines.com\/?post_type=product&#038;p=7783"},"modified":"2026-04-20T16:26:28","modified_gmt":"2026-04-20T14:26:28","slug":"creme-dhibiscus-3-en-1","status":"publish","type":"product","link":"https:\/\/shop.tribusurbaines.com\/en\/product\/creme-dhibiscus-3-en-1\/","title":{"rendered":"Cr\u00e8me hydratante, nourrissante et d\u00e9m\u00ealante \u00e0 l&#8217;hibiscus (avec ou sans rin\u00e7age)"},"content":{"rendered":"<div class=\"wpb-content-wrapper\">[vc_row][vc_column][vc_column_text]\n<h3><\/h3>\n<h3><strong>Le soin capillaire pour nourrir, d\u00e9m\u00ealer et revitaliser<\/strong><\/h3>\n<p>La\u00a0<strong>Cr\u00e8me d\u2019hibiscus de Kalia Nature<\/strong>\u00a0est une d\u00e9licieuse cr\u00e8me pour les cheveux boucl\u00e9s, ondul\u00e9s et cr\u00e9pus. Sa texture onctueuse apporte douceur et brillance aux longueurs, sans alourdir la chevelure ou plomber les boucles. Formul\u00e9e autour d\u2019une s\u00e9lection d\u2019huiles v\u00e9g\u00e9tales d\u2019origine naturelle et biologiques, elle facilite le d\u00e9m\u00ealage, revitalise l\u2019apparence des longueurs et prot\u00e8ge les pointes.<\/p>\n<h3><strong>1 cr\u00e8me cheveux, 3 utilisations\u00a0!<\/strong><\/h3>\n<p>Multiusages, cette\u00a0<strong>cr\u00e8me pour les cheveux \u00e0 l\u2019hibiscus<\/strong>\u00a0s\u2019utilise de 3 fa\u00e7ons diff\u00e9rentes. Elle peut servir au choix d\u2019apr\u00e8s-shampooing d\u00e9m\u00ealant, de masque nourrissant ou de cr\u00e8me coiffante sans rin\u00e7age. Elle s\u2019emploie au quotidien ou de fa\u00e7on ponctuelle, selon les envies du moment. Elle s\u2019applique par exemple \u00e0 la fin de la routine de lavage ou le matin, pour d\u00e9finir ses boucles.<\/p>\n<h3>Utilisation<\/h3>\n<p><b>En apr\u00e8s-shampooing d\u00e9m\u00ealant :<\/b>\u00a0apr\u00e8s votre shampooing, pr\u00e9levez une noix de cr\u00e8me d&#8217;hibiscus et appliquez-la sur vos cheveux mouill\u00e9s et essor\u00e9s. Laissez agir pendant 1 minute, puis rincez \u00e0 l&#8217;eau claire.<br \/>\n<b>En masque nourrissant :<\/b>\u00a0mouillez vos cheveux et essorez-les consciencieusement dans une serviette-\u00e9ponge. Prenez une quantit\u00e9 g\u00e9n\u00e9reuse de cr\u00e8me et recouvrez-en vos longueurs pr\u00e9alablement divis\u00e9es en sections. De pr\u00e9f\u00e9rence, laissez poser au minimum une heure sous un bonnet chauffant ou de la cellophane pour une meilleure p\u00e9n\u00e9tration du produit. Rincez abondamment.<br \/>\n<b>En leave-in coiffant :\u00a0<\/b>frottez une noisette de produit entre vos mains et passez-les sur vos longueurs s\u00e8ches ou humides, en insistant sur les pointes. Terminez \u00e9ventuellement par un l\u00e9ger coup de brosse pour aider \u00e0 r\u00e9partir le produit, puis scrunchez pour reformer les boucles.<\/p>\n<p>&nbsp;<\/p>\n<h3>Marque<\/h3>\n<p><span data-sheets-value=\"{&quot;1&quot;:2,&quot;2&quot;:&quot;Aqua (Eau purifi\u00e9e), M\u00e9lange d'herbes certifi\u00e9 biologique de Calendula, Arctium Lappa (Racine de Bardane), Urtica Diotica (Feuille d'Ortie), Rosemarinus Officinalis (Romarin) et Pissenlit et Equisetum Arvense (Pr\u00eale) r\u00e9colt\u00e9s dans la nature, Calendula Officinalis biologique (Extrait de Calendula), Olea Europea biologique (Huile d'Olive), Camella Oleifera biologique (Extrait de feuille de Cam\u00e9lia), Hypericum Perforatum, Laminaria Digitata (Algue marine de la c\u00f4te ouest), Decylpolyglucoside, Coco Betaine, Glyc\u00e9rine v\u00e9g\u00e9tale, Cannabid Sativa (Huile de Chanvre), Panth\u00e9nol (Vitamine B5), Cyamopsis Tetragonoloba (Gomme de Guar), Acide citrique, Polyaminopropyl Buiguinide, Huile essentielle de Lavandula Angustifolia (Lavande).&quot;}\" data-sheets-userformat=\"{&quot;2&quot;:15235,&quot;3&quot;:{&quot;1&quot;:0},&quot;4&quot;:{&quot;1&quot;:2,&quot;2&quot;:12968115},&quot;10&quot;:0,&quot;11&quot;:4,&quot;12&quot;:0,&quot;14&quot;:{&quot;1&quot;:2,&quot;2&quot;:0},&quot;15&quot;:&quot;Calibri&quot;,&quot;16&quot;:9}\">Kalia Nature<\/span><\/p>\n<div class=\"heading\"><span class=\"quantity\">300 ml<\/span><\/div>\n<div class=\"woocommerce-short-description\">\n<p>&nbsp;<\/p>\n<\/div>\n[\/vc_column_text][vc_toggle title=&#8221;Ingr\u00e9dients&#8221;]aAQUA (EAU), HUILE DE PALME ELAEIS GUINEENSIS*, HUILE DE GRAINES DE VITIS VINIFERA (RAISIN)**, ALCOOL CETEARYL**, HUILE DE NOIX DE CALODENDRUM CAPENSE ** , HUILE DE GRAINES D&#8217; HIBISCUS SABDARIFFA *, M\u00c9THOSULFATE DE BEHENTRIMONIUM, PARFUM (PARFUM), BEHENYL \/ESTERS DE ST\u00c9ARYL AMINOPROPAN\u00c9DIOL**, ALCOOL BENZYLIQUE, LINALOOL **, LIMON\u00c8NE **, CI 77007 (ULTRAMARINES), ACIDES AMIN\u00c9S DE SOIE **, ACIDE D\u00c9HYDRAC\u00c9TIQUE , CITRONELLOL**, EUGENOL**, COUMARINE, SORBATE DE POTASSIUM , BENZOATE DE SODIUM<\/p>\n<p>* ingr\u00e9dient issu de l&#8217;agriculture biologique<br \/>\n** substance d&#8217;origine naturelle[\/vc_toggle][\/vc_column][\/vc_row]\n<\/div>","protected":false},"excerpt":{"rendered":"<p><b>Cr\u00e8me d&#8217;hibiscus 3-en-1<\/b><\/p>\n<p><b>C\u2019est quoi ?<\/b>\u00a0Une cr\u00e8me pour les cheveux enrichie \u00e0 l\u2019huile de graines d\u2019hibiscus, \u00e0 utiliser comme soin apr\u00e8s-shampoing, masque ou produit coiffant.<\/p>\n<p><b>Bienfaits :\u00a0<\/b>Nourrit \u2013 D\u00e9m\u00eale \u2013 Revitalise.<\/p>\n","protected":false},"featured_media":7959,"comment_status":"closed","ping_status":"closed","template":"","meta":[],"product_brand":[],"product_cat":[133,127,225,123],"product_tag":[],"class_list":{"0":"post-7783","1":"product","2":"type-product","3":"status-publish","4":"has-post-thumbnail","6":"product_cat-conditioners","7":"product_cat-moisturizers","8":"product_cat-gamme-kalia-nature","9":"product_cat-basics-for-your-curls","11":"first","12":"instock","13":"shipping-taxable","14":"purchasable","15":"product-type-simple"},"yoast_head":"<!-- This site is optimized with the Yoast SEO plugin v23.6 - https:\/\/yoast.com\/wordpress\/plugins\/seo\/ -->\n<title>Cr\u00e8me hydratante, nourrissante et d\u00e9m\u00ealante \u00e0 l&#039;hibiscus (avec ou sans rin\u00e7age) - Le Shop Tribus Urbaines<\/title>\n<meta name=\"robots\" content=\"index, follow, max-snippet:-1, max-image-preview:large, max-video-preview:-1\" \/>\n<link rel=\"canonical\" href=\"https:\/\/shop.tribusurbaines.com\/en\/product\/creme-dhibiscus-3-en-1\/\" \/>\n<meta property=\"og:locale\" content=\"en_US\" \/>\n<meta property=\"og:type\" content=\"article\" \/>\n<meta property=\"og:title\" content=\"Cr\u00e8me hydratante, nourrissante et d\u00e9m\u00ealante \u00e0 l&#039;hibiscus (avec ou sans rin\u00e7age) - Le Shop Tribus Urbaines\" \/>\n<meta property=\"og:description\" content=\"Cr\u00e8me d&#039;hibiscus 3-en-1  C\u2019est quoi ?\u00a0Une cr\u00e8me pour les cheveux enrichie \u00e0 l\u2019huile de graines d\u2019hibiscus, \u00e0 utiliser comme soin apr\u00e8s-shampoing, masque ou produit coiffant.  Bienfaits :\u00a0Nourrit \u2013 D\u00e9m\u00eale \u2013 Revitalise.\" \/>\n<meta property=\"og:url\" content=\"https:\/\/shop.tribusurbaines.com\/en\/product\/creme-dhibiscus-3-en-1\/\" \/>\n<meta property=\"og:site_name\" content=\"Le Shop Tribus Urbaines\" \/>\n<meta property=\"article:modified_time\" content=\"2026-04-20T14:26:28+00:00\" \/>\n<meta property=\"og:image\" content=\"https:\/\/shop.tribusurbaines.com\/wp-content\/uploads\/2023\/02\/KALIA-PotCrameHibiscus-1.jpg\" \/>\n\t<meta property=\"og:image:width\" content=\"1150\" \/>\n\t<meta property=\"og:image:height\" content=\"1010\" \/>\n\t<meta property=\"og:image:type\" content=\"image\/jpeg\" \/>\n<meta name=\"twitter:card\" content=\"summary_large_image\" \/>\n<meta name=\"twitter:label1\" content=\"Est. reading time\" \/>\n\t<meta name=\"twitter:data1\" content=\"2 minutes\" \/>\n<script type=\"application\/ld+json\" class=\"yoast-schema-graph\">{\"@context\":\"https:\/\/schema.org\",\"@graph\":[{\"@type\":\"WebPage\",\"@id\":\"https:\/\/shop.tribusurbaines.com\/en\/product\/creme-dhibiscus-3-en-1\/\",\"url\":\"https:\/\/shop.tribusurbaines.com\/en\/product\/creme-dhibiscus-3-en-1\/\",\"name\":\"Cr\u00e8me hydratante, nourrissante et d\u00e9m\u00ealante \u00e0 l'hibiscus (avec ou sans rin\u00e7age) - Le Shop Tribus Urbaines\",\"isPartOf\":{\"@id\":\"https:\/\/shop.tribusurbaines.com\/#website\"},\"primaryImageOfPage\":{\"@id\":\"https:\/\/shop.tribusurbaines.com\/en\/product\/creme-dhibiscus-3-en-1\/#primaryimage\"},\"image\":{\"@id\":\"https:\/\/shop.tribusurbaines.com\/en\/product\/creme-dhibiscus-3-en-1\/#primaryimage\"},\"thumbnailUrl\":\"https:\/\/shop.tribusurbaines.com\/wp-content\/uploads\/2023\/02\/KALIA-PotCrameHibiscus-1.jpg\",\"datePublished\":\"2023-02-28T11:01:24+00:00\",\"dateModified\":\"2026-04-20T14:26:28+00:00\",\"breadcrumb\":{\"@id\":\"https:\/\/shop.tribusurbaines.com\/en\/product\/creme-dhibiscus-3-en-1\/#breadcrumb\"},\"inLanguage\":\"en-US\",\"potentialAction\":[{\"@type\":\"ReadAction\",\"target\":[\"https:\/\/shop.tribusurbaines.com\/en\/product\/creme-dhibiscus-3-en-1\/\"]}]},{\"@type\":\"ImageObject\",\"inLanguage\":\"en-US\",\"@id\":\"https:\/\/shop.tribusurbaines.com\/en\/product\/creme-dhibiscus-3-en-1\/#primaryimage\",\"url\":\"https:\/\/shop.tribusurbaines.com\/wp-content\/uploads\/2023\/02\/KALIA-PotCrameHibiscus-1.jpg\",\"contentUrl\":\"https:\/\/shop.tribusurbaines.com\/wp-content\/uploads\/2023\/02\/KALIA-PotCrameHibiscus-1.jpg\",\"width\":1150,\"height\":1010},{\"@type\":\"BreadcrumbList\",\"@id\":\"https:\/\/shop.tribusurbaines.com\/en\/product\/creme-dhibiscus-3-en-1\/#breadcrumb\",\"itemListElement\":[{\"@type\":\"ListItem\",\"position\":1,\"name\":\"Accueil\",\"item\":\"https:\/\/shop.tribusurbaines.com\/en\/\"},{\"@type\":\"ListItem\",\"position\":2,\"name\":\"Shop\",\"item\":\"https:\/\/shop.tribusurbaines.com\/shop-2\/\"},{\"@type\":\"ListItem\",\"position\":3,\"name\":\"Cr\u00e8me hydratante, nourrissante et d\u00e9m\u00ealante \u00e0 l&rsquo;hibiscus (avec ou sans rin\u00e7age)\"}]},{\"@type\":\"WebSite\",\"@id\":\"https:\/\/shop.tribusurbaines.com\/#website\",\"url\":\"https:\/\/shop.tribusurbaines.com\/\",\"name\":\"Le Shop Tribus Urbaines\",\"description\":\"Pour toutes les t\u00eates boucl\u00e9es, fris\u00e9es, cr\u00e9pus ou afros\",\"publisher\":{\"@id\":\"https:\/\/shop.tribusurbaines.com\/#organization\"},\"potentialAction\":[{\"@type\":\"SearchAction\",\"target\":{\"@type\":\"EntryPoint\",\"urlTemplate\":\"https:\/\/shop.tribusurbaines.com\/?s={search_term_string}\"},\"query-input\":{\"@type\":\"PropertyValueSpecification\",\"valueRequired\":true,\"valueName\":\"search_term_string\"}}],\"inLanguage\":\"en-US\"},{\"@type\":\"Organization\",\"@id\":\"https:\/\/shop.tribusurbaines.com\/#organization\",\"name\":\"Le Shop Tribus Urbaines\",\"url\":\"https:\/\/shop.tribusurbaines.com\/\",\"logo\":{\"@type\":\"ImageObject\",\"inLanguage\":\"en-US\",\"@id\":\"https:\/\/shop.tribusurbaines.com\/#\/schema\/logo\/image\/\",\"url\":\"https:\/\/shop.tribusurbaines.com\/wp-content\/uploads\/2023\/12\/cropped-logo_boutique.jpg\",\"contentUrl\":\"https:\/\/shop.tribusurbaines.com\/wp-content\/uploads\/2023\/12\/cropped-logo_boutique.jpg\",\"width\":139,\"height\":80,\"caption\":\"Le Shop Tribus Urbaines\"},\"image\":{\"@id\":\"https:\/\/shop.tribusurbaines.com\/#\/schema\/logo\/image\/\"}}]}<\/script>\n<!-- \/ Yoast SEO plugin. -->","yoast_head_json":{"title":"Cr\u00e8me hydratante, nourrissante et d\u00e9m\u00ealante \u00e0 l'hibiscus (avec ou sans rin\u00e7age) - Le Shop Tribus Urbaines","robots":{"index":"index","follow":"follow","max-snippet":"max-snippet:-1","max-image-preview":"max-image-preview:large","max-video-preview":"max-video-preview:-1"},"canonical":"https:\/\/shop.tribusurbaines.com\/en\/product\/creme-dhibiscus-3-en-1\/","og_locale":"en_US","og_type":"article","og_title":"Cr\u00e8me hydratante, nourrissante et d\u00e9m\u00ealante \u00e0 l'hibiscus (avec ou sans rin\u00e7age) - Le Shop Tribus Urbaines","og_description":"Cr\u00e8me d'hibiscus 3-en-1  C\u2019est quoi ?\u00a0Une cr\u00e8me pour les cheveux enrichie \u00e0 l\u2019huile de graines d\u2019hibiscus, \u00e0 utiliser comme soin apr\u00e8s-shampoing, masque ou produit coiffant.  Bienfaits :\u00a0Nourrit \u2013 D\u00e9m\u00eale \u2013 Revitalise.","og_url":"https:\/\/shop.tribusurbaines.com\/en\/product\/creme-dhibiscus-3-en-1\/","og_site_name":"Le Shop Tribus Urbaines","article_modified_time":"2026-04-20T14:26:28+00:00","og_image":[{"width":1150,"height":1010,"url":"https:\/\/shop.tribusurbaines.com\/wp-content\/uploads\/2023\/02\/KALIA-PotCrameHibiscus-1.jpg","type":"image\/jpeg"}],"twitter_card":"summary_large_image","twitter_misc":{"Est. reading time":"2 minutes"},"schema":{"@context":"https:\/\/schema.org","@graph":[{"@type":"WebPage","@id":"https:\/\/shop.tribusurbaines.com\/en\/product\/creme-dhibiscus-3-en-1\/","url":"https:\/\/shop.tribusurbaines.com\/en\/product\/creme-dhibiscus-3-en-1\/","name":"Cr\u00e8me hydratante, nourrissante et d\u00e9m\u00ealante \u00e0 l'hibiscus (avec ou sans rin\u00e7age) - Le Shop Tribus Urbaines","isPartOf":{"@id":"https:\/\/shop.tribusurbaines.com\/#website"},"primaryImageOfPage":{"@id":"https:\/\/shop.tribusurbaines.com\/en\/product\/creme-dhibiscus-3-en-1\/#primaryimage"},"image":{"@id":"https:\/\/shop.tribusurbaines.com\/en\/product\/creme-dhibiscus-3-en-1\/#primaryimage"},"thumbnailUrl":"https:\/\/shop.tribusurbaines.com\/wp-content\/uploads\/2023\/02\/KALIA-PotCrameHibiscus-1.jpg","datePublished":"2023-02-28T11:01:24+00:00","dateModified":"2026-04-20T14:26:28+00:00","breadcrumb":{"@id":"https:\/\/shop.tribusurbaines.com\/en\/product\/creme-dhibiscus-3-en-1\/#breadcrumb"},"inLanguage":"en-US","potentialAction":[{"@type":"ReadAction","target":["https:\/\/shop.tribusurbaines.com\/en\/product\/creme-dhibiscus-3-en-1\/"]}]},{"@type":"ImageObject","inLanguage":"en-US","@id":"https:\/\/shop.tribusurbaines.com\/en\/product\/creme-dhibiscus-3-en-1\/#primaryimage","url":"https:\/\/shop.tribusurbaines.com\/wp-content\/uploads\/2023\/02\/KALIA-PotCrameHibiscus-1.jpg","contentUrl":"https:\/\/shop.tribusurbaines.com\/wp-content\/uploads\/2023\/02\/KALIA-PotCrameHibiscus-1.jpg","width":1150,"height":1010},{"@type":"BreadcrumbList","@id":"https:\/\/shop.tribusurbaines.com\/en\/product\/creme-dhibiscus-3-en-1\/#breadcrumb","itemListElement":[{"@type":"ListItem","position":1,"name":"Accueil","item":"https:\/\/shop.tribusurbaines.com\/en\/"},{"@type":"ListItem","position":2,"name":"Shop","item":"https:\/\/shop.tribusurbaines.com\/shop-2\/"},{"@type":"ListItem","position":3,"name":"Cr\u00e8me hydratante, nourrissante et d\u00e9m\u00ealante \u00e0 l&rsquo;hibiscus (avec ou sans rin\u00e7age)"}]},{"@type":"WebSite","@id":"https:\/\/shop.tribusurbaines.com\/#website","url":"https:\/\/shop.tribusurbaines.com\/","name":"Le Shop Tribus Urbaines","description":"Pour toutes les t\u00eates boucl\u00e9es, fris\u00e9es, cr\u00e9pus ou afros","publisher":{"@id":"https:\/\/shop.tribusurbaines.com\/#organization"},"potentialAction":[{"@type":"SearchAction","target":{"@type":"EntryPoint","urlTemplate":"https:\/\/shop.tribusurbaines.com\/?s={search_term_string}"},"query-input":{"@type":"PropertyValueSpecification","valueRequired":true,"valueName":"search_term_string"}}],"inLanguage":"en-US"},{"@type":"Organization","@id":"https:\/\/shop.tribusurbaines.com\/#organization","name":"Le Shop Tribus Urbaines","url":"https:\/\/shop.tribusurbaines.com\/","logo":{"@type":"ImageObject","inLanguage":"en-US","@id":"https:\/\/shop.tribusurbaines.com\/#\/schema\/logo\/image\/","url":"https:\/\/shop.tribusurbaines.com\/wp-content\/uploads\/2023\/12\/cropped-logo_boutique.jpg","contentUrl":"https:\/\/shop.tribusurbaines.com\/wp-content\/uploads\/2023\/12\/cropped-logo_boutique.jpg","width":139,"height":80,"caption":"Le Shop Tribus Urbaines"},"image":{"@id":"https:\/\/shop.tribusurbaines.com\/#\/schema\/logo\/image\/"}}]}},"_links":{"self":[{"href":"https:\/\/shop.tribusurbaines.com\/en\/wp-json\/wp\/v2\/product\/7783"}],"collection":[{"href":"https:\/\/shop.tribusurbaines.com\/en\/wp-json\/wp\/v2\/product"}],"about":[{"href":"https:\/\/shop.tribusurbaines.com\/en\/wp-json\/wp\/v2\/types\/product"}],"replies":[{"embeddable":true,"href":"https:\/\/shop.tribusurbaines.com\/en\/wp-json\/wp\/v2\/comments?post=7783"}],"wp:featuredmedia":[{"embeddable":true,"href":"https:\/\/shop.tribusurbaines.com\/en\/wp-json\/wp\/v2\/media\/7959"}],"wp:attachment":[{"href":"https:\/\/shop.tribusurbaines.com\/en\/wp-json\/wp\/v2\/media?parent=7783"}],"wp:term":[{"taxonomy":"product_brand","embeddable":true,"href":"https:\/\/shop.tribusurbaines.com\/en\/wp-json\/wp\/v2\/product_brand?post=7783"},{"taxonomy":"product_cat","embeddable":true,"href":"https:\/\/shop.tribusurbaines.com\/en\/wp-json\/wp\/v2\/product_cat?post=7783"},{"taxonomy":"product_tag","embeddable":true,"href":"https:\/\/shop.tribusurbaines.com\/en\/wp-json\/wp\/v2\/product_tag?post=7783"}],"curies":[{"name":"wp","href":"https:\/\/api.w.org\/{rel}","templated":true}]}}