{"id":7743,"date":"2023-02-18T13:13:06","date_gmt":"2023-02-18T12:13:06","guid":{"rendered":"https:\/\/shop.tribusurbaines.com\/?post_type=product&#038;p=7743"},"modified":"2026-03-19T06:40:18","modified_gmt":"2026-03-19T05:40:18","slug":"shampoing-a-lortie-piquant","status":"publish","type":"product","link":"https:\/\/shop.tribusurbaines.com\/en\/product\/shampoing-a-lortie-piquant\/","title":{"rendered":"Shampoing purifiant pour cheveux \u00e0 tendance gras ou pelliculaire"},"content":{"rendered":"<div class=\"wpb-content-wrapper\">[vc_row][vc_column][vc_column_text]\n<p id=\"description\"><span style=\"vertical-align: inherit;\">Le<strong>\u00a0shampoing \u00e0 l&#8217;ortie piquante<\/strong><\/span><span style=\"vertical-align: inherit;\">\u00a0est un\u00a0soin lavant qui\u00a0<b>nettoie en douceur<\/b>\u00a0les cheveux et aide \u00e0\u00a0<b>r\u00e9duire les pellicules.\u00a0<\/b>Gr\u00e2ce \u00e0 leurs propri\u00e9t\u00e9s naturelles, l&#8217;ortie piquante et l&#8217;aloe vera agissent pour\u00a0<b>encourager la pousse<\/b>\u00a0et\u00a0<b>purifier le cuir chevelu tout en apportant de l&#8217;hydratation et de la brillance.<\/b><\/span><\/p>\n<p id=\"info_bienfaits\"><span style=\"vertical-align: inherit;\">Particuli\u00e8rement adapt\u00e9 aux\u00a0<b>cheveux \u00e0 tendance gras ou pelliculaire<\/b>, ce shampoing\u00a0<b>\u00e0 base d&#8217;ortie piquante<\/b>\u00a0aide \u00e0\u00a0<b>purifier et nettoie<\/b>\u00a0le cuir chevelu en douceur.\u00a0Sa\u00a0<b>formulation 100 % naturelle<\/b>, enrichie en hydrolats floraux et en huiles essentielles,\u00a0<b>stimule la pousse\u00a0<\/b>et lutte contre la chute des cheveux.\u00a0Ce soin permet aussi de\u00a0<b>r\u00e9guler la production de s\u00e9bum\u00a0<\/b>et \u00e0 long terme de pouvoir\u00a0<b>espacer les shampoings<\/b>.<\/span><\/p>\n<p><strong class=\"collapseable-title\" tabindex=\"0\" role=\"tab\" data-role=\"title\" aria-selected=\"true\" aria-expanded=\"true\">Utilisation<\/strong><\/p>\n<div class=\"oway-utilizzo collapseable-content\" role=\"tabpanel\" data-role=\"content\" aria-hidden=\"false\">\n<p>Appliquer sur les cheveux humides, masser et rincer.<\/p>\n<\/div>\n<p>&nbsp;<\/p>\n<h3>Marque<\/h3>\n<p><span data-sheets-value=\"{&quot;1&quot;:2,&quot;2&quot;:&quot;Aqua (Eau purifi\u00e9e), M\u00e9lange d'herbes certifi\u00e9 biologique de Calendula, Arctium Lappa (Racine de Bardane), Urtica Diotica (Feuille d'Ortie), Rosemarinus Officinalis (Romarin) et Pissenlit et Equisetum Arvense (Pr\u00eale) r\u00e9colt\u00e9s dans la nature, Calendula Officinalis biologique (Extrait de Calendula), Olea Europea biologique (Huile d'Olive), Camella Oleifera biologique (Extrait de feuille de Cam\u00e9lia), Hypericum Perforatum, Laminaria Digitata (Algue marine de la c\u00f4te ouest), Decylpolyglucoside, Coco Betaine, Glyc\u00e9rine v\u00e9g\u00e9tale, Cannabid Sativa (Huile de Chanvre), Panth\u00e9nol (Vitamine B5), Cyamopsis Tetragonoloba (Gomme de Guar), Acide citrique, Polyaminopropyl Buiguinide, Huile essentielle de Lavandula Angustifolia (Lavande).&quot;}\" data-sheets-userformat=\"{&quot;2&quot;:15235,&quot;3&quot;:{&quot;1&quot;:0},&quot;4&quot;:{&quot;1&quot;:2,&quot;2&quot;:12968115},&quot;10&quot;:0,&quot;11&quot;:4,&quot;12&quot;:0,&quot;14&quot;:{&quot;1&quot;:2,&quot;2&quot;:0},&quot;15&quot;:&quot;Calibri&quot;,&quot;16&quot;:9}\">Kalia Nature<\/span><\/p>\n<p>250 ml[\/vc_column_text][vc_toggle title=&#8221;Ingr\u00e9dients&#8221;]AQUA, DECYL GLUCOSIDE**, LAURYL GLUCOSIDE**, ERYTHRITOL*, COCO-BETAINE**, BENZYL ALCOHOL, XANTHAN GUM, RICINUS COMMUNIS SEED OIL*, CITRIC ACID, COCO-CAPRYLATE**, URTICA DIOICA LEAF POWDER*, CITRUS PARADISI PEEL OIL*, LINOMENE, DEHYDROACETIC ACID, ALOE BARBEDENSIS LEAF POWDER**, PIMENTA RACEMOSA LEAF OIL*, EUGENOL, CITRIC ACID**, POTASSIUM SORBATE**, SODIUM BENZOATE **<\/p>\n<p>* ingr\u00e9dient issu de l&#8217;agriculture biologique<br \/>\n** substance d&#8217;origine naturelle[\/vc_toggle][\/vc_column][\/vc_row]\n<\/div>","protected":false},"excerpt":{"rendered":"<div>\n<h4>Shampoing \u00e0 l&#8217;ortie piquante<\/h4>\n<\/div>\n<p><b>C\u2019est quoi ?<\/b>\u00a0Un shampoing liquide \u00e0 l\u2019ortie piquante, pour pr\u00e9venir la chute de cheveux et purifier les cuirs chevelus sujets aux pellicules.<\/p>\n<p><b>Bienfaits :<\/b>\u00a0Purifie \u2013 Accompagne la pousse \u2013 Hydrate.<\/p>\n","protected":false},"featured_media":7897,"comment_status":"closed","ping_status":"closed","template":"","meta":[],"product_brand":[],"product_cat":[225,123,134],"product_tag":[],"class_list":{"0":"post-7743","1":"product","2":"type-product","3":"status-publish","4":"has-post-thumbnail","6":"product_cat-gamme-kalia-nature","7":"product_cat-basics-for-your-curls","8":"product_cat-shampoos","10":"first","11":"outofstock","12":"shipping-taxable","13":"purchasable","14":"product-type-simple"},"yoast_head":"<!-- This site is optimized with the Yoast SEO plugin v23.6 - https:\/\/yoast.com\/wordpress\/plugins\/seo\/ -->\n<title>Shampoing purifiant pour cheveux \u00e0 tendance gras ou pelliculaire - Le Shop Tribus Urbaines<\/title>\n<meta name=\"robots\" content=\"index, follow, max-snippet:-1, max-image-preview:large, max-video-preview:-1\" \/>\n<link rel=\"canonical\" href=\"https:\/\/shop.tribusurbaines.com\/en\/product\/shampoing-a-lortie-piquant\/\" \/>\n<meta property=\"og:locale\" content=\"en_US\" \/>\n<meta property=\"og:type\" content=\"article\" \/>\n<meta property=\"og:title\" content=\"Shampoing purifiant pour cheveux \u00e0 tendance gras ou pelliculaire - Le Shop Tribus Urbaines\" \/>\n<meta property=\"og:description\" content=\"Shampoing \u00e0 l&#039;ortie piquante  C\u2019est quoi ?\u00a0Un shampoing liquide \u00e0 l\u2019ortie piquante, pour pr\u00e9venir la chute de cheveux et purifier les cuirs chevelus sujets aux pellicules.  Bienfaits :\u00a0Purifie \u2013 Accompagne la pousse \u2013 Hydrate.\" \/>\n<meta property=\"og:url\" content=\"https:\/\/shop.tribusurbaines.com\/en\/product\/shampoing-a-lortie-piquant\/\" \/>\n<meta property=\"og:site_name\" content=\"Le Shop Tribus Urbaines\" \/>\n<meta property=\"article:modified_time\" content=\"2026-03-19T05:40:18+00:00\" \/>\n<meta property=\"og:image\" content=\"https:\/\/shop.tribusurbaines.com\/wp-content\/uploads\/2023\/02\/KALIA-ShampoingOrtie-7.jpg\" \/>\n\t<meta property=\"og:image:width\" content=\"1150\" \/>\n\t<meta property=\"og:image:height\" content=\"1010\" \/>\n\t<meta property=\"og:image:type\" content=\"image\/jpeg\" \/>\n<meta name=\"twitter:card\" content=\"summary_large_image\" \/>\n<meta name=\"twitter:label1\" content=\"Est. reading time\" \/>\n\t<meta name=\"twitter:data1\" content=\"2 minutes\" \/>\n<script type=\"application\/ld+json\" class=\"yoast-schema-graph\">{\"@context\":\"https:\/\/schema.org\",\"@graph\":[{\"@type\":\"WebPage\",\"@id\":\"https:\/\/shop.tribusurbaines.com\/en\/product\/shampoing-a-lortie-piquant\/\",\"url\":\"https:\/\/shop.tribusurbaines.com\/en\/product\/shampoing-a-lortie-piquant\/\",\"name\":\"Shampoing purifiant pour cheveux \u00e0 tendance gras ou pelliculaire - Le Shop Tribus Urbaines\",\"isPartOf\":{\"@id\":\"https:\/\/shop.tribusurbaines.com\/#website\"},\"primaryImageOfPage\":{\"@id\":\"https:\/\/shop.tribusurbaines.com\/en\/product\/shampoing-a-lortie-piquant\/#primaryimage\"},\"image\":{\"@id\":\"https:\/\/shop.tribusurbaines.com\/en\/product\/shampoing-a-lortie-piquant\/#primaryimage\"},\"thumbnailUrl\":\"https:\/\/shop.tribusurbaines.com\/wp-content\/uploads\/2023\/02\/KALIA-ShampoingOrtie-7.jpg\",\"datePublished\":\"2023-02-18T12:13:06+00:00\",\"dateModified\":\"2026-03-19T05:40:18+00:00\",\"breadcrumb\":{\"@id\":\"https:\/\/shop.tribusurbaines.com\/en\/product\/shampoing-a-lortie-piquant\/#breadcrumb\"},\"inLanguage\":\"en-US\",\"potentialAction\":[{\"@type\":\"ReadAction\",\"target\":[\"https:\/\/shop.tribusurbaines.com\/en\/product\/shampoing-a-lortie-piquant\/\"]}]},{\"@type\":\"ImageObject\",\"inLanguage\":\"en-US\",\"@id\":\"https:\/\/shop.tribusurbaines.com\/en\/product\/shampoing-a-lortie-piquant\/#primaryimage\",\"url\":\"https:\/\/shop.tribusurbaines.com\/wp-content\/uploads\/2023\/02\/KALIA-ShampoingOrtie-7.jpg\",\"contentUrl\":\"https:\/\/shop.tribusurbaines.com\/wp-content\/uploads\/2023\/02\/KALIA-ShampoingOrtie-7.jpg\",\"width\":1150,\"height\":1010},{\"@type\":\"BreadcrumbList\",\"@id\":\"https:\/\/shop.tribusurbaines.com\/en\/product\/shampoing-a-lortie-piquant\/#breadcrumb\",\"itemListElement\":[{\"@type\":\"ListItem\",\"position\":1,\"name\":\"Accueil\",\"item\":\"https:\/\/shop.tribusurbaines.com\/en\/\"},{\"@type\":\"ListItem\",\"position\":2,\"name\":\"Shop\",\"item\":\"https:\/\/shop.tribusurbaines.com\/shop-2\/\"},{\"@type\":\"ListItem\",\"position\":3,\"name\":\"Shampoing purifiant pour cheveux \u00e0 tendance gras ou pelliculaire\"}]},{\"@type\":\"WebSite\",\"@id\":\"https:\/\/shop.tribusurbaines.com\/#website\",\"url\":\"https:\/\/shop.tribusurbaines.com\/\",\"name\":\"Le Shop Tribus Urbaines\",\"description\":\"Pour toutes les t\u00eates boucl\u00e9es, fris\u00e9es, cr\u00e9pus ou afros\",\"publisher\":{\"@id\":\"https:\/\/shop.tribusurbaines.com\/#organization\"},\"potentialAction\":[{\"@type\":\"SearchAction\",\"target\":{\"@type\":\"EntryPoint\",\"urlTemplate\":\"https:\/\/shop.tribusurbaines.com\/?s={search_term_string}\"},\"query-input\":{\"@type\":\"PropertyValueSpecification\",\"valueRequired\":true,\"valueName\":\"search_term_string\"}}],\"inLanguage\":\"en-US\"},{\"@type\":\"Organization\",\"@id\":\"https:\/\/shop.tribusurbaines.com\/#organization\",\"name\":\"Le Shop Tribus Urbaines\",\"url\":\"https:\/\/shop.tribusurbaines.com\/\",\"logo\":{\"@type\":\"ImageObject\",\"inLanguage\":\"en-US\",\"@id\":\"https:\/\/shop.tribusurbaines.com\/#\/schema\/logo\/image\/\",\"url\":\"https:\/\/shop.tribusurbaines.com\/wp-content\/uploads\/2023\/12\/cropped-logo_boutique.jpg\",\"contentUrl\":\"https:\/\/shop.tribusurbaines.com\/wp-content\/uploads\/2023\/12\/cropped-logo_boutique.jpg\",\"width\":139,\"height\":80,\"caption\":\"Le Shop Tribus Urbaines\"},\"image\":{\"@id\":\"https:\/\/shop.tribusurbaines.com\/#\/schema\/logo\/image\/\"}}]}<\/script>\n<!-- \/ Yoast SEO plugin. -->","yoast_head_json":{"title":"Shampoing purifiant pour cheveux \u00e0 tendance gras ou pelliculaire - Le Shop Tribus Urbaines","robots":{"index":"index","follow":"follow","max-snippet":"max-snippet:-1","max-image-preview":"max-image-preview:large","max-video-preview":"max-video-preview:-1"},"canonical":"https:\/\/shop.tribusurbaines.com\/en\/product\/shampoing-a-lortie-piquant\/","og_locale":"en_US","og_type":"article","og_title":"Shampoing purifiant pour cheveux \u00e0 tendance gras ou pelliculaire - Le Shop Tribus Urbaines","og_description":"Shampoing \u00e0 l'ortie piquante  C\u2019est quoi ?\u00a0Un shampoing liquide \u00e0 l\u2019ortie piquante, pour pr\u00e9venir la chute de cheveux et purifier les cuirs chevelus sujets aux pellicules.  Bienfaits :\u00a0Purifie \u2013 Accompagne la pousse \u2013 Hydrate.","og_url":"https:\/\/shop.tribusurbaines.com\/en\/product\/shampoing-a-lortie-piquant\/","og_site_name":"Le Shop Tribus Urbaines","article_modified_time":"2026-03-19T05:40:18+00:00","og_image":[{"width":1150,"height":1010,"url":"https:\/\/shop.tribusurbaines.com\/wp-content\/uploads\/2023\/02\/KALIA-ShampoingOrtie-7.jpg","type":"image\/jpeg"}],"twitter_card":"summary_large_image","twitter_misc":{"Est. reading time":"2 minutes"},"schema":{"@context":"https:\/\/schema.org","@graph":[{"@type":"WebPage","@id":"https:\/\/shop.tribusurbaines.com\/en\/product\/shampoing-a-lortie-piquant\/","url":"https:\/\/shop.tribusurbaines.com\/en\/product\/shampoing-a-lortie-piquant\/","name":"Shampoing purifiant pour cheveux \u00e0 tendance gras ou pelliculaire - Le Shop Tribus Urbaines","isPartOf":{"@id":"https:\/\/shop.tribusurbaines.com\/#website"},"primaryImageOfPage":{"@id":"https:\/\/shop.tribusurbaines.com\/en\/product\/shampoing-a-lortie-piquant\/#primaryimage"},"image":{"@id":"https:\/\/shop.tribusurbaines.com\/en\/product\/shampoing-a-lortie-piquant\/#primaryimage"},"thumbnailUrl":"https:\/\/shop.tribusurbaines.com\/wp-content\/uploads\/2023\/02\/KALIA-ShampoingOrtie-7.jpg","datePublished":"2023-02-18T12:13:06+00:00","dateModified":"2026-03-19T05:40:18+00:00","breadcrumb":{"@id":"https:\/\/shop.tribusurbaines.com\/en\/product\/shampoing-a-lortie-piquant\/#breadcrumb"},"inLanguage":"en-US","potentialAction":[{"@type":"ReadAction","target":["https:\/\/shop.tribusurbaines.com\/en\/product\/shampoing-a-lortie-piquant\/"]}]},{"@type":"ImageObject","inLanguage":"en-US","@id":"https:\/\/shop.tribusurbaines.com\/en\/product\/shampoing-a-lortie-piquant\/#primaryimage","url":"https:\/\/shop.tribusurbaines.com\/wp-content\/uploads\/2023\/02\/KALIA-ShampoingOrtie-7.jpg","contentUrl":"https:\/\/shop.tribusurbaines.com\/wp-content\/uploads\/2023\/02\/KALIA-ShampoingOrtie-7.jpg","width":1150,"height":1010},{"@type":"BreadcrumbList","@id":"https:\/\/shop.tribusurbaines.com\/en\/product\/shampoing-a-lortie-piquant\/#breadcrumb","itemListElement":[{"@type":"ListItem","position":1,"name":"Accueil","item":"https:\/\/shop.tribusurbaines.com\/en\/"},{"@type":"ListItem","position":2,"name":"Shop","item":"https:\/\/shop.tribusurbaines.com\/shop-2\/"},{"@type":"ListItem","position":3,"name":"Shampoing purifiant pour cheveux \u00e0 tendance gras ou pelliculaire"}]},{"@type":"WebSite","@id":"https:\/\/shop.tribusurbaines.com\/#website","url":"https:\/\/shop.tribusurbaines.com\/","name":"Le Shop Tribus Urbaines","description":"Pour toutes les t\u00eates boucl\u00e9es, fris\u00e9es, cr\u00e9pus ou afros","publisher":{"@id":"https:\/\/shop.tribusurbaines.com\/#organization"},"potentialAction":[{"@type":"SearchAction","target":{"@type":"EntryPoint","urlTemplate":"https:\/\/shop.tribusurbaines.com\/?s={search_term_string}"},"query-input":{"@type":"PropertyValueSpecification","valueRequired":true,"valueName":"search_term_string"}}],"inLanguage":"en-US"},{"@type":"Organization","@id":"https:\/\/shop.tribusurbaines.com\/#organization","name":"Le Shop Tribus Urbaines","url":"https:\/\/shop.tribusurbaines.com\/","logo":{"@type":"ImageObject","inLanguage":"en-US","@id":"https:\/\/shop.tribusurbaines.com\/#\/schema\/logo\/image\/","url":"https:\/\/shop.tribusurbaines.com\/wp-content\/uploads\/2023\/12\/cropped-logo_boutique.jpg","contentUrl":"https:\/\/shop.tribusurbaines.com\/wp-content\/uploads\/2023\/12\/cropped-logo_boutique.jpg","width":139,"height":80,"caption":"Le Shop Tribus Urbaines"},"image":{"@id":"https:\/\/shop.tribusurbaines.com\/#\/schema\/logo\/image\/"}}]}},"_links":{"self":[{"href":"https:\/\/shop.tribusurbaines.com\/en\/wp-json\/wp\/v2\/product\/7743"}],"collection":[{"href":"https:\/\/shop.tribusurbaines.com\/en\/wp-json\/wp\/v2\/product"}],"about":[{"href":"https:\/\/shop.tribusurbaines.com\/en\/wp-json\/wp\/v2\/types\/product"}],"replies":[{"embeddable":true,"href":"https:\/\/shop.tribusurbaines.com\/en\/wp-json\/wp\/v2\/comments?post=7743"}],"wp:featuredmedia":[{"embeddable":true,"href":"https:\/\/shop.tribusurbaines.com\/en\/wp-json\/wp\/v2\/media\/7897"}],"wp:attachment":[{"href":"https:\/\/shop.tribusurbaines.com\/en\/wp-json\/wp\/v2\/media?parent=7743"}],"wp:term":[{"taxonomy":"product_brand","embeddable":true,"href":"https:\/\/shop.tribusurbaines.com\/en\/wp-json\/wp\/v2\/product_brand?post=7743"},{"taxonomy":"product_cat","embeddable":true,"href":"https:\/\/shop.tribusurbaines.com\/en\/wp-json\/wp\/v2\/product_cat?post=7743"},{"taxonomy":"product_tag","embeddable":true,"href":"https:\/\/shop.tribusurbaines.com\/en\/wp-json\/wp\/v2\/product_tag?post=7743"}],"curies":[{"name":"wp","href":"https:\/\/api.w.org\/{rel}","templated":true}]}}