{"id":6181,"date":"2021-02-13T21:15:49","date_gmt":"2021-02-13T20:15:49","guid":{"rendered":"https:\/\/shop.tribusurbaines.com\/product\/carte-cadeau-200-chf\/"},"modified":"2022-12-12T21:55:30","modified_gmt":"2022-12-12T20:55:30","slug":"carte-cadeau-200-chf","status":"publish","type":"product","link":"https:\/\/shop.tribusurbaines.com\/en\/product\/carte-cadeau-200-chf\/","title":{"rendered":"Gift card 200 CHF"},"content":{"rendered":"<div class=\"wpb-content-wrapper\">[vc_row][vc_column][\/vc_column][\/vc_row]\n<\/div>","protected":false},"excerpt":{"rendered":"<div class=\"\">Ideal for giving the choice of one of the packages offered at Tribus Urbaines, plus a hair product or accessory. The most popular package is hair care, cut and curl definition.<\/div>\n<div class=\"\">The 200 CHF gift card can also be used to purchase the products AND all the accessories needed for a good hair routine.<\/div>\n","protected":false},"featured_media":7690,"comment_status":"closed","ping_status":"closed","template":"","meta":[],"product_brand":[],"product_cat":[178],"product_tag":[],"class_list":{"0":"post-6181","1":"product","2":"type-product","3":"status-publish","4":"has-post-thumbnail","6":"product_cat-gift-cards","8":"first","9":"instock","10":"shipping-taxable","11":"purchasable","12":"product-type-variable"},"yoast_head":"<!-- This site is optimized with the Yoast SEO plugin v23.6 - https:\/\/yoast.com\/wordpress\/plugins\/seo\/ -->\n<title>Gift card 200 CHF - Le Shop Tribus Urbaines<\/title>\n<meta name=\"robots\" content=\"index, follow, max-snippet:-1, max-image-preview:large, max-video-preview:-1\" \/>\n<link rel=\"canonical\" href=\"https:\/\/shop.tribusurbaines.com\/en\/product\/carte-cadeau-200-chf\/\" \/>\n<meta property=\"og:locale\" content=\"en_US\" \/>\n<meta property=\"og:type\" content=\"article\" \/>\n<meta property=\"og:title\" content=\"Gift card 200 CHF - Le Shop Tribus Urbaines\" \/>\n<meta property=\"og:description\" content=\"Ideal for giving the choice of one of the packages offered at Tribus Urbaines, plus a hair product or accessory. The most popular package is hair care, cut and curl definition. The 200 CHF gift card can also be used to purchase the products AND all the accessories needed for a good hair routine.\" \/>\n<meta property=\"og:url\" content=\"https:\/\/shop.tribusurbaines.com\/en\/product\/carte-cadeau-200-chf\/\" \/>\n<meta property=\"og:site_name\" content=\"Le Shop Tribus Urbaines\" \/>\n<meta property=\"article:modified_time\" content=\"2022-12-12T20:55:30+00:00\" \/>\n<meta property=\"og:image\" content=\"https:\/\/shop.tribusurbaines.com\/wp-content\/uploads\/2021\/02\/cadeau2.jpg\" \/>\n\t<meta property=\"og:image:width\" content=\"1200\" \/>\n\t<meta property=\"og:image:height\" content=\"800\" \/>\n\t<meta property=\"og:image:type\" content=\"image\/jpeg\" \/>\n<meta name=\"twitter:card\" content=\"summary_large_image\" \/>\n<meta name=\"twitter:label1\" content=\"Est. reading time\" \/>\n\t<meta name=\"twitter:data1\" content=\"1 minute\" \/>\n<script type=\"application\/ld+json\" class=\"yoast-schema-graph\">{\"@context\":\"https:\/\/schema.org\",\"@graph\":[{\"@type\":\"WebPage\",\"@id\":\"https:\/\/shop.tribusurbaines.com\/en\/product\/carte-cadeau-200-chf\/\",\"url\":\"https:\/\/shop.tribusurbaines.com\/en\/product\/carte-cadeau-200-chf\/\",\"name\":\"Gift card 200 CHF - Le Shop Tribus Urbaines\",\"isPartOf\":{\"@id\":\"https:\/\/shop.tribusurbaines.com\/#website\"},\"primaryImageOfPage\":{\"@id\":\"https:\/\/shop.tribusurbaines.com\/en\/product\/carte-cadeau-200-chf\/#primaryimage\"},\"image\":{\"@id\":\"https:\/\/shop.tribusurbaines.com\/en\/product\/carte-cadeau-200-chf\/#primaryimage\"},\"thumbnailUrl\":\"https:\/\/shop.tribusurbaines.com\/wp-content\/uploads\/2021\/02\/cadeau3.jpg\",\"datePublished\":\"2021-02-13T20:15:49+00:00\",\"dateModified\":\"2022-12-12T20:55:30+00:00\",\"breadcrumb\":{\"@id\":\"https:\/\/shop.tribusurbaines.com\/en\/product\/carte-cadeau-200-chf\/#breadcrumb\"},\"inLanguage\":\"en-US\",\"potentialAction\":[{\"@type\":\"ReadAction\",\"target\":[\"https:\/\/shop.tribusurbaines.com\/en\/product\/carte-cadeau-200-chf\/\"]}]},{\"@type\":\"ImageObject\",\"inLanguage\":\"en-US\",\"@id\":\"https:\/\/shop.tribusurbaines.com\/en\/product\/carte-cadeau-200-chf\/#primaryimage\",\"url\":\"https:\/\/shop.tribusurbaines.com\/wp-content\/uploads\/2021\/02\/cadeau3.jpg\",\"contentUrl\":\"https:\/\/shop.tribusurbaines.com\/wp-content\/uploads\/2021\/02\/cadeau3.jpg\",\"width\":1200,\"height\":800},{\"@type\":\"BreadcrumbList\",\"@id\":\"https:\/\/shop.tribusurbaines.com\/en\/product\/carte-cadeau-200-chf\/#breadcrumb\",\"itemListElement\":[{\"@type\":\"ListItem\",\"position\":1,\"name\":\"Accueil\",\"item\":\"https:\/\/shop.tribusurbaines.com\/en\/\"},{\"@type\":\"ListItem\",\"position\":2,\"name\":\"Shop\",\"item\":\"https:\/\/shop.tribusurbaines.com\/shop-2\/\"},{\"@type\":\"ListItem\",\"position\":3,\"name\":\"Gift card 200 CHF\"}]},{\"@type\":\"WebSite\",\"@id\":\"https:\/\/shop.tribusurbaines.com\/#website\",\"url\":\"https:\/\/shop.tribusurbaines.com\/\",\"name\":\"Le Shop Tribus Urbaines\",\"description\":\"Pour toutes les t\u00eates boucl\u00e9es, fris\u00e9es, cr\u00e9pus ou afros\",\"publisher\":{\"@id\":\"https:\/\/shop.tribusurbaines.com\/#organization\"},\"potentialAction\":[{\"@type\":\"SearchAction\",\"target\":{\"@type\":\"EntryPoint\",\"urlTemplate\":\"https:\/\/shop.tribusurbaines.com\/?s={search_term_string}\"},\"query-input\":{\"@type\":\"PropertyValueSpecification\",\"valueRequired\":true,\"valueName\":\"search_term_string\"}}],\"inLanguage\":\"en-US\"},{\"@type\":\"Organization\",\"@id\":\"https:\/\/shop.tribusurbaines.com\/#organization\",\"name\":\"Le Shop Tribus Urbaines\",\"url\":\"https:\/\/shop.tribusurbaines.com\/\",\"logo\":{\"@type\":\"ImageObject\",\"inLanguage\":\"en-US\",\"@id\":\"https:\/\/shop.tribusurbaines.com\/#\/schema\/logo\/image\/\",\"url\":\"https:\/\/shop.tribusurbaines.com\/wp-content\/uploads\/2023\/12\/cropped-logo_boutique.jpg\",\"contentUrl\":\"https:\/\/shop.tribusurbaines.com\/wp-content\/uploads\/2023\/12\/cropped-logo_boutique.jpg\",\"width\":139,\"height\":80,\"caption\":\"Le Shop Tribus Urbaines\"},\"image\":{\"@id\":\"https:\/\/shop.tribusurbaines.com\/#\/schema\/logo\/image\/\"}}]}<\/script>\n<!-- \/ Yoast SEO plugin. -->","yoast_head_json":{"title":"Gift card 200 CHF - Le Shop Tribus Urbaines","robots":{"index":"index","follow":"follow","max-snippet":"max-snippet:-1","max-image-preview":"max-image-preview:large","max-video-preview":"max-video-preview:-1"},"canonical":"https:\/\/shop.tribusurbaines.com\/en\/product\/carte-cadeau-200-chf\/","og_locale":"en_US","og_type":"article","og_title":"Gift card 200 CHF - Le Shop Tribus Urbaines","og_description":"Ideal for giving the choice of one of the packages offered at Tribus Urbaines, plus a hair product or accessory. The most popular package is hair care, cut and curl definition. The 200 CHF gift card can also be used to purchase the products AND all the accessories needed for a good hair routine.","og_url":"https:\/\/shop.tribusurbaines.com\/en\/product\/carte-cadeau-200-chf\/","og_site_name":"Le Shop Tribus Urbaines","article_modified_time":"2022-12-12T20:55:30+00:00","og_image":[{"width":1200,"height":800,"url":"https:\/\/shop.tribusurbaines.com\/wp-content\/uploads\/2021\/02\/cadeau2.jpg","type":"image\/jpeg"}],"twitter_card":"summary_large_image","twitter_misc":{"Est. reading time":"1 minute"},"schema":{"@context":"https:\/\/schema.org","@graph":[{"@type":"WebPage","@id":"https:\/\/shop.tribusurbaines.com\/en\/product\/carte-cadeau-200-chf\/","url":"https:\/\/shop.tribusurbaines.com\/en\/product\/carte-cadeau-200-chf\/","name":"Gift card 200 CHF - Le Shop Tribus Urbaines","isPartOf":{"@id":"https:\/\/shop.tribusurbaines.com\/#website"},"primaryImageOfPage":{"@id":"https:\/\/shop.tribusurbaines.com\/en\/product\/carte-cadeau-200-chf\/#primaryimage"},"image":{"@id":"https:\/\/shop.tribusurbaines.com\/en\/product\/carte-cadeau-200-chf\/#primaryimage"},"thumbnailUrl":"https:\/\/shop.tribusurbaines.com\/wp-content\/uploads\/2021\/02\/cadeau3.jpg","datePublished":"2021-02-13T20:15:49+00:00","dateModified":"2022-12-12T20:55:30+00:00","breadcrumb":{"@id":"https:\/\/shop.tribusurbaines.com\/en\/product\/carte-cadeau-200-chf\/#breadcrumb"},"inLanguage":"en-US","potentialAction":[{"@type":"ReadAction","target":["https:\/\/shop.tribusurbaines.com\/en\/product\/carte-cadeau-200-chf\/"]}]},{"@type":"ImageObject","inLanguage":"en-US","@id":"https:\/\/shop.tribusurbaines.com\/en\/product\/carte-cadeau-200-chf\/#primaryimage","url":"https:\/\/shop.tribusurbaines.com\/wp-content\/uploads\/2021\/02\/cadeau3.jpg","contentUrl":"https:\/\/shop.tribusurbaines.com\/wp-content\/uploads\/2021\/02\/cadeau3.jpg","width":1200,"height":800},{"@type":"BreadcrumbList","@id":"https:\/\/shop.tribusurbaines.com\/en\/product\/carte-cadeau-200-chf\/#breadcrumb","itemListElement":[{"@type":"ListItem","position":1,"name":"Accueil","item":"https:\/\/shop.tribusurbaines.com\/en\/"},{"@type":"ListItem","position":2,"name":"Shop","item":"https:\/\/shop.tribusurbaines.com\/shop-2\/"},{"@type":"ListItem","position":3,"name":"Gift card 200 CHF"}]},{"@type":"WebSite","@id":"https:\/\/shop.tribusurbaines.com\/#website","url":"https:\/\/shop.tribusurbaines.com\/","name":"Le Shop Tribus Urbaines","description":"Pour toutes les t\u00eates boucl\u00e9es, fris\u00e9es, cr\u00e9pus ou afros","publisher":{"@id":"https:\/\/shop.tribusurbaines.com\/#organization"},"potentialAction":[{"@type":"SearchAction","target":{"@type":"EntryPoint","urlTemplate":"https:\/\/shop.tribusurbaines.com\/?s={search_term_string}"},"query-input":{"@type":"PropertyValueSpecification","valueRequired":true,"valueName":"search_term_string"}}],"inLanguage":"en-US"},{"@type":"Organization","@id":"https:\/\/shop.tribusurbaines.com\/#organization","name":"Le Shop Tribus Urbaines","url":"https:\/\/shop.tribusurbaines.com\/","logo":{"@type":"ImageObject","inLanguage":"en-US","@id":"https:\/\/shop.tribusurbaines.com\/#\/schema\/logo\/image\/","url":"https:\/\/shop.tribusurbaines.com\/wp-content\/uploads\/2023\/12\/cropped-logo_boutique.jpg","contentUrl":"https:\/\/shop.tribusurbaines.com\/wp-content\/uploads\/2023\/12\/cropped-logo_boutique.jpg","width":139,"height":80,"caption":"Le Shop Tribus Urbaines"},"image":{"@id":"https:\/\/shop.tribusurbaines.com\/#\/schema\/logo\/image\/"}}]}},"_links":{"self":[{"href":"https:\/\/shop.tribusurbaines.com\/en\/wp-json\/wp\/v2\/product\/6181"}],"collection":[{"href":"https:\/\/shop.tribusurbaines.com\/en\/wp-json\/wp\/v2\/product"}],"about":[{"href":"https:\/\/shop.tribusurbaines.com\/en\/wp-json\/wp\/v2\/types\/product"}],"replies":[{"embeddable":true,"href":"https:\/\/shop.tribusurbaines.com\/en\/wp-json\/wp\/v2\/comments?post=6181"}],"wp:featuredmedia":[{"embeddable":true,"href":"https:\/\/shop.tribusurbaines.com\/en\/wp-json\/wp\/v2\/media\/7690"}],"wp:attachment":[{"href":"https:\/\/shop.tribusurbaines.com\/en\/wp-json\/wp\/v2\/media?parent=6181"}],"wp:term":[{"taxonomy":"product_brand","embeddable":true,"href":"https:\/\/shop.tribusurbaines.com\/en\/wp-json\/wp\/v2\/product_brand?post=6181"},{"taxonomy":"product_cat","embeddable":true,"href":"https:\/\/shop.tribusurbaines.com\/en\/wp-json\/wp\/v2\/product_cat?post=6181"},{"taxonomy":"product_tag","embeddable":true,"href":"https:\/\/shop.tribusurbaines.com\/en\/wp-json\/wp\/v2\/product_tag?post=6181"}],"curies":[{"name":"wp","href":"https:\/\/api.w.org\/{rel}","templated":true}]}}