{"id":5381,"date":"2021-02-21T13:16:04","date_gmt":"2021-02-21T12:16:04","guid":{"rendered":"https:\/\/shop.tribusurbaines.com\/product\/spray-coiffant-hair-love-innersense\/"},"modified":"2021-03-18T11:51:00","modified_gmt":"2021-03-18T10:51:00","slug":"spray-coiffant-hair-love-innersense","status":"publish","type":"product","link":"https:\/\/shop.tribusurbaines.com\/en\/product\/spray-coiffant-hair-love-innersense\/","title":{"rendered":"Innersense Hair love Spray"},"content":{"rendered":"<div class=\"wpb-content-wrapper\">[vc_row][vc_column][vc_column_text]\n<h3>Tips for use<\/h3>\n<p>Spray a small amount in the palms of your hands or directly into your hair and apply in small portions to wet, combed hair. Then use the desired INNERSENSE styling products as usual. Tip: For added bounce and volume, blow-dry hair evenly.<\/p>\n<h3>Brand<\/h3>\n<p><span data-sheets-value=\"{&quot;1&quot;:2,&quot;2&quot;:&quot;Aqua (Eau purifi\u00e9e), M\u00e9lange d'herbes certifi\u00e9 biologique de Calendula, Arctium Lappa (Racine de Bardane), Urtica Diotica (Feuille d'Ortie), Rosemarinus Officinalis (Romarin) et Pissenlit et Equisetum Arvense (Pr\u00eale) r\u00e9colt\u00e9s dans la nature, Calendula Officinalis biologique (Extrait de Calendula), Olea Europea biologique (Huile d'Olive), Camella Oleifera biologique (Extrait de feuille de Cam\u00e9lia), Hypericum Perforatum, Laminaria Digitata (Algue marine de la c\u00f4te ouest), Decylpolyglucoside, Coco Betaine, Glyc\u00e9rine v\u00e9g\u00e9tale, Cannabid Sativa (Huile de Chanvre), Panth\u00e9nol (Vitamine B5), Cyamopsis Tetragonoloba (Gomme de Guar), Acide citrique, Polyaminopropyl Buiguinide, Huile essentielle de Lavandula Angustifolia (Lavande).&quot;}\" data-sheets-userformat=\"{&quot;2&quot;:15235,&quot;3&quot;:{&quot;1&quot;:0},&quot;4&quot;:{&quot;1&quot;:2,&quot;2&quot;:12968115},&quot;10&quot;:0,&quot;11&quot;:4,&quot;12&quot;:0,&quot;14&quot;:{&quot;1&quot;:2,&quot;2&quot;:0},&quot;15&quot;:&quot;Calibri&quot;,&quot;16&quot;:9}\">Innersense<\/span>[\/vc_column_text][vc_toggle title=&#8221;Ingredients&#8221;]<strong>Main active ingredients <\/strong><\/p>\n<p>Baobab moisturises intensely and protects the hair from UV rays. The angel root is anti-inflammatory and antimicrobial. In addition, it promotes blood circulation in the scalp. Rice proteins restore volume to the hair and increase its ability to retain moisture for tenfold shine. They improve the suppleness and elasticity of the hair, while helping to soothe the scalp. Aloe vera strengthens the hair, making it more manageable, while giving it a silky texture. Flaxseed is packed with essential vitamins and minerals that nourish hair follicles and promote stronger, healthier hair growth. Omega-3 fatty acids help prevent scalp dryness and nourish hair, while greater hair elasticity reduces the likelihood of hair breakage.<\/p>\n<p><strong>Detail<\/strong><\/p>\n<p>Water, Caprylyl\/Capryl Glucoside, Potassium Sorbate, Aloe Barbadensis (Aloe Vera) Leaf Juice*, Guar Hydroxypropyltrimonium Chloride, Galactoarabinan, Pullulan, Sodium Phytate, Amethyst Powder, Citric Acid, Sodium Levulinate, Panthenol,(Vitamin B-5), Eucalyptus Globulus (Eucalyptus) Leaf Oil, Linum Usitatissimum (Linseed) Seed Oil, Glycerin*, Chamomilla, Recutita (Matricaria) Flower Extract*, Eucalyptus Globulus, (Eucalyptus) Leaf Extract*, Ginkgo Biloba Leaf Extract*, Aspalathus Linearis Leaf Extract*, Honey Extract*, Hydrolyzed Rice Protein , Sodium PCA , Sodium Lactate, Arginine, Aspartic, Acid, PCA, Glycine, Alanine, Serine, Valine, Proline, Threonine,Isoleucine, Histidine, Phenylalanine, Oryza Sativa (Rice), Extract*, Hydrolyzed Adansonia Digitata (Baobab) Seed Extract, Lavandula Angustifolia (Lavender) Flower Water, Sodium, Benzoate, Citrus Aurantium Dulcis (Orange) Peel Oil Expressed, Citrus Limon (Lemon) Peel Oil, Citrus Reticulata (Tangerine) Peel Oil, Cananga Odorata Flower Oil, Limonene\u2020, Lemon Oil Terpenes, Citral\u2020 , Linalool\u2020<\/p>\n<p>\u2020natural essential oil componentss | * Certified Organic[\/vc_toggle][\/vc_column][\/vc_row]\n<\/div>","protected":false},"excerpt":{"rendered":"<p>The multifunctional HAIR LOVE PREP SPRAY has been developed to optimally prepare your hair for styling with INNERSENSE styling products and to intensify their effect. Easy to use, it provides an ideal base for every hair structure and every hairstyle. The intensive moisture content of baobab and angelica intensifies the hair&#8217;s protection against heat, UV rays and other environmental influences. Vitamin B and rice proteins strengthen the hair from root to tip, for thicker and more voluminous hair that is immediately visible.<\/p>\n<p>198 ml \/ 6.7 fl.oz<\/p>\n<p>&nbsp;<\/p>\n<p><img decoding=\"async\" class=\"alignleft size-full wp-image-5849\" src=\"https:\/\/shop.tribusurbaines.com\/wp-content\/uploads\/2021\/01\/icones-EN.jpg\" alt=\"\" width=\"1024\" height=\"171\" srcset=\"https:\/\/shop.tribusurbaines.com\/wp-content\/uploads\/2021\/01\/icones-EN.jpg 1024w, https:\/\/shop.tribusurbaines.com\/wp-content\/uploads\/2021\/01\/icones-EN-300x50.jpg 300w, https:\/\/shop.tribusurbaines.com\/wp-content\/uploads\/2021\/01\/icones-EN-768x128.jpg 768w, https:\/\/shop.tribusurbaines.com\/wp-content\/uploads\/2021\/01\/icones-EN-150x25.jpg 150w, https:\/\/shop.tribusurbaines.com\/wp-content\/uploads\/2021\/01\/icones-EN-600x100.jpg 600w, https:\/\/shop.tribusurbaines.com\/wp-content\/uploads\/2021\/01\/icones-EN-900x150.jpg 900w\" sizes=\"(max-width: 1024px) 100vw, 1024px\" \/><\/p>\n","protected":false},"featured_media":5925,"comment_status":"closed","ping_status":"closed","template":"","meta":[],"product_brand":[],"product_cat":[123,124,142],"product_tag":[],"class_list":{"0":"post-5381","1":"product","2":"type-product","3":"status-publish","4":"has-post-thumbnail","6":"product_cat-basics-for-your-curls","7":"product_cat-curl-definition-products","8":"product_cat-innersense-bio","10":"first","11":"outofstock","12":"shipping-taxable","13":"purchasable","14":"product-type-simple"},"yoast_head":"<!-- This site is optimized with the Yoast SEO plugin v23.6 - https:\/\/yoast.com\/wordpress\/plugins\/seo\/ -->\n<title>Innersense Hair love Spray - Le Shop Tribus Urbaines<\/title>\n<meta name=\"robots\" content=\"index, follow, max-snippet:-1, max-image-preview:large, max-video-preview:-1\" \/>\n<link rel=\"canonical\" href=\"https:\/\/shop.tribusurbaines.com\/en\/product\/spray-coiffant-hair-love-innersense\/\" \/>\n<meta property=\"og:locale\" content=\"en_US\" \/>\n<meta property=\"og:type\" content=\"article\" \/>\n<meta property=\"og:title\" content=\"Innersense Hair love Spray - Le Shop Tribus Urbaines\" \/>\n<meta property=\"og:description\" content=\"The multifunctional HAIR LOVE PREP SPRAY has been developed to optimally prepare your hair for styling with INNERSENSE styling products and to intensify their effect. Easy to use, it provides an ideal base for every hair structure and every hairstyle. The intensive moisture content of baobab and angelica intensifies the hair&#039;s protection against heat, UV rays and other environmental influences. Vitamin B and rice proteins strengthen the hair from root to tip, for thicker and more voluminous hair that is immediately visible.  198 ml \/ 6.7 fl.oz  &nbsp;\" \/>\n<meta property=\"og:url\" content=\"https:\/\/shop.tribusurbaines.com\/en\/product\/spray-coiffant-hair-love-innersense\/\" \/>\n<meta property=\"og:site_name\" content=\"Le Shop Tribus Urbaines\" \/>\n<meta property=\"article:modified_time\" content=\"2021-03-18T10:51:00+00:00\" \/>\n<meta property=\"og:image\" content=\"https:\/\/shop.tribusurbaines.com\/wp-content\/uploads\/2021\/02\/7728-900x790-2.jpg\" \/>\n\t<meta property=\"og:image:width\" content=\"900\" \/>\n\t<meta property=\"og:image:height\" content=\"790\" \/>\n\t<meta property=\"og:image:type\" content=\"image\/jpeg\" \/>\n<meta name=\"twitter:card\" content=\"summary_large_image\" \/>\n<meta name=\"twitter:label1\" content=\"Est. reading time\" \/>\n\t<meta name=\"twitter:data1\" content=\"2 minutes\" \/>\n<script type=\"application\/ld+json\" class=\"yoast-schema-graph\">{\"@context\":\"https:\/\/schema.org\",\"@graph\":[{\"@type\":\"WebPage\",\"@id\":\"https:\/\/shop.tribusurbaines.com\/en\/product\/spray-coiffant-hair-love-innersense\/\",\"url\":\"https:\/\/shop.tribusurbaines.com\/en\/product\/spray-coiffant-hair-love-innersense\/\",\"name\":\"Innersense Hair love Spray - Le Shop Tribus Urbaines\",\"isPartOf\":{\"@id\":\"https:\/\/shop.tribusurbaines.com\/#website\"},\"primaryImageOfPage\":{\"@id\":\"https:\/\/shop.tribusurbaines.com\/en\/product\/spray-coiffant-hair-love-innersense\/#primaryimage\"},\"image\":{\"@id\":\"https:\/\/shop.tribusurbaines.com\/en\/product\/spray-coiffant-hair-love-innersense\/#primaryimage\"},\"thumbnailUrl\":\"https:\/\/shop.tribusurbaines.com\/wp-content\/uploads\/2021\/02\/7728-900x790-2.jpg\",\"datePublished\":\"2021-02-21T12:16:04+00:00\",\"dateModified\":\"2021-03-18T10:51:00+00:00\",\"breadcrumb\":{\"@id\":\"https:\/\/shop.tribusurbaines.com\/en\/product\/spray-coiffant-hair-love-innersense\/#breadcrumb\"},\"inLanguage\":\"en-US\",\"potentialAction\":[{\"@type\":\"ReadAction\",\"target\":[\"https:\/\/shop.tribusurbaines.com\/en\/product\/spray-coiffant-hair-love-innersense\/\"]}]},{\"@type\":\"ImageObject\",\"inLanguage\":\"en-US\",\"@id\":\"https:\/\/shop.tribusurbaines.com\/en\/product\/spray-coiffant-hair-love-innersense\/#primaryimage\",\"url\":\"https:\/\/shop.tribusurbaines.com\/wp-content\/uploads\/2021\/02\/7728-900x790-2.jpg\",\"contentUrl\":\"https:\/\/shop.tribusurbaines.com\/wp-content\/uploads\/2021\/02\/7728-900x790-2.jpg\",\"width\":900,\"height\":790},{\"@type\":\"BreadcrumbList\",\"@id\":\"https:\/\/shop.tribusurbaines.com\/en\/product\/spray-coiffant-hair-love-innersense\/#breadcrumb\",\"itemListElement\":[{\"@type\":\"ListItem\",\"position\":1,\"name\":\"Accueil\",\"item\":\"https:\/\/shop.tribusurbaines.com\/en\/\"},{\"@type\":\"ListItem\",\"position\":2,\"name\":\"Shop\",\"item\":\"https:\/\/shop.tribusurbaines.com\/shop-2\/\"},{\"@type\":\"ListItem\",\"position\":3,\"name\":\"Innersense Hair love Spray\"}]},{\"@type\":\"WebSite\",\"@id\":\"https:\/\/shop.tribusurbaines.com\/#website\",\"url\":\"https:\/\/shop.tribusurbaines.com\/\",\"name\":\"Le Shop Tribus Urbaines\",\"description\":\"Pour toutes les t\u00eates boucl\u00e9es, fris\u00e9es, cr\u00e9pus ou afros\",\"publisher\":{\"@id\":\"https:\/\/shop.tribusurbaines.com\/#organization\"},\"potentialAction\":[{\"@type\":\"SearchAction\",\"target\":{\"@type\":\"EntryPoint\",\"urlTemplate\":\"https:\/\/shop.tribusurbaines.com\/?s={search_term_string}\"},\"query-input\":{\"@type\":\"PropertyValueSpecification\",\"valueRequired\":true,\"valueName\":\"search_term_string\"}}],\"inLanguage\":\"en-US\"},{\"@type\":\"Organization\",\"@id\":\"https:\/\/shop.tribusurbaines.com\/#organization\",\"name\":\"Le Shop Tribus Urbaines\",\"url\":\"https:\/\/shop.tribusurbaines.com\/\",\"logo\":{\"@type\":\"ImageObject\",\"inLanguage\":\"en-US\",\"@id\":\"https:\/\/shop.tribusurbaines.com\/#\/schema\/logo\/image\/\",\"url\":\"https:\/\/shop.tribusurbaines.com\/wp-content\/uploads\/2023\/12\/cropped-logo_boutique.jpg\",\"contentUrl\":\"https:\/\/shop.tribusurbaines.com\/wp-content\/uploads\/2023\/12\/cropped-logo_boutique.jpg\",\"width\":139,\"height\":80,\"caption\":\"Le Shop Tribus Urbaines\"},\"image\":{\"@id\":\"https:\/\/shop.tribusurbaines.com\/#\/schema\/logo\/image\/\"}}]}<\/script>\n<!-- \/ Yoast SEO plugin. -->","yoast_head_json":{"title":"Innersense Hair love Spray - Le Shop Tribus Urbaines","robots":{"index":"index","follow":"follow","max-snippet":"max-snippet:-1","max-image-preview":"max-image-preview:large","max-video-preview":"max-video-preview:-1"},"canonical":"https:\/\/shop.tribusurbaines.com\/en\/product\/spray-coiffant-hair-love-innersense\/","og_locale":"en_US","og_type":"article","og_title":"Innersense Hair love Spray - Le Shop Tribus Urbaines","og_description":"The multifunctional HAIR LOVE PREP SPRAY has been developed to optimally prepare your hair for styling with INNERSENSE styling products and to intensify their effect. Easy to use, it provides an ideal base for every hair structure and every hairstyle. The intensive moisture content of baobab and angelica intensifies the hair's protection against heat, UV rays and other environmental influences. Vitamin B and rice proteins strengthen the hair from root to tip, for thicker and more voluminous hair that is immediately visible.  198 ml \/ 6.7 fl.oz  &nbsp;","og_url":"https:\/\/shop.tribusurbaines.com\/en\/product\/spray-coiffant-hair-love-innersense\/","og_site_name":"Le Shop Tribus Urbaines","article_modified_time":"2021-03-18T10:51:00+00:00","og_image":[{"width":900,"height":790,"url":"https:\/\/shop.tribusurbaines.com\/wp-content\/uploads\/2021\/02\/7728-900x790-2.jpg","type":"image\/jpeg"}],"twitter_card":"summary_large_image","twitter_misc":{"Est. reading time":"2 minutes"},"schema":{"@context":"https:\/\/schema.org","@graph":[{"@type":"WebPage","@id":"https:\/\/shop.tribusurbaines.com\/en\/product\/spray-coiffant-hair-love-innersense\/","url":"https:\/\/shop.tribusurbaines.com\/en\/product\/spray-coiffant-hair-love-innersense\/","name":"Innersense Hair love Spray - Le Shop Tribus Urbaines","isPartOf":{"@id":"https:\/\/shop.tribusurbaines.com\/#website"},"primaryImageOfPage":{"@id":"https:\/\/shop.tribusurbaines.com\/en\/product\/spray-coiffant-hair-love-innersense\/#primaryimage"},"image":{"@id":"https:\/\/shop.tribusurbaines.com\/en\/product\/spray-coiffant-hair-love-innersense\/#primaryimage"},"thumbnailUrl":"https:\/\/shop.tribusurbaines.com\/wp-content\/uploads\/2021\/02\/7728-900x790-2.jpg","datePublished":"2021-02-21T12:16:04+00:00","dateModified":"2021-03-18T10:51:00+00:00","breadcrumb":{"@id":"https:\/\/shop.tribusurbaines.com\/en\/product\/spray-coiffant-hair-love-innersense\/#breadcrumb"},"inLanguage":"en-US","potentialAction":[{"@type":"ReadAction","target":["https:\/\/shop.tribusurbaines.com\/en\/product\/spray-coiffant-hair-love-innersense\/"]}]},{"@type":"ImageObject","inLanguage":"en-US","@id":"https:\/\/shop.tribusurbaines.com\/en\/product\/spray-coiffant-hair-love-innersense\/#primaryimage","url":"https:\/\/shop.tribusurbaines.com\/wp-content\/uploads\/2021\/02\/7728-900x790-2.jpg","contentUrl":"https:\/\/shop.tribusurbaines.com\/wp-content\/uploads\/2021\/02\/7728-900x790-2.jpg","width":900,"height":790},{"@type":"BreadcrumbList","@id":"https:\/\/shop.tribusurbaines.com\/en\/product\/spray-coiffant-hair-love-innersense\/#breadcrumb","itemListElement":[{"@type":"ListItem","position":1,"name":"Accueil","item":"https:\/\/shop.tribusurbaines.com\/en\/"},{"@type":"ListItem","position":2,"name":"Shop","item":"https:\/\/shop.tribusurbaines.com\/shop-2\/"},{"@type":"ListItem","position":3,"name":"Innersense Hair love Spray"}]},{"@type":"WebSite","@id":"https:\/\/shop.tribusurbaines.com\/#website","url":"https:\/\/shop.tribusurbaines.com\/","name":"Le Shop Tribus Urbaines","description":"Pour toutes les t\u00eates boucl\u00e9es, fris\u00e9es, cr\u00e9pus ou afros","publisher":{"@id":"https:\/\/shop.tribusurbaines.com\/#organization"},"potentialAction":[{"@type":"SearchAction","target":{"@type":"EntryPoint","urlTemplate":"https:\/\/shop.tribusurbaines.com\/?s={search_term_string}"},"query-input":{"@type":"PropertyValueSpecification","valueRequired":true,"valueName":"search_term_string"}}],"inLanguage":"en-US"},{"@type":"Organization","@id":"https:\/\/shop.tribusurbaines.com\/#organization","name":"Le Shop Tribus Urbaines","url":"https:\/\/shop.tribusurbaines.com\/","logo":{"@type":"ImageObject","inLanguage":"en-US","@id":"https:\/\/shop.tribusurbaines.com\/#\/schema\/logo\/image\/","url":"https:\/\/shop.tribusurbaines.com\/wp-content\/uploads\/2023\/12\/cropped-logo_boutique.jpg","contentUrl":"https:\/\/shop.tribusurbaines.com\/wp-content\/uploads\/2023\/12\/cropped-logo_boutique.jpg","width":139,"height":80,"caption":"Le Shop Tribus Urbaines"},"image":{"@id":"https:\/\/shop.tribusurbaines.com\/#\/schema\/logo\/image\/"}}]}},"_links":{"self":[{"href":"https:\/\/shop.tribusurbaines.com\/en\/wp-json\/wp\/v2\/product\/5381"}],"collection":[{"href":"https:\/\/shop.tribusurbaines.com\/en\/wp-json\/wp\/v2\/product"}],"about":[{"href":"https:\/\/shop.tribusurbaines.com\/en\/wp-json\/wp\/v2\/types\/product"}],"replies":[{"embeddable":true,"href":"https:\/\/shop.tribusurbaines.com\/en\/wp-json\/wp\/v2\/comments?post=5381"}],"wp:featuredmedia":[{"embeddable":true,"href":"https:\/\/shop.tribusurbaines.com\/en\/wp-json\/wp\/v2\/media\/5925"}],"wp:attachment":[{"href":"https:\/\/shop.tribusurbaines.com\/en\/wp-json\/wp\/v2\/media?parent=5381"}],"wp:term":[{"taxonomy":"product_brand","embeddable":true,"href":"https:\/\/shop.tribusurbaines.com\/en\/wp-json\/wp\/v2\/product_brand?post=5381"},{"taxonomy":"product_cat","embeddable":true,"href":"https:\/\/shop.tribusurbaines.com\/en\/wp-json\/wp\/v2\/product_cat?post=5381"},{"taxonomy":"product_tag","embeddable":true,"href":"https:\/\/shop.tribusurbaines.com\/en\/wp-json\/wp\/v2\/product_tag?post=5381"}],"curies":[{"name":"wp","href":"https:\/\/api.w.org\/{rel}","templated":true}]}}