{"id":5292,"date":"2021-02-21T12:51:24","date_gmt":"2021-02-21T11:51:24","guid":{"rendered":"https:\/\/shop.tribusurbaines.com\/product\/gel-coiffant-i-create-hold-innersense\/"},"modified":"2021-03-18T16:19:14","modified_gmt":"2021-03-18T15:19:14","slug":"gel-coiffant-i-create-hold-innersense","status":"publish","type":"product","link":"https:\/\/shop.tribusurbaines.com\/en\/product\/gel-coiffant-i-create-hold-innersense\/","title":{"rendered":"&#8220;I Create Hold&#8221; Innersense Natural Styling Gel"},"content":{"rendered":"<div class=\"wpb-content-wrapper\">[vc_row][vc_column][vc_column_text]\n<h3>Tips<\/h3>\n<p>Spread the styling gel on the hair according to the desired effect and then work the strands with your fingertips as desired. Leave to dry.<\/p>\n<p>&nbsp;<\/p>\n<h3>Brand<\/h3>\n<p><span data-sheets-value=\"{&quot;1&quot;:2,&quot;2&quot;:&quot;Aqua (Eau purifi\u00e9e), M\u00e9lange d'herbes certifi\u00e9 biologique de Calendula, Arctium Lappa (Racine de Bardane), Urtica Diotica (Feuille d'Ortie), Rosemarinus Officinalis (Romarin) et Pissenlit et Equisetum Arvense (Pr\u00eale) r\u00e9colt\u00e9s dans la nature, Calendula Officinalis biologique (Extrait de Calendula), Olea Europea biologique (Huile d'Olive), Camella Oleifera biologique (Extrait de feuille de Cam\u00e9lia), Hypericum Perforatum, Laminaria Digitata (Algue marine de la c\u00f4te ouest), Decylpolyglucoside, Coco Betaine, Glyc\u00e9rine v\u00e9g\u00e9tale, Cannabid Sativa (Huile de Chanvre), Panth\u00e9nol (Vitamine B5), Cyamopsis Tetragonoloba (Gomme de Guar), Acide citrique, Polyaminopropyl Buiguinide, Huile essentielle de Lavandula Angustifolia (Lavande).&quot;}\" data-sheets-userformat=\"{&quot;2&quot;:15235,&quot;3&quot;:{&quot;1&quot;:0},&quot;4&quot;:{&quot;1&quot;:2,&quot;2&quot;:12968115},&quot;10&quot;:0,&quot;11&quot;:4,&quot;12&quot;:0,&quot;14&quot;:{&quot;1&quot;:2,&quot;2&quot;:0},&quot;15&quot;:&quot;Calibri&quot;,&quot;16&quot;:9}\">Innersense<\/span>[\/vc_column_text][vc_toggle title=&#8221;Ingredients&#8221;]<strong>Main active ingredients:<\/strong><\/p>\n<p>Honey acts like a natural resin, texturises the hair and gives it long-lasting hold. Rooibos is a powerful antioxidant that protects your hair from external aggressions. Thanks to its amino acids, rice bran adds shine to hair. Nettle brings many vitamins to the hair to strengthen it and restore its natural beauty.<\/p>\n<p><strong>Details:<\/strong><\/p>\n<p>Water, Aqua- EAU, Aloe Barbadensis Gel*, Glycerin*, Hydroxyethylcellulose*, Maltodextrin Copolymer*, Citrus Aurantium Dulcis (Orange) Fruit Water*, Rooibos African Camellia Sinensis Leaf Extract*, Honey Extract*, Rice Amino Acids*, Hydrolyzed Rice Protein*, Utica Dioica (Nettle) Extract*, Equisetum Arvense (Horsetail) Extract*, Xanthan Gum, Potassium Sorbate*, Sodium Benzoate*<\/p>\n<p>*Certified organic[\/vc_toggle][\/vc_column][\/vc_row]\n<\/div>","protected":false},"excerpt":{"rendered":"<p>I Create Hold INNERSENSE natural styling gel is the best ally for long-lasting styling. Its formulation based on aloe vera and honey acts as a real fixing care to give hold all day long. Thanks to nettle and rosemary extracts, this natural INNERSENSE styling gel brings vitality and shine to the hair. Its light texture is very pleasant and easy to wear, it has no cardboard effect, does not stick and does not weigh hair down.<\/p>\n<p>295 ml \/ 10 fl.oz<\/p>\n<p>&nbsp;<\/p>\n<p><img decoding=\"async\" class=\"alignleft size-full wp-image-5849\" src=\"https:\/\/shop.tribusurbaines.com\/wp-content\/uploads\/2021\/01\/icones-EN.jpg\" alt=\"\" width=\"1024\" height=\"171\" srcset=\"https:\/\/shop.tribusurbaines.com\/wp-content\/uploads\/2021\/01\/icones-EN.jpg 1024w, https:\/\/shop.tribusurbaines.com\/wp-content\/uploads\/2021\/01\/icones-EN-300x50.jpg 300w, https:\/\/shop.tribusurbaines.com\/wp-content\/uploads\/2021\/01\/icones-EN-768x128.jpg 768w, https:\/\/shop.tribusurbaines.com\/wp-content\/uploads\/2021\/01\/icones-EN-150x25.jpg 150w, https:\/\/shop.tribusurbaines.com\/wp-content\/uploads\/2021\/01\/icones-EN-600x100.jpg 600w, https:\/\/shop.tribusurbaines.com\/wp-content\/uploads\/2021\/01\/icones-EN-900x150.jpg 900w\" sizes=\"(max-width: 1024px) 100vw, 1024px\" \/><\/p>\n","protected":false},"featured_media":5921,"comment_status":"closed","ping_status":"closed","template":"","meta":[],"product_brand":[],"product_cat":[123,124,142],"product_tag":[],"class_list":{"0":"post-5292","1":"product","2":"type-product","3":"status-publish","4":"has-post-thumbnail","6":"product_cat-basics-for-your-curls","7":"product_cat-curl-definition-products","8":"product_cat-innersense-bio","10":"first","11":"outofstock","12":"shipping-taxable","13":"purchasable","14":"product-type-simple"},"yoast_head":"<!-- This site is optimized with the Yoast SEO plugin v23.6 - https:\/\/yoast.com\/wordpress\/plugins\/seo\/ -->\n<title>&quot;I Create Hold&quot; Innersense Natural Styling Gel - Le Shop Tribus Urbaines<\/title>\n<meta name=\"robots\" content=\"index, follow, max-snippet:-1, max-image-preview:large, max-video-preview:-1\" \/>\n<link rel=\"canonical\" href=\"https:\/\/shop.tribusurbaines.com\/en\/product\/gel-coiffant-i-create-hold-innersense\/\" \/>\n<meta property=\"og:locale\" content=\"en_US\" \/>\n<meta property=\"og:type\" content=\"article\" \/>\n<meta property=\"og:title\" content=\"&quot;I Create Hold&quot; Innersense Natural Styling Gel - Le Shop Tribus Urbaines\" \/>\n<meta property=\"og:description\" content=\"I Create Hold INNERSENSE natural styling gel is the best ally for long-lasting styling. Its formulation based on aloe vera and honey acts as a real fixing care to give hold all day long. Thanks to nettle and rosemary extracts, this natural INNERSENSE styling gel brings vitality and shine to the hair. Its light texture is very pleasant and easy to wear, it has no cardboard effect, does not stick and does not weigh hair down.  295 ml \/ 10 fl.oz  &nbsp;\" \/>\n<meta property=\"og:url\" content=\"https:\/\/shop.tribusurbaines.com\/en\/product\/gel-coiffant-i-create-hold-innersense\/\" \/>\n<meta property=\"og:site_name\" content=\"Le Shop Tribus Urbaines\" \/>\n<meta property=\"article:modified_time\" content=\"2021-03-18T15:19:14+00:00\" \/>\n<meta property=\"og:image\" content=\"https:\/\/shop.tribusurbaines.com\/wp-content\/uploads\/2021\/02\/7726-900x790-2.jpg\" \/>\n\t<meta property=\"og:image:width\" content=\"900\" \/>\n\t<meta property=\"og:image:height\" content=\"790\" \/>\n\t<meta property=\"og:image:type\" content=\"image\/jpeg\" \/>\n<meta name=\"twitter:card\" content=\"summary_large_image\" \/>\n<meta name=\"twitter:label1\" content=\"Est. reading time\" \/>\n\t<meta name=\"twitter:data1\" content=\"1 minute\" \/>\n<script type=\"application\/ld+json\" class=\"yoast-schema-graph\">{\"@context\":\"https:\/\/schema.org\",\"@graph\":[{\"@type\":\"WebPage\",\"@id\":\"https:\/\/shop.tribusurbaines.com\/en\/product\/gel-coiffant-i-create-hold-innersense\/\",\"url\":\"https:\/\/shop.tribusurbaines.com\/en\/product\/gel-coiffant-i-create-hold-innersense\/\",\"name\":\"\\\"I Create Hold\\\" Innersense Natural Styling Gel - Le Shop Tribus Urbaines\",\"isPartOf\":{\"@id\":\"https:\/\/shop.tribusurbaines.com\/#website\"},\"primaryImageOfPage\":{\"@id\":\"https:\/\/shop.tribusurbaines.com\/en\/product\/gel-coiffant-i-create-hold-innersense\/#primaryimage\"},\"image\":{\"@id\":\"https:\/\/shop.tribusurbaines.com\/en\/product\/gel-coiffant-i-create-hold-innersense\/#primaryimage\"},\"thumbnailUrl\":\"https:\/\/shop.tribusurbaines.com\/wp-content\/uploads\/2021\/02\/7726-900x790-2.jpg\",\"datePublished\":\"2021-02-21T11:51:24+00:00\",\"dateModified\":\"2021-03-18T15:19:14+00:00\",\"breadcrumb\":{\"@id\":\"https:\/\/shop.tribusurbaines.com\/en\/product\/gel-coiffant-i-create-hold-innersense\/#breadcrumb\"},\"inLanguage\":\"en-US\",\"potentialAction\":[{\"@type\":\"ReadAction\",\"target\":[\"https:\/\/shop.tribusurbaines.com\/en\/product\/gel-coiffant-i-create-hold-innersense\/\"]}]},{\"@type\":\"ImageObject\",\"inLanguage\":\"en-US\",\"@id\":\"https:\/\/shop.tribusurbaines.com\/en\/product\/gel-coiffant-i-create-hold-innersense\/#primaryimage\",\"url\":\"https:\/\/shop.tribusurbaines.com\/wp-content\/uploads\/2021\/02\/7726-900x790-2.jpg\",\"contentUrl\":\"https:\/\/shop.tribusurbaines.com\/wp-content\/uploads\/2021\/02\/7726-900x790-2.jpg\",\"width\":900,\"height\":790},{\"@type\":\"BreadcrumbList\",\"@id\":\"https:\/\/shop.tribusurbaines.com\/en\/product\/gel-coiffant-i-create-hold-innersense\/#breadcrumb\",\"itemListElement\":[{\"@type\":\"ListItem\",\"position\":1,\"name\":\"Accueil\",\"item\":\"https:\/\/shop.tribusurbaines.com\/en\/\"},{\"@type\":\"ListItem\",\"position\":2,\"name\":\"Shop\",\"item\":\"https:\/\/shop.tribusurbaines.com\/shop-2\/\"},{\"@type\":\"ListItem\",\"position\":3,\"name\":\"\u00ab\u00a0I Create Hold\u00a0\u00bb Innersense Natural Styling Gel\"}]},{\"@type\":\"WebSite\",\"@id\":\"https:\/\/shop.tribusurbaines.com\/#website\",\"url\":\"https:\/\/shop.tribusurbaines.com\/\",\"name\":\"Le Shop Tribus Urbaines\",\"description\":\"Pour toutes les t\u00eates boucl\u00e9es, fris\u00e9es, cr\u00e9pus ou afros\",\"publisher\":{\"@id\":\"https:\/\/shop.tribusurbaines.com\/#organization\"},\"potentialAction\":[{\"@type\":\"SearchAction\",\"target\":{\"@type\":\"EntryPoint\",\"urlTemplate\":\"https:\/\/shop.tribusurbaines.com\/?s={search_term_string}\"},\"query-input\":{\"@type\":\"PropertyValueSpecification\",\"valueRequired\":true,\"valueName\":\"search_term_string\"}}],\"inLanguage\":\"en-US\"},{\"@type\":\"Organization\",\"@id\":\"https:\/\/shop.tribusurbaines.com\/#organization\",\"name\":\"Le Shop Tribus Urbaines\",\"url\":\"https:\/\/shop.tribusurbaines.com\/\",\"logo\":{\"@type\":\"ImageObject\",\"inLanguage\":\"en-US\",\"@id\":\"https:\/\/shop.tribusurbaines.com\/#\/schema\/logo\/image\/\",\"url\":\"https:\/\/shop.tribusurbaines.com\/wp-content\/uploads\/2023\/12\/cropped-logo_boutique.jpg\",\"contentUrl\":\"https:\/\/shop.tribusurbaines.com\/wp-content\/uploads\/2023\/12\/cropped-logo_boutique.jpg\",\"width\":139,\"height\":80,\"caption\":\"Le Shop Tribus Urbaines\"},\"image\":{\"@id\":\"https:\/\/shop.tribusurbaines.com\/#\/schema\/logo\/image\/\"}}]}<\/script>\n<!-- \/ Yoast SEO plugin. -->","yoast_head_json":{"title":"\"I Create Hold\" Innersense Natural Styling Gel - Le Shop Tribus Urbaines","robots":{"index":"index","follow":"follow","max-snippet":"max-snippet:-1","max-image-preview":"max-image-preview:large","max-video-preview":"max-video-preview:-1"},"canonical":"https:\/\/shop.tribusurbaines.com\/en\/product\/gel-coiffant-i-create-hold-innersense\/","og_locale":"en_US","og_type":"article","og_title":"\"I Create Hold\" Innersense Natural Styling Gel - Le Shop Tribus Urbaines","og_description":"I Create Hold INNERSENSE natural styling gel is the best ally for long-lasting styling. Its formulation based on aloe vera and honey acts as a real fixing care to give hold all day long. Thanks to nettle and rosemary extracts, this natural INNERSENSE styling gel brings vitality and shine to the hair. Its light texture is very pleasant and easy to wear, it has no cardboard effect, does not stick and does not weigh hair down.  295 ml \/ 10 fl.oz  &nbsp;","og_url":"https:\/\/shop.tribusurbaines.com\/en\/product\/gel-coiffant-i-create-hold-innersense\/","og_site_name":"Le Shop Tribus Urbaines","article_modified_time":"2021-03-18T15:19:14+00:00","og_image":[{"width":900,"height":790,"url":"https:\/\/shop.tribusurbaines.com\/wp-content\/uploads\/2021\/02\/7726-900x790-2.jpg","type":"image\/jpeg"}],"twitter_card":"summary_large_image","twitter_misc":{"Est. reading time":"1 minute"},"schema":{"@context":"https:\/\/schema.org","@graph":[{"@type":"WebPage","@id":"https:\/\/shop.tribusurbaines.com\/en\/product\/gel-coiffant-i-create-hold-innersense\/","url":"https:\/\/shop.tribusurbaines.com\/en\/product\/gel-coiffant-i-create-hold-innersense\/","name":"\"I Create Hold\" Innersense Natural Styling Gel - Le Shop Tribus Urbaines","isPartOf":{"@id":"https:\/\/shop.tribusurbaines.com\/#website"},"primaryImageOfPage":{"@id":"https:\/\/shop.tribusurbaines.com\/en\/product\/gel-coiffant-i-create-hold-innersense\/#primaryimage"},"image":{"@id":"https:\/\/shop.tribusurbaines.com\/en\/product\/gel-coiffant-i-create-hold-innersense\/#primaryimage"},"thumbnailUrl":"https:\/\/shop.tribusurbaines.com\/wp-content\/uploads\/2021\/02\/7726-900x790-2.jpg","datePublished":"2021-02-21T11:51:24+00:00","dateModified":"2021-03-18T15:19:14+00:00","breadcrumb":{"@id":"https:\/\/shop.tribusurbaines.com\/en\/product\/gel-coiffant-i-create-hold-innersense\/#breadcrumb"},"inLanguage":"en-US","potentialAction":[{"@type":"ReadAction","target":["https:\/\/shop.tribusurbaines.com\/en\/product\/gel-coiffant-i-create-hold-innersense\/"]}]},{"@type":"ImageObject","inLanguage":"en-US","@id":"https:\/\/shop.tribusurbaines.com\/en\/product\/gel-coiffant-i-create-hold-innersense\/#primaryimage","url":"https:\/\/shop.tribusurbaines.com\/wp-content\/uploads\/2021\/02\/7726-900x790-2.jpg","contentUrl":"https:\/\/shop.tribusurbaines.com\/wp-content\/uploads\/2021\/02\/7726-900x790-2.jpg","width":900,"height":790},{"@type":"BreadcrumbList","@id":"https:\/\/shop.tribusurbaines.com\/en\/product\/gel-coiffant-i-create-hold-innersense\/#breadcrumb","itemListElement":[{"@type":"ListItem","position":1,"name":"Accueil","item":"https:\/\/shop.tribusurbaines.com\/en\/"},{"@type":"ListItem","position":2,"name":"Shop","item":"https:\/\/shop.tribusurbaines.com\/shop-2\/"},{"@type":"ListItem","position":3,"name":"\u00ab\u00a0I Create Hold\u00a0\u00bb Innersense Natural Styling Gel"}]},{"@type":"WebSite","@id":"https:\/\/shop.tribusurbaines.com\/#website","url":"https:\/\/shop.tribusurbaines.com\/","name":"Le Shop Tribus Urbaines","description":"Pour toutes les t\u00eates boucl\u00e9es, fris\u00e9es, cr\u00e9pus ou afros","publisher":{"@id":"https:\/\/shop.tribusurbaines.com\/#organization"},"potentialAction":[{"@type":"SearchAction","target":{"@type":"EntryPoint","urlTemplate":"https:\/\/shop.tribusurbaines.com\/?s={search_term_string}"},"query-input":{"@type":"PropertyValueSpecification","valueRequired":true,"valueName":"search_term_string"}}],"inLanguage":"en-US"},{"@type":"Organization","@id":"https:\/\/shop.tribusurbaines.com\/#organization","name":"Le Shop Tribus Urbaines","url":"https:\/\/shop.tribusurbaines.com\/","logo":{"@type":"ImageObject","inLanguage":"en-US","@id":"https:\/\/shop.tribusurbaines.com\/#\/schema\/logo\/image\/","url":"https:\/\/shop.tribusurbaines.com\/wp-content\/uploads\/2023\/12\/cropped-logo_boutique.jpg","contentUrl":"https:\/\/shop.tribusurbaines.com\/wp-content\/uploads\/2023\/12\/cropped-logo_boutique.jpg","width":139,"height":80,"caption":"Le Shop Tribus Urbaines"},"image":{"@id":"https:\/\/shop.tribusurbaines.com\/#\/schema\/logo\/image\/"}}]}},"_links":{"self":[{"href":"https:\/\/shop.tribusurbaines.com\/en\/wp-json\/wp\/v2\/product\/5292"}],"collection":[{"href":"https:\/\/shop.tribusurbaines.com\/en\/wp-json\/wp\/v2\/product"}],"about":[{"href":"https:\/\/shop.tribusurbaines.com\/en\/wp-json\/wp\/v2\/types\/product"}],"replies":[{"embeddable":true,"href":"https:\/\/shop.tribusurbaines.com\/en\/wp-json\/wp\/v2\/comments?post=5292"}],"wp:featuredmedia":[{"embeddable":true,"href":"https:\/\/shop.tribusurbaines.com\/en\/wp-json\/wp\/v2\/media\/5921"}],"wp:attachment":[{"href":"https:\/\/shop.tribusurbaines.com\/en\/wp-json\/wp\/v2\/media?parent=5292"}],"wp:term":[{"taxonomy":"product_brand","embeddable":true,"href":"https:\/\/shop.tribusurbaines.com\/en\/wp-json\/wp\/v2\/product_brand?post=5292"},{"taxonomy":"product_cat","embeddable":true,"href":"https:\/\/shop.tribusurbaines.com\/en\/wp-json\/wp\/v2\/product_cat?post=5292"},{"taxonomy":"product_tag","embeddable":true,"href":"https:\/\/shop.tribusurbaines.com\/en\/wp-json\/wp\/v2\/product_tag?post=5292"}],"curies":[{"name":"wp","href":"https:\/\/api.w.org\/{rel}","templated":true}]}}