{"id":5271,"date":"2021-02-21T12:17:10","date_gmt":"2021-02-21T11:17:10","guid":{"rendered":"https:\/\/shop.tribusurbaines.com\/product\/apres-shampoing-pure-inspiration-daily-innersense\/"},"modified":"2021-03-18T16:37:40","modified_gmt":"2021-03-18T15:37:40","slug":"apres-shampoing-pure-inspiration-daily-innersense","status":"publish","type":"product","link":"https:\/\/shop.tribusurbaines.com\/en\/product\/apres-shampoing-pure-inspiration-daily-innersense\/","title":{"rendered":"Innersense Pure Inspiration Daily Conditioner"},"content":{"rendered":"<div class=\"wpb-content-wrapper\">[vc_row][vc_column][vc_column_text]\n<h3>Tips for use<\/h3>\n<p>After the usual shampoo, on wet hair, apply a dose of conditioner to the lengths and ends. Leave on for a few minutes and then rinse with clear water. Finish with a spray of cold water for more shine.<\/p>\n<h3>Brand<\/h3>\n<p><span data-sheets-value=\"{&quot;1&quot;:2,&quot;2&quot;:&quot;Aqua (Eau purifi\u00e9e), M\u00e9lange d'herbes certifi\u00e9 biologique de Calendula, Arctium Lappa (Racine de Bardane), Urtica Diotica (Feuille d'Ortie), Rosemarinus Officinalis (Romarin) et Pissenlit et Equisetum Arvense (Pr\u00eale) r\u00e9colt\u00e9s dans la nature, Calendula Officinalis biologique (Extrait de Calendula), Olea Europea biologique (Huile d'Olive), Camella Oleifera biologique (Extrait de feuille de Cam\u00e9lia), Hypericum Perforatum, Laminaria Digitata (Algue marine de la c\u00f4te ouest), Decylpolyglucoside, Coco Betaine, Glyc\u00e9rine v\u00e9g\u00e9tale, Cannabid Sativa (Huile de Chanvre), Panth\u00e9nol (Vitamine B5), Cyamopsis Tetragonoloba (Gomme de Guar), Acide citrique, Polyaminopropyl Buiguinide, Huile essentielle de Lavandula Angustifolia (Lavande).&quot;}\" data-sheets-userformat=\"{&quot;2&quot;:15235,&quot;3&quot;:{&quot;1&quot;:0},&quot;4&quot;:{&quot;1&quot;:2,&quot;2&quot;:12968115},&quot;10&quot;:0,&quot;11&quot;:4,&quot;12&quot;:0,&quot;14&quot;:{&quot;1&quot;:2,&quot;2&quot;:0},&quot;15&quot;:&quot;Calibri&quot;,&quot;16&quot;:9}\">Innersense<\/span>[\/vc_column_text][vc_toggle title=&#8221;Ingredients&#8221;]Main active ingredients :<\/p>\n<p>Thanks to the antioxidant properties of green tea, the hair is protected from external aggressions and free radicals. Coconut oil and shea butter moisturise the hair without weighing it down. It then becomes softer and easier to untangle. Aloe vera is a medicinal plant that has been used for thousands of years with moisturising and soothing properties. It strengthens hair, gives it a silky texture and helps to tame fine hair. Packed with enzymes and nutrients, aloe vera juice revitalizes the scalp while reducing dandruff, itching and irritation. Rice proteins restore volume to the hair and increase its ability to retain moisture for tenfold shine. They improve the suppleness and elasticity of the hair, while helping to soothe the scalp. Avocado is appreciated for its nourishing and repairing virtues. Rich in vitamins A, D and C, as well as lecithin and potassium, avocado oil comes to the rescue of dry and damaged hair and helps preserve moisture. Its light texture makes it easily absorbed without any greasy effect. Quinoa offers a unique combination of amino acids for better penetration of the active ingredients, it helps to moisturise, nourish, repair and shine the hair. Rice bran oil is rich in phytosterols and antioxidants for incredibly soft, silky and protected hair. Orange blossom or neroli essential oil provides a feeling of well-being and leaves the hair with a soft scent.<\/p>\n<p>Water, Aqua- EAU, Methosulfate, Cetearyl Alcohol, Glycerin, Stearalkonium Chloride, Aloe Barbensis (Aloe Vera) Leaf Juice*, Caprylic\/Capric Triglyceride, Butyroseperum Parkii (Shea Butter)*Sodium Benzoate, Oryza Sativa (Rice) Bran Oil*,Persea Gratissima (Avocado) Oil5*, Cocos Nucifera (Coconut Oil)*, Hydrolyzed Quinoa, Hydrolyzed, Rice Protein, Camerllia Sinesis (Green Tea) Leaf Extract*<\/p>\n<p>*Certified organic[\/vc_toggle][\/vc_column][\/vc_row]\n<\/div>","protected":false},"excerpt":{"rendered":"<p>Ideal as a detangling and moisturizing treatment, natural conditioner is perfect for fine, weakened hair. This natural conditioner does not leave hair greasy and can therefore be used every day after the classic shampoo without any problems. Its orange blossom fragrance revives the senses and provides a real moment of relaxation every day.<\/p>\n<p>295 ml \/ 10 fl.oz<\/p>\n<p><img decoding=\"async\" class=\"alignleft size-full wp-image-5849\" src=\"https:\/\/shop.tribusurbaines.com\/wp-content\/uploads\/2021\/01\/icones-EN.jpg\" alt=\"\" width=\"1024\" height=\"171\" srcset=\"https:\/\/shop.tribusurbaines.com\/wp-content\/uploads\/2021\/01\/icones-EN.jpg 1024w, https:\/\/shop.tribusurbaines.com\/wp-content\/uploads\/2021\/01\/icones-EN-300x50.jpg 300w, https:\/\/shop.tribusurbaines.com\/wp-content\/uploads\/2021\/01\/icones-EN-768x128.jpg 768w, https:\/\/shop.tribusurbaines.com\/wp-content\/uploads\/2021\/01\/icones-EN-150x25.jpg 150w, https:\/\/shop.tribusurbaines.com\/wp-content\/uploads\/2021\/01\/icones-EN-600x100.jpg 600w, https:\/\/shop.tribusurbaines.com\/wp-content\/uploads\/2021\/01\/icones-EN-900x150.jpg 900w\" sizes=\"(max-width: 1024px) 100vw, 1024px\" \/><\/p>\n","protected":false},"featured_media":5915,"comment_status":"closed","ping_status":"closed","template":"","meta":[],"product_brand":[],"product_cat":[133,123,133,142,123,142],"product_tag":[],"class_list":{"0":"post-5271","1":"product","2":"type-product","3":"status-publish","4":"has-post-thumbnail","6":"product_cat-conditioners","7":"product_cat-basics-for-your-curls","9":"product_cat-innersense-bio","13":"first","14":"outofstock","15":"shipping-taxable","16":"purchasable","17":"product-type-simple"},"yoast_head":"<!-- This site is optimized with the Yoast SEO plugin v23.6 - https:\/\/yoast.com\/wordpress\/plugins\/seo\/ -->\n<title>Innersense Pure Inspiration Daily Conditioner - Le Shop Tribus Urbaines<\/title>\n<meta name=\"robots\" content=\"index, follow, max-snippet:-1, max-image-preview:large, max-video-preview:-1\" \/>\n<link rel=\"canonical\" href=\"https:\/\/shop.tribusurbaines.com\/en\/product\/apres-shampoing-pure-inspiration-daily-innersense\/\" \/>\n<meta property=\"og:locale\" content=\"en_US\" \/>\n<meta property=\"og:type\" content=\"article\" \/>\n<meta property=\"og:title\" content=\"Innersense Pure Inspiration Daily Conditioner - Le Shop Tribus Urbaines\" \/>\n<meta property=\"og:description\" content=\"Ideal as a detangling and moisturizing treatment, natural conditioner is perfect for fine, weakened hair. This natural conditioner does not leave hair greasy and can therefore be used every day after the classic shampoo without any problems. Its orange blossom fragrance revives the senses and provides a real moment of relaxation every day.  295 ml \/ 10 fl.oz\" \/>\n<meta property=\"og:url\" content=\"https:\/\/shop.tribusurbaines.com\/en\/product\/apres-shampoing-pure-inspiration-daily-innersense\/\" \/>\n<meta property=\"og:site_name\" content=\"Le Shop Tribus Urbaines\" \/>\n<meta property=\"article:modified_time\" content=\"2021-03-18T15:37:40+00:00\" \/>\n<meta property=\"og:image\" content=\"https:\/\/shop.tribusurbaines.com\/wp-content\/uploads\/2021\/02\/7719-900x790-2.jpg\" \/>\n\t<meta property=\"og:image:width\" content=\"900\" \/>\n\t<meta property=\"og:image:height\" content=\"790\" \/>\n\t<meta property=\"og:image:type\" content=\"image\/jpeg\" \/>\n<meta name=\"twitter:card\" content=\"summary_large_image\" \/>\n<meta name=\"twitter:label1\" content=\"Est. reading time\" \/>\n\t<meta name=\"twitter:data1\" content=\"2 minutes\" \/>\n<script type=\"application\/ld+json\" class=\"yoast-schema-graph\">{\"@context\":\"https:\/\/schema.org\",\"@graph\":[{\"@type\":\"WebPage\",\"@id\":\"https:\/\/shop.tribusurbaines.com\/en\/product\/apres-shampoing-pure-inspiration-daily-innersense\/\",\"url\":\"https:\/\/shop.tribusurbaines.com\/en\/product\/apres-shampoing-pure-inspiration-daily-innersense\/\",\"name\":\"Innersense Pure Inspiration Daily Conditioner - Le Shop Tribus Urbaines\",\"isPartOf\":{\"@id\":\"https:\/\/shop.tribusurbaines.com\/#website\"},\"primaryImageOfPage\":{\"@id\":\"https:\/\/shop.tribusurbaines.com\/en\/product\/apres-shampoing-pure-inspiration-daily-innersense\/#primaryimage\"},\"image\":{\"@id\":\"https:\/\/shop.tribusurbaines.com\/en\/product\/apres-shampoing-pure-inspiration-daily-innersense\/#primaryimage\"},\"thumbnailUrl\":\"https:\/\/shop.tribusurbaines.com\/wp-content\/uploads\/2021\/02\/7719-900x790-2.jpg\",\"datePublished\":\"2021-02-21T11:17:10+00:00\",\"dateModified\":\"2021-03-18T15:37:40+00:00\",\"breadcrumb\":{\"@id\":\"https:\/\/shop.tribusurbaines.com\/en\/product\/apres-shampoing-pure-inspiration-daily-innersense\/#breadcrumb\"},\"inLanguage\":\"en-US\",\"potentialAction\":[{\"@type\":\"ReadAction\",\"target\":[\"https:\/\/shop.tribusurbaines.com\/en\/product\/apres-shampoing-pure-inspiration-daily-innersense\/\"]}]},{\"@type\":\"ImageObject\",\"inLanguage\":\"en-US\",\"@id\":\"https:\/\/shop.tribusurbaines.com\/en\/product\/apres-shampoing-pure-inspiration-daily-innersense\/#primaryimage\",\"url\":\"https:\/\/shop.tribusurbaines.com\/wp-content\/uploads\/2021\/02\/7719-900x790-2.jpg\",\"contentUrl\":\"https:\/\/shop.tribusurbaines.com\/wp-content\/uploads\/2021\/02\/7719-900x790-2.jpg\",\"width\":900,\"height\":790},{\"@type\":\"BreadcrumbList\",\"@id\":\"https:\/\/shop.tribusurbaines.com\/en\/product\/apres-shampoing-pure-inspiration-daily-innersense\/#breadcrumb\",\"itemListElement\":[{\"@type\":\"ListItem\",\"position\":1,\"name\":\"Accueil\",\"item\":\"https:\/\/shop.tribusurbaines.com\/en\/\"},{\"@type\":\"ListItem\",\"position\":2,\"name\":\"Shop\",\"item\":\"https:\/\/shop.tribusurbaines.com\/shop-2\/\"},{\"@type\":\"ListItem\",\"position\":3,\"name\":\"Innersense Pure Inspiration Daily Conditioner\"}]},{\"@type\":\"WebSite\",\"@id\":\"https:\/\/shop.tribusurbaines.com\/#website\",\"url\":\"https:\/\/shop.tribusurbaines.com\/\",\"name\":\"Le Shop Tribus Urbaines\",\"description\":\"Pour toutes les t\u00eates boucl\u00e9es, fris\u00e9es, cr\u00e9pus ou afros\",\"publisher\":{\"@id\":\"https:\/\/shop.tribusurbaines.com\/#organization\"},\"potentialAction\":[{\"@type\":\"SearchAction\",\"target\":{\"@type\":\"EntryPoint\",\"urlTemplate\":\"https:\/\/shop.tribusurbaines.com\/?s={search_term_string}\"},\"query-input\":{\"@type\":\"PropertyValueSpecification\",\"valueRequired\":true,\"valueName\":\"search_term_string\"}}],\"inLanguage\":\"en-US\"},{\"@type\":\"Organization\",\"@id\":\"https:\/\/shop.tribusurbaines.com\/#organization\",\"name\":\"Le Shop Tribus Urbaines\",\"url\":\"https:\/\/shop.tribusurbaines.com\/\",\"logo\":{\"@type\":\"ImageObject\",\"inLanguage\":\"en-US\",\"@id\":\"https:\/\/shop.tribusurbaines.com\/#\/schema\/logo\/image\/\",\"url\":\"https:\/\/shop.tribusurbaines.com\/wp-content\/uploads\/2023\/12\/cropped-logo_boutique.jpg\",\"contentUrl\":\"https:\/\/shop.tribusurbaines.com\/wp-content\/uploads\/2023\/12\/cropped-logo_boutique.jpg\",\"width\":139,\"height\":80,\"caption\":\"Le Shop Tribus Urbaines\"},\"image\":{\"@id\":\"https:\/\/shop.tribusurbaines.com\/#\/schema\/logo\/image\/\"}}]}<\/script>\n<!-- \/ Yoast SEO plugin. -->","yoast_head_json":{"title":"Innersense Pure Inspiration Daily Conditioner - Le Shop Tribus Urbaines","robots":{"index":"index","follow":"follow","max-snippet":"max-snippet:-1","max-image-preview":"max-image-preview:large","max-video-preview":"max-video-preview:-1"},"canonical":"https:\/\/shop.tribusurbaines.com\/en\/product\/apres-shampoing-pure-inspiration-daily-innersense\/","og_locale":"en_US","og_type":"article","og_title":"Innersense Pure Inspiration Daily Conditioner - Le Shop Tribus Urbaines","og_description":"Ideal as a detangling and moisturizing treatment, natural conditioner is perfect for fine, weakened hair. This natural conditioner does not leave hair greasy and can therefore be used every day after the classic shampoo without any problems. Its orange blossom fragrance revives the senses and provides a real moment of relaxation every day.  295 ml \/ 10 fl.oz","og_url":"https:\/\/shop.tribusurbaines.com\/en\/product\/apres-shampoing-pure-inspiration-daily-innersense\/","og_site_name":"Le Shop Tribus Urbaines","article_modified_time":"2021-03-18T15:37:40+00:00","og_image":[{"width":900,"height":790,"url":"https:\/\/shop.tribusurbaines.com\/wp-content\/uploads\/2021\/02\/7719-900x790-2.jpg","type":"image\/jpeg"}],"twitter_card":"summary_large_image","twitter_misc":{"Est. reading time":"2 minutes"},"schema":{"@context":"https:\/\/schema.org","@graph":[{"@type":"WebPage","@id":"https:\/\/shop.tribusurbaines.com\/en\/product\/apres-shampoing-pure-inspiration-daily-innersense\/","url":"https:\/\/shop.tribusurbaines.com\/en\/product\/apres-shampoing-pure-inspiration-daily-innersense\/","name":"Innersense Pure Inspiration Daily Conditioner - Le Shop Tribus Urbaines","isPartOf":{"@id":"https:\/\/shop.tribusurbaines.com\/#website"},"primaryImageOfPage":{"@id":"https:\/\/shop.tribusurbaines.com\/en\/product\/apres-shampoing-pure-inspiration-daily-innersense\/#primaryimage"},"image":{"@id":"https:\/\/shop.tribusurbaines.com\/en\/product\/apres-shampoing-pure-inspiration-daily-innersense\/#primaryimage"},"thumbnailUrl":"https:\/\/shop.tribusurbaines.com\/wp-content\/uploads\/2021\/02\/7719-900x790-2.jpg","datePublished":"2021-02-21T11:17:10+00:00","dateModified":"2021-03-18T15:37:40+00:00","breadcrumb":{"@id":"https:\/\/shop.tribusurbaines.com\/en\/product\/apres-shampoing-pure-inspiration-daily-innersense\/#breadcrumb"},"inLanguage":"en-US","potentialAction":[{"@type":"ReadAction","target":["https:\/\/shop.tribusurbaines.com\/en\/product\/apres-shampoing-pure-inspiration-daily-innersense\/"]}]},{"@type":"ImageObject","inLanguage":"en-US","@id":"https:\/\/shop.tribusurbaines.com\/en\/product\/apres-shampoing-pure-inspiration-daily-innersense\/#primaryimage","url":"https:\/\/shop.tribusurbaines.com\/wp-content\/uploads\/2021\/02\/7719-900x790-2.jpg","contentUrl":"https:\/\/shop.tribusurbaines.com\/wp-content\/uploads\/2021\/02\/7719-900x790-2.jpg","width":900,"height":790},{"@type":"BreadcrumbList","@id":"https:\/\/shop.tribusurbaines.com\/en\/product\/apres-shampoing-pure-inspiration-daily-innersense\/#breadcrumb","itemListElement":[{"@type":"ListItem","position":1,"name":"Accueil","item":"https:\/\/shop.tribusurbaines.com\/en\/"},{"@type":"ListItem","position":2,"name":"Shop","item":"https:\/\/shop.tribusurbaines.com\/shop-2\/"},{"@type":"ListItem","position":3,"name":"Innersense Pure Inspiration Daily Conditioner"}]},{"@type":"WebSite","@id":"https:\/\/shop.tribusurbaines.com\/#website","url":"https:\/\/shop.tribusurbaines.com\/","name":"Le Shop Tribus Urbaines","description":"Pour toutes les t\u00eates boucl\u00e9es, fris\u00e9es, cr\u00e9pus ou afros","publisher":{"@id":"https:\/\/shop.tribusurbaines.com\/#organization"},"potentialAction":[{"@type":"SearchAction","target":{"@type":"EntryPoint","urlTemplate":"https:\/\/shop.tribusurbaines.com\/?s={search_term_string}"},"query-input":{"@type":"PropertyValueSpecification","valueRequired":true,"valueName":"search_term_string"}}],"inLanguage":"en-US"},{"@type":"Organization","@id":"https:\/\/shop.tribusurbaines.com\/#organization","name":"Le Shop Tribus Urbaines","url":"https:\/\/shop.tribusurbaines.com\/","logo":{"@type":"ImageObject","inLanguage":"en-US","@id":"https:\/\/shop.tribusurbaines.com\/#\/schema\/logo\/image\/","url":"https:\/\/shop.tribusurbaines.com\/wp-content\/uploads\/2023\/12\/cropped-logo_boutique.jpg","contentUrl":"https:\/\/shop.tribusurbaines.com\/wp-content\/uploads\/2023\/12\/cropped-logo_boutique.jpg","width":139,"height":80,"caption":"Le Shop Tribus Urbaines"},"image":{"@id":"https:\/\/shop.tribusurbaines.com\/#\/schema\/logo\/image\/"}}]}},"_links":{"self":[{"href":"https:\/\/shop.tribusurbaines.com\/en\/wp-json\/wp\/v2\/product\/5271"}],"collection":[{"href":"https:\/\/shop.tribusurbaines.com\/en\/wp-json\/wp\/v2\/product"}],"about":[{"href":"https:\/\/shop.tribusurbaines.com\/en\/wp-json\/wp\/v2\/types\/product"}],"replies":[{"embeddable":true,"href":"https:\/\/shop.tribusurbaines.com\/en\/wp-json\/wp\/v2\/comments?post=5271"}],"wp:featuredmedia":[{"embeddable":true,"href":"https:\/\/shop.tribusurbaines.com\/en\/wp-json\/wp\/v2\/media\/5915"}],"wp:attachment":[{"href":"https:\/\/shop.tribusurbaines.com\/en\/wp-json\/wp\/v2\/media?parent=5271"}],"wp:term":[{"taxonomy":"product_brand","embeddable":true,"href":"https:\/\/shop.tribusurbaines.com\/en\/wp-json\/wp\/v2\/product_brand?post=5271"},{"taxonomy":"product_cat","embeddable":true,"href":"https:\/\/shop.tribusurbaines.com\/en\/wp-json\/wp\/v2\/product_cat?post=5271"},{"taxonomy":"product_tag","embeddable":true,"href":"https:\/\/shop.tribusurbaines.com\/en\/wp-json\/wp\/v2\/product_tag?post=5271"}],"curies":[{"name":"wp","href":"https:\/\/api.w.org\/{rel}","templated":true}]}}