{"id":5264,"date":"2021-02-21T12:21:26","date_gmt":"2021-02-21T11:21:26","guid":{"rendered":"https:\/\/shop.tribusurbaines.com\/product\/apres-shampoing-sweet-spirit-leave-in-innersense\/"},"modified":"2023-07-27T01:00:34","modified_gmt":"2023-07-26T23:00:34","slug":"apres-shampoing-sweet-spirit-leave-in-innersense","status":"publish","type":"product","link":"https:\/\/shop.tribusurbaines.com\/en\/product\/apres-shampoing-sweet-spirit-leave-in-innersense\/","title":{"rendered":"Innersense Sweet Spirit Leave in Conditioner"},"content":{"rendered":"<div class=\"wpb-content-wrapper\">[vc_row][vc_column][vc_column_text]\n<h3>Tips<\/h3>\n<p>Spray on damp hair. Gently towel dry and then style.<\/p>\n<p>For more tips, read our <a href=\"https:\/\/shop.tribusurbaines.com\/en\/the-hair-routine-recommended-by-tribus-urbaines-for-your-curly-hair\/\">blog post<\/a>.<\/p>\n<h3>Brand<\/h3>\n<p><span data-sheets-value=\"{&quot;1&quot;:2,&quot;2&quot;:&quot;Aqua (Eau purifi\u00e9e), M\u00e9lange d'herbes certifi\u00e9 biologique de Calendula, Arctium Lappa (Racine de Bardane), Urtica Diotica (Feuille d'Ortie), Rosemarinus Officinalis (Romarin) et Pissenlit et Equisetum Arvense (Pr\u00eale) r\u00e9colt\u00e9s dans la nature, Calendula Officinalis biologique (Extrait de Calendula), Olea Europea biologique (Huile d'Olive), Camella Oleifera biologique (Extrait de feuille de Cam\u00e9lia), Hypericum Perforatum, Laminaria Digitata (Algue marine de la c\u00f4te ouest), Decylpolyglucoside, Coco Betaine, Glyc\u00e9rine v\u00e9g\u00e9tale, Cannabid Sativa (Huile de Chanvre), Panth\u00e9nol (Vitamine B5), Cyamopsis Tetragonoloba (Gomme de Guar), Acide citrique, Polyaminopropyl Buiguinide, Huile essentielle de Lavandula Angustifolia (Lavande).&quot;}\" data-sheets-userformat=\"{&quot;2&quot;:15235,&quot;3&quot;:{&quot;1&quot;:0},&quot;4&quot;:{&quot;1&quot;:2,&quot;2&quot;:12968115},&quot;10&quot;:0,&quot;11&quot;:4,&quot;12&quot;:0,&quot;14&quot;:{&quot;1&quot;:2,&quot;2&quot;:0},&quot;15&quot;:&quot;Calibri&quot;,&quot;16&quot;:9}\">Innersense<\/span>[\/vc_column_text][vc_toggle title=&#8221;Ingredients&#8221;]Main active ingredients:<\/p>\n<p>Rooibos, known as the miracle tea, is packed with antioxidants and minerals that stimulate hair growth and strengthen the hair fibre at the root. It also helps to calm the scalp and leaves hair ultra soft and silky. Tamanu oil is a healing oil that has been used for hundreds of years to treat all skin problems. Appreciated for its antioxidant, antibacterial and anti-inflammatory virtues, it helps reduce itching, making it an ally of choice for dry and irritated scalps that are prone to dandruff or psoriasis. Aloe vera is a medicinal plant that has been used for thousands of years with moisturising and soothing properties. It strengthens hair, gives it a silky texture and helps to tame fine hair. Packed with enzymes and nutrients, aloe vera juice revitalizes the scalp while reducing dandruff, itching and irritation. Rice proteins restore volume to the hair and increase its ability to retain moisture for tenfold shine. They improve the suppleness and elasticity of the hair, while helping to soothe the scalp. Thanks to the softening and nourishing properties of honey, hair is ultra supple and shiny. Eucalyptus, lavender and rosemary deliver a soft and soothing scent while revitalizing the scalp.<\/p>\n<p>Water Aqua- EAU, Aloe Barbadensis (Aloe Vera) Leaf Gel*, Cetearyl Alcohol, Glycerin, Distearoylethyl Dimonium Chloride, Caprylic\/Capric Triglyceride, Hydrolyzed Quinoa*, Gluconolactone, Sodium Benzoate, Calcium Gluconate, Potassium Sorbate, Benzyl Acetate, Linalyl Acetate, Citronellol\u2020, Abies Balsamea Needle Oil*, Juniperus Virginiana (Cedar) Oil*, Alpha-Terpineol, Amyl Cinnamal\u2020, Linalool\u2020, Pogostemon, Cablin (Patchouli) Leaf Oil, Salvia Sclarea (Clary Sage) Oil, Citrus Reticulata (Tangerine) Peel Oil, Mentha Citrata Herb Oil, Eugenia Cayophyllus (Clove) Oil, Michelia Alba Leaf Oil, Lavandula Angustifolia (Lavender) Oil, Citrus Limon (Lemon) Peel Oil, Citrus Aurantifolia (Lime) Oil, Lavandula Hybrida (Lavandin) Oil, Cinnamomum Camphora (Camphor) Bark Oil, Alpha-lonone, Evernia Prunastri (Oakmoss) Extract, Anisaldehyde, Cistus Ladaniferus Resin, Menthol, Myristica Fragrans (Nutmeg) Kernel Oil, Jasminum Grandiflorum Flower (Jasmine) Extract, Nerol, Benzaldehyde, Chamomilla Recutita (Matricaria) Flower Extract*, Eucalyptus Globulus Leaf Extract*, Ginkgo Biloba Leaf Extract*, Aspalathus Linearis Leaf Extract*, Honey Extract*, Calophyllum Inophyllum (Tamanu) Oil, Rosmarinus Officinalis (Rosemary) Oil, Citric Acid, Eugenol\u2020, Limonene\u2020.<\/p>\n<p>\u2020natural essential oil componentss | * Certified Organic[\/vc_toggle][\/vc_column][\/vc_row]\n<\/div>","protected":false},"excerpt":{"rendered":"<p>The natural conditioner acts as a natural detangler and does not require rinsing. In fact, a few sprays are enough to get rid of knots. Suitable for all hair types, it smoothes and softens lengths for easy detangling. The INNERSENSE detangling spray leaves a delicate, pleasant and soothing scent on the hair.<\/p>\n<p>295 ml \/ 10 fl.oz<\/p>\n<p><img decoding=\"async\" class=\"alignleft size-full wp-image-5849\" src=\"https:\/\/shop.tribusurbaines.com\/wp-content\/uploads\/2021\/01\/icones-EN.jpg\" alt=\"\" width=\"1024\" height=\"171\" srcset=\"https:\/\/shop.tribusurbaines.com\/wp-content\/uploads\/2021\/01\/icones-EN.jpg 1024w, https:\/\/shop.tribusurbaines.com\/wp-content\/uploads\/2021\/01\/icones-EN-300x50.jpg 300w, https:\/\/shop.tribusurbaines.com\/wp-content\/uploads\/2021\/01\/icones-EN-768x128.jpg 768w, https:\/\/shop.tribusurbaines.com\/wp-content\/uploads\/2021\/01\/icones-EN-150x25.jpg 150w, https:\/\/shop.tribusurbaines.com\/wp-content\/uploads\/2021\/01\/icones-EN-600x100.jpg 600w, https:\/\/shop.tribusurbaines.com\/wp-content\/uploads\/2021\/01\/icones-EN-900x150.jpg 900w\" sizes=\"(max-width: 1024px) 100vw, 1024px\" \/><\/p>\n","protected":false},"featured_media":5911,"comment_status":"closed","ping_status":"closed","template":"","meta":[],"product_brand":[],"product_cat":[123,133,127,142],"product_tag":[],"class_list":{"0":"post-5264","1":"product","2":"type-product","3":"status-publish","4":"has-post-thumbnail","6":"product_cat-basics-for-your-curls","7":"product_cat-conditioners","8":"product_cat-moisturizers","9":"product_cat-innersense-bio","11":"first","12":"outofstock","13":"shipping-taxable","14":"purchasable","15":"product-type-simple"},"yoast_head":"<!-- This site is optimized with the Yoast SEO plugin v23.6 - https:\/\/yoast.com\/wordpress\/plugins\/seo\/ -->\n<title>Innersense Sweet Spirit Leave in Conditioner - Le Shop Tribus Urbaines<\/title>\n<meta name=\"robots\" content=\"index, follow, max-snippet:-1, max-image-preview:large, max-video-preview:-1\" \/>\n<link rel=\"canonical\" href=\"https:\/\/shop.tribusurbaines.com\/en\/product\/apres-shampoing-sweet-spirit-leave-in-innersense\/\" \/>\n<meta property=\"og:locale\" content=\"en_US\" \/>\n<meta property=\"og:type\" content=\"article\" \/>\n<meta property=\"og:title\" content=\"Innersense Sweet Spirit Leave in Conditioner - Le Shop Tribus Urbaines\" \/>\n<meta property=\"og:description\" content=\"The natural conditioner acts as a natural detangler and does not require rinsing. In fact, a few sprays are enough to get rid of knots. Suitable for all hair types, it smoothes and softens lengths for easy detangling. The INNERSENSE detangling spray leaves a delicate, pleasant and soothing scent on the hair.  295 ml \/ 10 fl.oz\" \/>\n<meta property=\"og:url\" content=\"https:\/\/shop.tribusurbaines.com\/en\/product\/apres-shampoing-sweet-spirit-leave-in-innersense\/\" \/>\n<meta property=\"og:site_name\" content=\"Le Shop Tribus Urbaines\" \/>\n<meta property=\"article:modified_time\" content=\"2023-07-26T23:00:34+00:00\" \/>\n<meta property=\"og:image\" content=\"https:\/\/shop.tribusurbaines.com\/wp-content\/uploads\/2021\/02\/7716-2.jpg\" \/>\n\t<meta property=\"og:image:width\" content=\"2250\" \/>\n\t<meta property=\"og:image:height\" content=\"1975\" \/>\n\t<meta property=\"og:image:type\" content=\"image\/jpeg\" \/>\n<meta name=\"twitter:card\" content=\"summary_large_image\" \/>\n<meta name=\"twitter:label1\" content=\"Est. reading time\" \/>\n\t<meta name=\"twitter:data1\" content=\"2 minutes\" \/>\n<script type=\"application\/ld+json\" class=\"yoast-schema-graph\">{\"@context\":\"https:\/\/schema.org\",\"@graph\":[{\"@type\":\"WebPage\",\"@id\":\"https:\/\/shop.tribusurbaines.com\/en\/product\/apres-shampoing-sweet-spirit-leave-in-innersense\/\",\"url\":\"https:\/\/shop.tribusurbaines.com\/en\/product\/apres-shampoing-sweet-spirit-leave-in-innersense\/\",\"name\":\"Innersense Sweet Spirit Leave in Conditioner - Le Shop Tribus Urbaines\",\"isPartOf\":{\"@id\":\"https:\/\/shop.tribusurbaines.com\/#website\"},\"primaryImageOfPage\":{\"@id\":\"https:\/\/shop.tribusurbaines.com\/en\/product\/apres-shampoing-sweet-spirit-leave-in-innersense\/#primaryimage\"},\"image\":{\"@id\":\"https:\/\/shop.tribusurbaines.com\/en\/product\/apres-shampoing-sweet-spirit-leave-in-innersense\/#primaryimage\"},\"thumbnailUrl\":\"https:\/\/shop.tribusurbaines.com\/wp-content\/uploads\/2021\/02\/7716-2.jpg\",\"datePublished\":\"2021-02-21T11:21:26+00:00\",\"dateModified\":\"2023-07-26T23:00:34+00:00\",\"breadcrumb\":{\"@id\":\"https:\/\/shop.tribusurbaines.com\/en\/product\/apres-shampoing-sweet-spirit-leave-in-innersense\/#breadcrumb\"},\"inLanguage\":\"en-US\",\"potentialAction\":[{\"@type\":\"ReadAction\",\"target\":[\"https:\/\/shop.tribusurbaines.com\/en\/product\/apres-shampoing-sweet-spirit-leave-in-innersense\/\"]}]},{\"@type\":\"ImageObject\",\"inLanguage\":\"en-US\",\"@id\":\"https:\/\/shop.tribusurbaines.com\/en\/product\/apres-shampoing-sweet-spirit-leave-in-innersense\/#primaryimage\",\"url\":\"https:\/\/shop.tribusurbaines.com\/wp-content\/uploads\/2021\/02\/7716-2.jpg\",\"contentUrl\":\"https:\/\/shop.tribusurbaines.com\/wp-content\/uploads\/2021\/02\/7716-2.jpg\",\"width\":2250,\"height\":1975},{\"@type\":\"BreadcrumbList\",\"@id\":\"https:\/\/shop.tribusurbaines.com\/en\/product\/apres-shampoing-sweet-spirit-leave-in-innersense\/#breadcrumb\",\"itemListElement\":[{\"@type\":\"ListItem\",\"position\":1,\"name\":\"Accueil\",\"item\":\"https:\/\/shop.tribusurbaines.com\/en\/\"},{\"@type\":\"ListItem\",\"position\":2,\"name\":\"Shop\",\"item\":\"https:\/\/shop.tribusurbaines.com\/shop-2\/\"},{\"@type\":\"ListItem\",\"position\":3,\"name\":\"Innersense Sweet Spirit Leave in Conditioner\"}]},{\"@type\":\"WebSite\",\"@id\":\"https:\/\/shop.tribusurbaines.com\/#website\",\"url\":\"https:\/\/shop.tribusurbaines.com\/\",\"name\":\"Le Shop Tribus Urbaines\",\"description\":\"Pour toutes les t\u00eates boucl\u00e9es, fris\u00e9es, cr\u00e9pus ou afros\",\"publisher\":{\"@id\":\"https:\/\/shop.tribusurbaines.com\/#organization\"},\"potentialAction\":[{\"@type\":\"SearchAction\",\"target\":{\"@type\":\"EntryPoint\",\"urlTemplate\":\"https:\/\/shop.tribusurbaines.com\/?s={search_term_string}\"},\"query-input\":{\"@type\":\"PropertyValueSpecification\",\"valueRequired\":true,\"valueName\":\"search_term_string\"}}],\"inLanguage\":\"en-US\"},{\"@type\":\"Organization\",\"@id\":\"https:\/\/shop.tribusurbaines.com\/#organization\",\"name\":\"Le Shop Tribus Urbaines\",\"url\":\"https:\/\/shop.tribusurbaines.com\/\",\"logo\":{\"@type\":\"ImageObject\",\"inLanguage\":\"en-US\",\"@id\":\"https:\/\/shop.tribusurbaines.com\/#\/schema\/logo\/image\/\",\"url\":\"https:\/\/shop.tribusurbaines.com\/wp-content\/uploads\/2023\/12\/cropped-logo_boutique.jpg\",\"contentUrl\":\"https:\/\/shop.tribusurbaines.com\/wp-content\/uploads\/2023\/12\/cropped-logo_boutique.jpg\",\"width\":139,\"height\":80,\"caption\":\"Le Shop Tribus Urbaines\"},\"image\":{\"@id\":\"https:\/\/shop.tribusurbaines.com\/#\/schema\/logo\/image\/\"}}]}<\/script>\n<!-- \/ Yoast SEO plugin. -->","yoast_head_json":{"title":"Innersense Sweet Spirit Leave in Conditioner - Le Shop Tribus Urbaines","robots":{"index":"index","follow":"follow","max-snippet":"max-snippet:-1","max-image-preview":"max-image-preview:large","max-video-preview":"max-video-preview:-1"},"canonical":"https:\/\/shop.tribusurbaines.com\/en\/product\/apres-shampoing-sweet-spirit-leave-in-innersense\/","og_locale":"en_US","og_type":"article","og_title":"Innersense Sweet Spirit Leave in Conditioner - Le Shop Tribus Urbaines","og_description":"The natural conditioner acts as a natural detangler and does not require rinsing. In fact, a few sprays are enough to get rid of knots. Suitable for all hair types, it smoothes and softens lengths for easy detangling. The INNERSENSE detangling spray leaves a delicate, pleasant and soothing scent on the hair.  295 ml \/ 10 fl.oz","og_url":"https:\/\/shop.tribusurbaines.com\/en\/product\/apres-shampoing-sweet-spirit-leave-in-innersense\/","og_site_name":"Le Shop Tribus Urbaines","article_modified_time":"2023-07-26T23:00:34+00:00","og_image":[{"width":2250,"height":1975,"url":"https:\/\/shop.tribusurbaines.com\/wp-content\/uploads\/2021\/02\/7716-2.jpg","type":"image\/jpeg"}],"twitter_card":"summary_large_image","twitter_misc":{"Est. reading time":"2 minutes"},"schema":{"@context":"https:\/\/schema.org","@graph":[{"@type":"WebPage","@id":"https:\/\/shop.tribusurbaines.com\/en\/product\/apres-shampoing-sweet-spirit-leave-in-innersense\/","url":"https:\/\/shop.tribusurbaines.com\/en\/product\/apres-shampoing-sweet-spirit-leave-in-innersense\/","name":"Innersense Sweet Spirit Leave in Conditioner - Le Shop Tribus Urbaines","isPartOf":{"@id":"https:\/\/shop.tribusurbaines.com\/#website"},"primaryImageOfPage":{"@id":"https:\/\/shop.tribusurbaines.com\/en\/product\/apres-shampoing-sweet-spirit-leave-in-innersense\/#primaryimage"},"image":{"@id":"https:\/\/shop.tribusurbaines.com\/en\/product\/apres-shampoing-sweet-spirit-leave-in-innersense\/#primaryimage"},"thumbnailUrl":"https:\/\/shop.tribusurbaines.com\/wp-content\/uploads\/2021\/02\/7716-2.jpg","datePublished":"2021-02-21T11:21:26+00:00","dateModified":"2023-07-26T23:00:34+00:00","breadcrumb":{"@id":"https:\/\/shop.tribusurbaines.com\/en\/product\/apres-shampoing-sweet-spirit-leave-in-innersense\/#breadcrumb"},"inLanguage":"en-US","potentialAction":[{"@type":"ReadAction","target":["https:\/\/shop.tribusurbaines.com\/en\/product\/apres-shampoing-sweet-spirit-leave-in-innersense\/"]}]},{"@type":"ImageObject","inLanguage":"en-US","@id":"https:\/\/shop.tribusurbaines.com\/en\/product\/apres-shampoing-sweet-spirit-leave-in-innersense\/#primaryimage","url":"https:\/\/shop.tribusurbaines.com\/wp-content\/uploads\/2021\/02\/7716-2.jpg","contentUrl":"https:\/\/shop.tribusurbaines.com\/wp-content\/uploads\/2021\/02\/7716-2.jpg","width":2250,"height":1975},{"@type":"BreadcrumbList","@id":"https:\/\/shop.tribusurbaines.com\/en\/product\/apres-shampoing-sweet-spirit-leave-in-innersense\/#breadcrumb","itemListElement":[{"@type":"ListItem","position":1,"name":"Accueil","item":"https:\/\/shop.tribusurbaines.com\/en\/"},{"@type":"ListItem","position":2,"name":"Shop","item":"https:\/\/shop.tribusurbaines.com\/shop-2\/"},{"@type":"ListItem","position":3,"name":"Innersense Sweet Spirit Leave in Conditioner"}]},{"@type":"WebSite","@id":"https:\/\/shop.tribusurbaines.com\/#website","url":"https:\/\/shop.tribusurbaines.com\/","name":"Le Shop Tribus Urbaines","description":"Pour toutes les t\u00eates boucl\u00e9es, fris\u00e9es, cr\u00e9pus ou afros","publisher":{"@id":"https:\/\/shop.tribusurbaines.com\/#organization"},"potentialAction":[{"@type":"SearchAction","target":{"@type":"EntryPoint","urlTemplate":"https:\/\/shop.tribusurbaines.com\/?s={search_term_string}"},"query-input":{"@type":"PropertyValueSpecification","valueRequired":true,"valueName":"search_term_string"}}],"inLanguage":"en-US"},{"@type":"Organization","@id":"https:\/\/shop.tribusurbaines.com\/#organization","name":"Le Shop Tribus Urbaines","url":"https:\/\/shop.tribusurbaines.com\/","logo":{"@type":"ImageObject","inLanguage":"en-US","@id":"https:\/\/shop.tribusurbaines.com\/#\/schema\/logo\/image\/","url":"https:\/\/shop.tribusurbaines.com\/wp-content\/uploads\/2023\/12\/cropped-logo_boutique.jpg","contentUrl":"https:\/\/shop.tribusurbaines.com\/wp-content\/uploads\/2023\/12\/cropped-logo_boutique.jpg","width":139,"height":80,"caption":"Le Shop Tribus Urbaines"},"image":{"@id":"https:\/\/shop.tribusurbaines.com\/#\/schema\/logo\/image\/"}}]}},"_links":{"self":[{"href":"https:\/\/shop.tribusurbaines.com\/en\/wp-json\/wp\/v2\/product\/5264"}],"collection":[{"href":"https:\/\/shop.tribusurbaines.com\/en\/wp-json\/wp\/v2\/product"}],"about":[{"href":"https:\/\/shop.tribusurbaines.com\/en\/wp-json\/wp\/v2\/types\/product"}],"replies":[{"embeddable":true,"href":"https:\/\/shop.tribusurbaines.com\/en\/wp-json\/wp\/v2\/comments?post=5264"}],"wp:featuredmedia":[{"embeddable":true,"href":"https:\/\/shop.tribusurbaines.com\/en\/wp-json\/wp\/v2\/media\/5911"}],"wp:attachment":[{"href":"https:\/\/shop.tribusurbaines.com\/en\/wp-json\/wp\/v2\/media?parent=5264"}],"wp:term":[{"taxonomy":"product_brand","embeddable":true,"href":"https:\/\/shop.tribusurbaines.com\/en\/wp-json\/wp\/v2\/product_brand?post=5264"},{"taxonomy":"product_cat","embeddable":true,"href":"https:\/\/shop.tribusurbaines.com\/en\/wp-json\/wp\/v2\/product_cat?post=5264"},{"taxonomy":"product_tag","embeddable":true,"href":"https:\/\/shop.tribusurbaines.com\/en\/wp-json\/wp\/v2\/product_tag?post=5264"}],"curies":[{"name":"wp","href":"https:\/\/api.w.org\/{rel}","templated":true}]}}