{"id":5203,"date":"2021-02-21T12:44:01","date_gmt":"2021-02-21T11:44:01","guid":{"rendered":"https:\/\/shop.tribusurbaines.com\/product\/apres-shampoing-color-radiance-daily-innersense\/"},"modified":"2021-03-18T16:21:34","modified_gmt":"2021-03-18T15:21:34","slug":"apres-shampoing-color-radiance-daily-innersense","status":"publish","type":"product","link":"https:\/\/shop.tribusurbaines.com\/en\/product\/apres-shampoing-color-radiance-daily-innersense\/","title":{"rendered":"Innersense Color Radiance Daily Conditioner"},"content":{"rendered":"<div class=\"wpb-content-wrapper\">[vc_row][vc_column][vc_column_text]\n<h3>Tips for use<\/h3>\n<p>After washing the hair, apply Color Radiance INNERSENSE natural conditioner to the lengths and leave on for 1 to 5 minutes. Rinse thoroughly.<\/p>\n<p>For more tips, read our <a href=\"https:\/\/shop.tribusurbaines.com\/en\/the-hair-routine-recommended-by-tribus-urbaines-for-your-curly-hair\/\">blog post<\/a>.<\/p>\n<p>&nbsp;<\/p>\n<h3>Brand<\/h3>\n<p><span data-sheets-value=\"{&quot;1&quot;:2,&quot;2&quot;:&quot;Aqua (Eau purifi\u00e9e), M\u00e9lange d'herbes certifi\u00e9 biologique de Calendula, Arctium Lappa (Racine de Bardane), Urtica Diotica (Feuille d'Ortie), Rosemarinus Officinalis (Romarin) et Pissenlit et Equisetum Arvense (Pr\u00eale) r\u00e9colt\u00e9s dans la nature, Calendula Officinalis biologique (Extrait de Calendula), Olea Europea biologique (Huile d'Olive), Camella Oleifera biologique (Extrait de feuille de Cam\u00e9lia), Hypericum Perforatum, Laminaria Digitata (Algue marine de la c\u00f4te ouest), Decylpolyglucoside, Coco Betaine, Glyc\u00e9rine v\u00e9g\u00e9tale, Cannabid Sativa (Huile de Chanvre), Panth\u00e9nol (Vitamine B5), Cyamopsis Tetragonoloba (Gomme de Guar), Acide citrique, Polyaminopropyl Buiguinide, Huile essentielle de Lavandula Angustifolia (Lavande).&quot;}\" data-sheets-userformat=\"{&quot;2&quot;:15235,&quot;3&quot;:{&quot;1&quot;:0},&quot;4&quot;:{&quot;1&quot;:2,&quot;2&quot;:12968115},&quot;10&quot;:0,&quot;11&quot;:4,&quot;12&quot;:0,&quot;14&quot;:{&quot;1&quot;:2,&quot;2&quot;:0},&quot;15&quot;:&quot;Calibri&quot;,&quot;16&quot;:9}\">Innersense<\/span>[\/vc_column_text][vc_toggle title=&#8221;Ingredients&#8221;]Shea butter provides the moisture necessary for hair to maintain its suppleness. It also protects against UV rays. Quinoa oil, like rice bran oil, provides shine and brilliance to the hair thanks to the amino acids it contains. Avocado oil, makes the most of its regenerating and moisturising properties to restore the most damaged hair. Rich in antioxidants, green tea protects hair from free radicals. Hair is easy to detangle thanks to aloe vera, which strengthens it and gives it a silky texture. Water, Aqua- EAU, Behentrimonium Methosulfate, Cetearyl Alcohol, Glycerin, Stearalkonium Chloride, Aloe Barbensis (Aloe Vera) Leaf Juice*, Caprylic\/Capric Triglyceride, Butyroseperum Parkii (Shea Butter)*Sodium Benzoate, Oryza Sativa (Rice) Bran Oil*,Persea Gratissima (Avocado) Oil5*, Cocos Nucifera (Coconut Oil)*, Hydrolyzed Quinoa, Hydrolyzed, Rice Protein, Camerllia Sinesis (Green Tea) Leaf Extract*<\/p>\n<p>*Certified organic[\/vc_toggle][\/vc_column][\/vc_row]\n<\/div>","protected":false},"excerpt":{"rendered":"<p>To prolong strands or colouring while keeping hair hydrated, natural conditioner is a must. Made from quality ingredients, it is a genuine natural care product to be offered to the hair on a daily basis. Through this natural conditioner specially designed for coloured hair, INNERSENSE offers a moisturising formula based on rice bran, avocado and quinoa oils. Its gentle composition does not irritate the hair. It is therefore recommended to use it regularly after INNERSENSE Color Awakening Shampoo. Suitable for hair that has been dyed or damaged by too many bad colours, this natural conditioner revives colours, protects them and makes them last over time.<\/p>\n<p>295 ml \/ 10 fl.oz<\/p>\n","protected":false},"featured_media":5742,"comment_status":"closed","ping_status":"closed","template":"","meta":[],"product_brand":[],"product_cat":[123,133,142,141],"product_tag":[],"class_list":{"0":"post-5203","1":"product","2":"type-product","3":"status-publish","4":"has-post-thumbnail","6":"product_cat-basics-for-your-curls","7":"product_cat-conditioners","8":"product_cat-innersense-bio","9":"product_cat-selection-du-mois-en","11":"first","12":"outofstock","13":"shipping-taxable","14":"purchasable","15":"product-type-simple"},"yoast_head":"<!-- This site is optimized with the Yoast SEO plugin v23.6 - https:\/\/yoast.com\/wordpress\/plugins\/seo\/ -->\n<title>Innersense Color Radiance Daily Conditioner - Le Shop Tribus Urbaines<\/title>\n<meta name=\"robots\" content=\"index, follow, max-snippet:-1, max-image-preview:large, max-video-preview:-1\" \/>\n<link rel=\"canonical\" href=\"https:\/\/shop.tribusurbaines.com\/en\/product\/apres-shampoing-color-radiance-daily-innersense\/\" \/>\n<meta property=\"og:locale\" content=\"en_US\" \/>\n<meta property=\"og:type\" content=\"article\" \/>\n<meta property=\"og:title\" content=\"Innersense Color Radiance Daily Conditioner - Le Shop Tribus Urbaines\" \/>\n<meta property=\"og:description\" content=\"To prolong strands or colouring while keeping hair hydrated, natural conditioner is a must. Made from quality ingredients, it is a genuine natural care product to be offered to the hair on a daily basis. Through this natural conditioner specially designed for coloured hair, INNERSENSE offers a moisturising formula based on rice bran, avocado and quinoa oils. Its gentle composition does not irritate the hair. It is therefore recommended to use it regularly after INNERSENSE Color Awakening Shampoo. Suitable for hair that has been dyed or damaged by too many bad colours, this natural conditioner revives colours, protects them and makes them last over time.  295 ml \/ 10 fl.oz\" \/>\n<meta property=\"og:url\" content=\"https:\/\/shop.tribusurbaines.com\/en\/product\/apres-shampoing-color-radiance-daily-innersense\/\" \/>\n<meta property=\"og:site_name\" content=\"Le Shop Tribus Urbaines\" \/>\n<meta property=\"article:modified_time\" content=\"2021-03-18T15:21:34+00:00\" \/>\n<meta property=\"og:image\" content=\"https:\/\/shop.tribusurbaines.com\/wp-content\/uploads\/2021\/02\/7725-1.jpg\" \/>\n\t<meta property=\"og:image:width\" content=\"2250\" \/>\n\t<meta property=\"og:image:height\" content=\"1975\" \/>\n\t<meta property=\"og:image:type\" content=\"image\/jpeg\" \/>\n<meta name=\"twitter:card\" content=\"summary_large_image\" \/>\n<meta name=\"twitter:label1\" content=\"Est. reading time\" \/>\n\t<meta name=\"twitter:data1\" content=\"1 minute\" \/>\n<script type=\"application\/ld+json\" class=\"yoast-schema-graph\">{\"@context\":\"https:\/\/schema.org\",\"@graph\":[{\"@type\":\"WebPage\",\"@id\":\"https:\/\/shop.tribusurbaines.com\/en\/product\/apres-shampoing-color-radiance-daily-innersense\/\",\"url\":\"https:\/\/shop.tribusurbaines.com\/en\/product\/apres-shampoing-color-radiance-daily-innersense\/\",\"name\":\"Innersense Color Radiance Daily Conditioner - Le Shop Tribus Urbaines\",\"isPartOf\":{\"@id\":\"https:\/\/shop.tribusurbaines.com\/#website\"},\"primaryImageOfPage\":{\"@id\":\"https:\/\/shop.tribusurbaines.com\/en\/product\/apres-shampoing-color-radiance-daily-innersense\/#primaryimage\"},\"image\":{\"@id\":\"https:\/\/shop.tribusurbaines.com\/en\/product\/apres-shampoing-color-radiance-daily-innersense\/#primaryimage\"},\"thumbnailUrl\":\"https:\/\/shop.tribusurbaines.com\/wp-content\/uploads\/2021\/02\/7725-1.jpg\",\"datePublished\":\"2021-02-21T11:44:01+00:00\",\"dateModified\":\"2021-03-18T15:21:34+00:00\",\"breadcrumb\":{\"@id\":\"https:\/\/shop.tribusurbaines.com\/en\/product\/apres-shampoing-color-radiance-daily-innersense\/#breadcrumb\"},\"inLanguage\":\"en-US\",\"potentialAction\":[{\"@type\":\"ReadAction\",\"target\":[\"https:\/\/shop.tribusurbaines.com\/en\/product\/apres-shampoing-color-radiance-daily-innersense\/\"]}]},{\"@type\":\"ImageObject\",\"inLanguage\":\"en-US\",\"@id\":\"https:\/\/shop.tribusurbaines.com\/en\/product\/apres-shampoing-color-radiance-daily-innersense\/#primaryimage\",\"url\":\"https:\/\/shop.tribusurbaines.com\/wp-content\/uploads\/2021\/02\/7725-1.jpg\",\"contentUrl\":\"https:\/\/shop.tribusurbaines.com\/wp-content\/uploads\/2021\/02\/7725-1.jpg\",\"width\":2250,\"height\":1975},{\"@type\":\"BreadcrumbList\",\"@id\":\"https:\/\/shop.tribusurbaines.com\/en\/product\/apres-shampoing-color-radiance-daily-innersense\/#breadcrumb\",\"itemListElement\":[{\"@type\":\"ListItem\",\"position\":1,\"name\":\"Accueil\",\"item\":\"https:\/\/shop.tribusurbaines.com\/en\/\"},{\"@type\":\"ListItem\",\"position\":2,\"name\":\"Shop\",\"item\":\"https:\/\/shop.tribusurbaines.com\/shop-2\/\"},{\"@type\":\"ListItem\",\"position\":3,\"name\":\"Innersense Color Radiance Daily Conditioner\"}]},{\"@type\":\"WebSite\",\"@id\":\"https:\/\/shop.tribusurbaines.com\/#website\",\"url\":\"https:\/\/shop.tribusurbaines.com\/\",\"name\":\"Le Shop Tribus Urbaines\",\"description\":\"Pour toutes les t\u00eates boucl\u00e9es, fris\u00e9es, cr\u00e9pus ou afros\",\"publisher\":{\"@id\":\"https:\/\/shop.tribusurbaines.com\/#organization\"},\"potentialAction\":[{\"@type\":\"SearchAction\",\"target\":{\"@type\":\"EntryPoint\",\"urlTemplate\":\"https:\/\/shop.tribusurbaines.com\/?s={search_term_string}\"},\"query-input\":{\"@type\":\"PropertyValueSpecification\",\"valueRequired\":true,\"valueName\":\"search_term_string\"}}],\"inLanguage\":\"en-US\"},{\"@type\":\"Organization\",\"@id\":\"https:\/\/shop.tribusurbaines.com\/#organization\",\"name\":\"Le Shop Tribus Urbaines\",\"url\":\"https:\/\/shop.tribusurbaines.com\/\",\"logo\":{\"@type\":\"ImageObject\",\"inLanguage\":\"en-US\",\"@id\":\"https:\/\/shop.tribusurbaines.com\/#\/schema\/logo\/image\/\",\"url\":\"https:\/\/shop.tribusurbaines.com\/wp-content\/uploads\/2023\/12\/cropped-logo_boutique.jpg\",\"contentUrl\":\"https:\/\/shop.tribusurbaines.com\/wp-content\/uploads\/2023\/12\/cropped-logo_boutique.jpg\",\"width\":139,\"height\":80,\"caption\":\"Le Shop Tribus Urbaines\"},\"image\":{\"@id\":\"https:\/\/shop.tribusurbaines.com\/#\/schema\/logo\/image\/\"}}]}<\/script>\n<!-- \/ Yoast SEO plugin. -->","yoast_head_json":{"title":"Innersense Color Radiance Daily Conditioner - Le Shop Tribus Urbaines","robots":{"index":"index","follow":"follow","max-snippet":"max-snippet:-1","max-image-preview":"max-image-preview:large","max-video-preview":"max-video-preview:-1"},"canonical":"https:\/\/shop.tribusurbaines.com\/en\/product\/apres-shampoing-color-radiance-daily-innersense\/","og_locale":"en_US","og_type":"article","og_title":"Innersense Color Radiance Daily Conditioner - Le Shop Tribus Urbaines","og_description":"To prolong strands or colouring while keeping hair hydrated, natural conditioner is a must. Made from quality ingredients, it is a genuine natural care product to be offered to the hair on a daily basis. Through this natural conditioner specially designed for coloured hair, INNERSENSE offers a moisturising formula based on rice bran, avocado and quinoa oils. Its gentle composition does not irritate the hair. It is therefore recommended to use it regularly after INNERSENSE Color Awakening Shampoo. Suitable for hair that has been dyed or damaged by too many bad colours, this natural conditioner revives colours, protects them and makes them last over time.  295 ml \/ 10 fl.oz","og_url":"https:\/\/shop.tribusurbaines.com\/en\/product\/apres-shampoing-color-radiance-daily-innersense\/","og_site_name":"Le Shop Tribus Urbaines","article_modified_time":"2021-03-18T15:21:34+00:00","og_image":[{"width":2250,"height":1975,"url":"https:\/\/shop.tribusurbaines.com\/wp-content\/uploads\/2021\/02\/7725-1.jpg","type":"image\/jpeg"}],"twitter_card":"summary_large_image","twitter_misc":{"Est. reading time":"1 minute"},"schema":{"@context":"https:\/\/schema.org","@graph":[{"@type":"WebPage","@id":"https:\/\/shop.tribusurbaines.com\/en\/product\/apres-shampoing-color-radiance-daily-innersense\/","url":"https:\/\/shop.tribusurbaines.com\/en\/product\/apres-shampoing-color-radiance-daily-innersense\/","name":"Innersense Color Radiance Daily Conditioner - Le Shop Tribus Urbaines","isPartOf":{"@id":"https:\/\/shop.tribusurbaines.com\/#website"},"primaryImageOfPage":{"@id":"https:\/\/shop.tribusurbaines.com\/en\/product\/apres-shampoing-color-radiance-daily-innersense\/#primaryimage"},"image":{"@id":"https:\/\/shop.tribusurbaines.com\/en\/product\/apres-shampoing-color-radiance-daily-innersense\/#primaryimage"},"thumbnailUrl":"https:\/\/shop.tribusurbaines.com\/wp-content\/uploads\/2021\/02\/7725-1.jpg","datePublished":"2021-02-21T11:44:01+00:00","dateModified":"2021-03-18T15:21:34+00:00","breadcrumb":{"@id":"https:\/\/shop.tribusurbaines.com\/en\/product\/apres-shampoing-color-radiance-daily-innersense\/#breadcrumb"},"inLanguage":"en-US","potentialAction":[{"@type":"ReadAction","target":["https:\/\/shop.tribusurbaines.com\/en\/product\/apres-shampoing-color-radiance-daily-innersense\/"]}]},{"@type":"ImageObject","inLanguage":"en-US","@id":"https:\/\/shop.tribusurbaines.com\/en\/product\/apres-shampoing-color-radiance-daily-innersense\/#primaryimage","url":"https:\/\/shop.tribusurbaines.com\/wp-content\/uploads\/2021\/02\/7725-1.jpg","contentUrl":"https:\/\/shop.tribusurbaines.com\/wp-content\/uploads\/2021\/02\/7725-1.jpg","width":2250,"height":1975},{"@type":"BreadcrumbList","@id":"https:\/\/shop.tribusurbaines.com\/en\/product\/apres-shampoing-color-radiance-daily-innersense\/#breadcrumb","itemListElement":[{"@type":"ListItem","position":1,"name":"Accueil","item":"https:\/\/shop.tribusurbaines.com\/en\/"},{"@type":"ListItem","position":2,"name":"Shop","item":"https:\/\/shop.tribusurbaines.com\/shop-2\/"},{"@type":"ListItem","position":3,"name":"Innersense Color Radiance Daily Conditioner"}]},{"@type":"WebSite","@id":"https:\/\/shop.tribusurbaines.com\/#website","url":"https:\/\/shop.tribusurbaines.com\/","name":"Le Shop Tribus Urbaines","description":"Pour toutes les t\u00eates boucl\u00e9es, fris\u00e9es, cr\u00e9pus ou afros","publisher":{"@id":"https:\/\/shop.tribusurbaines.com\/#organization"},"potentialAction":[{"@type":"SearchAction","target":{"@type":"EntryPoint","urlTemplate":"https:\/\/shop.tribusurbaines.com\/?s={search_term_string}"},"query-input":{"@type":"PropertyValueSpecification","valueRequired":true,"valueName":"search_term_string"}}],"inLanguage":"en-US"},{"@type":"Organization","@id":"https:\/\/shop.tribusurbaines.com\/#organization","name":"Le Shop Tribus Urbaines","url":"https:\/\/shop.tribusurbaines.com\/","logo":{"@type":"ImageObject","inLanguage":"en-US","@id":"https:\/\/shop.tribusurbaines.com\/#\/schema\/logo\/image\/","url":"https:\/\/shop.tribusurbaines.com\/wp-content\/uploads\/2023\/12\/cropped-logo_boutique.jpg","contentUrl":"https:\/\/shop.tribusurbaines.com\/wp-content\/uploads\/2023\/12\/cropped-logo_boutique.jpg","width":139,"height":80,"caption":"Le Shop Tribus Urbaines"},"image":{"@id":"https:\/\/shop.tribusurbaines.com\/#\/schema\/logo\/image\/"}}]}},"_links":{"self":[{"href":"https:\/\/shop.tribusurbaines.com\/en\/wp-json\/wp\/v2\/product\/5203"}],"collection":[{"href":"https:\/\/shop.tribusurbaines.com\/en\/wp-json\/wp\/v2\/product"}],"about":[{"href":"https:\/\/shop.tribusurbaines.com\/en\/wp-json\/wp\/v2\/types\/product"}],"replies":[{"embeddable":true,"href":"https:\/\/shop.tribusurbaines.com\/en\/wp-json\/wp\/v2\/comments?post=5203"}],"wp:featuredmedia":[{"embeddable":true,"href":"https:\/\/shop.tribusurbaines.com\/en\/wp-json\/wp\/v2\/media\/5742"}],"wp:attachment":[{"href":"https:\/\/shop.tribusurbaines.com\/en\/wp-json\/wp\/v2\/media?parent=5203"}],"wp:term":[{"taxonomy":"product_brand","embeddable":true,"href":"https:\/\/shop.tribusurbaines.com\/en\/wp-json\/wp\/v2\/product_brand?post=5203"},{"taxonomy":"product_cat","embeddable":true,"href":"https:\/\/shop.tribusurbaines.com\/en\/wp-json\/wp\/v2\/product_cat?post=5203"},{"taxonomy":"product_tag","embeddable":true,"href":"https:\/\/shop.tribusurbaines.com\/en\/wp-json\/wp\/v2\/product_tag?post=5203"}],"curies":[{"name":"wp","href":"https:\/\/api.w.org\/{rel}","templated":true}]}}