{"id":5121,"date":"2021-02-21T10:08:39","date_gmt":"2021-02-21T09:08:39","guid":{"rendered":"https:\/\/shop.tribusurbaines.com\/?post_type=product&#038;p=5121"},"modified":"2024-12-12T10:18:29","modified_gmt":"2024-12-12T09:18:29","slug":"boucleme","status":"publish","type":"product","link":"https:\/\/shop.tribusurbaines.com\/en\/product\/boucleme\/","title":{"rendered":"Boucl\u00e8me Strong hold Gel"},"content":{"rendered":"<div class=\"wpb-content-wrapper\">[vc_row][vc_column][vc_column_text]\n<h3>Tips<\/h3>\n<p>The styling gel is best applied to damp hair. Use it on wet hair after washing or spray your hair with water. Next, apply a dab of gel (or more depending on your \u00a0hair mass) to the entire length of your hair. You can twist your curls around your finger for a more defined effect. Finally, dry your hair with the diffuser.<\/p>\n<p>This gel is specially good for soft curly hair.<\/p>\n<h3>Brand<\/h3>\n<p><span data-sheets-value=\"{&quot;1&quot;:2,&quot;2&quot;:&quot;Aqua (Eau purifi\u00e9e), M\u00e9lange d'herbes certifi\u00e9 biologique de Calendula, Arctium Lappa (Racine de Bardane), Urtica Diotica (Feuille d'Ortie), Rosemarinus Officinalis (Romarin) et Pissenlit et Equisetum Arvense (Pr\u00eale) r\u00e9colt\u00e9s dans la nature, Calendula Officinalis biologique (Extrait de Calendula), Olea Europea biologique (Huile d'Olive), Camella Oleifera biologique (Extrait de feuille de Cam\u00e9lia), Hypericum Perforatum, Laminaria Digitata (Algue marine de la c\u00f4te ouest), Decylpolyglucoside, Coco Betaine, Glyc\u00e9rine v\u00e9g\u00e9tale, Cannabid Sativa (Huile de Chanvre), Panth\u00e9nol (Vitamine B5), Cyamopsis Tetragonoloba (Gomme de Guar), Acide citrique, Polyaminopropyl Buiguinide, Huile essentielle de Lavandula Angustifolia (Lavande).&quot;}\" data-sheets-userformat=\"{&quot;2&quot;:15235,&quot;3&quot;:{&quot;1&quot;:0},&quot;4&quot;:{&quot;1&quot;:2,&quot;2&quot;:12968115},&quot;10&quot;:0,&quot;11&quot;:4,&quot;12&quot;:0,&quot;14&quot;:{&quot;1&quot;:2,&quot;2&quot;:0},&quot;15&quot;:&quot;Calibri&quot;,&quot;16&quot;:9}\">Boucl\u00e8me<\/span>[\/vc_column_text][vc_toggle title=&#8221;Ingredients&#8221;][\/vc_toggle][\/vc_column][\/vc_row]\n<\/div>","protected":false},"excerpt":{"rendered":"<p>This Boucl\u00e8me gel helps hold style and curls firmly in place all day long.<\/p>\n<p>250 ml \/ 8.45 fl.oz<\/p>\n<p>&nbsp;<\/p>\n<p>&nbsp;<\/p>\n","protected":false},"featured_media":9711,"comment_status":"closed","ping_status":"closed","template":"","meta":[],"product_brand":[],"product_cat":[123,190,124],"product_tag":[],"class_list":{"0":"post-5121","1":"product","2":"type-product","3":"status-publish","4":"has-post-thumbnail","6":"product_cat-basics-for-your-curls","7":"product_cat-boucleme-en","8":"product_cat-curl-definition-products","10":"first","11":"instock","12":"shipping-taxable","13":"purchasable","14":"product-type-simple"},"yoast_head":"<!-- This site is optimized with the Yoast SEO plugin v23.6 - https:\/\/yoast.com\/wordpress\/plugins\/seo\/ -->\n<title>Boucl\u00e8me Strong hold Gel - Le Shop Tribus Urbaines<\/title>\n<meta name=\"robots\" content=\"index, follow, max-snippet:-1, max-image-preview:large, max-video-preview:-1\" \/>\n<link rel=\"canonical\" href=\"https:\/\/shop.tribusurbaines.com\/en\/product\/boucleme\/\" \/>\n<meta property=\"og:locale\" content=\"en_US\" \/>\n<meta property=\"og:type\" content=\"article\" \/>\n<meta property=\"og:title\" content=\"Boucl\u00e8me Strong hold Gel - Le Shop Tribus Urbaines\" \/>\n<meta property=\"og:description\" content=\"This Boucl\u00e8me gel helps hold style and curls firmly in place all day long.  250 ml \/ 8.45 fl.oz  &nbsp;  &nbsp;\" \/>\n<meta property=\"og:url\" content=\"https:\/\/shop.tribusurbaines.com\/en\/product\/boucleme\/\" \/>\n<meta property=\"og:site_name\" content=\"Le Shop Tribus Urbaines\" \/>\n<meta property=\"article:modified_time\" content=\"2024-12-12T09:18:29+00:00\" \/>\n<meta property=\"og:image\" content=\"https:\/\/shop.tribusurbaines.com\/wp-content\/uploads\/2021\/02\/8044-1.jpg\" \/>\n\t<meta property=\"og:image:width\" content=\"2250\" \/>\n\t<meta property=\"og:image:height\" content=\"1975\" \/>\n\t<meta property=\"og:image:type\" content=\"image\/jpeg\" \/>\n<meta name=\"twitter:card\" content=\"summary_large_image\" \/>\n<meta name=\"twitter:label1\" content=\"Est. reading time\" \/>\n\t<meta name=\"twitter:data1\" content=\"1 minute\" \/>\n<script type=\"application\/ld+json\" class=\"yoast-schema-graph\">{\"@context\":\"https:\/\/schema.org\",\"@graph\":[{\"@type\":\"WebPage\",\"@id\":\"https:\/\/shop.tribusurbaines.com\/en\/product\/boucleme\/\",\"url\":\"https:\/\/shop.tribusurbaines.com\/en\/product\/boucleme\/\",\"name\":\"Boucl\u00e8me Strong hold Gel - Le Shop Tribus Urbaines\",\"isPartOf\":{\"@id\":\"https:\/\/shop.tribusurbaines.com\/#website\"},\"primaryImageOfPage\":{\"@id\":\"https:\/\/shop.tribusurbaines.com\/en\/product\/boucleme\/#primaryimage\"},\"image\":{\"@id\":\"https:\/\/shop.tribusurbaines.com\/en\/product\/boucleme\/#primaryimage\"},\"thumbnailUrl\":\"https:\/\/shop.tribusurbaines.com\/wp-content\/uploads\/2021\/02\/dcbc70fd091798bc57972a8e7b72695f3dd16daf_boucleme_super_hold_styler_30_dcbc_1734687697.jpg\",\"datePublished\":\"2021-02-21T09:08:39+00:00\",\"dateModified\":\"2024-12-12T09:18:29+00:00\",\"breadcrumb\":{\"@id\":\"https:\/\/shop.tribusurbaines.com\/en\/product\/boucleme\/#breadcrumb\"},\"inLanguage\":\"en-US\",\"potentialAction\":[{\"@type\":\"ReadAction\",\"target\":[\"https:\/\/shop.tribusurbaines.com\/en\/product\/boucleme\/\"]}]},{\"@type\":\"ImageObject\",\"inLanguage\":\"en-US\",\"@id\":\"https:\/\/shop.tribusurbaines.com\/en\/product\/boucleme\/#primaryimage\",\"url\":\"https:\/\/shop.tribusurbaines.com\/wp-content\/uploads\/2021\/02\/dcbc70fd091798bc57972a8e7b72695f3dd16daf_boucleme_super_hold_styler_30_dcbc_1734687697.jpg\",\"contentUrl\":\"https:\/\/shop.tribusurbaines.com\/wp-content\/uploads\/2021\/02\/dcbc70fd091798bc57972a8e7b72695f3dd16daf_boucleme_super_hold_styler_30_dcbc_1734687697.jpg\",\"width\":768,\"height\":960},{\"@type\":\"BreadcrumbList\",\"@id\":\"https:\/\/shop.tribusurbaines.com\/en\/product\/boucleme\/#breadcrumb\",\"itemListElement\":[{\"@type\":\"ListItem\",\"position\":1,\"name\":\"Accueil\",\"item\":\"https:\/\/shop.tribusurbaines.com\/en\/\"},{\"@type\":\"ListItem\",\"position\":2,\"name\":\"Shop\",\"item\":\"https:\/\/shop.tribusurbaines.com\/shop-2\/\"},{\"@type\":\"ListItem\",\"position\":3,\"name\":\"Boucl\u00e8me Strong hold Gel\"}]},{\"@type\":\"WebSite\",\"@id\":\"https:\/\/shop.tribusurbaines.com\/#website\",\"url\":\"https:\/\/shop.tribusurbaines.com\/\",\"name\":\"Le Shop Tribus Urbaines\",\"description\":\"Pour toutes les t\u00eates boucl\u00e9es, fris\u00e9es, cr\u00e9pus ou afros\",\"publisher\":{\"@id\":\"https:\/\/shop.tribusurbaines.com\/#organization\"},\"potentialAction\":[{\"@type\":\"SearchAction\",\"target\":{\"@type\":\"EntryPoint\",\"urlTemplate\":\"https:\/\/shop.tribusurbaines.com\/?s={search_term_string}\"},\"query-input\":{\"@type\":\"PropertyValueSpecification\",\"valueRequired\":true,\"valueName\":\"search_term_string\"}}],\"inLanguage\":\"en-US\"},{\"@type\":\"Organization\",\"@id\":\"https:\/\/shop.tribusurbaines.com\/#organization\",\"name\":\"Le Shop Tribus Urbaines\",\"url\":\"https:\/\/shop.tribusurbaines.com\/\",\"logo\":{\"@type\":\"ImageObject\",\"inLanguage\":\"en-US\",\"@id\":\"https:\/\/shop.tribusurbaines.com\/#\/schema\/logo\/image\/\",\"url\":\"https:\/\/shop.tribusurbaines.com\/wp-content\/uploads\/2023\/12\/cropped-logo_boutique.jpg\",\"contentUrl\":\"https:\/\/shop.tribusurbaines.com\/wp-content\/uploads\/2023\/12\/cropped-logo_boutique.jpg\",\"width\":139,\"height\":80,\"caption\":\"Le Shop Tribus Urbaines\"},\"image\":{\"@id\":\"https:\/\/shop.tribusurbaines.com\/#\/schema\/logo\/image\/\"}}]}<\/script>\n<!-- \/ Yoast SEO plugin. -->","yoast_head_json":{"title":"Boucl\u00e8me Strong hold Gel - Le Shop Tribus Urbaines","robots":{"index":"index","follow":"follow","max-snippet":"max-snippet:-1","max-image-preview":"max-image-preview:large","max-video-preview":"max-video-preview:-1"},"canonical":"https:\/\/shop.tribusurbaines.com\/en\/product\/boucleme\/","og_locale":"en_US","og_type":"article","og_title":"Boucl\u00e8me Strong hold Gel - Le Shop Tribus Urbaines","og_description":"This Boucl\u00e8me gel helps hold style and curls firmly in place all day long.  250 ml \/ 8.45 fl.oz  &nbsp;  &nbsp;","og_url":"https:\/\/shop.tribusurbaines.com\/en\/product\/boucleme\/","og_site_name":"Le Shop Tribus Urbaines","article_modified_time":"2024-12-12T09:18:29+00:00","og_image":[{"width":2250,"height":1975,"url":"https:\/\/shop.tribusurbaines.com\/wp-content\/uploads\/2021\/02\/8044-1.jpg","type":"image\/jpeg"}],"twitter_card":"summary_large_image","twitter_misc":{"Est. reading time":"1 minute"},"schema":{"@context":"https:\/\/schema.org","@graph":[{"@type":"WebPage","@id":"https:\/\/shop.tribusurbaines.com\/en\/product\/boucleme\/","url":"https:\/\/shop.tribusurbaines.com\/en\/product\/boucleme\/","name":"Boucl\u00e8me Strong hold Gel - Le Shop Tribus Urbaines","isPartOf":{"@id":"https:\/\/shop.tribusurbaines.com\/#website"},"primaryImageOfPage":{"@id":"https:\/\/shop.tribusurbaines.com\/en\/product\/boucleme\/#primaryimage"},"image":{"@id":"https:\/\/shop.tribusurbaines.com\/en\/product\/boucleme\/#primaryimage"},"thumbnailUrl":"https:\/\/shop.tribusurbaines.com\/wp-content\/uploads\/2021\/02\/dcbc70fd091798bc57972a8e7b72695f3dd16daf_boucleme_super_hold_styler_30_dcbc_1734687697.jpg","datePublished":"2021-02-21T09:08:39+00:00","dateModified":"2024-12-12T09:18:29+00:00","breadcrumb":{"@id":"https:\/\/shop.tribusurbaines.com\/en\/product\/boucleme\/#breadcrumb"},"inLanguage":"en-US","potentialAction":[{"@type":"ReadAction","target":["https:\/\/shop.tribusurbaines.com\/en\/product\/boucleme\/"]}]},{"@type":"ImageObject","inLanguage":"en-US","@id":"https:\/\/shop.tribusurbaines.com\/en\/product\/boucleme\/#primaryimage","url":"https:\/\/shop.tribusurbaines.com\/wp-content\/uploads\/2021\/02\/dcbc70fd091798bc57972a8e7b72695f3dd16daf_boucleme_super_hold_styler_30_dcbc_1734687697.jpg","contentUrl":"https:\/\/shop.tribusurbaines.com\/wp-content\/uploads\/2021\/02\/dcbc70fd091798bc57972a8e7b72695f3dd16daf_boucleme_super_hold_styler_30_dcbc_1734687697.jpg","width":768,"height":960},{"@type":"BreadcrumbList","@id":"https:\/\/shop.tribusurbaines.com\/en\/product\/boucleme\/#breadcrumb","itemListElement":[{"@type":"ListItem","position":1,"name":"Accueil","item":"https:\/\/shop.tribusurbaines.com\/en\/"},{"@type":"ListItem","position":2,"name":"Shop","item":"https:\/\/shop.tribusurbaines.com\/shop-2\/"},{"@type":"ListItem","position":3,"name":"Boucl\u00e8me Strong hold Gel"}]},{"@type":"WebSite","@id":"https:\/\/shop.tribusurbaines.com\/#website","url":"https:\/\/shop.tribusurbaines.com\/","name":"Le Shop Tribus Urbaines","description":"Pour toutes les t\u00eates boucl\u00e9es, fris\u00e9es, cr\u00e9pus ou afros","publisher":{"@id":"https:\/\/shop.tribusurbaines.com\/#organization"},"potentialAction":[{"@type":"SearchAction","target":{"@type":"EntryPoint","urlTemplate":"https:\/\/shop.tribusurbaines.com\/?s={search_term_string}"},"query-input":{"@type":"PropertyValueSpecification","valueRequired":true,"valueName":"search_term_string"}}],"inLanguage":"en-US"},{"@type":"Organization","@id":"https:\/\/shop.tribusurbaines.com\/#organization","name":"Le Shop Tribus Urbaines","url":"https:\/\/shop.tribusurbaines.com\/","logo":{"@type":"ImageObject","inLanguage":"en-US","@id":"https:\/\/shop.tribusurbaines.com\/#\/schema\/logo\/image\/","url":"https:\/\/shop.tribusurbaines.com\/wp-content\/uploads\/2023\/12\/cropped-logo_boutique.jpg","contentUrl":"https:\/\/shop.tribusurbaines.com\/wp-content\/uploads\/2023\/12\/cropped-logo_boutique.jpg","width":139,"height":80,"caption":"Le Shop Tribus Urbaines"},"image":{"@id":"https:\/\/shop.tribusurbaines.com\/#\/schema\/logo\/image\/"}}]}},"_links":{"self":[{"href":"https:\/\/shop.tribusurbaines.com\/en\/wp-json\/wp\/v2\/product\/5121"}],"collection":[{"href":"https:\/\/shop.tribusurbaines.com\/en\/wp-json\/wp\/v2\/product"}],"about":[{"href":"https:\/\/shop.tribusurbaines.com\/en\/wp-json\/wp\/v2\/types\/product"}],"replies":[{"embeddable":true,"href":"https:\/\/shop.tribusurbaines.com\/en\/wp-json\/wp\/v2\/comments?post=5121"}],"wp:featuredmedia":[{"embeddable":true,"href":"https:\/\/shop.tribusurbaines.com\/en\/wp-json\/wp\/v2\/media\/9711"}],"wp:attachment":[{"href":"https:\/\/shop.tribusurbaines.com\/en\/wp-json\/wp\/v2\/media?parent=5121"}],"wp:term":[{"taxonomy":"product_brand","embeddable":true,"href":"https:\/\/shop.tribusurbaines.com\/en\/wp-json\/wp\/v2\/product_brand?post=5121"},{"taxonomy":"product_cat","embeddable":true,"href":"https:\/\/shop.tribusurbaines.com\/en\/wp-json\/wp\/v2\/product_cat?post=5121"},{"taxonomy":"product_tag","embeddable":true,"href":"https:\/\/shop.tribusurbaines.com\/en\/wp-json\/wp\/v2\/product_tag?post=5121"}],"curies":[{"name":"wp","href":"https:\/\/api.w.org\/{rel}","templated":true}]}}