{"id":5116,"date":"2021-02-21T09:48:11","date_gmt":"2021-02-21T08:48:11","guid":{"rendered":"https:\/\/shop.tribusurbaines.com\/?post_type=product&#038;p=5116"},"modified":"2021-03-18T11:21:31","modified_gmt":"2021-03-18T10:21:31","slug":"boucleme-curl-defining-gel","status":"publish","type":"product","link":"https:\/\/shop.tribusurbaines.com\/en\/product\/boucleme-curl-defining-gel\/","title":{"rendered":"Boucl\u00e8me Curl Defining Gel"},"content":{"rendered":"<div class=\"wpb-content-wrapper\">[vc_row][vc_column][vc_column_text]\n<h3>Tips<\/h3>\n<p>The styling gel is best applied to damp hair. Use it on wet hair after washing or spray your hair with water. Next, apply a dab of gel (or more depending on your \u00a0hair mass) to the entire length of your hair. You can twist your curls around your finger for a more defined effect. Finally, dry your hair with the diffuser.<\/p>\n<p>This gel is specially good for soft curly hair.<\/p>\n<h3>Brand<\/h3>\n<p><span data-sheets-value=\"{&quot;1&quot;:2,&quot;2&quot;:&quot;Aqua (Eau purifi\u00e9e), M\u00e9lange d'herbes certifi\u00e9 biologique de Calendula, Arctium Lappa (Racine de Bardane), Urtica Diotica (Feuille d'Ortie), Rosemarinus Officinalis (Romarin) et Pissenlit et Equisetum Arvense (Pr\u00eale) r\u00e9colt\u00e9s dans la nature, Calendula Officinalis biologique (Extrait de Calendula), Olea Europea biologique (Huile d'Olive), Camella Oleifera biologique (Extrait de feuille de Cam\u00e9lia), Hypericum Perforatum, Laminaria Digitata (Algue marine de la c\u00f4te ouest), Decylpolyglucoside, Coco Betaine, Glyc\u00e9rine v\u00e9g\u00e9tale, Cannabid Sativa (Huile de Chanvre), Panth\u00e9nol (Vitamine B5), Cyamopsis Tetragonoloba (Gomme de Guar), Acide citrique, Polyaminopropyl Buiguinide, Huile essentielle de Lavandula Angustifolia (Lavande).&quot;}\" data-sheets-userformat=\"{&quot;2&quot;:15235,&quot;3&quot;:{&quot;1&quot;:0},&quot;4&quot;:{&quot;1&quot;:2,&quot;2&quot;:12968115},&quot;10&quot;:0,&quot;11&quot;:4,&quot;12&quot;:0,&quot;14&quot;:{&quot;1&quot;:2,&quot;2&quot;:0},&quot;15&quot;:&quot;Calibri&quot;,&quot;16&quot;:9}\">Boucl\u00e8me<\/span>[\/vc_column_text][vc_toggle title=&#8221;Ingredients&#8221;]Water, glycerine (vegetable), Aloe Barbadensis (Aloe Vera) leaf extract, xanthan gum, Polyglyceryl-4 Caprate, Punica Granatum (pomegranate) fruit extract, Argania Spinosa (argan) kernel oil, Linum Usitatissimum (flax) seed oil, Cocos Nucifera oil (virgin coconut), *Bergamia fruit oil (bergamot), *Citrus Grandis peel oil (grapefruit), *Tilia Cordata flower oil (linden), *Litsea Cubeba fruit oil (May Chang), *Michelia Alba flower oil (magnolia), *Michelia Alba leaf oil (magnolia), *Citrus Nobilis (red mandarin) bark oil, *Origanum Majorana (marjoram) leaf oil, *Citrus Aurantium Dulcis (sweet orange) bark oil, *Cymbopogon Martini (Palmarosa) leaf oil, *Patchouli leaf oil, *Rosmarinus Officinalis (rosemary), *Mentha Viridis (spearmint), Styrax Tonkinensis (benzoin), Ricinus Communis (castor), benzyl alcohol, dehydroacetic acid, **Limonene, **Linalol, **Geraniol, **Citral, **Benzyl benzoate.<\/p>\n<p>*Natural essential oils<\/p>\n<p>*certified organic ingredients[\/vc_toggle][\/vc_column][\/vc_row]\n<\/div>","protected":false},"excerpt":{"rendered":"<p>Curl Defining Curl Gel Styling Gel gives curls that bounce right up without frizz! Its texture is light, non-sticky and suitable for all curly hair types.<\/p>\n<p>Its composition is rich in moisturising active ingredients to protect the hair fibre. Curly hair retains all its softness and shine.<\/p>\n<p>300 ml \/ 10.1 fl.oz<\/p>\n","protected":false},"featured_media":8092,"comment_status":"closed","ping_status":"closed","template":"","meta":[],"product_brand":[],"product_cat":[123,190,124],"product_tag":[],"class_list":{"0":"post-5116","1":"product","2":"type-product","3":"status-publish","4":"has-post-thumbnail","6":"product_cat-basics-for-your-curls","7":"product_cat-boucleme-en","8":"product_cat-curl-definition-products","10":"first","11":"instock","12":"shipping-taxable","13":"purchasable","14":"product-type-simple"},"yoast_head":"<!-- This site is optimized with the Yoast SEO plugin v23.6 - https:\/\/yoast.com\/wordpress\/plugins\/seo\/ -->\n<title>Boucl\u00e8me Curl Defining Gel - Le Shop Tribus Urbaines<\/title>\n<meta name=\"robots\" content=\"index, follow, max-snippet:-1, max-image-preview:large, max-video-preview:-1\" \/>\n<link rel=\"canonical\" href=\"https:\/\/shop.tribusurbaines.com\/en\/product\/boucleme-curl-defining-gel\/\" \/>\n<meta property=\"og:locale\" content=\"en_US\" \/>\n<meta property=\"og:type\" content=\"article\" \/>\n<meta property=\"og:title\" content=\"Boucl\u00e8me Curl Defining Gel - Le Shop Tribus Urbaines\" \/>\n<meta property=\"og:description\" content=\"Curl Defining Curl Gel Styling Gel gives curls that bounce right up without frizz! Its texture is light, non-sticky and suitable for all curly hair types.  Its composition is rich in moisturising active ingredients to protect the hair fibre. Curly hair retains all its softness and shine.  300 ml \/ 10.1 fl.oz\" \/>\n<meta property=\"og:url\" content=\"https:\/\/shop.tribusurbaines.com\/en\/product\/boucleme-curl-defining-gel\/\" \/>\n<meta property=\"og:site_name\" content=\"Le Shop Tribus Urbaines\" \/>\n<meta property=\"article:modified_time\" content=\"2021-03-18T10:21:31+00:00\" \/>\n<meta property=\"og:image\" content=\"https:\/\/shop.tribusurbaines.com\/wp-content\/uploads\/2021\/02\/geljaune-2.jpg\" \/>\n\t<meta property=\"og:image:width\" content=\"1150\" \/>\n\t<meta property=\"og:image:height\" content=\"1010\" \/>\n\t<meta property=\"og:image:type\" content=\"image\/jpeg\" \/>\n<meta name=\"twitter:card\" content=\"summary_large_image\" \/>\n<meta name=\"twitter:label1\" content=\"Est. reading time\" \/>\n\t<meta name=\"twitter:data1\" content=\"1 minute\" \/>\n<script type=\"application\/ld+json\" class=\"yoast-schema-graph\">{\"@context\":\"https:\/\/schema.org\",\"@graph\":[{\"@type\":\"WebPage\",\"@id\":\"https:\/\/shop.tribusurbaines.com\/en\/product\/boucleme-curl-defining-gel\/\",\"url\":\"https:\/\/shop.tribusurbaines.com\/en\/product\/boucleme-curl-defining-gel\/\",\"name\":\"Boucl\u00e8me Curl Defining Gel - Le Shop Tribus Urbaines\",\"isPartOf\":{\"@id\":\"https:\/\/shop.tribusurbaines.com\/#website\"},\"primaryImageOfPage\":{\"@id\":\"https:\/\/shop.tribusurbaines.com\/en\/product\/boucleme-curl-defining-gel\/#primaryimage\"},\"image\":{\"@id\":\"https:\/\/shop.tribusurbaines.com\/en\/product\/boucleme-curl-defining-gel\/#primaryimage\"},\"thumbnailUrl\":\"https:\/\/shop.tribusurbaines.com\/wp-content\/uploads\/2021\/02\/geljaune-2.jpg\",\"datePublished\":\"2021-02-21T08:48:11+00:00\",\"dateModified\":\"2021-03-18T10:21:31+00:00\",\"breadcrumb\":{\"@id\":\"https:\/\/shop.tribusurbaines.com\/en\/product\/boucleme-curl-defining-gel\/#breadcrumb\"},\"inLanguage\":\"en-US\",\"potentialAction\":[{\"@type\":\"ReadAction\",\"target\":[\"https:\/\/shop.tribusurbaines.com\/en\/product\/boucleme-curl-defining-gel\/\"]}]},{\"@type\":\"ImageObject\",\"inLanguage\":\"en-US\",\"@id\":\"https:\/\/shop.tribusurbaines.com\/en\/product\/boucleme-curl-defining-gel\/#primaryimage\",\"url\":\"https:\/\/shop.tribusurbaines.com\/wp-content\/uploads\/2021\/02\/geljaune-2.jpg\",\"contentUrl\":\"https:\/\/shop.tribusurbaines.com\/wp-content\/uploads\/2021\/02\/geljaune-2.jpg\",\"width\":1150,\"height\":1010},{\"@type\":\"BreadcrumbList\",\"@id\":\"https:\/\/shop.tribusurbaines.com\/en\/product\/boucleme-curl-defining-gel\/#breadcrumb\",\"itemListElement\":[{\"@type\":\"ListItem\",\"position\":1,\"name\":\"Accueil\",\"item\":\"https:\/\/shop.tribusurbaines.com\/en\/\"},{\"@type\":\"ListItem\",\"position\":2,\"name\":\"Shop\",\"item\":\"https:\/\/shop.tribusurbaines.com\/shop-2\/\"},{\"@type\":\"ListItem\",\"position\":3,\"name\":\"Boucl\u00e8me Curl Defining Gel\"}]},{\"@type\":\"WebSite\",\"@id\":\"https:\/\/shop.tribusurbaines.com\/#website\",\"url\":\"https:\/\/shop.tribusurbaines.com\/\",\"name\":\"Le Shop Tribus Urbaines\",\"description\":\"Pour toutes les t\u00eates boucl\u00e9es, fris\u00e9es, cr\u00e9pus ou afros\",\"publisher\":{\"@id\":\"https:\/\/shop.tribusurbaines.com\/#organization\"},\"potentialAction\":[{\"@type\":\"SearchAction\",\"target\":{\"@type\":\"EntryPoint\",\"urlTemplate\":\"https:\/\/shop.tribusurbaines.com\/?s={search_term_string}\"},\"query-input\":{\"@type\":\"PropertyValueSpecification\",\"valueRequired\":true,\"valueName\":\"search_term_string\"}}],\"inLanguage\":\"en-US\"},{\"@type\":\"Organization\",\"@id\":\"https:\/\/shop.tribusurbaines.com\/#organization\",\"name\":\"Le Shop Tribus Urbaines\",\"url\":\"https:\/\/shop.tribusurbaines.com\/\",\"logo\":{\"@type\":\"ImageObject\",\"inLanguage\":\"en-US\",\"@id\":\"https:\/\/shop.tribusurbaines.com\/#\/schema\/logo\/image\/\",\"url\":\"https:\/\/shop.tribusurbaines.com\/wp-content\/uploads\/2023\/12\/cropped-logo_boutique.jpg\",\"contentUrl\":\"https:\/\/shop.tribusurbaines.com\/wp-content\/uploads\/2023\/12\/cropped-logo_boutique.jpg\",\"width\":139,\"height\":80,\"caption\":\"Le Shop Tribus Urbaines\"},\"image\":{\"@id\":\"https:\/\/shop.tribusurbaines.com\/#\/schema\/logo\/image\/\"}}]}<\/script>\n<!-- \/ Yoast SEO plugin. -->","yoast_head_json":{"title":"Boucl\u00e8me Curl Defining Gel - Le Shop Tribus Urbaines","robots":{"index":"index","follow":"follow","max-snippet":"max-snippet:-1","max-image-preview":"max-image-preview:large","max-video-preview":"max-video-preview:-1"},"canonical":"https:\/\/shop.tribusurbaines.com\/en\/product\/boucleme-curl-defining-gel\/","og_locale":"en_US","og_type":"article","og_title":"Boucl\u00e8me Curl Defining Gel - Le Shop Tribus Urbaines","og_description":"Curl Defining Curl Gel Styling Gel gives curls that bounce right up without frizz! Its texture is light, non-sticky and suitable for all curly hair types.  Its composition is rich in moisturising active ingredients to protect the hair fibre. Curly hair retains all its softness and shine.  300 ml \/ 10.1 fl.oz","og_url":"https:\/\/shop.tribusurbaines.com\/en\/product\/boucleme-curl-defining-gel\/","og_site_name":"Le Shop Tribus Urbaines","article_modified_time":"2021-03-18T10:21:31+00:00","og_image":[{"width":1150,"height":1010,"url":"https:\/\/shop.tribusurbaines.com\/wp-content\/uploads\/2021\/02\/geljaune-2.jpg","type":"image\/jpeg"}],"twitter_card":"summary_large_image","twitter_misc":{"Est. reading time":"1 minute"},"schema":{"@context":"https:\/\/schema.org","@graph":[{"@type":"WebPage","@id":"https:\/\/shop.tribusurbaines.com\/en\/product\/boucleme-curl-defining-gel\/","url":"https:\/\/shop.tribusurbaines.com\/en\/product\/boucleme-curl-defining-gel\/","name":"Boucl\u00e8me Curl Defining Gel - Le Shop Tribus Urbaines","isPartOf":{"@id":"https:\/\/shop.tribusurbaines.com\/#website"},"primaryImageOfPage":{"@id":"https:\/\/shop.tribusurbaines.com\/en\/product\/boucleme-curl-defining-gel\/#primaryimage"},"image":{"@id":"https:\/\/shop.tribusurbaines.com\/en\/product\/boucleme-curl-defining-gel\/#primaryimage"},"thumbnailUrl":"https:\/\/shop.tribusurbaines.com\/wp-content\/uploads\/2021\/02\/geljaune-2.jpg","datePublished":"2021-02-21T08:48:11+00:00","dateModified":"2021-03-18T10:21:31+00:00","breadcrumb":{"@id":"https:\/\/shop.tribusurbaines.com\/en\/product\/boucleme-curl-defining-gel\/#breadcrumb"},"inLanguage":"en-US","potentialAction":[{"@type":"ReadAction","target":["https:\/\/shop.tribusurbaines.com\/en\/product\/boucleme-curl-defining-gel\/"]}]},{"@type":"ImageObject","inLanguage":"en-US","@id":"https:\/\/shop.tribusurbaines.com\/en\/product\/boucleme-curl-defining-gel\/#primaryimage","url":"https:\/\/shop.tribusurbaines.com\/wp-content\/uploads\/2021\/02\/geljaune-2.jpg","contentUrl":"https:\/\/shop.tribusurbaines.com\/wp-content\/uploads\/2021\/02\/geljaune-2.jpg","width":1150,"height":1010},{"@type":"BreadcrumbList","@id":"https:\/\/shop.tribusurbaines.com\/en\/product\/boucleme-curl-defining-gel\/#breadcrumb","itemListElement":[{"@type":"ListItem","position":1,"name":"Accueil","item":"https:\/\/shop.tribusurbaines.com\/en\/"},{"@type":"ListItem","position":2,"name":"Shop","item":"https:\/\/shop.tribusurbaines.com\/shop-2\/"},{"@type":"ListItem","position":3,"name":"Boucl\u00e8me Curl Defining Gel"}]},{"@type":"WebSite","@id":"https:\/\/shop.tribusurbaines.com\/#website","url":"https:\/\/shop.tribusurbaines.com\/","name":"Le Shop Tribus Urbaines","description":"Pour toutes les t\u00eates boucl\u00e9es, fris\u00e9es, cr\u00e9pus ou afros","publisher":{"@id":"https:\/\/shop.tribusurbaines.com\/#organization"},"potentialAction":[{"@type":"SearchAction","target":{"@type":"EntryPoint","urlTemplate":"https:\/\/shop.tribusurbaines.com\/?s={search_term_string}"},"query-input":{"@type":"PropertyValueSpecification","valueRequired":true,"valueName":"search_term_string"}}],"inLanguage":"en-US"},{"@type":"Organization","@id":"https:\/\/shop.tribusurbaines.com\/#organization","name":"Le Shop Tribus Urbaines","url":"https:\/\/shop.tribusurbaines.com\/","logo":{"@type":"ImageObject","inLanguage":"en-US","@id":"https:\/\/shop.tribusurbaines.com\/#\/schema\/logo\/image\/","url":"https:\/\/shop.tribusurbaines.com\/wp-content\/uploads\/2023\/12\/cropped-logo_boutique.jpg","contentUrl":"https:\/\/shop.tribusurbaines.com\/wp-content\/uploads\/2023\/12\/cropped-logo_boutique.jpg","width":139,"height":80,"caption":"Le Shop Tribus Urbaines"},"image":{"@id":"https:\/\/shop.tribusurbaines.com\/#\/schema\/logo\/image\/"}}]}},"_links":{"self":[{"href":"https:\/\/shop.tribusurbaines.com\/en\/wp-json\/wp\/v2\/product\/5116"}],"collection":[{"href":"https:\/\/shop.tribusurbaines.com\/en\/wp-json\/wp\/v2\/product"}],"about":[{"href":"https:\/\/shop.tribusurbaines.com\/en\/wp-json\/wp\/v2\/types\/product"}],"replies":[{"embeddable":true,"href":"https:\/\/shop.tribusurbaines.com\/en\/wp-json\/wp\/v2\/comments?post=5116"}],"wp:featuredmedia":[{"embeddable":true,"href":"https:\/\/shop.tribusurbaines.com\/en\/wp-json\/wp\/v2\/media\/8092"}],"wp:attachment":[{"href":"https:\/\/shop.tribusurbaines.com\/en\/wp-json\/wp\/v2\/media?parent=5116"}],"wp:term":[{"taxonomy":"product_brand","embeddable":true,"href":"https:\/\/shop.tribusurbaines.com\/en\/wp-json\/wp\/v2\/product_brand?post=5116"},{"taxonomy":"product_cat","embeddable":true,"href":"https:\/\/shop.tribusurbaines.com\/en\/wp-json\/wp\/v2\/product_cat?post=5116"},{"taxonomy":"product_tag","embeddable":true,"href":"https:\/\/shop.tribusurbaines.com\/en\/wp-json\/wp\/v2\/product_tag?post=5116"}],"curies":[{"name":"wp","href":"https:\/\/api.w.org\/{rel}","templated":true}]}}