{"id":13932,"date":"2026-04-16T09:45:52","date_gmt":"2026-04-16T07:45:52","guid":{"rendered":"https:\/\/shop.tribusurbaines.com\/?post_type=product&#038;p=13932"},"modified":"2026-04-16T10:17:32","modified_gmt":"2026-04-16T08:17:32","slug":"28-10-2026-a-19h30-je-sais-pourquoi-chante-loiseau-en-cage-de-maya-angelou","status":"publish","type":"product","link":"https:\/\/shop.tribusurbaines.com\/en\/product\/28-10-2026-a-19h30-je-sais-pourquoi-chante-loiseau-en-cage-de-maya-angelou\/","title":{"rendered":"28\/10\/2026 \u00e0 19h30 :  &#8220;Je sais pourquoi chante l\u2019oiseau en cage&#8221; de Maya Angelou"},"content":{"rendered":"<p><strong>TRIBUS URBAINES pr\u00e9sentent le Salon des Simones<\/strong><\/p>\n<p>V\u00e9ronique Cantayon, et <a href=\"https:\/\/tribusurbaines.com\/wp-content\/uploads\/2023\/05\/p024-Portrait-de-Der-LS-7.pdf\" target=\"_blank\" rel=\"noopener\">Sylvie Makela<\/a>, directrice de Tribus Urbaines, proposent un cycle de trois soir\u00e9es litt\u00e9raires pour discuter, entre femmes, d\u00e9construire et apaiser notre rapport \u00e0 l\u2019ambition, l\u2019argent, le travail et l\u2019amour.<\/p>\n<p>Qu\u2019est-ce que <a href=\"https:\/\/fr.wikipedia.org\/wiki\/Nina_Simone\">Nina Simone<\/a> et <a href=\"https:\/\/fr.wikipedia.org\/wiki\/Simone_de_Beauvoir\">Simone de Beauvoir<\/a> avaient en commun si ce n\u2019est leurs noms\/pr\u00e9noms et d\u2019\u00eatre n\u00e9es assign\u00e9es femmes? Leurs luttes pour la lib\u00e9ration et l&#8217;\u00e9galit\u00e9. L\u2019une f\u00e9ministe et intellectuelle, l\u2019autre pianiste, compositrice, interpr\u00e8te et ic\u00f4ne de la r\u00e9sistance noire, elles ont chacune \u00e0 leur mani\u00e8re chercher \u00e0 transcender leurs conditions. Elles ont revendiqu\u00e9 un universel repens\u00e9 pour et par les femmes et les Noir-e-s.<\/p>\n<p>V\u00e9ronique et Sylvie souhaitent offrir et co-construire un espace incubateur de pens\u00e9es et de changements. Elles sont convaincues que les livres et les discussions qui s&#8217;ensuivent ont ce potentiel.<\/p>\n<p>&nbsp;<\/p>\n","protected":false},"excerpt":{"rendered":"<p><em><strong>Salon des Simones &#8211; samedi 28 octobre 2026 \u00e0 19h30<\/strong><\/em>:<\/p>\n<p>V\u00e9ronique Cantayon, fondatrice d\u2019Afrolitt, et <a href=\"https:\/\/tribusurbaines.com\/wp-content\/uploads\/2023\/05\/p024-Portrait-de-Der-LS-7.pdf\" target=\"_blank\" rel=\"noopener\">Sylvie Makela<\/a>, directrice de Tribus Urbaines, proposent un cycle de quatre soir\u00e9es litt\u00e9raires pour discuter, entre femmes, d\u00e9construire et apaiser notre rapport \u00e0 l\u2019ambition, l\u2019argent, le travail et l\u2019amour.<\/p>\n<p>Nous poursuivrons avec le livre \u00ab Je sais pourquoi chante l\u2019oiseau en cage \u00bb de Maya Angelou.<\/p>\n<p><!-- Le th\u00e8me de la discussion dict\u00e9e par le titre de l\u2019ouvrage traitera de sororit\u00e9. Et comment l\u2019embrasser pour construire une force commune qui alimente sa force individuelle et vis-versa. --><\/p>\n<p><strong>Sont bienvenues, toutes les femmes (y compris trans)<\/strong>\u00a0souhaitant s\u2019enrichir mutuellement et commencer (ou continuer) \u00e0 d\u00e9construire certains d\u00e9terminismes li\u00e9s \u00e0 l\u2019argent pour y apporter regards et exp\u00e9riences critiques ainsi que pour gagner de la force pour poursuivre leurs projets avec affirmation.<\/p>\n<p><strong>25 places disponibles.<\/strong><\/p>\n<p><strong>Lieu :<\/strong> Salon TRIBUS URBAINES, rue du Petit-Ch\u00eane 9, 1003 Lausanne<\/p>\n<p><strong>\u00a0Soir\u00e9e litt\u00e9raire : <\/strong>28 otobre 2026 &#8211; 19h30-21h45<\/p>\n","protected":false},"featured_media":13955,"comment_status":"closed","ping_status":"closed","template":"","meta":[],"product_brand":[],"product_cat":[208,238],"product_tag":[],"class_list":{"0":"post-13932","1":"product","2":"type-product","3":"status-publish","4":"has-post-thumbnail","6":"product_cat-workshops-training","7":"product_cat-le-salons-des-simones","9":"first","10":"instock","11":"shipping-taxable","12":"purchasable","13":"product-type-variable"},"yoast_head":"<!-- This site is optimized with the Yoast SEO plugin v23.6 - https:\/\/yoast.com\/wordpress\/plugins\/seo\/ -->\n<title>28\/10\/2026 \u00e0 19h30 : &quot;Je sais pourquoi chante l\u2019oiseau en cage&quot; de Maya Angelou - Le Shop Tribus Urbaines<\/title>\n<meta name=\"robots\" content=\"index, follow, max-snippet:-1, max-image-preview:large, max-video-preview:-1\" \/>\n<link rel=\"canonical\" href=\"https:\/\/shop.tribusurbaines.com\/en\/product\/28-10-2026-a-19h30-je-sais-pourquoi-chante-loiseau-en-cage-de-maya-angelou\/\" \/>\n<meta property=\"og:locale\" content=\"en_US\" \/>\n<meta property=\"og:type\" content=\"article\" \/>\n<meta property=\"og:title\" content=\"28\/10\/2026 \u00e0 19h30 : &quot;Je sais pourquoi chante l\u2019oiseau en cage&quot; de Maya Angelou - Le Shop Tribus Urbaines\" \/>\n<meta property=\"og:description\" content=\"Salon des Simones - samedi 28 octobre 2026 \u00e0 19h30:  V\u00e9ronique Cantayon, fondatrice d\u2019Afrolitt, et Sylvie Makela, directrice de Tribus Urbaines, proposent un cycle de quatre soir\u00e9es litt\u00e9raires pour discuter, entre femmes, d\u00e9construire et apaiser notre rapport \u00e0 l\u2019ambition, l\u2019argent, le travail et l\u2019amour.  Nous poursuivrons avec le livre \u00ab Je sais pourquoi chante l\u2019oiseau en cage \u00bb de Maya Angelou.    Sont bienvenues, toutes les femmes (y compris trans)\u00a0souhaitant s\u2019enrichir mutuellement et commencer (ou continuer) \u00e0 d\u00e9construire certains d\u00e9terminismes li\u00e9s \u00e0 l\u2019argent pour y apporter regards et exp\u00e9riences critiques ainsi que pour gagner de la force pour poursuivre leurs projets avec affirmation.  25 places disponibles.  Lieu : Salon TRIBUS URBAINES, rue du Petit-Ch\u00eane 9, 1003 Lausanne  \u00a0Soir\u00e9e litt\u00e9raire : 28 otobre 2026 - 19h30-21h45\" \/>\n<meta property=\"og:url\" content=\"https:\/\/shop.tribusurbaines.com\/en\/product\/28-10-2026-a-19h30-je-sais-pourquoi-chante-loiseau-en-cage-de-maya-angelou\/\" \/>\n<meta property=\"og:site_name\" content=\"Le Shop Tribus Urbaines\" \/>\n<meta property=\"article:modified_time\" content=\"2026-04-16T08:17:32+00:00\" \/>\n<meta property=\"og:image\" content=\"https:\/\/shop.tribusurbaines.com\/wp-content\/uploads\/2026\/04\/4-4.jpg\" \/>\n\t<meta property=\"og:image:width\" content=\"1620\" \/>\n\t<meta property=\"og:image:height\" content=\"1620\" \/>\n\t<meta property=\"og:image:type\" content=\"image\/jpeg\" \/>\n<meta name=\"twitter:card\" content=\"summary_large_image\" \/>\n<meta name=\"twitter:label1\" content=\"Est. reading time\" \/>\n\t<meta name=\"twitter:data1\" content=\"1 minute\" \/>\n<script type=\"application\/ld+json\" class=\"yoast-schema-graph\">{\"@context\":\"https:\/\/schema.org\",\"@graph\":[{\"@type\":\"WebPage\",\"@id\":\"https:\/\/shop.tribusurbaines.com\/en\/product\/28-10-2026-a-19h30-je-sais-pourquoi-chante-loiseau-en-cage-de-maya-angelou\/\",\"url\":\"https:\/\/shop.tribusurbaines.com\/en\/product\/28-10-2026-a-19h30-je-sais-pourquoi-chante-loiseau-en-cage-de-maya-angelou\/\",\"name\":\"28\/10\/2026 \u00e0 19h30 : \\\"Je sais pourquoi chante l\u2019oiseau en cage\\\" de Maya Angelou - Le Shop Tribus Urbaines\",\"isPartOf\":{\"@id\":\"https:\/\/shop.tribusurbaines.com\/#website\"},\"primaryImageOfPage\":{\"@id\":\"https:\/\/shop.tribusurbaines.com\/en\/product\/28-10-2026-a-19h30-je-sais-pourquoi-chante-loiseau-en-cage-de-maya-angelou\/#primaryimage\"},\"image\":{\"@id\":\"https:\/\/shop.tribusurbaines.com\/en\/product\/28-10-2026-a-19h30-je-sais-pourquoi-chante-loiseau-en-cage-de-maya-angelou\/#primaryimage\"},\"thumbnailUrl\":\"https:\/\/shop.tribusurbaines.com\/wp-content\/uploads\/2026\/04\/4-4.jpg\",\"datePublished\":\"2026-04-16T07:45:52+00:00\",\"dateModified\":\"2026-04-16T08:17:32+00:00\",\"breadcrumb\":{\"@id\":\"https:\/\/shop.tribusurbaines.com\/en\/product\/28-10-2026-a-19h30-je-sais-pourquoi-chante-loiseau-en-cage-de-maya-angelou\/#breadcrumb\"},\"inLanguage\":\"en-US\",\"potentialAction\":[{\"@type\":\"ReadAction\",\"target\":[\"https:\/\/shop.tribusurbaines.com\/en\/product\/28-10-2026-a-19h30-je-sais-pourquoi-chante-loiseau-en-cage-de-maya-angelou\/\"]}]},{\"@type\":\"ImageObject\",\"inLanguage\":\"en-US\",\"@id\":\"https:\/\/shop.tribusurbaines.com\/en\/product\/28-10-2026-a-19h30-je-sais-pourquoi-chante-loiseau-en-cage-de-maya-angelou\/#primaryimage\",\"url\":\"https:\/\/shop.tribusurbaines.com\/wp-content\/uploads\/2026\/04\/4-4.jpg\",\"contentUrl\":\"https:\/\/shop.tribusurbaines.com\/wp-content\/uploads\/2026\/04\/4-4.jpg\",\"width\":1620,\"height\":1620},{\"@type\":\"BreadcrumbList\",\"@id\":\"https:\/\/shop.tribusurbaines.com\/en\/product\/28-10-2026-a-19h30-je-sais-pourquoi-chante-loiseau-en-cage-de-maya-angelou\/#breadcrumb\",\"itemListElement\":[{\"@type\":\"ListItem\",\"position\":1,\"name\":\"Accueil\",\"item\":\"https:\/\/shop.tribusurbaines.com\/en\/\"},{\"@type\":\"ListItem\",\"position\":2,\"name\":\"Shop\",\"item\":\"https:\/\/shop.tribusurbaines.com\/shop-2\/\"},{\"@type\":\"ListItem\",\"position\":3,\"name\":\"28\/10\/2026 \u00e0 19h30 : \u00ab\u00a0Je sais pourquoi chante l\u2019oiseau en cage\u00a0\u00bb de Maya Angelou\"}]},{\"@type\":\"WebSite\",\"@id\":\"https:\/\/shop.tribusurbaines.com\/#website\",\"url\":\"https:\/\/shop.tribusurbaines.com\/\",\"name\":\"Le Shop Tribus Urbaines\",\"description\":\"Pour toutes les t\u00eates boucl\u00e9es, fris\u00e9es, cr\u00e9pus ou afros\",\"publisher\":{\"@id\":\"https:\/\/shop.tribusurbaines.com\/#organization\"},\"potentialAction\":[{\"@type\":\"SearchAction\",\"target\":{\"@type\":\"EntryPoint\",\"urlTemplate\":\"https:\/\/shop.tribusurbaines.com\/?s={search_term_string}\"},\"query-input\":{\"@type\":\"PropertyValueSpecification\",\"valueRequired\":true,\"valueName\":\"search_term_string\"}}],\"inLanguage\":\"en-US\"},{\"@type\":\"Organization\",\"@id\":\"https:\/\/shop.tribusurbaines.com\/#organization\",\"name\":\"Le Shop Tribus Urbaines\",\"url\":\"https:\/\/shop.tribusurbaines.com\/\",\"logo\":{\"@type\":\"ImageObject\",\"inLanguage\":\"en-US\",\"@id\":\"https:\/\/shop.tribusurbaines.com\/#\/schema\/logo\/image\/\",\"url\":\"https:\/\/shop.tribusurbaines.com\/wp-content\/uploads\/2023\/12\/cropped-logo_boutique.jpg\",\"contentUrl\":\"https:\/\/shop.tribusurbaines.com\/wp-content\/uploads\/2023\/12\/cropped-logo_boutique.jpg\",\"width\":139,\"height\":80,\"caption\":\"Le Shop Tribus Urbaines\"},\"image\":{\"@id\":\"https:\/\/shop.tribusurbaines.com\/#\/schema\/logo\/image\/\"}}]}<\/script>\n<!-- \/ Yoast SEO plugin. -->","yoast_head_json":{"title":"28\/10\/2026 \u00e0 19h30 : \"Je sais pourquoi chante l\u2019oiseau en cage\" de Maya Angelou - Le Shop Tribus Urbaines","robots":{"index":"index","follow":"follow","max-snippet":"max-snippet:-1","max-image-preview":"max-image-preview:large","max-video-preview":"max-video-preview:-1"},"canonical":"https:\/\/shop.tribusurbaines.com\/en\/product\/28-10-2026-a-19h30-je-sais-pourquoi-chante-loiseau-en-cage-de-maya-angelou\/","og_locale":"en_US","og_type":"article","og_title":"28\/10\/2026 \u00e0 19h30 : \"Je sais pourquoi chante l\u2019oiseau en cage\" de Maya Angelou - Le Shop Tribus Urbaines","og_description":"Salon des Simones - samedi 28 octobre 2026 \u00e0 19h30:  V\u00e9ronique Cantayon, fondatrice d\u2019Afrolitt, et Sylvie Makela, directrice de Tribus Urbaines, proposent un cycle de quatre soir\u00e9es litt\u00e9raires pour discuter, entre femmes, d\u00e9construire et apaiser notre rapport \u00e0 l\u2019ambition, l\u2019argent, le travail et l\u2019amour.  Nous poursuivrons avec le livre \u00ab Je sais pourquoi chante l\u2019oiseau en cage \u00bb de Maya Angelou.    Sont bienvenues, toutes les femmes (y compris trans)\u00a0souhaitant s\u2019enrichir mutuellement et commencer (ou continuer) \u00e0 d\u00e9construire certains d\u00e9terminismes li\u00e9s \u00e0 l\u2019argent pour y apporter regards et exp\u00e9riences critiques ainsi que pour gagner de la force pour poursuivre leurs projets avec affirmation.  25 places disponibles.  Lieu : Salon TRIBUS URBAINES, rue du Petit-Ch\u00eane 9, 1003 Lausanne  \u00a0Soir\u00e9e litt\u00e9raire : 28 otobre 2026 - 19h30-21h45","og_url":"https:\/\/shop.tribusurbaines.com\/en\/product\/28-10-2026-a-19h30-je-sais-pourquoi-chante-loiseau-en-cage-de-maya-angelou\/","og_site_name":"Le Shop Tribus Urbaines","article_modified_time":"2026-04-16T08:17:32+00:00","og_image":[{"width":1620,"height":1620,"url":"https:\/\/shop.tribusurbaines.com\/wp-content\/uploads\/2026\/04\/4-4.jpg","type":"image\/jpeg"}],"twitter_card":"summary_large_image","twitter_misc":{"Est. reading time":"1 minute"},"schema":{"@context":"https:\/\/schema.org","@graph":[{"@type":"WebPage","@id":"https:\/\/shop.tribusurbaines.com\/en\/product\/28-10-2026-a-19h30-je-sais-pourquoi-chante-loiseau-en-cage-de-maya-angelou\/","url":"https:\/\/shop.tribusurbaines.com\/en\/product\/28-10-2026-a-19h30-je-sais-pourquoi-chante-loiseau-en-cage-de-maya-angelou\/","name":"28\/10\/2026 \u00e0 19h30 : \"Je sais pourquoi chante l\u2019oiseau en cage\" de Maya Angelou - Le Shop Tribus Urbaines","isPartOf":{"@id":"https:\/\/shop.tribusurbaines.com\/#website"},"primaryImageOfPage":{"@id":"https:\/\/shop.tribusurbaines.com\/en\/product\/28-10-2026-a-19h30-je-sais-pourquoi-chante-loiseau-en-cage-de-maya-angelou\/#primaryimage"},"image":{"@id":"https:\/\/shop.tribusurbaines.com\/en\/product\/28-10-2026-a-19h30-je-sais-pourquoi-chante-loiseau-en-cage-de-maya-angelou\/#primaryimage"},"thumbnailUrl":"https:\/\/shop.tribusurbaines.com\/wp-content\/uploads\/2026\/04\/4-4.jpg","datePublished":"2026-04-16T07:45:52+00:00","dateModified":"2026-04-16T08:17:32+00:00","breadcrumb":{"@id":"https:\/\/shop.tribusurbaines.com\/en\/product\/28-10-2026-a-19h30-je-sais-pourquoi-chante-loiseau-en-cage-de-maya-angelou\/#breadcrumb"},"inLanguage":"en-US","potentialAction":[{"@type":"ReadAction","target":["https:\/\/shop.tribusurbaines.com\/en\/product\/28-10-2026-a-19h30-je-sais-pourquoi-chante-loiseau-en-cage-de-maya-angelou\/"]}]},{"@type":"ImageObject","inLanguage":"en-US","@id":"https:\/\/shop.tribusurbaines.com\/en\/product\/28-10-2026-a-19h30-je-sais-pourquoi-chante-loiseau-en-cage-de-maya-angelou\/#primaryimage","url":"https:\/\/shop.tribusurbaines.com\/wp-content\/uploads\/2026\/04\/4-4.jpg","contentUrl":"https:\/\/shop.tribusurbaines.com\/wp-content\/uploads\/2026\/04\/4-4.jpg","width":1620,"height":1620},{"@type":"BreadcrumbList","@id":"https:\/\/shop.tribusurbaines.com\/en\/product\/28-10-2026-a-19h30-je-sais-pourquoi-chante-loiseau-en-cage-de-maya-angelou\/#breadcrumb","itemListElement":[{"@type":"ListItem","position":1,"name":"Accueil","item":"https:\/\/shop.tribusurbaines.com\/en\/"},{"@type":"ListItem","position":2,"name":"Shop","item":"https:\/\/shop.tribusurbaines.com\/shop-2\/"},{"@type":"ListItem","position":3,"name":"28\/10\/2026 \u00e0 19h30 : \u00ab\u00a0Je sais pourquoi chante l\u2019oiseau en cage\u00a0\u00bb de Maya Angelou"}]},{"@type":"WebSite","@id":"https:\/\/shop.tribusurbaines.com\/#website","url":"https:\/\/shop.tribusurbaines.com\/","name":"Le Shop Tribus Urbaines","description":"Pour toutes les t\u00eates boucl\u00e9es, fris\u00e9es, cr\u00e9pus ou afros","publisher":{"@id":"https:\/\/shop.tribusurbaines.com\/#organization"},"potentialAction":[{"@type":"SearchAction","target":{"@type":"EntryPoint","urlTemplate":"https:\/\/shop.tribusurbaines.com\/?s={search_term_string}"},"query-input":{"@type":"PropertyValueSpecification","valueRequired":true,"valueName":"search_term_string"}}],"inLanguage":"en-US"},{"@type":"Organization","@id":"https:\/\/shop.tribusurbaines.com\/#organization","name":"Le Shop Tribus Urbaines","url":"https:\/\/shop.tribusurbaines.com\/","logo":{"@type":"ImageObject","inLanguage":"en-US","@id":"https:\/\/shop.tribusurbaines.com\/#\/schema\/logo\/image\/","url":"https:\/\/shop.tribusurbaines.com\/wp-content\/uploads\/2023\/12\/cropped-logo_boutique.jpg","contentUrl":"https:\/\/shop.tribusurbaines.com\/wp-content\/uploads\/2023\/12\/cropped-logo_boutique.jpg","width":139,"height":80,"caption":"Le Shop Tribus Urbaines"},"image":{"@id":"https:\/\/shop.tribusurbaines.com\/#\/schema\/logo\/image\/"}}]}},"_links":{"self":[{"href":"https:\/\/shop.tribusurbaines.com\/en\/wp-json\/wp\/v2\/product\/13932"}],"collection":[{"href":"https:\/\/shop.tribusurbaines.com\/en\/wp-json\/wp\/v2\/product"}],"about":[{"href":"https:\/\/shop.tribusurbaines.com\/en\/wp-json\/wp\/v2\/types\/product"}],"replies":[{"embeddable":true,"href":"https:\/\/shop.tribusurbaines.com\/en\/wp-json\/wp\/v2\/comments?post=13932"}],"wp:featuredmedia":[{"embeddable":true,"href":"https:\/\/shop.tribusurbaines.com\/en\/wp-json\/wp\/v2\/media\/13955"}],"wp:attachment":[{"href":"https:\/\/shop.tribusurbaines.com\/en\/wp-json\/wp\/v2\/media?parent=13932"}],"wp:term":[{"taxonomy":"product_brand","embeddable":true,"href":"https:\/\/shop.tribusurbaines.com\/en\/wp-json\/wp\/v2\/product_brand?post=13932"},{"taxonomy":"product_cat","embeddable":true,"href":"https:\/\/shop.tribusurbaines.com\/en\/wp-json\/wp\/v2\/product_cat?post=13932"},{"taxonomy":"product_tag","embeddable":true,"href":"https:\/\/shop.tribusurbaines.com\/en\/wp-json\/wp\/v2\/product_tag?post=13932"}],"curies":[{"name":"wp","href":"https:\/\/api.w.org\/{rel}","templated":true}]}}