{"id":6077,"date":"2021-02-26T09:05:40","date_gmt":"2021-02-26T08:05:40","guid":{"rendered":"https:\/\/shop.tribusurbaines.com\/?page_id=6077"},"modified":"2021-02-26T09:05:51","modified_gmt":"2021-02-26T08:05:51","slug":"general-conditions-of-sale","status":"publish","type":"page","link":"https:\/\/shop.tribusurbaines.com\/en\/general-conditions-of-sale\/","title":{"rendered":"General conditions of sale"},"content":{"rendered":"<p><strong><\/strong><\/p>\r\n<h2 class=\"wp-block-heading\">Payment<\/h2>\r\n<p>On the Tribus Urbaines online shop, you can pay with the following means:<\/p>\r\n<ul>\r\n<li>TWINT<\/li>\r\n<li>PayPal<\/li>\r\n<li>Mastercard<\/li>\r\n<li>Visa<\/li>\r\n<li>Bank transfer<\/li>\r\n<\/ul>\r\n<p>Tribus Urbaines S\u00e0rl, Banque Alternative Suisse, IBAN: CH37 0839 0037 3549 1010 9<\/p>\r\n<h2>Delivery<\/h2>\r\n<p>Delivery fees vary according to the delivery address: 10 CHF in Switzerland and 30 CHF in the rest of the world.<\/p>\r\n<p>Your order is sent by regular post two or three working days after placement. The Swiss post takes usually 48 hours to deliver your order. For foreign countries delivery takes longer and vary time according to the country.<\/p>\r\n<h2>Prices<\/h2>\r\n<p>The prices in the online store are indicated in Swiss francs, all taxes included.<\/p>\r\n<h2>Availability<\/h2>\r\n<p>Our commitment in terms of delivery is null and void in the event of failure or non-respect of supply deadlines on the part of our own suppliers, and insofar as this unavailability is not attributable to Tribus Urbaines. In case of unavailability of a product, we will inform you as soon as possible.<\/p>\r\n<h2>Return or exchange of goods<\/h2>\r\n<p>Items must be returned intact and complete in their original packaging within 14 days after delivery. The refund will be made two to three days after receipt and control of the conformity of the returned product.<\/p>\r\n<p>The shipping costs related to the return are at your expense. In the case of an exchanged order, the shipping costs of your new order are also your responsibility.<\/p>\r\n<h2>Legal guarantee<\/h2>\r\n<p>Once delivered, check your order to exclude damage due to transport. In accordance with the law, you are obliged to notify us of any defects or anomalies affecting the delivered goods to enable us to remedy them.<\/p>\r\n<h2>Data processing and liberties<\/h2>\r\n<p>All personal data will be considered confidential.<\/p>\r\n<h2>Customer Service<\/h2>\r\n<p>If you have any questions or comments, please write an email to contact@tribusurbaines.com.<\/p>","protected":false},"excerpt":{"rendered":"<p>Payment On the Tribus Urbaines online shop, you can pay with the following means: TWINT PayPal Mastercard Visa Bank transfer Tribus Urbaines S\u00e0rl, Banque Alternative Suisse, IBAN: CH37 0839 0037 3549 1010 9 Delivery Delivery fees vary according to the delivery address: 10 CHF in Switzerland and 30 CHF in [&hellip;]<\/p>\n","protected":false},"author":1,"featured_media":0,"parent":0,"menu_order":0,"comment_status":"closed","ping_status":"closed","template":"","meta":{"footnotes":""},"class_list":["post-6077","page","type-page","status-publish","hentry"],"yoast_head":"<!-- This site is optimized with the Yoast SEO plugin v23.6 - https:\/\/yoast.com\/wordpress\/plugins\/seo\/ -->\n<title>General conditions of sale - Le Shop Tribus Urbaines<\/title>\n<meta name=\"robots\" content=\"index, follow, max-snippet:-1, max-image-preview:large, max-video-preview:-1\" \/>\n<link rel=\"canonical\" href=\"https:\/\/shop.tribusurbaines.com\/en\/general-conditions-of-sale\/\" \/>\n<meta property=\"og:locale\" content=\"en_US\" \/>\n<meta property=\"og:type\" content=\"article\" \/>\n<meta property=\"og:title\" content=\"General conditions of sale - Le Shop Tribus Urbaines\" \/>\n<meta property=\"og:description\" content=\"Payment On the Tribus Urbaines online shop, you can pay with the following means: TWINT PayPal Mastercard Visa Bank transfer Tribus Urbaines S\u00e0rl, Banque Alternative Suisse, IBAN: CH37 0839 0037 3549 1010 9 Delivery Delivery fees vary according to the delivery address: 10 CHF in Switzerland and 30 CHF in [&hellip;]\" \/>\n<meta property=\"og:url\" content=\"https:\/\/shop.tribusurbaines.com\/en\/general-conditions-of-sale\/\" \/>\n<meta property=\"og:site_name\" content=\"Le Shop Tribus Urbaines\" \/>\n<meta property=\"article:modified_time\" content=\"2021-02-26T08:05:51+00:00\" \/>\n<meta name=\"twitter:card\" content=\"summary_large_image\" \/>\n<meta name=\"twitter:label1\" content=\"Est. reading time\" \/>\n\t<meta name=\"twitter:data1\" content=\"2 minutes\" \/>\n<script type=\"application\/ld+json\" class=\"yoast-schema-graph\">{\"@context\":\"https:\/\/schema.org\",\"@graph\":[{\"@type\":\"WebPage\",\"@id\":\"https:\/\/shop.tribusurbaines.com\/en\/general-conditions-of-sale\/\",\"url\":\"https:\/\/shop.tribusurbaines.com\/en\/general-conditions-of-sale\/\",\"name\":\"General conditions of sale - Le Shop Tribus Urbaines\",\"isPartOf\":{\"@id\":\"https:\/\/shop.tribusurbaines.com\/#website\"},\"datePublished\":\"2021-02-26T08:05:40+00:00\",\"dateModified\":\"2021-02-26T08:05:51+00:00\",\"breadcrumb\":{\"@id\":\"https:\/\/shop.tribusurbaines.com\/en\/general-conditions-of-sale\/#breadcrumb\"},\"inLanguage\":\"en-US\",\"potentialAction\":[{\"@type\":\"ReadAction\",\"target\":[\"https:\/\/shop.tribusurbaines.com\/en\/general-conditions-of-sale\/\"]}]},{\"@type\":\"BreadcrumbList\",\"@id\":\"https:\/\/shop.tribusurbaines.com\/en\/general-conditions-of-sale\/#breadcrumb\",\"itemListElement\":[{\"@type\":\"ListItem\",\"position\":1,\"name\":\"Accueil\",\"item\":\"https:\/\/shop.tribusurbaines.com\/en\/\"},{\"@type\":\"ListItem\",\"position\":2,\"name\":\"General conditions of sale\"}]},{\"@type\":\"WebSite\",\"@id\":\"https:\/\/shop.tribusurbaines.com\/#website\",\"url\":\"https:\/\/shop.tribusurbaines.com\/\",\"name\":\"Le Shop Tribus Urbaines\",\"description\":\"Pour toutes les t\u00eates boucl\u00e9es, fris\u00e9es, cr\u00e9pus ou afros\",\"publisher\":{\"@id\":\"https:\/\/shop.tribusurbaines.com\/#organization\"},\"potentialAction\":[{\"@type\":\"SearchAction\",\"target\":{\"@type\":\"EntryPoint\",\"urlTemplate\":\"https:\/\/shop.tribusurbaines.com\/?s={search_term_string}\"},\"query-input\":{\"@type\":\"PropertyValueSpecification\",\"valueRequired\":true,\"valueName\":\"search_term_string\"}}],\"inLanguage\":\"en-US\"},{\"@type\":\"Organization\",\"@id\":\"https:\/\/shop.tribusurbaines.com\/#organization\",\"name\":\"Le Shop Tribus Urbaines\",\"url\":\"https:\/\/shop.tribusurbaines.com\/\",\"logo\":{\"@type\":\"ImageObject\",\"inLanguage\":\"en-US\",\"@id\":\"https:\/\/shop.tribusurbaines.com\/#\/schema\/logo\/image\/\",\"url\":\"https:\/\/shop.tribusurbaines.com\/wp-content\/uploads\/2023\/12\/cropped-logo_boutique.jpg\",\"contentUrl\":\"https:\/\/shop.tribusurbaines.com\/wp-content\/uploads\/2023\/12\/cropped-logo_boutique.jpg\",\"width\":139,\"height\":80,\"caption\":\"Le Shop Tribus Urbaines\"},\"image\":{\"@id\":\"https:\/\/shop.tribusurbaines.com\/#\/schema\/logo\/image\/\"}}]}<\/script>\n<!-- \/ Yoast SEO plugin. -->","yoast_head_json":{"title":"General conditions of sale - Le Shop Tribus Urbaines","robots":{"index":"index","follow":"follow","max-snippet":"max-snippet:-1","max-image-preview":"max-image-preview:large","max-video-preview":"max-video-preview:-1"},"canonical":"https:\/\/shop.tribusurbaines.com\/en\/general-conditions-of-sale\/","og_locale":"en_US","og_type":"article","og_title":"General conditions of sale - Le Shop Tribus Urbaines","og_description":"Payment On the Tribus Urbaines online shop, you can pay with the following means: TWINT PayPal Mastercard Visa Bank transfer Tribus Urbaines S\u00e0rl, Banque Alternative Suisse, IBAN: CH37 0839 0037 3549 1010 9 Delivery Delivery fees vary according to the delivery address: 10 CHF in Switzerland and 30 CHF in [&hellip;]","og_url":"https:\/\/shop.tribusurbaines.com\/en\/general-conditions-of-sale\/","og_site_name":"Le Shop Tribus Urbaines","article_modified_time":"2021-02-26T08:05:51+00:00","twitter_card":"summary_large_image","twitter_misc":{"Est. reading time":"2 minutes"},"schema":{"@context":"https:\/\/schema.org","@graph":[{"@type":"WebPage","@id":"https:\/\/shop.tribusurbaines.com\/en\/general-conditions-of-sale\/","url":"https:\/\/shop.tribusurbaines.com\/en\/general-conditions-of-sale\/","name":"General conditions of sale - Le Shop Tribus Urbaines","isPartOf":{"@id":"https:\/\/shop.tribusurbaines.com\/#website"},"datePublished":"2021-02-26T08:05:40+00:00","dateModified":"2021-02-26T08:05:51+00:00","breadcrumb":{"@id":"https:\/\/shop.tribusurbaines.com\/en\/general-conditions-of-sale\/#breadcrumb"},"inLanguage":"en-US","potentialAction":[{"@type":"ReadAction","target":["https:\/\/shop.tribusurbaines.com\/en\/general-conditions-of-sale\/"]}]},{"@type":"BreadcrumbList","@id":"https:\/\/shop.tribusurbaines.com\/en\/general-conditions-of-sale\/#breadcrumb","itemListElement":[{"@type":"ListItem","position":1,"name":"Accueil","item":"https:\/\/shop.tribusurbaines.com\/en\/"},{"@type":"ListItem","position":2,"name":"General conditions of sale"}]},{"@type":"WebSite","@id":"https:\/\/shop.tribusurbaines.com\/#website","url":"https:\/\/shop.tribusurbaines.com\/","name":"Le Shop Tribus Urbaines","description":"Pour toutes les t\u00eates boucl\u00e9es, fris\u00e9es, cr\u00e9pus ou afros","publisher":{"@id":"https:\/\/shop.tribusurbaines.com\/#organization"},"potentialAction":[{"@type":"SearchAction","target":{"@type":"EntryPoint","urlTemplate":"https:\/\/shop.tribusurbaines.com\/?s={search_term_string}"},"query-input":{"@type":"PropertyValueSpecification","valueRequired":true,"valueName":"search_term_string"}}],"inLanguage":"en-US"},{"@type":"Organization","@id":"https:\/\/shop.tribusurbaines.com\/#organization","name":"Le Shop Tribus Urbaines","url":"https:\/\/shop.tribusurbaines.com\/","logo":{"@type":"ImageObject","inLanguage":"en-US","@id":"https:\/\/shop.tribusurbaines.com\/#\/schema\/logo\/image\/","url":"https:\/\/shop.tribusurbaines.com\/wp-content\/uploads\/2023\/12\/cropped-logo_boutique.jpg","contentUrl":"https:\/\/shop.tribusurbaines.com\/wp-content\/uploads\/2023\/12\/cropped-logo_boutique.jpg","width":139,"height":80,"caption":"Le Shop Tribus Urbaines"},"image":{"@id":"https:\/\/shop.tribusurbaines.com\/#\/schema\/logo\/image\/"}}]}},"_links":{"self":[{"href":"https:\/\/shop.tribusurbaines.com\/en\/wp-json\/wp\/v2\/pages\/6077"}],"collection":[{"href":"https:\/\/shop.tribusurbaines.com\/en\/wp-json\/wp\/v2\/pages"}],"about":[{"href":"https:\/\/shop.tribusurbaines.com\/en\/wp-json\/wp\/v2\/types\/page"}],"author":[{"embeddable":true,"href":"https:\/\/shop.tribusurbaines.com\/en\/wp-json\/wp\/v2\/users\/1"}],"replies":[{"embeddable":true,"href":"https:\/\/shop.tribusurbaines.com\/en\/wp-json\/wp\/v2\/comments?post=6077"}],"version-history":[{"count":3,"href":"https:\/\/shop.tribusurbaines.com\/en\/wp-json\/wp\/v2\/pages\/6077\/revisions"}],"predecessor-version":[{"id":6080,"href":"https:\/\/shop.tribusurbaines.com\/en\/wp-json\/wp\/v2\/pages\/6077\/revisions\/6080"}],"wp:attachment":[{"href":"https:\/\/shop.tribusurbaines.com\/en\/wp-json\/wp\/v2\/media?parent=6077"}],"curies":[{"name":"wp","href":"https:\/\/api.w.org\/{rel}","templated":true}]}}