{"id":5766,"date":"2021-02-22T21:44:54","date_gmt":"2021-02-22T20:44:54","guid":{"rendered":"https:\/\/shop.tribusurbaines.com\/notre-mission\/"},"modified":"2023-03-14T17:28:52","modified_gmt":"2023-03-14T16:28:52","slug":"our-mission","status":"publish","type":"page","link":"https:\/\/shop.tribusurbaines.com\/en\/our-mission\/","title":{"rendered":"Our mission"},"content":{"rendered":"<div class=\"wpb-content-wrapper\">[vc_row et_full_width=&#8221;true&#8221; css=&#8221;.vc_custom_1614026867684{padding-top: 12em !important;padding-bottom: 12em !important;background-image: url(https:\/\/shop.tribusurbaines.com\/wp-content\/uploads\/2021\/02\/banners_site2-1.jpg?id=5458) !important;background-position: center !important;background-repeat: no-repeat !important;background-size: cover !important;}&#8221;][vc_column][\/vc_column][\/vc_row][vc_row et_full_width=&#8221;true&#8221; css=&#8221;.vc_custom_1614025838307{padding-top: 8em !important;padding-bottom: 6em !important;background-color: #f3f6f6 !important;}&#8221;][vc_column][vc_row_inner][vc_column_inner][vc_column_text]\n<h5 class=\"fancy-title\" style=\"text-align: center;\">Mission<\/h5>\n<h2 style=\"text-align: center;\">What does \u201cmission\u201d mean for Tribus Urbaines? It means social impact!<\/h2>\n[\/vc_column_text][vc_empty_space][\/vc_column_inner][\/vc_row_inner][vc_row_inner equal_height=&#8221;yes&#8221; content_placement=&#8221;middle&#8221;][vc_column_inner width=&#8221;1\/4&#8243;][\/vc_column_inner][vc_column_inner width=&#8221;1\/2&#8243;][vc_column_text]<strong>Tribus Urbaines is a commercial business with a social mission.<\/strong><\/p>\n<p><strong>Having curly, kinky or frizzy hair<\/strong> is fun and today more and more people want to wear their curls with natural style. But each time they go to the salon, they find hair-dressers who don\u2019t know how to care for, cut, color or style their kind of curly hair. And when these same women and men try to buy high quality products and accessories made specifically for them, they find nothing. What a hassle!<\/p>\n<p>At Tribus Urbaines we propose a solution to this frustrating situation by offering women and men with textured hair (curly, frizzy or afro) suitable <strong>quality products, and hair-care services by professionals specially trained to cut, care for, style and enhance textured hair<\/strong>. We also sell a wide range of products on-line made specifically for curly hair.<\/p>\n<p>Our salons are not only places to get quality, specialized hair care services however. They are also meeting places where openness, listening, pleasure and self-love reign. On a bigger scale, Tribus Urbaines is helping to redefine beauty as something more inclusive, while also contributing to important social shifts towards a more sustainable and egalitarian world.<\/p>\n<p>Tribus Urbaines is an idea born and nurtured in the minds and hearts of it\u2019s founders Carine and Sylvie for several years before finally coming to life in January 2017. Overall, the company\u2019s goal is to generate financial returns that improve the quality of life of company employees and partners, while making a positive impact on the environment, the local communities where we operate, and the larger society.[\/vc_column_text][\/vc_column_inner][vc_column_inner width=&#8221;1\/4&#8243;][\/vc_column_inner][\/vc_row_inner][\/vc_column][\/vc_row][vc_row et_full_width=&#8221;true&#8221; css=&#8221;.vc_custom_1614026316736{padding-top: 5em !important;padding-bottom: 4em !important;background-color: #ffffff !important;}&#8221;][vc_column][vc_row_inner equal_height=&#8221;yes&#8221; content_placement=&#8221;middle&#8221;][vc_column_inner width=&#8221;2\/3&#8243; animation=&#8221;animation fade-in&#8221;][vc_column_text]\n<h2>Let&#8217;s meet Sylvie !<\/h2>\n<p>She is committed to offering busy, curly-haired women quick, effective solutions to enhance their beauty (outer and inner). She aims for the &#8220;wow&#8221; effect, creating looks that turn heads. And, she believes that what makes the difference are products that respect our health and the environment and are suitable for curly hair.<\/p>\n<p>The thought of being part of a new revolution energizes her, stimulates her and gives her wings. Sylvie has nearly ten years of experience in marketing and communications roles for the luxury goods industry. Currently, alongside the management of Tribus Urbaines, she co-hosts the <a href=\"https:\/\/latele.ch\/emissions\/entrepreneurs\" target=\"_blank\" rel=\"noopener\">&#8220;Entrepreneurs&#8221;<\/a> program on T\u00e9l\u00e9 Vaud-Fribourg.<\/p>\n<p>A creative visionary with a sense of risk and daring, Sylvie manages the company, seeks out key partners, and finds solutions to the many important challenges to her young and growing enterprise.[\/vc_column_text][\/vc_column_inner][vc_column_inner width=&#8221;1\/3&#8243; animation=&#8221;animation right-to-left&#8221;][vc_single_image image=&#8221;5469&#8243; img_size=&#8221;full&#8221;][\/vc_column_inner][\/vc_row_inner][\/vc_column][\/vc_row]\n<\/div>","protected":false},"excerpt":{"rendered":"<p>[vc_row et_full_width=&#8221;true&#8221; css=&#8221;.vc_custom_1614026867684{padding-top: 12em !important;padding-bottom: 12em !important;background-image: url(https:\/\/shop.tribusurbaines.com\/wp-content\/uploads\/2021\/02\/banners_site2-1.jpg?id=5458) !important;background-position: center !important;background-repeat: no-repeat !important;background-size: cover !important;}&#8221;][vc_column][\/vc_column][\/vc_row][vc_row et_full_width=&#8221;true&#8221; css=&#8221;.vc_custom_1614025838307{padding-top: 8em !important;padding-bottom: 6em !important;background-color: #f3f6f6 !important;}&#8221;][vc_column][vc_row_inner][vc_column_inner][vc_column_text] Mission What does \u201cmission\u201d mean for Tribus Urbaines? It means social impact! [\/vc_column_text][vc_empty_space][\/vc_column_inner][\/vc_row_inner][vc_row_inner equal_height=&#8221;yes&#8221; content_placement=&#8221;middle&#8221;][vc_column_inner width=&#8221;1\/4&#8243;][\/vc_column_inner][vc_column_inner width=&#8221;1\/2&#8243;][vc_column_text]Tribus Urbaines is a commercial business with a social mission. Having [&hellip;]<\/p>\n","protected":false},"author":1,"featured_media":0,"parent":0,"menu_order":0,"comment_status":"closed","ping_status":"closed","template":"","meta":{"footnotes":""},"class_list":["post-5766","page","type-page","status-publish","hentry"],"yoast_head":"<!-- This site is optimized with the Yoast SEO plugin v23.6 - https:\/\/yoast.com\/wordpress\/plugins\/seo\/ -->\n<title>Our mission - Le Shop Tribus Urbaines<\/title>\n<meta name=\"robots\" content=\"index, follow, max-snippet:-1, max-image-preview:large, max-video-preview:-1\" \/>\n<link rel=\"canonical\" href=\"https:\/\/shop.tribusurbaines.com\/en\/our-mission\/\" \/>\n<meta property=\"og:locale\" content=\"en_US\" \/>\n<meta property=\"og:type\" content=\"article\" \/>\n<meta property=\"og:title\" content=\"Our mission - Le Shop Tribus Urbaines\" \/>\n<meta property=\"og:description\" content=\"[vc_row et_full_width=&#8221;true&#8221; css=&#8221;.vc_custom_1614026867684{padding-top: 12em !important;padding-bottom: 12em !important;background-image: url(https:\/\/shop.tribusurbaines.com\/wp-content\/uploads\/2021\/02\/banners_site2-1.jpg?id=5458) !important;background-position: center !important;background-repeat: no-repeat !important;background-size: cover !important;}&#8221;][vc_column][\/vc_column][\/vc_row][vc_row et_full_width=&#8221;true&#8221; css=&#8221;.vc_custom_1614025838307{padding-top: 8em !important;padding-bottom: 6em !important;background-color: #f3f6f6 !important;}&#8221;][vc_column][vc_row_inner][vc_column_inner][vc_column_text] Mission What does \u201cmission\u201d mean for Tribus Urbaines? It means social impact! [\/vc_column_text][vc_empty_space][\/vc_column_inner][\/vc_row_inner][vc_row_inner equal_height=&#8221;yes&#8221; content_placement=&#8221;middle&#8221;][vc_column_inner width=&#8221;1\/4&#8243;][\/vc_column_inner][vc_column_inner width=&#8221;1\/2&#8243;][vc_column_text]Tribus Urbaines is a commercial business with a social mission. Having [&hellip;]\" \/>\n<meta property=\"og:url\" content=\"https:\/\/shop.tribusurbaines.com\/en\/our-mission\/\" \/>\n<meta property=\"og:site_name\" content=\"Le Shop Tribus Urbaines\" \/>\n<meta property=\"article:modified_time\" content=\"2023-03-14T16:28:52+00:00\" \/>\n<meta name=\"twitter:card\" content=\"summary_large_image\" \/>\n<meta name=\"twitter:label1\" content=\"Est. reading time\" \/>\n\t<meta name=\"twitter:data1\" content=\"3 minutes\" \/>\n<script type=\"application\/ld+json\" class=\"yoast-schema-graph\">{\"@context\":\"https:\/\/schema.org\",\"@graph\":[{\"@type\":\"WebPage\",\"@id\":\"https:\/\/shop.tribusurbaines.com\/en\/our-mission\/\",\"url\":\"https:\/\/shop.tribusurbaines.com\/en\/our-mission\/\",\"name\":\"Our mission - Le Shop Tribus Urbaines\",\"isPartOf\":{\"@id\":\"https:\/\/shop.tribusurbaines.com\/#website\"},\"datePublished\":\"2021-02-22T20:44:54+00:00\",\"dateModified\":\"2023-03-14T16:28:52+00:00\",\"breadcrumb\":{\"@id\":\"https:\/\/shop.tribusurbaines.com\/en\/our-mission\/#breadcrumb\"},\"inLanguage\":\"en-US\",\"potentialAction\":[{\"@type\":\"ReadAction\",\"target\":[\"https:\/\/shop.tribusurbaines.com\/en\/our-mission\/\"]}]},{\"@type\":\"BreadcrumbList\",\"@id\":\"https:\/\/shop.tribusurbaines.com\/en\/our-mission\/#breadcrumb\",\"itemListElement\":[{\"@type\":\"ListItem\",\"position\":1,\"name\":\"Accueil\",\"item\":\"https:\/\/shop.tribusurbaines.com\/en\/\"},{\"@type\":\"ListItem\",\"position\":2,\"name\":\"Our mission\"}]},{\"@type\":\"WebSite\",\"@id\":\"https:\/\/shop.tribusurbaines.com\/#website\",\"url\":\"https:\/\/shop.tribusurbaines.com\/\",\"name\":\"Le Shop Tribus Urbaines\",\"description\":\"Pour toutes les t\u00eates boucl\u00e9es, fris\u00e9es, cr\u00e9pus ou afros\",\"publisher\":{\"@id\":\"https:\/\/shop.tribusurbaines.com\/#organization\"},\"potentialAction\":[{\"@type\":\"SearchAction\",\"target\":{\"@type\":\"EntryPoint\",\"urlTemplate\":\"https:\/\/shop.tribusurbaines.com\/?s={search_term_string}\"},\"query-input\":{\"@type\":\"PropertyValueSpecification\",\"valueRequired\":true,\"valueName\":\"search_term_string\"}}],\"inLanguage\":\"en-US\"},{\"@type\":\"Organization\",\"@id\":\"https:\/\/shop.tribusurbaines.com\/#organization\",\"name\":\"Le Shop Tribus Urbaines\",\"url\":\"https:\/\/shop.tribusurbaines.com\/\",\"logo\":{\"@type\":\"ImageObject\",\"inLanguage\":\"en-US\",\"@id\":\"https:\/\/shop.tribusurbaines.com\/#\/schema\/logo\/image\/\",\"url\":\"https:\/\/shop.tribusurbaines.com\/wp-content\/uploads\/2023\/12\/cropped-logo_boutique.jpg\",\"contentUrl\":\"https:\/\/shop.tribusurbaines.com\/wp-content\/uploads\/2023\/12\/cropped-logo_boutique.jpg\",\"width\":139,\"height\":80,\"caption\":\"Le Shop Tribus Urbaines\"},\"image\":{\"@id\":\"https:\/\/shop.tribusurbaines.com\/#\/schema\/logo\/image\/\"}}]}<\/script>\n<!-- \/ Yoast SEO plugin. -->","yoast_head_json":{"title":"Our mission - Le Shop Tribus Urbaines","robots":{"index":"index","follow":"follow","max-snippet":"max-snippet:-1","max-image-preview":"max-image-preview:large","max-video-preview":"max-video-preview:-1"},"canonical":"https:\/\/shop.tribusurbaines.com\/en\/our-mission\/","og_locale":"en_US","og_type":"article","og_title":"Our mission - Le Shop Tribus Urbaines","og_description":"[vc_row et_full_width=&#8221;true&#8221; css=&#8221;.vc_custom_1614026867684{padding-top: 12em !important;padding-bottom: 12em !important;background-image: url(https:\/\/shop.tribusurbaines.com\/wp-content\/uploads\/2021\/02\/banners_site2-1.jpg?id=5458) !important;background-position: center !important;background-repeat: no-repeat !important;background-size: cover !important;}&#8221;][vc_column][\/vc_column][\/vc_row][vc_row et_full_width=&#8221;true&#8221; css=&#8221;.vc_custom_1614025838307{padding-top: 8em !important;padding-bottom: 6em !important;background-color: #f3f6f6 !important;}&#8221;][vc_column][vc_row_inner][vc_column_inner][vc_column_text] Mission What does \u201cmission\u201d mean for Tribus Urbaines? It means social impact! [\/vc_column_text][vc_empty_space][\/vc_column_inner][\/vc_row_inner][vc_row_inner equal_height=&#8221;yes&#8221; content_placement=&#8221;middle&#8221;][vc_column_inner width=&#8221;1\/4&#8243;][\/vc_column_inner][vc_column_inner width=&#8221;1\/2&#8243;][vc_column_text]Tribus Urbaines is a commercial business with a social mission. Having [&hellip;]","og_url":"https:\/\/shop.tribusurbaines.com\/en\/our-mission\/","og_site_name":"Le Shop Tribus Urbaines","article_modified_time":"2023-03-14T16:28:52+00:00","twitter_card":"summary_large_image","twitter_misc":{"Est. reading time":"3 minutes"},"schema":{"@context":"https:\/\/schema.org","@graph":[{"@type":"WebPage","@id":"https:\/\/shop.tribusurbaines.com\/en\/our-mission\/","url":"https:\/\/shop.tribusurbaines.com\/en\/our-mission\/","name":"Our mission - Le Shop Tribus Urbaines","isPartOf":{"@id":"https:\/\/shop.tribusurbaines.com\/#website"},"datePublished":"2021-02-22T20:44:54+00:00","dateModified":"2023-03-14T16:28:52+00:00","breadcrumb":{"@id":"https:\/\/shop.tribusurbaines.com\/en\/our-mission\/#breadcrumb"},"inLanguage":"en-US","potentialAction":[{"@type":"ReadAction","target":["https:\/\/shop.tribusurbaines.com\/en\/our-mission\/"]}]},{"@type":"BreadcrumbList","@id":"https:\/\/shop.tribusurbaines.com\/en\/our-mission\/#breadcrumb","itemListElement":[{"@type":"ListItem","position":1,"name":"Accueil","item":"https:\/\/shop.tribusurbaines.com\/en\/"},{"@type":"ListItem","position":2,"name":"Our mission"}]},{"@type":"WebSite","@id":"https:\/\/shop.tribusurbaines.com\/#website","url":"https:\/\/shop.tribusurbaines.com\/","name":"Le Shop Tribus Urbaines","description":"Pour toutes les t\u00eates boucl\u00e9es, fris\u00e9es, cr\u00e9pus ou afros","publisher":{"@id":"https:\/\/shop.tribusurbaines.com\/#organization"},"potentialAction":[{"@type":"SearchAction","target":{"@type":"EntryPoint","urlTemplate":"https:\/\/shop.tribusurbaines.com\/?s={search_term_string}"},"query-input":{"@type":"PropertyValueSpecification","valueRequired":true,"valueName":"search_term_string"}}],"inLanguage":"en-US"},{"@type":"Organization","@id":"https:\/\/shop.tribusurbaines.com\/#organization","name":"Le Shop Tribus Urbaines","url":"https:\/\/shop.tribusurbaines.com\/","logo":{"@type":"ImageObject","inLanguage":"en-US","@id":"https:\/\/shop.tribusurbaines.com\/#\/schema\/logo\/image\/","url":"https:\/\/shop.tribusurbaines.com\/wp-content\/uploads\/2023\/12\/cropped-logo_boutique.jpg","contentUrl":"https:\/\/shop.tribusurbaines.com\/wp-content\/uploads\/2023\/12\/cropped-logo_boutique.jpg","width":139,"height":80,"caption":"Le Shop Tribus Urbaines"},"image":{"@id":"https:\/\/shop.tribusurbaines.com\/#\/schema\/logo\/image\/"}}]}},"_links":{"self":[{"href":"https:\/\/shop.tribusurbaines.com\/en\/wp-json\/wp\/v2\/pages\/5766"}],"collection":[{"href":"https:\/\/shop.tribusurbaines.com\/en\/wp-json\/wp\/v2\/pages"}],"about":[{"href":"https:\/\/shop.tribusurbaines.com\/en\/wp-json\/wp\/v2\/types\/page"}],"author":[{"embeddable":true,"href":"https:\/\/shop.tribusurbaines.com\/en\/wp-json\/wp\/v2\/users\/1"}],"replies":[{"embeddable":true,"href":"https:\/\/shop.tribusurbaines.com\/en\/wp-json\/wp\/v2\/comments?post=5766"}],"version-history":[{"count":5,"href":"https:\/\/shop.tribusurbaines.com\/en\/wp-json\/wp\/v2\/pages\/5766\/revisions"}],"predecessor-version":[{"id":7829,"href":"https:\/\/shop.tribusurbaines.com\/en\/wp-json\/wp\/v2\/pages\/5766\/revisions\/7829"}],"wp:attachment":[{"href":"https:\/\/shop.tribusurbaines.com\/en\/wp-json\/wp\/v2\/media?parent=5766"}],"curies":[{"name":"wp","href":"https:\/\/api.w.org\/{rel}","templated":true}]}}