{"id":5759,"date":"2021-02-22T21:10:03","date_gmt":"2021-02-22T20:10:03","guid":{"rendered":"https:\/\/shop.tribusurbaines.com\/les-salons\/"},"modified":"2021-10-06T09:24:39","modified_gmt":"2021-10-06T07:24:39","slug":"the-hair-salons","status":"publish","type":"page","link":"https:\/\/shop.tribusurbaines.com\/en\/the-hair-salons\/","title":{"rendered":"The hair salons"},"content":{"rendered":"<div class=\"wpb-content-wrapper\">[vc_row et_full_width=&#8221;true&#8221; css=&#8221;.vc_custom_1614025838307{padding-top: 8em !important;padding-bottom: 6em !important;background-color: #f3f6f6 !important;}&#8221;][vc_column][vc_row_inner][vc_column_inner][vc_column_text]\n<h5 class=\"fancy-title\" style=\"text-align: center;\">Our mission is your curly hair<\/h5>\n<h2 style=\"text-align: center;\">THE HAIR SALONS<\/h2>\n[\/vc_column_text][vc_empty_space][\/vc_column_inner][\/vc_row_inner][vc_row_inner equal_height=&#8221;yes&#8221; content_placement=&#8221;middle&#8221;][vc_column_inner width=&#8221;1\/2&#8243;][vc_column_text]<img decoding=\"async\" class=\"alignnone size-large wp-image-5984\" src=\"https:\/\/shop.tribusurbaines.com\/wp-content\/uploads\/2021\/02\/MG_8241_LR-1024x683.jpg\" alt=\"\" width=\"1024\" height=\"683\" srcset=\"https:\/\/shop.tribusurbaines.com\/wp-content\/uploads\/2021\/02\/MG_8241_LR-1024x683.jpg 1024w, https:\/\/shop.tribusurbaines.com\/wp-content\/uploads\/2021\/02\/MG_8241_LR-300x200.jpg 300w, https:\/\/shop.tribusurbaines.com\/wp-content\/uploads\/2021\/02\/MG_8241_LR-768x512.jpg 768w, https:\/\/shop.tribusurbaines.com\/wp-content\/uploads\/2021\/02\/MG_8241_LR-1536x1024.jpg 1536w, https:\/\/shop.tribusurbaines.com\/wp-content\/uploads\/2021\/02\/MG_8241_LR-2048x1365.jpg 2048w, https:\/\/shop.tribusurbaines.com\/wp-content\/uploads\/2021\/02\/MG_8241_LR-150x100.jpg 150w, https:\/\/shop.tribusurbaines.com\/wp-content\/uploads\/2021\/02\/MG_8241_LR-600x400.jpg 600w, https:\/\/shop.tribusurbaines.com\/wp-content\/uploads\/2021\/02\/MG_8241_LR-900x600.jpg 900w\" sizes=\"(max-width: 1024px) 100vw, 1024px\" \/>[\/vc_column_text][\/vc_column_inner][vc_column_inner width=&#8221;1\/2&#8243;][vc_column_text]The story of Tribus Urbaines is a story of encounters, of women and men who laugh and speak loudly while discussing the world, with children in their arms and adolescents at their sides, partially tuned in.<\/p>\n<p>The products and accessories available online represent the gateway to the Tribus Urbaines art of living. The salons translate very concretely into meeting places in French-speaking Switzerland (Lausanne and Geneva for the moment) where benevolence, openness, listening, pleasure and self-love reign.<\/p>\n<p>Our professional hairdressers specialize in the care and cutting of curly, frizzy and afro hair worn naturally, including dreadlocks. Our shop offers hair and body care products, literature, fashion accessories, herbal teas and gourmet snacks.[\/vc_column_text][\/vc_column_inner][\/vc_row_inner][vc_row_inner equal_height=&#8221;yes&#8221; content_placement=&#8221;middle&#8221;][vc_column_inner width=&#8221;1\/2&#8243;][vc_column_text]There is good humor, sincerity, flaws as well, and a deep desire to move forward together towards a more just, more egalitarian, more inclusive world.<\/p>\n<p>All this in a warm, welcoming, urban, spacious setting, bathed in light and green plants. Each of us, hairdressers and managers alike, look forward to seeing you at one of our salons soon.<\/p>\n<p><strong>Welcome to Tribus Urbaines!<\/strong>[\/vc_column_text][\/vc_column_inner][vc_column_inner width=&#8221;1\/2&#8243;][vc_column_text]<img decoding=\"async\" class=\"alignnone size-large wp-image-6015\" src=\"https:\/\/shop.tribusurbaines.com\/wp-content\/uploads\/2021\/02\/MG_7977_LR-1024x683.jpg\" alt=\"\" width=\"1024\" height=\"683\" srcset=\"https:\/\/shop.tribusurbaines.com\/wp-content\/uploads\/2021\/02\/MG_7977_LR-1024x683.jpg 1024w, https:\/\/shop.tribusurbaines.com\/wp-content\/uploads\/2021\/02\/MG_7977_LR-300x200.jpg 300w, https:\/\/shop.tribusurbaines.com\/wp-content\/uploads\/2021\/02\/MG_7977_LR-768x512.jpg 768w, https:\/\/shop.tribusurbaines.com\/wp-content\/uploads\/2021\/02\/MG_7977_LR-1536x1024.jpg 1536w, https:\/\/shop.tribusurbaines.com\/wp-content\/uploads\/2021\/02\/MG_7977_LR-2048x1365.jpg 2048w, https:\/\/shop.tribusurbaines.com\/wp-content\/uploads\/2021\/02\/MG_7977_LR-150x100.jpg 150w, https:\/\/shop.tribusurbaines.com\/wp-content\/uploads\/2021\/02\/MG_7977_LR-600x400.jpg 600w, https:\/\/shop.tribusurbaines.com\/wp-content\/uploads\/2021\/02\/MG_7977_LR-900x600.jpg 900w\" sizes=\"(max-width: 1024px) 100vw, 1024px\" \/>[\/vc_column_text][\/vc_column_inner][\/vc_row_inner][vc_row_inner equal_height=&#8221;yes&#8221; content_placement=&#8221;middle&#8221;][vc_column_inner width=&#8221;1\/2&#8243;][vc_column_text]<img decoding=\"async\" class=\"alignnone size-large wp-image-5978\" src=\"https:\/\/shop.tribusurbaines.com\/wp-content\/uploads\/2021\/02\/MG_4895-1024x682.jpg\" alt=\"\" width=\"1024\" height=\"682\" srcset=\"https:\/\/shop.tribusurbaines.com\/wp-content\/uploads\/2021\/02\/MG_4895-1024x682.jpg 1024w, https:\/\/shop.tribusurbaines.com\/wp-content\/uploads\/2021\/02\/MG_4895-300x200.jpg 300w, https:\/\/shop.tribusurbaines.com\/wp-content\/uploads\/2021\/02\/MG_4895-768x512.jpg 768w, https:\/\/shop.tribusurbaines.com\/wp-content\/uploads\/2021\/02\/MG_4895-150x100.jpg 150w, https:\/\/shop.tribusurbaines.com\/wp-content\/uploads\/2021\/02\/MG_4895-600x400.jpg 600w, https:\/\/shop.tribusurbaines.com\/wp-content\/uploads\/2021\/02\/MG_4895-900x600.jpg 900w, https:\/\/shop.tribusurbaines.com\/wp-content\/uploads\/2021\/02\/MG_4895.jpg 1280w\" sizes=\"(max-width: 1024px) 100vw, 1024px\" \/>[\/vc_column_text][\/vc_column_inner][vc_column_inner width=&#8221;1\/2&#8243;][vc_column_text]<img decoding=\"async\" class=\"alignnone size-large wp-image-5980\" src=\"https:\/\/shop.tribusurbaines.com\/wp-content\/uploads\/2021\/02\/MG_4852-1024x682.jpg\" alt=\"\" width=\"1024\" height=\"682\" srcset=\"https:\/\/shop.tribusurbaines.com\/wp-content\/uploads\/2021\/02\/MG_4852-1024x682.jpg 1024w, https:\/\/shop.tribusurbaines.com\/wp-content\/uploads\/2021\/02\/MG_4852-300x200.jpg 300w, https:\/\/shop.tribusurbaines.com\/wp-content\/uploads\/2021\/02\/MG_4852-768x512.jpg 768w, https:\/\/shop.tribusurbaines.com\/wp-content\/uploads\/2021\/02\/MG_4852-150x100.jpg 150w, https:\/\/shop.tribusurbaines.com\/wp-content\/uploads\/2021\/02\/MG_4852-600x400.jpg 600w, https:\/\/shop.tribusurbaines.com\/wp-content\/uploads\/2021\/02\/MG_4852-900x600.jpg 900w, https:\/\/shop.tribusurbaines.com\/wp-content\/uploads\/2021\/02\/MG_4852.jpg 1280w\" sizes=\"(max-width: 1024px) 100vw, 1024px\" \/>[\/vc_column_text][\/vc_column_inner][\/vc_row_inner][\/vc_column][\/vc_row][vc_row et_full_width=&#8221;true&#8221; css=&#8221;.vc_custom_1614026316736{padding-top: 5em !important;padding-bottom: 4em !important;background-color: #ffffff !important;}&#8221;][vc_column][vc_row_inner][vc_column_inner width=&#8221;1\/4&#8243;][vc_single_image image=&#8221;5435&#8243; img_size=&#8221;full&#8221;][\/vc_column_inner][vc_column_inner width=&#8221;1\/4&#8243;][vc_column_text]\n<h2 class=\"vc_custom_heading vc_custom_1581501364821\" style=\"text-align: left;\">LAUSANNE<\/h2>\n<div class=\"wpb_text_column wpb_content_element \" style=\"text-align: left;\">\n<div class=\"wpb_wrapper\">\n<p>Rue de la Madeleine 10, Lausanne<br \/>\nT. :\u00a0<a href=\"tel:+41213113331\">+41 21 311 33 31<\/a><\/p>\n<\/div>\n<\/div>\n<div class=\"wpb_text_column wpb_content_element \">\n<div class=\"wpb_wrapper\">\n<p style=\"text-align: left;\">Tuesday-Thursday : 9h \u2013 18h30<br \/>\nFriday : 9h \u2013 19h<br \/>\nSaturday : 9h \u2013 18h<\/p>\n<\/div>\n<\/div>\n[\/vc_column_text][vc_raw_html]JTNDcCUyMHN0eWxlJTNEJTIydGV4dC1hbGlnbiUzQSUyMGxlZnQlM0IlMjIlM0UlM0NhJTIwc3R5bGUlM0QlMjJvdmVyZmxvdyUzQSUyMHZpc2libGUlM0IlMjBjdXJzb3IlM0ElMjBwb2ludGVyJTNCJTIwYmFja2dyb3VuZC1jb2xvciUzQSUyMCUyM2I0ZDJjMSUzQiUyMGNvbG9yJTNBJTIwJTIzZmZmZmZmJTNCJTIwYm9yZGVyJTNBJTIwMHB4JTNCJTIwZGlzcGxheSUzQSUyMGlubGluZS1ibG9jayUzQiUyMG91dGxpbmUlM0ElMjBub25lJTNCJTIwYm94LXNoYWRvdyUzQSUyMG5vbmUlM0IlMjBwYWRkaW5nJTNBJTIwMTBweCUyMDE1cHglM0IlMjBtYXJnaW4lM0ElMjAwcHglM0IlMjBmb250LWZhbWlseSUzQSUyMEhlbHZldGljYSUyQyUyMEFyaWFsJTJDJTIwc2Fucy1zZXJpZiUzQiUyMGZvbnQtc2l6ZSUzQSUyMDE2cHglM0IlMjBsaW5lLWhlaWdodCUzQSUyMDE2cHglM0IlMjB0ZXh0LWRlY29yYXRpb24lM0ElMjBub25lJTNCJTIwYm9yZGVyLXRvcC1sZWZ0LXJhZGl1cyUzQSUyMDNweCUzQiUyMGJvcmRlci10b3AtcmlnaHQtcmFkaXVzJTNBJTIwM3B4JTNCJTIwYm9yZGVyLWJvdHRvbS1yaWdodC1yYWRpdXMlM0ElMjAzcHglM0IlMjBib3JkZXItYm90dG9tLWxlZnQtcmFkaXVzJTNBJTIwM3B4JTNCJTIwLXdlYmtpdC1hcHBlYXJhbmNlJTNBJTIwbm9uZSUzQiUyMC13ZWJraXQtYm94LXNoYWRvdyUzQSUyMG5vbmUlM0IlMjIlMjBocmVmJTNEJTIyaHR0cHMlM0ElMkYlMkZzYWxvbmtlZS5jaCUyRnNhbG9uJTJGdHJpYnVzLXVyYmFpbmVzJTNGbGFuZyUzRGVuJTIyJTIwdGFyZ2V0JTNEJTIyX2JsYW5rJTIyJTIwcmVsJTNEJTIybm9vcGVuZXIlMjBub3JlZmVycmVyJTIyJTNFQm9vayUyMGFuJTIwYXBwb2ludG1lbnQlMjBMYXVzYW5uZSUzQyUyRmElM0UlM0MlMkZwJTNF[\/vc_raw_html][\/vc_column_inner][vc_column_inner width=&#8221;1\/4&#8243;][vc_single_image image=&#8221;4166&#8243; img_size=&#8221;full&#8221;][\/vc_column_inner][vc_column_inner width=&#8221;1\/4&#8243;][vc_column_text]\n<h2 class=\"vc_custom_heading vc_custom_1581501387892\">GENEVA<\/h2>\n<div class=\"wpb_text_column wpb_content_element \">\n<div class=\"wpb_wrapper\">\n<p>Rue \u00c9cole-de-M\u00e9decine 14, 1201 Gen\u00e8ve<br \/>\n<a href=\"tel:+41223200146\">T. : +41 22 320 01 46<\/a><\/p>\n<\/div>\n<\/div>\n<div class=\"wpb_text_column wpb_content_element \">\n<div class=\"wpb_wrapper\">\n<p>Tuesday-Thursday : 9h \u2013 18h30<br \/>\nFriday : 9h \u2013 19h<br \/>\nSaturday : 9h \u2013 18h<\/p>\n<\/div>\n<\/div>\n[\/vc_column_text][vc_raw_html]JTNDcCUyMHN0eWxlJTNEJTIydGV4dC1hbGlnbiUzQSUyMGxlZnQlM0IlMjIlM0UlM0NhJTIwc3R5bGUlM0QlMjJvdmVyZmxvdyUzQSUyMHZpc2libGUlM0IlMjBjdXJzb3IlM0ElMjBwb2ludGVyJTNCJTIwYmFja2dyb3VuZC1jb2xvciUzQSUyMCUyM2I0ZDJjMSUzQiUyMGNvbG9yJTNBJTIwJTIzZmZmZmZmJTNCJTIwYm9yZGVyJTNBJTIwMHB4JTNCJTIwZGlzcGxheSUzQSUyMGlubGluZS1ibG9jayUzQiUyMG91dGxpbmUlM0ElMjBub25lJTNCJTIwYm94LXNoYWRvdyUzQSUyMG5vbmUlM0IlMjBwYWRkaW5nJTNBJTIwMTBweCUyMDE1cHglM0IlMjBtYXJnaW4lM0ElMjAwcHglM0IlMjBmb250LWZhbWlseSUzQSUyMEhlbHZldGljYSUyQyUyMEFyaWFsJTJDJTIwc2Fucy1zZXJpZiUzQiUyMGZvbnQtc2l6ZSUzQSUyMDE2cHglM0IlMjBsaW5lLWhlaWdodCUzQSUyMDE2cHglM0IlMjB0ZXh0LWRlY29yYXRpb24lM0ElMjBub25lJTNCJTIwYm9yZGVyLXRvcC1sZWZ0LXJhZGl1cyUzQSUyMDNweCUzQiUyMGJvcmRlci10b3AtcmlnaHQtcmFkaXVzJTNBJTIwM3B4JTNCJTIwYm9yZGVyLWJvdHRvbS1yaWdodC1yYWRpdXMlM0ElMjAzcHglM0IlMjBib3JkZXItYm90dG9tLWxlZnQtcmFkaXVzJTNBJTIwM3B4JTNCJTIwLXdlYmtpdC1hcHBlYXJhbmNlJTNBJTIwbm9uZSUzQiUyMC13ZWJraXQtYm94LXNoYWRvdyUzQSUyMG5vbmUlM0IlMjIlMjBocmVmJTNEJTIyaHR0cHMlM0ElMkYlMkZzYWxvbmtlZS5jaCUyRnNhbG9uJTJGdHJpYnVzLXVyYmFpbmVzLWdlbmV2ZSUzRmxhbmclM0RlbiUyMiUyMHRhcmdldCUzRCUyMl9ibGFuayUyMiUyMHJlbCUzRCUyMm5vb3BlbmVyJTIwbm9yZWZlcnJlciUyMiUzRUJvb2slMjBhbiUyMGFwcG9pbnRtZW50JTIwR2VuZXZhJTNDJTJGYSUzRSUzQyUyRnAlM0U=[\/vc_raw_html][\/vc_column_inner][\/vc_row_inner][\/vc_column][\/vc_row]\n<\/div>","protected":false},"excerpt":{"rendered":"<p>[vc_row et_full_width=&#8221;true&#8221; css=&#8221;.vc_custom_1614025838307{padding-top: 8em !important;padding-bottom: 6em !important;background-color: #f3f6f6 !important;}&#8221;][vc_column][vc_row_inner][vc_column_inner][vc_column_text] Our mission is your curly hair THE HAIR SALONS [\/vc_column_text][vc_empty_space][\/vc_column_inner][\/vc_row_inner][vc_row_inner equal_height=&#8221;yes&#8221; content_placement=&#8221;middle&#8221;][vc_column_inner width=&#8221;1\/2&#8243;][vc_column_text][\/vc_column_text][\/vc_column_inner][vc_column_inner width=&#8221;1\/2&#8243;][vc_column_text]The story of Tribus Urbaines is a story of encounters, of women and men who laugh and speak loudly while discussing the world, with children in their arms [&hellip;]<\/p>\n","protected":false},"author":1,"featured_media":0,"parent":0,"menu_order":0,"comment_status":"closed","ping_status":"closed","template":"","meta":{"footnotes":""},"class_list":["post-5759","page","type-page","status-publish","hentry"],"yoast_head":"<!-- This site is optimized with the Yoast SEO plugin v23.6 - https:\/\/yoast.com\/wordpress\/plugins\/seo\/ -->\n<title>The hair salons - Le Shop Tribus Urbaines<\/title>\n<meta name=\"robots\" content=\"index, follow, max-snippet:-1, max-image-preview:large, max-video-preview:-1\" \/>\n<link rel=\"canonical\" href=\"https:\/\/shop.tribusurbaines.com\/en\/the-hair-salons\/\" \/>\n<meta property=\"og:locale\" content=\"en_US\" \/>\n<meta property=\"og:type\" content=\"article\" \/>\n<meta property=\"og:title\" content=\"The hair salons - Le Shop Tribus Urbaines\" \/>\n<meta property=\"og:description\" content=\"[vc_row et_full_width=&#8221;true&#8221; css=&#8221;.vc_custom_1614025838307{padding-top: 8em !important;padding-bottom: 6em !important;background-color: #f3f6f6 !important;}&#8221;][vc_column][vc_row_inner][vc_column_inner][vc_column_text] Our mission is your curly hair THE HAIR SALONS [\/vc_column_text][vc_empty_space][\/vc_column_inner][\/vc_row_inner][vc_row_inner equal_height=&#8221;yes&#8221; content_placement=&#8221;middle&#8221;][vc_column_inner width=&#8221;1\/2&#8243;][vc_column_text][\/vc_column_text][\/vc_column_inner][vc_column_inner width=&#8221;1\/2&#8243;][vc_column_text]The story of Tribus Urbaines is a story of encounters, of women and men who laugh and speak loudly while discussing the world, with children in their arms [&hellip;]\" \/>\n<meta property=\"og:url\" content=\"https:\/\/shop.tribusurbaines.com\/en\/the-hair-salons\/\" \/>\n<meta property=\"og:site_name\" content=\"Le Shop Tribus Urbaines\" \/>\n<meta property=\"article:modified_time\" content=\"2021-10-06T07:24:39+00:00\" \/>\n<meta property=\"og:image\" content=\"https:\/\/shop.tribusurbaines.com\/wp-content\/uploads\/2021\/02\/MG_8241_LR-1024x683.jpg\" \/>\n<meta name=\"twitter:card\" content=\"summary_large_image\" \/>\n<meta name=\"twitter:label1\" content=\"Est. reading time\" \/>\n\t<meta name=\"twitter:data1\" content=\"2 minutes\" \/>\n<script type=\"application\/ld+json\" class=\"yoast-schema-graph\">{\"@context\":\"https:\/\/schema.org\",\"@graph\":[{\"@type\":\"WebPage\",\"@id\":\"https:\/\/shop.tribusurbaines.com\/en\/the-hair-salons\/\",\"url\":\"https:\/\/shop.tribusurbaines.com\/en\/the-hair-salons\/\",\"name\":\"The hair salons - Le Shop Tribus Urbaines\",\"isPartOf\":{\"@id\":\"https:\/\/shop.tribusurbaines.com\/#website\"},\"primaryImageOfPage\":{\"@id\":\"https:\/\/shop.tribusurbaines.com\/en\/the-hair-salons\/#primaryimage\"},\"image\":{\"@id\":\"https:\/\/shop.tribusurbaines.com\/en\/the-hair-salons\/#primaryimage\"},\"thumbnailUrl\":\"https:\/\/shop.tribusurbaines.com\/wp-content\/uploads\/2021\/02\/MG_8241_LR-1024x683.jpg\",\"datePublished\":\"2021-02-22T20:10:03+00:00\",\"dateModified\":\"2021-10-06T07:24:39+00:00\",\"breadcrumb\":{\"@id\":\"https:\/\/shop.tribusurbaines.com\/en\/the-hair-salons\/#breadcrumb\"},\"inLanguage\":\"en-US\",\"potentialAction\":[{\"@type\":\"ReadAction\",\"target\":[\"https:\/\/shop.tribusurbaines.com\/en\/the-hair-salons\/\"]}]},{\"@type\":\"ImageObject\",\"inLanguage\":\"en-US\",\"@id\":\"https:\/\/shop.tribusurbaines.com\/en\/the-hair-salons\/#primaryimage\",\"url\":\"https:\/\/shop.tribusurbaines.com\/wp-content\/uploads\/2021\/02\/MG_8241_LR-1024x683.jpg\",\"contentUrl\":\"https:\/\/shop.tribusurbaines.com\/wp-content\/uploads\/2021\/02\/MG_8241_LR-1024x683.jpg\"},{\"@type\":\"BreadcrumbList\",\"@id\":\"https:\/\/shop.tribusurbaines.com\/en\/the-hair-salons\/#breadcrumb\",\"itemListElement\":[{\"@type\":\"ListItem\",\"position\":1,\"name\":\"Accueil\",\"item\":\"https:\/\/shop.tribusurbaines.com\/en\/\"},{\"@type\":\"ListItem\",\"position\":2,\"name\":\"The hair salons\"}]},{\"@type\":\"WebSite\",\"@id\":\"https:\/\/shop.tribusurbaines.com\/#website\",\"url\":\"https:\/\/shop.tribusurbaines.com\/\",\"name\":\"Le Shop Tribus Urbaines\",\"description\":\"Pour toutes les t\u00eates boucl\u00e9es, fris\u00e9es, cr\u00e9pus ou afros\",\"publisher\":{\"@id\":\"https:\/\/shop.tribusurbaines.com\/#organization\"},\"potentialAction\":[{\"@type\":\"SearchAction\",\"target\":{\"@type\":\"EntryPoint\",\"urlTemplate\":\"https:\/\/shop.tribusurbaines.com\/?s={search_term_string}\"},\"query-input\":{\"@type\":\"PropertyValueSpecification\",\"valueRequired\":true,\"valueName\":\"search_term_string\"}}],\"inLanguage\":\"en-US\"},{\"@type\":\"Organization\",\"@id\":\"https:\/\/shop.tribusurbaines.com\/#organization\",\"name\":\"Le Shop Tribus Urbaines\",\"url\":\"https:\/\/shop.tribusurbaines.com\/\",\"logo\":{\"@type\":\"ImageObject\",\"inLanguage\":\"en-US\",\"@id\":\"https:\/\/shop.tribusurbaines.com\/#\/schema\/logo\/image\/\",\"url\":\"https:\/\/shop.tribusurbaines.com\/wp-content\/uploads\/2023\/12\/cropped-logo_boutique.jpg\",\"contentUrl\":\"https:\/\/shop.tribusurbaines.com\/wp-content\/uploads\/2023\/12\/cropped-logo_boutique.jpg\",\"width\":139,\"height\":80,\"caption\":\"Le Shop Tribus Urbaines\"},\"image\":{\"@id\":\"https:\/\/shop.tribusurbaines.com\/#\/schema\/logo\/image\/\"}}]}<\/script>\n<!-- \/ Yoast SEO plugin. -->","yoast_head_json":{"title":"The hair salons - Le Shop Tribus Urbaines","robots":{"index":"index","follow":"follow","max-snippet":"max-snippet:-1","max-image-preview":"max-image-preview:large","max-video-preview":"max-video-preview:-1"},"canonical":"https:\/\/shop.tribusurbaines.com\/en\/the-hair-salons\/","og_locale":"en_US","og_type":"article","og_title":"The hair salons - Le Shop Tribus Urbaines","og_description":"[vc_row et_full_width=&#8221;true&#8221; css=&#8221;.vc_custom_1614025838307{padding-top: 8em !important;padding-bottom: 6em !important;background-color: #f3f6f6 !important;}&#8221;][vc_column][vc_row_inner][vc_column_inner][vc_column_text] Our mission is your curly hair THE HAIR SALONS [\/vc_column_text][vc_empty_space][\/vc_column_inner][\/vc_row_inner][vc_row_inner equal_height=&#8221;yes&#8221; content_placement=&#8221;middle&#8221;][vc_column_inner width=&#8221;1\/2&#8243;][vc_column_text][\/vc_column_text][\/vc_column_inner][vc_column_inner width=&#8221;1\/2&#8243;][vc_column_text]The story of Tribus Urbaines is a story of encounters, of women and men who laugh and speak loudly while discussing the world, with children in their arms [&hellip;]","og_url":"https:\/\/shop.tribusurbaines.com\/en\/the-hair-salons\/","og_site_name":"Le Shop Tribus Urbaines","article_modified_time":"2021-10-06T07:24:39+00:00","og_image":[{"url":"https:\/\/shop.tribusurbaines.com\/wp-content\/uploads\/2021\/02\/MG_8241_LR-1024x683.jpg"}],"twitter_card":"summary_large_image","twitter_misc":{"Est. reading time":"2 minutes"},"schema":{"@context":"https:\/\/schema.org","@graph":[{"@type":"WebPage","@id":"https:\/\/shop.tribusurbaines.com\/en\/the-hair-salons\/","url":"https:\/\/shop.tribusurbaines.com\/en\/the-hair-salons\/","name":"The hair salons - Le Shop Tribus Urbaines","isPartOf":{"@id":"https:\/\/shop.tribusurbaines.com\/#website"},"primaryImageOfPage":{"@id":"https:\/\/shop.tribusurbaines.com\/en\/the-hair-salons\/#primaryimage"},"image":{"@id":"https:\/\/shop.tribusurbaines.com\/en\/the-hair-salons\/#primaryimage"},"thumbnailUrl":"https:\/\/shop.tribusurbaines.com\/wp-content\/uploads\/2021\/02\/MG_8241_LR-1024x683.jpg","datePublished":"2021-02-22T20:10:03+00:00","dateModified":"2021-10-06T07:24:39+00:00","breadcrumb":{"@id":"https:\/\/shop.tribusurbaines.com\/en\/the-hair-salons\/#breadcrumb"},"inLanguage":"en-US","potentialAction":[{"@type":"ReadAction","target":["https:\/\/shop.tribusurbaines.com\/en\/the-hair-salons\/"]}]},{"@type":"ImageObject","inLanguage":"en-US","@id":"https:\/\/shop.tribusurbaines.com\/en\/the-hair-salons\/#primaryimage","url":"https:\/\/shop.tribusurbaines.com\/wp-content\/uploads\/2021\/02\/MG_8241_LR-1024x683.jpg","contentUrl":"https:\/\/shop.tribusurbaines.com\/wp-content\/uploads\/2021\/02\/MG_8241_LR-1024x683.jpg"},{"@type":"BreadcrumbList","@id":"https:\/\/shop.tribusurbaines.com\/en\/the-hair-salons\/#breadcrumb","itemListElement":[{"@type":"ListItem","position":1,"name":"Accueil","item":"https:\/\/shop.tribusurbaines.com\/en\/"},{"@type":"ListItem","position":2,"name":"The hair salons"}]},{"@type":"WebSite","@id":"https:\/\/shop.tribusurbaines.com\/#website","url":"https:\/\/shop.tribusurbaines.com\/","name":"Le Shop Tribus Urbaines","description":"Pour toutes les t\u00eates boucl\u00e9es, fris\u00e9es, cr\u00e9pus ou afros","publisher":{"@id":"https:\/\/shop.tribusurbaines.com\/#organization"},"potentialAction":[{"@type":"SearchAction","target":{"@type":"EntryPoint","urlTemplate":"https:\/\/shop.tribusurbaines.com\/?s={search_term_string}"},"query-input":{"@type":"PropertyValueSpecification","valueRequired":true,"valueName":"search_term_string"}}],"inLanguage":"en-US"},{"@type":"Organization","@id":"https:\/\/shop.tribusurbaines.com\/#organization","name":"Le Shop Tribus Urbaines","url":"https:\/\/shop.tribusurbaines.com\/","logo":{"@type":"ImageObject","inLanguage":"en-US","@id":"https:\/\/shop.tribusurbaines.com\/#\/schema\/logo\/image\/","url":"https:\/\/shop.tribusurbaines.com\/wp-content\/uploads\/2023\/12\/cropped-logo_boutique.jpg","contentUrl":"https:\/\/shop.tribusurbaines.com\/wp-content\/uploads\/2023\/12\/cropped-logo_boutique.jpg","width":139,"height":80,"caption":"Le Shop Tribus Urbaines"},"image":{"@id":"https:\/\/shop.tribusurbaines.com\/#\/schema\/logo\/image\/"}}]}},"_links":{"self":[{"href":"https:\/\/shop.tribusurbaines.com\/en\/wp-json\/wp\/v2\/pages\/5759"}],"collection":[{"href":"https:\/\/shop.tribusurbaines.com\/en\/wp-json\/wp\/v2\/pages"}],"about":[{"href":"https:\/\/shop.tribusurbaines.com\/en\/wp-json\/wp\/v2\/types\/page"}],"author":[{"embeddable":true,"href":"https:\/\/shop.tribusurbaines.com\/en\/wp-json\/wp\/v2\/users\/1"}],"replies":[{"embeddable":true,"href":"https:\/\/shop.tribusurbaines.com\/en\/wp-json\/wp\/v2\/comments?post=5759"}],"version-history":[{"count":13,"href":"https:\/\/shop.tribusurbaines.com\/en\/wp-json\/wp\/v2\/pages\/5759\/revisions"}],"predecessor-version":[{"id":6740,"href":"https:\/\/shop.tribusurbaines.com\/en\/wp-json\/wp\/v2\/pages\/5759\/revisions\/6740"}],"wp:attachment":[{"href":"https:\/\/shop.tribusurbaines.com\/en\/wp-json\/wp\/v2\/media?parent=5759"}],"curies":[{"name":"wp","href":"https:\/\/api.w.org\/{rel}","templated":true}]}}